{"id":145765,"date":"2024-12-10T12:09:33","date_gmt":"2024-12-10T11:09:33","guid":{"rendered":"https:\/\/secureus.se\/?post_type=product&#038;p=145765"},"modified":"2026-03-23T14:51:16","modified_gmt":"2026-03-23T13:51:16","slug":"ajax-larmpaket-start-ethernet","status":"publish","type":"product","link":"https:\/\/secureus.se\/dk\/ajax-larmpaket-start-ethernet\/","title":{"rendered":"Ajax Alarmpakke Start Ethernet"},"content":{"rendered":"<p><strong>Ajax Alarm Package Start Ethernet \u2013 P\u00e5lidelig sikkerhed til hjemmet og erhvervslivet<\/strong><\/p>\n<p>Beskyt dit hjem eller din virksomhed med Ajax Alarm Package Start Ethernet, et tr\u00e5dl\u00f8st alarmsystem designet til at give dig ro i sindet og fleksibilitet. Med en central enhed, der forbindes via Ethernet, og avancerede detektorer, der kan udvides efter behov, er denne pakke en ideel start p\u00e5 enhver sikkerhedsl\u00f8sning.<\/p>\n<hr \/>\n<h4><strong>Pakkens indhold:<\/strong><\/h4>\n<ol>\n<li><strong>Ajax Hub 2 Central Unit (Ethernet + 2G)<\/strong>\n<ul>\n<li>Tilslut via Ethernet for hurtig og stabil kommunikation.<\/li>\n<li>Administrer op til 100 enheder og 50 brugere.<\/li>\n<li>Automatiseringsscenarier, f.eks. T\u00e6nd belysningen i tilf\u00e6lde af alarm.<\/li>\n<\/ul>\n<\/li>\n<li><strong>1 stk. Bev\u00e6gelsesdetektor med k\u00e6ledyrsimmunitet<\/strong>\n<ul>\n<li>Registrerer bev\u00e6gelse uden at reagere p\u00e5 k\u00e6ledyr op til 20 kg.<\/li>\n<\/ul>\n<\/li>\n<li><strong>1 stk D\u00f8rf\u00f8ler\/magnetkontakt<\/strong>\n<ul>\n<li>Overv\u00e5ger d\u00f8re og vinduer for at opdage indtr\u00e6ngen.<\/li>\n<\/ul>\n<\/li>\n<li><strong>1 stk Indend\u00f8rs sirene<\/strong>\n<ul>\n<li>Afskr\u00e6kker og hj\u00e6lper dig med at holde dig p\u00e5 sporet<\/li>\n<\/ul>\n<\/li>\n<li><strong>1 stk Fjernbetjening<\/strong>\n<ul>\n<li>Glat kontrol af alarmen, lige fra din h\u00e5nd.<\/li>\n<\/ul>\n<\/li>\n<li><strong>3 stk Alarmm\u00e6rkater<\/strong>\n<ul>\n<li>Selvkl\u00e6bende klisterm\u00e6rker til at afskr\u00e6kke ubudne g\u00e6ster.<\/li>\n<\/ul>\n<\/li>\n<\/ol>\n<hr \/>\n<h4><strong>N\u00f8glefunktioner:<\/strong><\/h4>\n<ul>\n<li><strong>Fleksibel kontrol:<\/strong> Administrer systemet via Ajax-appen p\u00e5 mobil eller computer.<\/li>\n<li><strong>Udvidbar l\u00f8sning:<\/strong> Tilf\u00f8j flere enheder s\u00e5som r\u00f8gdetektorer, sirener, kameraer eller vandalarmer.<\/li>\n<li><strong>Stabil kommunikation:<\/strong> Ethernet-forbindelse og backup via 2G-netv\u00e6rk for kontinuerlig drift.<\/li>\n<li><strong>Automatisering:<\/strong> Opret scenarier for at optimere sikkerhed og bekvemmelighed.<\/li>\n<\/ul>\n<p><strong>Detektorer og sensorer<\/strong><\/p>\n<ul>\n<li><strong>Bev\u00e6gelsesdetektor:<\/strong> K\u00e6ledyrsimmun op til 20 kg<\/li>\n<li><strong>D\u00f8rsensor:<\/strong> Overv\u00e5ger d\u00f8re og vinduer<\/li>\n<li><strong>Alarmm\u00e6rkater:<\/strong> For \u00f8get sikkerhed og afskr\u00e6kkelse<\/li>\n<\/ul>\n<hr \/>\n<h4><strong>Fordele ved Ajax Alarm Package Start Ethernet:<\/strong><\/h4>\n<ol>\n<li><strong>Brugervenlig:<\/strong> Nem installation og styring via app.<\/li>\n<li><strong>Fleksibilitet:<\/strong> Udvid systemet med flere Ajax-enheder, n\u00e5r behovet opst\u00e5r.<\/li>\n<li><strong>Sikker kommunikation:<\/strong> Prioriteret kommunikation via Ethernet og backup med 2G.<\/li>\n<li><strong>Overkommelig:<\/strong> En komplet l\u00f8sning, der kan vokse med dine behov.<\/li>\n<\/ol>\n<hr \/>\n<p><strong>Beskyt dit hjem eller din virksomhed med Ajax Alarm Package Start Ethernet \u2013 den smarte og fleksible sikkerhedsl\u00f8sning!<\/strong><br \/>\nKontakt os for mere information og r\u00e5dgivning.<\/p>","protected":false},"excerpt":{"rendered":"<p>Ajax Alarm Package Start Ethernet er det perfekte valg for dem, der leder efter en p\u00e5lidelig og fleksibel sikkerhedsl\u00f8sning. Pakken indeholder Hub 2 med Ethernet-forbindelse, bev\u00e6gelsesdetektor, d\u00f8rsensor, fjernbetjening og alarmklisterm\u00e6rker \u2013 alt hvad du skal bruge for at komme i gang. Udvid nemt med flere enheder fra Ajax&#039; brede udvalg, hvis det er n\u00f8dvendigt.<\/p>","protected":false},"featured_media":152074,"template":"","meta":{"_acf_changed":false},"product_brand":[],"product_cat":[1319,3166],"product_tag":[],"class_list":{"0":"post-145765","1":"product","2":"type-product","3":"status-publish","4":"has-post-thumbnail","6":"product_cat-ajax-larm","7":"product_cat-larmpaket","8":"pa_brands-ajax-systems","9":"tm-no-options","11":"first","12":"onbackorder","13":"sale","14":"taxable","15":"shipping-taxable","16":"purchasable","17":"product-type-woosb"},"acf":[],"_links":{"self":[{"href":"https:\/\/secureus.se\/dk\/wp-json\/wp\/v2\/product\/145765","targetHints":{"allow":["GET"]}}],"collection":[{"href":"https:\/\/secureus.se\/dk\/wp-json\/wp\/v2\/product"}],"about":[{"href":"https:\/\/secureus.se\/dk\/wp-json\/wp\/v2\/types\/product"}],"wp:featuredmedia":[{"embeddable":true,"href":"https:\/\/secureus.se\/dk\/wp-json\/wp\/v2\/media\/152074"}],"wp:attachment":[{"href":"https:\/\/secureus.se\/dk\/wp-json\/wp\/v2\/media?parent=145765"}],"wp:term":[{"taxonomy":"product_brand","embeddable":true,"href":"https:\/\/secureus.se\/dk\/wp-json\/wp\/v2\/product_brand?post=145765"},{"taxonomy":"product_cat","embeddable":true,"href":"https:\/\/secureus.se\/dk\/wp-json\/wp\/v2\/product_cat?post=145765"},{"taxonomy":"product_tag","embeddable":true,"href":"https:\/\/secureus.se\/dk\/wp-json\/wp\/v2\/product_tag?post=145765"}],"curies":[{"name":"wp","href":"https:\/\/api.w.org\/{rel}","templated":true}]}}