{"id":145777,"date":"2024-12-10T13:21:57","date_gmt":"2024-12-10T12:21:57","guid":{"rendered":"https:\/\/secureus.se\/?post_type=product&#038;p=145777"},"modified":"2025-11-09T16:13:31","modified_gmt":"2025-11-09T15:13:31","slug":"dsc-larmpaket-hs2016-engelsk-text-5-sprak","status":"publish","type":"product","link":"https:\/\/secureus.se\/dk\/dsc-larmpaket-hs2016-engelsk-text-5-sprak\/","title":{"rendered":"DSC Alarmpakke HS2016 \u2013 Engelsk tekst + 5 sprog"},"content":{"rendered":"<h1>DSC Alarmpakke HS2016<\/h1>\n<h1>Byg din egen DSC Alarmpakke HS2016<\/h1>\n<p><strong><span style=\"text-decoration: underline;\"><span class=\"ui-provider vi b c d e f g h i j k l m n o p q r s t u v w x y z ab ac ae af ag ah ai aj ak\" dir=\"ltr\">DSC Alarmpakke Produktet har f\u00f8lgende sprog i tastaturet: <\/span><\/span><\/strong><strong><span style=\"text-decoration: underline;\"><span class=\"ui-provider vi b c d e f g h i j k l m n o p q r s t u v w x y z ab ac ae af ag ah ai aj ak\" dir=\"ltr\">engelsk, fransk, italiensk, tysk, hollandsk og polsk.<\/span><\/span><\/strong>DSC Alarmpakke med PowerSeries Neo HS2016 til udvidelse op til 16 sektioner. Systemet er perfekt til b\u00e5de virksomheder og eksklusive hjem, hvor funktion, sikkerhed og kvalitet har h\u00f8j prioritet SBSC certifikat alarm klasse 2. Kablet tastatur HS2LCDRF med tekst display og indbygget 2-vejs PowerG radio transceiver medf\u00f8lger og andet tilbeh\u00f8r, kablet og\/eller tr\u00e5dl\u00f8st alt efter hvad der passer til den enkelte installation. Der er ingen begr\u00e6nsninger for det tr\u00e5dl\u00f8se, dvs. 16 tr\u00e5dl\u00f8se detektorer kan tilsluttes direkte til systemet uden mere tilbeh\u00f8r. DSC alarmpakken har dog 7 kablede sektioner i basisversionen (6 p\u00e5 hovedkort, 1 p\u00e5 tastatur) som kan kombineres med tr\u00e5dl\u00f8se enheder, s\u00e5 l\u00e6nge det samlede antal ikke er mere end 16. Fjernbetjeninger, tastaturer og sirener optager ikke sektionsplads i systemet og t\u00e6lles ikke med i sektionsgr\u00e6nsen For at bruge flere ledningsforbundne sektioner kr\u00e6ves et sektionskort HSM2108 (E6309320).<strong>DSC Alarm pakke indhold:<\/strong><\/p>\n<ul>\n<li>Hovedkort PowerSeries Neo HS2016<\/li>\n<li>Kablet tastatur HS2LCDRF med tekstdisplay og indbygget 2-vejs PowerG radiotransceiver<\/li>\n<li>Indbygget radiotransceiver<\/li>\n<li>Pladehus DSC Small<\/li>\n<li>Indbygget transformer<\/li>\n<li>Reservebatteri 7Ah<\/li>\n<\/ul>\n<p>&nbsp;<\/p>\n<ul>\n<li>Powerseries Neo er en professionel og godkendt tyverialarm til b\u00e5de kablet og tr\u00e5dl\u00f8s installation. Produktet er testet af SP iht. SSF1014 (udgave 5) og har SBSC certifikater i b\u00e5de alarmklasse R og alarmklasse 2. Alarmsendere f\u00e5s til b\u00e5de alarmklasse 2 og alarmklasse 3-4.<\/li>\n<li><strong>Hvorfor PowerSeries er enest\u00e5ende<\/strong>At kunne overv\u00e5ge op til 128 zoner tr\u00e5dl\u00f8st og hardwarem\u00e6ssigt g\u00f8r PowerSeries exceptionel til store installationer. Derudover muligg\u00f8r 8 skillev\u00e6gge skr\u00e6ddersyede sikkerhedsl\u00f8sninger til forskellige dele af virksomheden eller hjemmet.<strong>PowerSeries Neo: Sikkerhed p\u00e5 nye niveauer<\/strong><strong>Introduktion til DSC Alarmpakker og DSC produkter<\/strong><\/li>\n<li>PowerSeries Neo fra DSC omdefinerer indbrudssikkerhed ved at kombinere modularitet og kablet tilslutning - med enkelheden fra en bred vifte af tr\u00e5dl\u00f8se enheder og tilbeh\u00f8r. Resultatet er det mest omfattende hybridsystem p\u00e5 markedet i dag.<strong><span style=\"text-decoration: underline;\">Hvorfor PowerSeries er en banebrydende l\u00f8sning<\/span><\/strong>Denne helt nye og us\u00e6dvanligt fleksible platform udnytter de overlegne muligheder i PowerG \u2013 branchens f\u00f8rende tr\u00e5dl\u00f8se indtr\u00e6ngningsteknologi. Innovative alarmverifikationsl\u00f8sninger sammen med en omfattende softwarepakke til fjerntjenester g\u00f8r PowerSeries til den optimale premium-l\u00f8sning til private og kommercielle applikationer.<span style=\"text-decoration: underline;\"><strong>Fleksibilitet i sikkerhed<\/strong><\/span>PowerSeries Neo kombinerer det bedste fra begge verdener \u2013 stabiliteten af kablede systemer og fleksibiliteten ved tr\u00e5dl\u00f8se enheder. Dette muligg\u00f8r tilpasning til unikke behov og g\u00f8r det til det mest tilpasselige system p\u00e5 markedet.<span style=\"text-decoration: underline;\"><strong>Innovativ teknologi til overlegen sikkerhed<\/strong><\/span>Ved at bruge PowerG-teknologien tager PowerSeries sikkerheden til et nyt niveau. Den giver ikke kun p\u00e5lidelig indtr\u00e6ngningsbeskyttelse, men muligg\u00f8r ogs\u00e5 j\u00e6vn integration med forskellige tr\u00e5dl\u00f8se enheder.<br \/>\n<h3><strong>Alarmbekr\u00e6ftelse og fjerntjenester<\/strong><\/h3>\n<p>PowerSeries leveres med innovative alarmverifikationsl\u00f8sninger for at sikre korrekte svar p\u00e5 hver alarm. Den omfattende fjernservicesoftware muligg\u00f8r overv\u00e5gning og kontrol, uanset hvor du er.<\/p>\n<h3><strong>PowerSeries ofte stillede sp\u00f8rgsm\u00e5l<\/strong><\/h3>\n<p><strong>Q: Hvorfor kaldes PowerSeries en hybridl\u00f8sning?<\/strong>A: PowerSeries er en hybrid, fordi den kombinerer kablet og tr\u00e5dl\u00f8s teknologi til en komplet og tilpasselig sikkerhedsl\u00f8sning.<strong>Q: Hvordan sikrer PowerG-teknologien overlegen tr\u00e5dl\u00f8s sikkerhed?<\/strong>A: PowerG-teknologi tilbyder ikke kun p\u00e5lidelige tilslutningsmuligheder, men ogs\u00e5 kryptering og manipulationsmodstand for overlegen sikkerhed.<strong>Q: Hvilke typer tr\u00e5dl\u00f8se enheder kan integreres med PowerSeries?<\/strong>A: PowerSeries underst\u00f8tter en bred vifte af tr\u00e5dl\u00f8se enheder, herunder detektorer, kameraer og smart home tilbeh\u00f8r.<strong>Q: Hvad er alarmbekr\u00e6ftelse, og hvorfor er det vigtigt?<\/strong>A: Alarmverifikation sikrer, at hver alarm er \u00e6gte, hvilket reducerer falske alarmer og giver hurtigere og mere pr\u00e6cise svar fra sikkerhedssystemet.<strong>Q: Kan jeg overv\u00e5ge og fjernstyre PowerSeries?<\/strong>A: Ja, den omfattende fjernservicesoftware muligg\u00f8r overv\u00e5gning og kontrol via en mobilapp eller computer, uanset hvor du er.<strong>Sp\u00f8rgsm\u00e5l: Er PowerSeries egnet til b\u00e5de bolig- og erhvervsbrug?<\/strong>A: Ja, dens fleksibilitet og skr\u00e6ddersyede l\u00f8sninger g\u00f8r den ideel til b\u00e5de bolig- og kommercielle applikationer.<\/p>\n<h3><strong>Konklusion<\/strong><\/h3>\n<p>Med PowerSeries Neo f\u00e5r du ikke kun en sikkerhedsl\u00f8sning; du f\u00e5r innovation, fleksibilitet og overlegen teknologi.<\/li>\n<\/ul>\n<p><b>\u00a0<\/b><\/p>","protected":false},"excerpt":{"rendered":"<p>DSC NEO hybrid alarm - Bland tr\u00e5dl\u00f8st og kablet som du vil med PowerG tr\u00e5dl\u00f8st tilbeh\u00f8r - Laveste pris!<\/p>","protected":false},"featured_media":141117,"template":"","meta":{"_acf_changed":false},"product_brand":[],"product_cat":[1322,3318],"product_tag":[],"class_list":{"0":"post-145777","1":"product","2":"type-product","3":"status-publish","4":"has-post-thumbnail","6":"product_cat-dsc-larm-neo-power-hybridlarm","7":"product_cat-larmpaket-dsc-larm-neo-power-hybridlarm","8":"pa_brands-dsc","9":"tm-no-options","11":"first","12":"instock","13":"sale","14":"taxable","15":"shipping-taxable","16":"purchasable","17":"product-type-woosb"},"acf":[],"_links":{"self":[{"href":"https:\/\/secureus.se\/dk\/wp-json\/wp\/v2\/product\/145777","targetHints":{"allow":["GET"]}}],"collection":[{"href":"https:\/\/secureus.se\/dk\/wp-json\/wp\/v2\/product"}],"about":[{"href":"https:\/\/secureus.se\/dk\/wp-json\/wp\/v2\/types\/product"}],"wp:featuredmedia":[{"embeddable":true,"href":"https:\/\/secureus.se\/dk\/wp-json\/wp\/v2\/media\/141117"}],"wp:attachment":[{"href":"https:\/\/secureus.se\/dk\/wp-json\/wp\/v2\/media?parent=145777"}],"wp:term":[{"taxonomy":"product_brand","embeddable":true,"href":"https:\/\/secureus.se\/dk\/wp-json\/wp\/v2\/product_brand?post=145777"},{"taxonomy":"product_cat","embeddable":true,"href":"https:\/\/secureus.se\/dk\/wp-json\/wp\/v2\/product_cat?post=145777"},{"taxonomy":"product_tag","embeddable":true,"href":"https:\/\/secureus.se\/dk\/wp-json\/wp\/v2\/product_tag?post=145777"}],"curies":[{"name":"wp","href":"https:\/\/api.w.org\/{rel}","templated":true}]}}