{"id":146113,"date":"2024-12-28T12:23:33","date_gmt":"2024-12-28T11:23:33","guid":{"rendered":"https:\/\/secureus.se\/?post_type=product&#038;p=146113"},"modified":"2026-04-23T13:30:29","modified_gmt":"2026-04-23T11:30:29","slug":"system-sensor-eco1005-a-eco-konventionell-varmedetektor-stigningshastighet","status":"publish","type":"product","link":"https:\/\/secureus.se\/dk\/system-sensor-eco1005-a-eco-konventionell-varmedetektor-stigningshastighet\/","title":{"rendered":"Systemsensor ECO1005 A ECO Konventionel varmedetektor, stigningshastighed"},"content":{"rendered":"<div class=\"headernamehrnone\">ECO1005 A varmedetektoren tilh\u00f8rer System Sensors ECO1000-serien af detektorer. ECO1000 er en serie af konventionelle detektorer, der er fremstillet ved hj\u00e6lp af den nyeste produktionsteknologi.<br \/>\nog udstyret med en r\u00e6kke avancerede funktioner, hvilket g\u00f8r dem &quot;bedre af design&quot;.<\/p>\n<p>ECO1005 A termisk detektor bruger et avanceret termisk element i kombination med et applikationsspecifikt integreret kredsl\u00f8b (ASIC) til hurtig og pr\u00e6cis branddetektering. Detektoren har b\u00e5de stigende og statiske elementer og er velegnet til alle omr\u00e5der, hvor omgivelsesforholdene normalt ikke udviser hurtige temperatur\u00e6ndringer.<\/p>\n<p>En laserbaseret h\u00e5ndholdt fjerntestenhed kan bruges med ECO1000-detektorerne til alarmtest. Enheden sender en kodet besked, der forhindrer falske alarmer i at blive genereret af andre laserbaserede enheder. Med en r\u00e6kkevidde p\u00e5 flere meter er den h\u00e5ndholdte testenhed en nem m\u00e5de at alarmteste ECO1000-detektorerne p\u00e5 afstand, og brugeren beh\u00f8ver ikke at have direkte fysisk adgang til detektoren.<\/p>\n<p>ECO1005 A-detektoren har ogs\u00e5 en indbygget LED, der lyser for at give et lokalt alarmsignal. Denne l\u00e5ser og forbliver t\u00e6ndt, indtil detektoren nulstilles af et midlertidigt str\u00f8msvigt. En fjernbetjent LED-indikator kan bruges til at gentage et alarmsignal.<\/p>\n<p>En r\u00e6kke detektorbaser kan bruges med ECO1005 A-detektoren, hvilket giver fleksibilitet og kompatibilitet med en bred vifte af brandalarmcentraler. Alle baser er udstyret med en kortslutningsfjeder, der muligg\u00f8r kredsl\u00f8bstest f\u00f8r montering af detektoren, og har en manipulationssikker funktion, som, n\u00e5r den aktiveres, forhindrer fjernelse af detektoren uden brug af v\u00e6rkt\u00f8j.<\/p><\/div>\n<div class=\"row headername\">\n<div class=\"item-header rd-hyg-item-header\"><strong>Hovedkarakteristika<\/strong><\/div>\n<div class=\"row\">\n<ul>\n<li>Lav profil design<\/li>\n<li>Lavt str\u00f8mforbrug<\/li>\n<li>58\u00b0C driftstemperatur<\/li>\n<li>Fungerer med 12 og 24VDC<\/li>\n<li>Fjernalarmtestfunktion<\/li>\n<li>Nem vedligeholdelse<\/li>\n<li>Godkendt i henhold til EN54-5:2000 Klasse A1R<\/li>\n<\/ul>\n<\/div>\n<\/div>","protected":false},"excerpt":{"rendered":"<p>Systemsensor ECO1005 A ECO Konventionel varmedetektor, stigningshastighed<\/p>\n<ul class=\"UnorderedListStyle--1koui9a ksyVRL mainfeatureslist\">\n<li class=\"ListItemStyle--1yqofwy kEFzCE\">Lav profil design<\/li>\n<li class=\"ListItemStyle--1yqofwy kEFzCE\">Lavt str\u00f8mforbrug<\/li>\n<li class=\"ListItemStyle--1yqofwy kEFzCE\">58\u00b0C driftstemperatur<\/li>\n<\/ul>","protected":false},"featured_media":146112,"template":"","meta":{"_acf_changed":false},"product_brand":[],"product_cat":[4755,4157],"product_tag":[],"class_list":{"0":"post-146113","1":"product","2":"type-product","3":"status-publish","4":"has-post-thumbnail","6":"product_cat-eco-1000-serien","7":"product_cat-varmedetektor","8":"product_shipping_class-tunga-paket","9":"pa_brands-system-sensor","10":"tm-no-options","12":"first","13":"instock","14":"taxable","15":"shipping-taxable","16":"purchasable","17":"product-type-simple"},"acf":[],"_links":{"self":[{"href":"https:\/\/secureus.se\/dk\/wp-json\/wp\/v2\/product\/146113","targetHints":{"allow":["GET"]}}],"collection":[{"href":"https:\/\/secureus.se\/dk\/wp-json\/wp\/v2\/product"}],"about":[{"href":"https:\/\/secureus.se\/dk\/wp-json\/wp\/v2\/types\/product"}],"wp:featuredmedia":[{"embeddable":true,"href":"https:\/\/secureus.se\/dk\/wp-json\/wp\/v2\/media\/146112"}],"wp:attachment":[{"href":"https:\/\/secureus.se\/dk\/wp-json\/wp\/v2\/media?parent=146113"}],"wp:term":[{"taxonomy":"product_brand","embeddable":true,"href":"https:\/\/secureus.se\/dk\/wp-json\/wp\/v2\/product_brand?post=146113"},{"taxonomy":"product_cat","embeddable":true,"href":"https:\/\/secureus.se\/dk\/wp-json\/wp\/v2\/product_cat?post=146113"},{"taxonomy":"product_tag","embeddable":true,"href":"https:\/\/secureus.se\/dk\/wp-json\/wp\/v2\/product_tag?post=146113"}],"curies":[{"name":"wp","href":"https:\/\/api.w.org\/{rel}","templated":true}]}}