{"id":146115,"date":"2024-12-28T12:23:41","date_gmt":"2024-12-28T11:23:41","guid":{"rendered":"https:\/\/secureus.se\/system-sensor-eco1004t-a-konventionell-varmedetektor-fast-temperatur-78\/"},"modified":"2026-04-14T13:37:14","modified_gmt":"2026-04-14T11:37:14","slug":"system-sensor-eco1004t-a-konventionell-varmedetektor-fast-temperatur-78","status":"publish","type":"product","link":"https:\/\/secureus.se\/dk\/system-sensor-eco1004t-a-konventionell-varmedetektor-fast-temperatur-78\/","title":{"rendered":"Systemsensor ECO1004T A Konventionel varmedetektor, fast temperatur, 78\u00b0"},"content":{"rendered":"<h1>Systemsensor ECO1004T En konventionel varmedetektor<\/h1>\n<p class=\"\" data-start=\"506\" data-end=\"848\">Systemsensor ECO1004T A er en konventionel termisk varmedetektor, der er en del af den p\u00e5lidelige ECO1000-serie.<\/p>\n<p class=\"\" data-start=\"506\" data-end=\"848\">Med en driftstemperatur p\u00e5 78\u00b0C er den s\u00e6rdeles velegnet til milj\u00f8er med hurtigere temperatur\u00e6ndringer, s\u00e5som k\u00f8kkener.<\/p>\n<p class=\"\" data-start=\"506\" data-end=\"848\">Den bruger en moderne termisk sensor til at sikre hurtig og pr\u00e6cis branddetektion.<\/p>\n<p class=\"\" data-start=\"850\" data-end=\"1123\">Med lavt str\u00f8mforbrug og fjerntestfunktioner g\u00f8r denne detektor det nemt at vedligeholde og sikre, at systemet altid er i optimal stand.<\/p>\n<p class=\"\" data-start=\"850\" data-end=\"1123\">Den er kompatibel med b\u00e5de 12V- og 24VDC-systemer og har fjernbetjenings-LED-indikatormuligheder for klar visuel status.<\/p>\n<p class=\"\" data-start=\"1125\" data-end=\"1395\">ECO1004T er certificeret til EN54-5:2000 (\u00c6ndring 1) Klasse BS og godkendt i henhold til MED 96\/98\/EC (\u00e6ndring 2009\/26\/EC), hvilket g\u00f8r det til et p\u00e5lideligt valg til sikkerhedssystemer i b\u00e5de kommercielle og industrielle milj\u00f8er.<\/p>\n<p class=\"\" data-start=\"1125\" data-end=\"1395\">Dens udvidede 3-\u00e5rige garanti giver ekstra ro i sindet.<\/p>","protected":false},"excerpt":{"rendered":"<p>ECO1004T A er en termisk varmedetektor med en fast temperatur p\u00e5 78\u00b0C, ideel til brug i milj\u00f8er som k\u00f8kkener.<\/p>\n<p>Med lavt str\u00f8mforbrug og mulighed for at blive fjerntestet, tilbyder denne detektor hurtig og pr\u00e6cis branddetektion.<\/p>","protected":false},"featured_media":146114,"template":"","meta":{"_acf_changed":false},"product_brand":[],"product_cat":[4755,4157],"product_tag":[],"class_list":{"0":"post-146115","1":"product","2":"type-product","3":"status-publish","4":"has-post-thumbnail","6":"product_cat-eco-1000-serien","7":"product_cat-varmedetektor","8":"pa_brands-system-sensor","9":"tm-no-options","11":"first","12":"instock","13":"taxable","14":"shipping-taxable","15":"purchasable","16":"product-type-simple"},"acf":[],"_links":{"self":[{"href":"https:\/\/secureus.se\/dk\/wp-json\/wp\/v2\/product\/146115","targetHints":{"allow":["GET"]}}],"collection":[{"href":"https:\/\/secureus.se\/dk\/wp-json\/wp\/v2\/product"}],"about":[{"href":"https:\/\/secureus.se\/dk\/wp-json\/wp\/v2\/types\/product"}],"wp:featuredmedia":[{"embeddable":true,"href":"https:\/\/secureus.se\/dk\/wp-json\/wp\/v2\/media\/146114"}],"wp:attachment":[{"href":"https:\/\/secureus.se\/dk\/wp-json\/wp\/v2\/media?parent=146115"}],"wp:term":[{"taxonomy":"product_brand","embeddable":true,"href":"https:\/\/secureus.se\/dk\/wp-json\/wp\/v2\/product_brand?post=146115"},{"taxonomy":"product_cat","embeddable":true,"href":"https:\/\/secureus.se\/dk\/wp-json\/wp\/v2\/product_cat?post=146115"},{"taxonomy":"product_tag","embeddable":true,"href":"https:\/\/secureus.se\/dk\/wp-json\/wp\/v2\/product_tag?post=146115"}],"curies":[{"name":"wp","href":"https:\/\/api.w.org\/{rel}","templated":true}]}}