{"id":146151,"date":"2024-12-30T14:57:02","date_gmt":"2024-12-30T13:57:02","guid":{"rendered":"https:\/\/secureus.se\/?post_type=product&#038;p=146151"},"modified":"2026-04-09T11:32:45","modified_gmt":"2026-04-09T09:32:45","slug":"risco-lunar-dt-360-takmonterad-detektor-klass-3-rk150dtg3","status":"publish","type":"product","link":"https:\/\/secureus.se\/dk\/risco-lunar-dt-360-takmonterad-detektor-klass-3-rk150dtg3\/","title":{"rendered":"RISCO LuNAR DT 360 loftsdetektor, klasse 3 RK150DTG3"},"content":{"rendered":"<h1>RISCO LuNAR DT 360 loftsdetektor, klasse 3 RK150DTG3<\/h1>\n<p data-start=\"457\" data-end=\"890\">RISCO LuNAR DT 360 loftsmonteret detektor (model RK150DTG3) er designet til at give h\u00f8j sikkerhed med avanceret detektionsteknologi.<\/p>\n<p data-start=\"457\" data-end=\"890\">Denne detektor bruger en kombination af PIR (passiv infrar\u00f8d sensor) og MW (mikrob\u00f8lge) teknologi ved 10,525 GHz, hvilket g\u00f8r den ekstremt f\u00f8lsom og pr\u00e6cis for bev\u00e6gelses- og temperatursignaler.<\/p>\n<p data-start=\"457\" data-end=\"890\">Med et 360\u00b0 synsfelt og en r\u00e6kkevidde p\u00e5 op til 12 meter er den perfekt til overv\u00e5gning af store indend\u00f8rsomr\u00e5der.<\/p>\n<p data-start=\"892\" data-end=\"1225\">Detektoren er udstyret med en unik 110\u00b0 sf\u00e6risk linse, der giver fuld 360\u00b0 d\u00e6kning uden d\u00f8de vinkler.<\/p>\n<p data-start=\"892\" data-end=\"1225\">Den har ogs\u00e5 en anti-mask-funktion, der g\u00f8r det muligt for den at identificere eventuelle forhindringer, der fors\u00f8ger at blokere dens synsfelt eller bev\u00e6gelsesdetektion af masken.<\/p>\n<p data-start=\"892\" data-end=\"1225\">Dette g\u00f8r den s\u00e6rligt nyttig i omr\u00e5der, hvor h\u00f8j sikkerhed er et krav.<\/p>\n<p data-start=\"1227\" data-end=\"1516\">Med en monteringsh\u00f8jde p\u00e5 mellem 2,4 meter og 4 meter tilbyder denne detektor en fleksibel installation, der passer til forskellige typer bygninger og rum.<\/p>\n<p data-start=\"1227\" data-end=\"1516\">Dens lave profil og kompakte design g\u00f8r den nem at integrere i forskellige installationer, samtidig med at den bevarer et diskret udseende.<\/p>\n<p data-start=\"1518\" data-end=\"1843\">For at sikre p\u00e5lidelig ydeevne i alle milj\u00f8er er detektoren udstyret med temperaturkompensation, der g\u00f8r det muligt for den at fungere optimalt uanset temperatur\u00e6ndringer.<\/p>\n<p data-start=\"1518\" data-end=\"1843\">Detektoren har ogs\u00e5 indbyggede modstande i den gr\u00f8nne linje for at reducere p\u00e5virkningen fra eksterne faktorer og sikre langvarig og stabil drift.<\/p>\n<p data-start=\"1845\" data-end=\"2123\">Denne detektor er den ideelle l\u00f8sning til at sikre, at dit sikkerhedssystem fungerer effektivt uden at for\u00e5rsage falske alarmer.<\/p>\n<p data-start=\"1845\" data-end=\"2123\">Detektoren er certificeret med sikkerhedsklasse 3, hvilket betyder, at den opfylder h\u00f8je krav til brug i sikkerhedskritiske omr\u00e5der.<\/p>\n<p data-start=\"2125\" data-end=\"2153\"><strong data-start=\"2125\" data-end=\"2153\">Hovedfunktioner:<\/strong><\/p>\n<ul data-start=\"2154\" data-end=\"2548\">\n<li data-start=\"2154\" data-end=\"2179\">\n<p data-start=\"2156\" data-end=\"2179\"><strong data-start=\"2156\" data-end=\"2170\">Teknologi:<\/strong> PIR + MW<\/p>\n<\/li>\n<li data-start=\"2180\" data-end=\"2218\">\n<p data-start=\"2182\" data-end=\"2218\"><strong data-start=\"2182\" data-end=\"2203\">Registreringsomr\u00e5de:<\/strong> 12 meter, 360\u00b0<\/p>\n<\/li>\n<li data-start=\"2219\" data-end=\"2260\">\n<p data-start=\"2221\" data-end=\"2260\"><strong data-start=\"2221\" data-end=\"2240\">Monteringsh\u00f8jde:<\/strong> 2,4 meter \u2013 4 meter<\/p>\n<\/li>\n<li data-start=\"2261\" data-end=\"2291\">\n<p data-start=\"2263\" data-end=\"2291\"><strong data-start=\"2263\" data-end=\"2279\">Dimensioner:<\/strong> 135 x 27 mm<\/p>\n<\/li>\n<li data-start=\"2292\" data-end=\"2309\">\n<p data-start=\"2294\" data-end=\"2309\"><strong data-start=\"2294\" data-end=\"2303\">V\u00e6gt:<\/strong> 200 g<\/p>\n<\/li>\n<li data-start=\"2310\" data-end=\"2343\">\n<p data-start=\"2312\" data-end=\"2343\"><strong data-start=\"2312\" data-end=\"2333\">Str\u00f8mforsyning:<\/strong> 9 \u2013 16 VDC<\/p>\n<\/li>\n<li data-start=\"2344\" data-end=\"2361\">\n<p data-start=\"2346\" data-end=\"2361\"><strong data-start=\"2346\" data-end=\"2356\">Str\u00f8m:<\/strong> 16mA<\/p>\n<\/li>\n<li data-start=\"2362\" data-end=\"2431\">\n<p data-start=\"2364\" data-end=\"2431\"><strong data-start=\"2364\" data-end=\"2379\">Egenskaber:<\/strong> Zoomfunktion, ACT, antimaskering, justerbar f\u00f8lsomhed<\/p>\n<\/li>\n<li data-start=\"2432\" data-end=\"2452\">\n<p data-start=\"2434\" data-end=\"2452\"><strong data-start=\"2434\" data-end=\"2445\">Farver:<\/strong> S\u00f8lv<\/p>\n<\/li>\n<li data-start=\"2453\" data-end=\"2483\">\n<p data-start=\"2455\" data-end=\"2483\"><strong data-start=\"2455\" data-end=\"2471\">Anvendelse:<\/strong> Indend\u00f8rs brug<\/p>\n<\/li>\n<li data-start=\"2484\" data-end=\"2511\">\n<p data-start=\"2486\" data-end=\"2511\"><strong data-start=\"2486\" data-end=\"2498\">Montering:<\/strong> Loftsmontering<\/p>\n<\/li>\n<li data-start=\"2512\" data-end=\"2548\">\n<p data-start=\"2514\" data-end=\"2548\"><strong data-start=\"2514\" data-end=\"2531\">Certificering:<\/strong> Sikkerhedsklasse 3<\/p>\n<\/li>\n<\/ul>\n<p data-start=\"2550\" data-end=\"2800\">Denne detektor er et fremragende valg for dem, der leder efter en h\u00f8jtydende l\u00f8sning til indend\u00f8rs sikkerhed.<\/p>\n<p data-start=\"2550\" data-end=\"2800\">Med sine avancerede funktioner og nemme installation er RISCO LuNAR DT 360 en p\u00e5lidelig og effektiv komponent til et professionelt sikkerhedssystem.<\/p>","protected":false},"excerpt":{"rendered":"<p>RISCO LuNAR DT 360 loftsmonteret detektor er en h\u00f8jsikkerheds PIR + MW dual-teknologi detektor med 360\u00b0 d\u00e6kning og en r\u00e6kkevidde p\u00e5 op til 12 meter.<\/p>\n<p>Udstyret med antimaskfunktion og justerbar f\u00f8lsomhed er den ideel til brug i indend\u00f8rs installationer op til 4 meters h\u00f8jde.<\/p>","protected":false},"featured_media":146150,"template":"","meta":{"_acf_changed":false},"product_brand":[],"product_cat":[3188],"product_tag":[],"class_list":{"0":"post-146151","1":"product","2":"type-product","3":"status-publish","4":"has-post-thumbnail","6":"product_cat-larmenheter-risco-larm","7":"pa_brands-4risco","8":"pa_farg-silver","9":"tm-no-options","11":"first","12":"instock","13":"taxable","14":"shipping-taxable","15":"purchasable","16":"product-type-simple"},"acf":[],"_links":{"self":[{"href":"https:\/\/secureus.se\/dk\/wp-json\/wp\/v2\/product\/146151","targetHints":{"allow":["GET"]}}],"collection":[{"href":"https:\/\/secureus.se\/dk\/wp-json\/wp\/v2\/product"}],"about":[{"href":"https:\/\/secureus.se\/dk\/wp-json\/wp\/v2\/types\/product"}],"wp:featuredmedia":[{"embeddable":true,"href":"https:\/\/secureus.se\/dk\/wp-json\/wp\/v2\/media\/146150"}],"wp:attachment":[{"href":"https:\/\/secureus.se\/dk\/wp-json\/wp\/v2\/media?parent=146151"}],"wp:term":[{"taxonomy":"product_brand","embeddable":true,"href":"https:\/\/secureus.se\/dk\/wp-json\/wp\/v2\/product_brand?post=146151"},{"taxonomy":"product_cat","embeddable":true,"href":"https:\/\/secureus.se\/dk\/wp-json\/wp\/v2\/product_cat?post=146151"},{"taxonomy":"product_tag","embeddable":true,"href":"https:\/\/secureus.se\/dk\/wp-json\/wp\/v2\/product_tag?post=146151"}],"curies":[{"name":"wp","href":"https:\/\/api.w.org\/{rel}","templated":true}]}}