{"id":146316,"date":"2025-01-08T17:08:18","date_gmt":"2025-01-08T16:08:18","guid":{"rendered":"https:\/\/secureus.se\/?post_type=product&#038;p=146316"},"modified":"2026-01-06T20:58:26","modified_gmt":"2026-01-06T19:58:26","slug":"risco-2mp-vupoint-p2p-ir-ip-kamera-28-mm-objektiv-rvcm52w1400a","status":"publish","type":"product","link":"https:\/\/secureus.se\/dk\/risco-2mp-vupoint-p2p-ir-ip-kamera-28-mm-objektiv-rvcm52w1400a\/","title":{"rendered":"RISCO 2MP VUpoint P2P IR IP-kamera, 2,8 mm linse RVCM52W1400A"},"content":{"rendered":"<h1>RISCO 2MP VUpoint P2P IR IP-kamera, 2,8 mm linse RVCM52W1400A<\/h1>\n<p data-start=\"459\" data-end=\"794\">RISCO 2MP VUpoint P2P IR IP-kameraet (model RVCM52W1400A) er en avanceret sikkerhedsl\u00f8sning, der giver klar og detaljeret videooverv\u00e5gning b\u00e5de dag og nat.<\/p>\n<p data-start=\"459\" data-end=\"794\">Med en opl\u00f8sning p\u00e5 1920\u00d71080 (Full HD) modtager brugerne krystalklare billeder, hvilket er afg\u00f8rende for at sikre h\u00f8j sikkerhed og hurtig identifikation af objekter eller personer.<\/p>\n<p data-start=\"796\" data-end=\"1231\">Dette IP-kamera bruger tr\u00e5dl\u00f8s P2P (Peer-to-Peer) teknologi, hvilket g\u00f8r installationen nem og hurtig.<\/p>\n<p data-start=\"796\" data-end=\"1231\">Kameraet kr\u00e6ver ikke kompliceret netv\u00e6rkskonfiguration og opretter forbindelse direkte til dit system via en app eller internettet.<\/p>\n<p data-start=\"796\" data-end=\"1231\">Den har et fast objektiv med en br\u00e6ndvidde p\u00e5 2,8 mm, hvilket giver en vidvinkel til at d\u00e6kke et stort omr\u00e5de, og et synsfelt p\u00e5 hele 114,6\u00b0.<\/p>\n<p data-start=\"796\" data-end=\"1231\">Dette g\u00f8r den perfekt til overv\u00e5gning af b\u00e5de indend\u00f8rs og udend\u00f8rs omr\u00e5der.<\/p>\n<p data-start=\"1233\" data-end=\"1561\">En af de mest imponerende funktioner ved dette kamera er dets nattesyn.<\/p>\n<p data-start=\"1233\" data-end=\"1561\">Den indbyggede infrar\u00f8de belysning g\u00f8r det muligt for kameraet at optage klare billeder op til 30 meter v\u00e6k, selv i m\u00f8rke forhold.<\/p>\n<p data-start=\"1233\" data-end=\"1561\">Dette g\u00f8r kameraet p\u00e5lideligt selv i de m\u00f8rke timer og sikrer kontinuerlig sikkerhed d\u00f8gnet rundt.<\/p>\n<p data-start=\"1563\" data-end=\"1906\">Den har ogs\u00e5 en indbygget mikrofon, der giver dig mulighed for at lytte til dine omgivelser, hvilket er en fantastisk funktion til at overv\u00e5ge lyd sammen med video.<\/p>\n<p data-start=\"1563\" data-end=\"1906\">En anden nyttig funktion er den lokale lagringsmulighed via SD-kort, som giver brugerne mulighed for at gemme optaget video p\u00e5 selve kameraet, hvilket giver ekstra sikkerhed og p\u00e5lidelighed.<\/p>\n<p data-start=\"1908\" data-end=\"2186\">Med en IP67-klassificering er kameraet fuldt beskyttet mod st\u00f8v og kan modst\u00e5 regn og andre vejrforhold, hvilket g\u00f8r det perfekt til b\u00e5de indend\u00f8rs og udend\u00f8rs brug.<\/p>\n<p data-start=\"1908\" data-end=\"2186\">Dette g\u00f8r det muligt at bruge den under alle vejrforhold og give sikker videooverv\u00e5gning, n\u00e5r det er mest n\u00f8dvendigt.<\/p>\n<p data-start=\"2188\" data-end=\"2492\">Dette kamera er en ideel l\u00f8sning for brugere, der leder efter et p\u00e5lideligt, h\u00f8jopl\u00f8seligt og brugervenligt sikkerhedskamera.<\/p>\n<p data-start=\"2188\" data-end=\"2492\">Uanset om du vil holde \u00f8je med dit hjem, kontor eller andre ejendomme, tilbyder dette kamera al den funktionalitet og fleksibilitet, du har brug for for at opretholde sikkerheden.<\/p>","protected":false},"excerpt":{"rendered":"<p>RISCO 2MP VUpoint P2P IR IP-kameraet er et sikkerhedskamera med h\u00f8j opl\u00f8sning til b\u00e5de indend\u00f8rs og udend\u00f8rs brug.<\/p>\n<p>Den har en opl\u00f8sning p\u00e5 1920\u00d71080 og er udstyret med farvenatsyn, der r\u00e6kker op til 30 meter.<\/p>\n<p>Kameraet er nemt at installere og har tr\u00e5dl\u00f8s forbindelse via P2P-teknologi.<\/p>","protected":false},"featured_media":146315,"template":"","meta":{"_acf_changed":false},"product_brand":[],"product_cat":[3192],"product_tag":[],"class_list":{"0":"post-146316","1":"product","2":"type-product","3":"status-publish","4":"has-post-thumbnail","6":"product_cat-risco-ip-kamera","7":"pa_brands-4risco","8":"tm-no-options","10":"first","11":"onbackorder","12":"taxable","13":"shipping-taxable","14":"purchasable","15":"product-type-simple"},"acf":[],"_links":{"self":[{"href":"https:\/\/secureus.se\/dk\/wp-json\/wp\/v2\/product\/146316","targetHints":{"allow":["GET"]}}],"collection":[{"href":"https:\/\/secureus.se\/dk\/wp-json\/wp\/v2\/product"}],"about":[{"href":"https:\/\/secureus.se\/dk\/wp-json\/wp\/v2\/types\/product"}],"wp:featuredmedia":[{"embeddable":true,"href":"https:\/\/secureus.se\/dk\/wp-json\/wp\/v2\/media\/146315"}],"wp:attachment":[{"href":"https:\/\/secureus.se\/dk\/wp-json\/wp\/v2\/media?parent=146316"}],"wp:term":[{"taxonomy":"product_brand","embeddable":true,"href":"https:\/\/secureus.se\/dk\/wp-json\/wp\/v2\/product_brand?post=146316"},{"taxonomy":"product_cat","embeddable":true,"href":"https:\/\/secureus.se\/dk\/wp-json\/wp\/v2\/product_cat?post=146316"},{"taxonomy":"product_tag","embeddable":true,"href":"https:\/\/secureus.se\/dk\/wp-json\/wp\/v2\/product_tag?post=146316"}],"curies":[{"name":"wp","href":"https:\/\/api.w.org\/{rel}","templated":true}]}}