{"id":146340,"date":"2025-01-09T14:37:23","date_gmt":"2025-01-09T13:37:23","guid":{"rendered":"https:\/\/secureus.se\/risco-rvdba701000a-video-dorrklocka-kit-ip-wi-fi-radio-868mhz\/"},"modified":"2026-04-23T13:29:52","modified_gmt":"2026-04-23T11:29:52","slug":"risco-video-dorrklocka-kit-ip-wi-fi-radio-868mhz-rvdba701000a","status":"publish","type":"product","link":"https:\/\/secureus.se\/dk\/risco-video-dorrklocka-kit-ip-wi-fi-radio-868mhz-rvdba701000a\/","title":{"rendered":"RISCO Video D\u00f8rklokke S\u00e6t IP\/Wi-Fi Radio 868MHz RVDBA701000A"},"content":{"rendered":"<h1>RISCO Video D\u00f8rklokke S\u00e6t IP\/Wi-Fi Radio 868MHz RVDBA701000A<\/h1>\n<p data-start=\"492\" data-end=\"957\">RISCO RVDBA701000A videod\u00f8rklokkes\u00e6ttet er designet til at give b\u00e5de sikkerhed og bekvemmelighed for brugerne og er den perfekte l\u00f8sning til at holde \u00f8je med, hvad der sker ved hovedd\u00f8ren.<\/p>\n<p data-start=\"492\" data-end=\"957\">Den er fuldt integreret med RISCO Cloud og fungerer som et supplement til RISCOs alarmsystem og VUpoint Video Solution.<\/p>\n<p data-start=\"492\" data-end=\"957\">Denne avancerede videod\u00f8rklokke giver brugerne mulighed for at interagere med bes\u00f8gende n\u00e5r som helst via en smartphone-app, selv n\u00e5r de ikke er hjemme.<\/p>\n<p data-start=\"959\" data-end=\"1316\">Med et HD-kamera, der tilbyder en synsvinkel p\u00e5 140\u00b0, kan brugerne se deres bes\u00f8gende tydeligt og kommunikere direkte via den indbyggede mikrofon og h\u00f8jttaler.<\/p>\n<p data-start=\"959\" data-end=\"1316\">Dette muligg\u00f8r problemfri tovejskommunikation i realtid.<\/p>\n<p data-start=\"959\" data-end=\"1316\">D\u00f8rklokken er ogs\u00e5 udstyret med infrar\u00f8de LED&#039;er, der giver brugerne mulighed for at f\u00e5 klare billeder selv i svagt lys.<\/p>\n<p data-start=\"1318\" data-end=\"1686\">Videod\u00f8rklokken er nem at installere og kan hurtigt konfigureres ved hj\u00e6lp af RISCO Cloud Installer Admin-gr\u00e6nsefladen og HandyApp.<\/p>\n<p data-start=\"1318\" data-end=\"1686\">Installat\u00f8rer kan bruge den eksisterende d\u00f8rklokkeledningsf\u00f8ring til en enkel og hurtig installation.<\/p>\n<p data-start=\"1318\" data-end=\"1686\">Slutbrugere modtager notifikationer i realtid direkte i deres iRISCO-app, hvilket betyder, at de ikke g\u00e5r glip af noget vigtigt, n\u00e5r de er v\u00e6k hjemmefra.<\/p>\n<p data-start=\"1688\" data-end=\"1953\">En yderligere sikkerhedsfunktion er bev\u00e6gelsesdetektion, som automatisk sender notifikationer til brugerens enhed, n\u00e5r der registreres bev\u00e6gelse i n\u00e6rheden af hovedd\u00f8ren.<\/p>\n<p data-start=\"1688\" data-end=\"1953\">Dette giver brugerne mulighed for at v\u00e6re opm\u00e6rksomme p\u00e5 al bev\u00e6gelse ved deres d\u00f8r, selvom ingen ringer p\u00e5 d\u00f8rklokken.<\/p>\n<p data-start=\"1955\" data-end=\"2228\">RISCO Video Doorbell Kit tilbyder en komplet l\u00f8sning til sikkerhed og kommunikation og er perfekt til b\u00e5de hjemme- og erhvervsbrug.<\/p>\n<p data-start=\"1955\" data-end=\"2228\">Med sit moderne design og brugervenlige funktioner f\u00e5r brugerne et effektivt v\u00e6rkt\u00f8j til at overv\u00e5ge og interagere med bes\u00f8gende.<\/p>","protected":false},"excerpt":{"rendered":"<p>RISCO RVDBA701000A videod\u00f8rklokkes\u00e6ttet er en h\u00f8jteknologisk enhed, der forbedrer sikkerheden og bekvemmeligheden for bolig- og virksomhedsejere.<\/p>\n<p>Ved at bruge RISCO Cloud og iRISCO-appen kan brugerne besvare videoopkald og kommunikere med bes\u00f8gende hvor som helst og n\u00e5r som helst.<\/p>","protected":false},"featured_media":146339,"template":"","meta":{"_acf_changed":false},"product_brand":[],"product_cat":[3193,4608],"product_tag":[],"class_list":{"0":"post-146340","1":"product","2":"type-product","3":"status-publish","4":"has-post-thumbnail","6":"product_cat-smarta-hem-risco-larm","7":"product_cat-risco-smart-dorrklocka","8":"pa_brands-4risco","9":"tm-no-options","11":"first","12":"instock","13":"sale","14":"taxable","15":"shipping-taxable","16":"purchasable","17":"product-type-simple"},"acf":[],"_links":{"self":[{"href":"https:\/\/secureus.se\/dk\/wp-json\/wp\/v2\/product\/146340","targetHints":{"allow":["GET"]}}],"collection":[{"href":"https:\/\/secureus.se\/dk\/wp-json\/wp\/v2\/product"}],"about":[{"href":"https:\/\/secureus.se\/dk\/wp-json\/wp\/v2\/types\/product"}],"wp:featuredmedia":[{"embeddable":true,"href":"https:\/\/secureus.se\/dk\/wp-json\/wp\/v2\/media\/146339"}],"wp:attachment":[{"href":"https:\/\/secureus.se\/dk\/wp-json\/wp\/v2\/media?parent=146340"}],"wp:term":[{"taxonomy":"product_brand","embeddable":true,"href":"https:\/\/secureus.se\/dk\/wp-json\/wp\/v2\/product_brand?post=146340"},{"taxonomy":"product_cat","embeddable":true,"href":"https:\/\/secureus.se\/dk\/wp-json\/wp\/v2\/product_cat?post=146340"},{"taxonomy":"product_tag","embeddable":true,"href":"https:\/\/secureus.se\/dk\/wp-json\/wp\/v2\/product_tag?post=146340"}],"curies":[{"name":"wp","href":"https:\/\/api.w.org\/{rel}","templated":true}]}}