{"id":146350,"date":"2025-01-07T15:20:55","date_gmt":"2025-01-07T14:20:55","guid":{"rendered":"https:\/\/secureus.se\/plastkort-pvc-kombi-em4200mifare1k-med-magnet-hico\/"},"modified":"2025-12-31T21:39:49","modified_gmt":"2025-12-31T20:39:49","slug":"plastkort-pvc-kombi-em4200mifare1k-med-magnet-hico","status":"publish","type":"product","link":"https:\/\/secureus.se\/dk\/plastkort-pvc-kombi-em4200mifare1k-med-magnet-hico\/","title":{"rendered":"Plastkort PVC Combi EM4200+Mifare1k med Magnet HiCo"},"content":{"rendered":"<p>Ekstra h\u00f8jkvalitetskort lavet i Sverige med en blank finish, der er perfekt, hvis du \u00f8nsker print og billeder til din virksomhed p\u00e5 kortet.<\/p>\n<p>RFID kombinationskort med EM4200 og Mifare1k chip \u2013 HiCo magnetstrimmel.<\/p>\n<p>PMM + RCO nummer for EM.<\/p>\n<p>Magnetstrimlen er kodet med RCO, samme kode som p\u00e5 kortet.<\/p>\n<p>Ny version med nyt kortemne, visitkort af h\u00f8j kvalitet<\/p>","protected":false},"excerpt":{"rendered":"<p>Kortet er ogs\u00e5 beregnet til dem, der kr\u00e6ver lidt mere udseende og ekstra god kvalitet i forhold til standard PVC-plastikkort.<\/p>","protected":false},"featured_media":146349,"template":"","meta":{"_acf_changed":false},"product_brand":[],"product_cat":[1324,4224],"product_tag":[],"class_list":{"0":"post-146350","1":"product","2":"type-product","3":"status-publish","4":"has-post-thumbnail","6":"product_cat-outlet","7":"product_cat-rfid-kort-mifare1k-em4200-kombinerade","8":"pa_brands-stonehouse-security","9":"tm-has-options","11":"first","12":"instock","13":"sale","14":"taxable","15":"shipping-taxable","16":"purchasable","17":"product-type-simple"},"acf":[],"_links":{"self":[{"href":"https:\/\/secureus.se\/dk\/wp-json\/wp\/v2\/product\/146350","targetHints":{"allow":["GET"]}}],"collection":[{"href":"https:\/\/secureus.se\/dk\/wp-json\/wp\/v2\/product"}],"about":[{"href":"https:\/\/secureus.se\/dk\/wp-json\/wp\/v2\/types\/product"}],"wp:featuredmedia":[{"embeddable":true,"href":"https:\/\/secureus.se\/dk\/wp-json\/wp\/v2\/media\/146349"}],"wp:attachment":[{"href":"https:\/\/secureus.se\/dk\/wp-json\/wp\/v2\/media?parent=146350"}],"wp:term":[{"taxonomy":"product_brand","embeddable":true,"href":"https:\/\/secureus.se\/dk\/wp-json\/wp\/v2\/product_brand?post=146350"},{"taxonomy":"product_cat","embeddable":true,"href":"https:\/\/secureus.se\/dk\/wp-json\/wp\/v2\/product_cat?post=146350"},{"taxonomy":"product_tag","embeddable":true,"href":"https:\/\/secureus.se\/dk\/wp-json\/wp\/v2\/product_tag?post=146350"}],"curies":[{"name":"wp","href":"https:\/\/api.w.org\/{rel}","templated":true}]}}