{"id":146548,"date":"2025-01-22T17:22:40","date_gmt":"2025-01-22T16:22:40","guid":{"rendered":"https:\/\/secureus.se\/cranford-controls-vxb-12v-sb-wb-al-led-fyr-12v-med-vitt-holje-och-gul-lins-grund-bas\/"},"modified":"2026-03-26T14:11:22","modified_gmt":"2026-03-26T13:11:22","slug":"cranford-controls-vxb-12v-sb-wb-al-led-fyr-12v","status":"publish","type":"product","link":"https:\/\/secureus.se\/dk\/cranford-controls-vxb-12v-sb-wb-al-led-fyr-12v\/","title":{"rendered":"Cranford Controls VXB-12V-SB-WB-AL LED Beacon 12V med hvidt hus og gul linse, lav bund"},"content":{"rendered":"<h1>Cranford Controls VXB-12V-SB-WB-AL LED-fyr 12V<\/h1>\n<p data-start=\"381\" data-end=\"599\"><span class=\"relative -mx-px my-[-0.2rem] rounded px-px py-[0.2rem]\">VXB-12V-SB-WB-AL LED-fyren anv\u00e4nder energieffektiva lysdioder f\u00f6r att s\u00e4kerst\u00e4lla h\u00f6g synlighet samtidigt som den minimerar str\u00f6mf\u00f6rbrukningen.<\/span><\/p>\n<p data-start=\"381\" data-end=\"599\"><span class=\"relative -mx-px my-[-0.2rem] rounded px-px py-[0.2rem]\">Den unika dubbla str\u00f6mkabelfunktionen m\u00f6jligg\u00f6r anpassning mellan h\u00f6g- och l\u00e5geffektsinst\u00e4llningar, vilket ger flexibilitet i installationen.<\/span><\/p>\n<p data-start=\"381\" data-end=\"599\"><span class=\"relative -mx-px my-[-0.2rem] rounded px-px py-[0.2rem]\">Det unika bajonettmonteringssystemet med vrid- och l\u00e5sfunktion underl\u00e4ttar snabb och s\u00e4ker installation.<\/span><\/p>\n<p data-start=\"381\" data-end=\"599\"><span class=\"relative -mx-px my-[-0.2rem] rounded px-px py-[0.2rem]\">Dessutom har den ett avtagbart lock p\u00e5 den djupa basen f\u00f6r utanp\u00e5liggande kabeldragning, och basl\u00e5sningssystemet ing\u00e5r som standard f\u00f6r \u00f6kad s\u00e4kerhet.<\/span>\u200b<\/p>\n<p data-start=\"601\" data-end=\"628\"><strong data-start=\"601\" data-end=\"628\">Huvudsakliga egenskaper<\/strong><\/p>\n<ul data-start=\"629\" data-end=\"1248\">\n<li data-start=\"629\" data-end=\"724\"><strong data-start=\"631\" data-end=\"641\">Linser<\/strong>: <span class=\"relative -mx-px my-[-0.2rem] rounded px-px py-[0.2rem]\">V\u00e4lj mellan r\u00f6d, gul eller bl\u00e5 lins.<\/span>\u200b<\/li>\n<li data-start=\"725\" data-end=\"831\"><strong data-start=\"727\" data-end=\"744\">Basalternativ<\/strong>: <span class=\"relative -mx-px my-[-0.2rem] rounded px-px py-[0.2rem]\">Versioner med grund bas (IP43) och djup bas (IP65) finns tillg\u00e4ngliga.<\/span>\u200b<\/li>\n<li data-start=\"832\" data-end=\"936\"><strong data-start=\"834\" data-end=\"849\">Str\u00f6mkablar<\/strong>: <span class=\"relative -mx-px my-[-0.2rem] rounded px-px py-[0.2rem]\">Unik konfiguration med dubbla str\u00f6mkablar f\u00f6r energibesparande installation.<\/span>\u200b<\/li>\n<li data-start=\"937\" data-end=\"1039\"><strong data-start=\"939\" data-end=\"952\">Montering<\/strong>: <span class=\"relative -mx-px my-[-0.2rem] rounded px-px py-[0.2rem]\">Unikt bajonettmonteringssystem med vrid- och l\u00e5sfunktion.<\/span>\u200b<\/li>\n<li data-start=\"1040\" data-end=\"1146\"><strong data-start=\"1042\" data-end=\"1059\">Kabeldragning<\/strong>: <span class=\"relative -mx-px my-[-0.2rem] rounded px-px py-[0.2rem]\">Avtagbart lock p\u00e5 den djupa basen f\u00f6r utanp\u00e5liggande kabeldragning.<\/span>\u200b<\/li>\n<li data-start=\"1147\" data-end=\"1248\"><strong data-start=\"1149\" data-end=\"1161\">S\u00e4kerhet<\/strong>: <span class=\"relative -mx-px my-[-0.2rem] rounded px-px py-[0.2rem]\">Basl\u00e5sningssystem som standard.<\/span>\u200b<\/li>\n<\/ul>\n<p data-start=\"1250\" data-end=\"1278\"><strong data-start=\"1250\" data-end=\"1278\">Tekniska specifikationer<\/strong><\/p>\n<ul data-start=\"1279\" data-end=\"2146\">\n<li data-start=\"1279\" data-end=\"1387\"><strong data-start=\"1281\" data-end=\"1300\">Sp\u00e4nningsomr\u00e5de<\/strong>: <span class=\"relative -mx-px my-[-0.2rem] rounded px-px py-[0.2rem]\">9\u201315 VDC<\/span><\/li>\n<li data-start=\"1388\" data-end=\"1625\"><strong data-start=\"1390\" data-end=\"1420\">Str\u00f6mf\u00f6rbrukning vid 12VDC<\/strong>:\n<ul data-start=\"1424\" data-end=\"1625\">\n<li data-start=\"1424\" data-end=\"1523\">H\u00f6g effekt: <span class=\"relative -mx-px my-[-0.2rem] rounded px-px py-[0.2rem]\">&lt;12 mA.<\/span>\u200b<\/li>\n<li data-start=\"1526\" data-end=\"1625\">L\u00e5g effekt: <span class=\"relative -mx-px my-[-0.2rem] rounded px-px py-[0.2rem]\">&lt;5 mA.<\/span>\u200b<\/li>\n<\/ul>\n<\/li>\n<li data-start=\"1626\" data-end=\"1727\"><strong data-start=\"1628\" data-end=\"1640\">Funktion<\/strong>: <span class=\"relative -mx-px my-[-0.2rem] rounded px-px py-[0.2rem]\">1 Hz blinkande fyr.<\/span>\u200b<\/li>\n<li data-start=\"1728\" data-end=\"1840\"><strong data-start=\"1730\" data-end=\"1753\">Temperaturintervall<\/strong>: <span class=\"relative -mx-px my-[-0.2rem] rounded px-px py-[0.2rem]\">-20 till +70 \u00b0C.<\/span>\u200b<\/li>\n<li data-start=\"1841\" data-end=\"1946\"><strong data-start=\"1843\" data-end=\"1859\">F\u00e4rg (kropp)<\/strong>: <span class=\"relative -mx-px my-[-0.2rem] rounded px-px py-[0.2rem]\">Vit.<\/span>\u200b<\/li>\n<li data-start=\"1947\" data-end=\"2048\"><strong data-start=\"1949\" data-end=\"1961\">Material<\/strong>: <span class=\"relative -mx-px my-[-0.2rem] rounded px-px py-[0.2rem]\">ABS.<\/span>\u200b<\/li>\n<li data-start=\"2049\" data-end=\"2146\"><strong data-start=\"2051\" data-end=\"2059\">Vikt<\/strong>: <span class=\"relative -mx-px my-[-0.2rem] rounded px-px py-[0.2rem]\">145 g (f\u00f6rpackad enhet).<\/span><\/li>\n<\/ul>\n","protected":false},"excerpt":{"rendered":"<p><span class=\"relative -mx-px my-[-0.2rem] rounded px-px py-[0.2rem]\">Cranford Controls VXB-12V-SB-WB-AL \u00e4r en 12V LED-fyr designad f\u00f6r att ge maximal synlighet med l\u00e5g str\u00f6mf\u00f6rbrukning.<\/span><\/p>\n<p><span class=\"relative -mx-px my-[-0.2rem] rounded px-px py-[0.2rem]\">Den \u00e4r utrustad med ett vitt h\u00f6lje och en gul lins, monterad p\u00e5 en grund bas (IP43), vilket g\u00f6r den idealisk f\u00f6r s\u00e4kerhetssystem och andra allm\u00e4nna 12V-applikationer.<\/span><\/p>\n","protected":false},"featured_media":146546,"template":"","meta":{"_acf_changed":false},"product_brand":[],"product_cat":[5097,1562,1825],"product_tag":[],"class_list":{"0":"post-146548","1":"product","2":"type-product","3":"status-publish","4":"has-post-thumbnail","6":"product_cat-kombisiren-blixt-brand","7":"product_cat-larmdon-blixtljus","8":"product_cat-sirener-brand","9":"tm-no-options","11":"first","12":"instock","13":"taxable","14":"shipping-taxable","15":"purchasable","16":"product-type-simple"},"acf":[],"_links":{"self":[{"href":"https:\/\/secureus.se\/dk\/wp-json\/wp\/v2\/product\/146548","targetHints":{"allow":["GET"]}}],"collection":[{"href":"https:\/\/secureus.se\/dk\/wp-json\/wp\/v2\/product"}],"about":[{"href":"https:\/\/secureus.se\/dk\/wp-json\/wp\/v2\/types\/product"}],"wp:featuredmedia":[{"embeddable":true,"href":"https:\/\/secureus.se\/dk\/wp-json\/wp\/v2\/media\/146546"}],"wp:attachment":[{"href":"https:\/\/secureus.se\/dk\/wp-json\/wp\/v2\/media?parent=146548"}],"wp:term":[{"taxonomy":"product_brand","embeddable":true,"href":"https:\/\/secureus.se\/dk\/wp-json\/wp\/v2\/product_brand?post=146548"},{"taxonomy":"product_cat","embeddable":true,"href":"https:\/\/secureus.se\/dk\/wp-json\/wp\/v2\/product_cat?post=146548"},{"taxonomy":"product_tag","embeddable":true,"href":"https:\/\/secureus.se\/dk\/wp-json\/wp\/v2\/product_tag?post=146548"}],"curies":[{"name":"wp","href":"https:\/\/api.w.org\/{rel}","templated":true}]}}