{"id":146559,"date":"2025-01-22T17:22:41","date_gmt":"2025-01-22T16:22:41","guid":{"rendered":"https:\/\/secureus.se\/cranford-controls-510-058-vtg-12v-32t-grund-bas-rod\/"},"modified":"2026-04-23T13:29:13","modified_gmt":"2026-04-23T11:29:13","slug":"cranford-controls-510-058-vtg-12v-32t","status":"publish","type":"product","link":"https:\/\/secureus.se\/dk\/cranford-controls-510-058-vtg-12v-32t\/","title":{"rendered":"Cranford Controls 510-058 VTG 12V 32T lavvandet base, r\u00f8d"},"content":{"rendered":"<h1>Cranford Controls 510-058 VTG 12V 32T<\/h1>\n<p>Cranford Controls 510-058 VTG er en p\u00e5lidelig og fleksibel ekkolod designet til sikkerhedssystemer.<\/p>\n<p>Med 32 toner og en valgbar overdrevet tone giver denne bipper brugeren mulighed for at tilpasse bipperen efter behov.<\/p>\n<p>Den f\u00e5s i to forskellige versioner, der passer til forskellige milj\u00f8er: en med en lav bund (IP43) og en med en dyb base (IP65), som giver en alsidig r\u00e6kke anvendelser b\u00e5de indend\u00f8rs og udend\u00f8rs.<\/p>\n<p>Den omskiftelige funktion g\u00f8r, at den udelukkende kan bruges som et fyrt\u00e5rn, hvilket g\u00f8r dette produkt ekstremt fleksibelt.<\/p>\n<p>For at sikre nem installation er det unikke bajonetmonteringssystem b\u00e5de effektivt og hurtigt, og det aftagelige d\u00e6ksel p\u00e5 den dybe base underst\u00f8tter overflademonteret kabling.<\/p>\n<p>En version med indbygget sabotagefunktion er ogs\u00e5 tilg\u00e6ngelig, hvilket betyder, at uautoriseret fjernelse automatisk rapporteres til kontrolpanelet, hvilket giver \u00f8get sikkerhed.<\/p>","protected":false},"excerpt":{"rendered":"<p>Cranford Controls 510-058 VTG er en 12V v\u00e6gmonteret buzzer, der tilbyder 32 toner plus en valgbar overdrevet tone.<\/p>\n<p>Den er s\u00e6rligt velegnet til brug i sikkerhedssystemer og f\u00e5s i b\u00e5de lavbunds (IP43) og dyb base (IP65) versioner.<\/p>\n<p>Produktet har et unikt bajonetmonteringssystem, der letter installationen og et aftageligt d\u00e6ksel p\u00e5 den dybe base til overflademonteret ledningsf\u00f8ring.<\/p>\n<p>En manipulationssikret version er ogs\u00e5 tilg\u00e6ngelig for ekstra sikkerhed.<\/p>","protected":false},"featured_media":146558,"template":"","meta":{"_acf_changed":false},"product_brand":[],"product_cat":[1825,1562,5098],"product_tag":[],"class_list":{"0":"post-146559","1":"product","2":"type-product","3":"status-publish","4":"has-post-thumbnail","6":"product_cat-sirener-brand","7":"product_cat-larmdon-blixtljus","8":"product_cat-siren-brand","9":"product_shipping_class-tunga-paket","10":"tm-no-options","12":"first","13":"instock","14":"taxable","15":"shipping-taxable","16":"purchasable","17":"product-type-simple"},"acf":[],"_links":{"self":[{"href":"https:\/\/secureus.se\/dk\/wp-json\/wp\/v2\/product\/146559","targetHints":{"allow":["GET"]}}],"collection":[{"href":"https:\/\/secureus.se\/dk\/wp-json\/wp\/v2\/product"}],"about":[{"href":"https:\/\/secureus.se\/dk\/wp-json\/wp\/v2\/types\/product"}],"wp:featuredmedia":[{"embeddable":true,"href":"https:\/\/secureus.se\/dk\/wp-json\/wp\/v2\/media\/146558"}],"wp:attachment":[{"href":"https:\/\/secureus.se\/dk\/wp-json\/wp\/v2\/media?parent=146559"}],"wp:term":[{"taxonomy":"product_brand","embeddable":true,"href":"https:\/\/secureus.se\/dk\/wp-json\/wp\/v2\/product_brand?post=146559"},{"taxonomy":"product_cat","embeddable":true,"href":"https:\/\/secureus.se\/dk\/wp-json\/wp\/v2\/product_cat?post=146559"},{"taxonomy":"product_tag","embeddable":true,"href":"https:\/\/secureus.se\/dk\/wp-json\/wp\/v2\/product_tag?post=146559"}],"curies":[{"name":"wp","href":"https:\/\/api.w.org\/{rel}","templated":true}]}}