{"id":147100,"date":"2025-01-29T09:09:26","date_gmt":"2025-01-29T08:09:26","guid":{"rendered":"https:\/\/secureus.se\/plastkort-076mm-cr80-blanka-100-pack\/"},"modified":"2026-03-16T15:47:52","modified_gmt":"2026-03-16T14:47:52","slug":"plastkort-076mm-cr80-blanka-100-pack","status":"publish","type":"product","link":"https:\/\/secureus.se\/dk\/plastkort-076mm-cr80-blanka-100-pack\/","title":{"rendered":"Plastkort 0,76 mm CR80 Blank (100 stk.)"},"content":{"rendered":"<p>Hvide plastikkort af h\u00f8j kvalitet, det perfekte medium til enest\u00e5ende personligt ID-kortudskrivning. PVC-materialet af h\u00f8j kvalitet sikrer, at dine kunder eller medarbejdere f\u00e5r levende og stilfulde prints. De har samme st\u00f8rrelse som almindelige kreditkort og 760 mikron tykke.<\/p>\n<ul>\n<li>S\u00e6lges i pakker af 100 stk<\/li>\n<li>Standard CR80-kortst\u00f8rrelse (85,60 x 53,98 mm)<\/li>\n<li>760 mikron\/30 mils<\/li>\n<li>Velegnet til brug med alle plastkortprintere<\/li>\n<li>Krympeindpakket og st\u00f8vfri<\/li>\n<\/ul>\n<p>Produktv\u00e6gt:<br \/>\n0,50 kg<\/p>","protected":false},"excerpt":{"rendered":"<p>Hvide plastikkort af h\u00f8j kvalitet, det perfekte medium til enest\u00e5ende personligt ID-kortudskrivning. PVC-materialet af h\u00f8j kvalitet sikrer, at dine kunder eller medarbejdere f\u00e5r levende og stilfulde prints. De har samme st\u00f8rrelse som<\/p>","protected":false},"featured_media":147099,"template":"","meta":{"_acf_changed":false},"product_brand":[],"product_cat":[1653,4235],"product_tag":[],"class_list":{"0":"post-147100","1":"product","2":"type-product","3":"status-publish","4":"has-post-thumbnail","6":"product_cat-gor-dina-egna-foretagskort","7":"product_cat-plastkort-utan-chip","8":"tm-no-options","10":"first","11":"instock","12":"taxable","13":"shipping-taxable","14":"purchasable","15":"product-type-simple"},"acf":[],"_links":{"self":[{"href":"https:\/\/secureus.se\/dk\/wp-json\/wp\/v2\/product\/147100","targetHints":{"allow":["GET"]}}],"collection":[{"href":"https:\/\/secureus.se\/dk\/wp-json\/wp\/v2\/product"}],"about":[{"href":"https:\/\/secureus.se\/dk\/wp-json\/wp\/v2\/types\/product"}],"wp:featuredmedia":[{"embeddable":true,"href":"https:\/\/secureus.se\/dk\/wp-json\/wp\/v2\/media\/147099"}],"wp:attachment":[{"href":"https:\/\/secureus.se\/dk\/wp-json\/wp\/v2\/media?parent=147100"}],"wp:term":[{"taxonomy":"product_brand","embeddable":true,"href":"https:\/\/secureus.se\/dk\/wp-json\/wp\/v2\/product_brand?post=147100"},{"taxonomy":"product_cat","embeddable":true,"href":"https:\/\/secureus.se\/dk\/wp-json\/wp\/v2\/product_cat?post=147100"},{"taxonomy":"product_tag","embeddable":true,"href":"https:\/\/secureus.se\/dk\/wp-json\/wp\/v2\/product_tag?post=147100"}],"curies":[{"name":"wp","href":"https:\/\/api.w.org\/{rel}","templated":true}]}}