{"id":147133,"date":"2025-01-29T12:40:22","date_gmt":"2025-01-29T11:40:22","guid":{"rendered":"https:\/\/secureus.se\/?post_type=product&#038;p=147133"},"modified":"2026-04-07T16:13:38","modified_gmt":"2026-04-07T14:13:38","slug":"assa-tagg-kombi-em4200-mifare1k-orange-anpassad-for-assa-passersystem","status":"publish","type":"product","link":"https:\/\/secureus.se\/dk\/assa-tagg-kombi-em4200-mifare1k-orange-anpassad-for-assa-passersystem\/","title":{"rendered":"Assa Tag Combi EM4200\/Mifare1k Orange Tilpasset til Assa Access System"},"content":{"rendered":"<h1><strong>Assa Tagg Passerbakke Combi EM4200\/Mifare1k\u00a0<\/strong><\/h1>\n<p><strong>Vores Access Badge Combi EM4200\/Mifare1k &quot;ABS Plus&quot; er skabt til at opfylde de mest kr\u00e6vende behov inden for sikkerhed og identifikation.<\/strong><\/p>\n<ul>\n<li>Denne passer tag Combi EM4200\/Mifare1k f\u00e5s i 6 farver som standard og altid p\u00e5 vores lager med omg\u00e5ende levering<\/li>\n<li>Robust konstruktion i ABS-materiale med en tynd profil p\u00e5 kun 2,9 mm<\/li>\n<li>Taggar Kombi EM4200\/Mifare1k er tilpasset med numre til Assa, som er en af Sveriges st\u00f8rste leverand\u00f8rer af sikkerhedssystemer.<\/li>\n<\/ul>\n<p>&quot;ABS Plus&quot; RFID-n\u00f8gler \/ tags er p\u00e5 lager i over 100.000 eksemplarer og f\u00e5s i 6 farver (r\u00f8d, bl\u00e5, hvid, sort, gr\u00f8n, gul, orange) og med forskellige chips.<\/p>\n<p>Uanset om du har brug for et p\u00e5lideligt produkt til adgangskontrol, bes\u00f8gsstyring, booking, alarmer, bilopladere, lagerstyring eller andre applikationer, er vores &quot;ABS Plus&quot; det perfekte valg.<\/p>\n<p>\u00d8nsker du dine egne numre eller udseende p\u00e5 dit Assa tag, s\u00e5 kontakt os for et design helt gratis.<b>\u00a0<\/b><\/p>","protected":false},"excerpt":{"rendered":"<p>Vores mest popul\u00e6re RFID-adgangsm\u00e6rke &quot;ABS Plus&quot; - den perfekte l\u00f8sning til dit adgangskontrolsystem - Assa<\/p>","protected":false},"featured_media":147134,"template":"","meta":{"_acf_changed":false},"product_brand":[],"product_cat":[3840],"product_tag":[5128],"class_list":{"0":"post-147133","1":"product","2":"type-product","3":"status-publish","4":"has-post-thumbnail","6":"product_cat-assa-abloy-taggar","7":"product_tag-varumarkesspecifik-tagg","8":"product_shipping_class-postnord-varubrev","9":"pa_brands-secureus","10":"pa_chip-teknik-kombi-em4200mifare1k-2","11":"pa_farg-orange","12":"pa_pro-larmsystem-assa-arx-solid-entro","13":"tm-has-options","15":"first","16":"instock","17":"featured","18":"taxable","19":"shipping-taxable","20":"purchasable","21":"product-type-simple"},"acf":[],"_links":{"self":[{"href":"https:\/\/secureus.se\/dk\/wp-json\/wp\/v2\/product\/147133","targetHints":{"allow":["GET"]}}],"collection":[{"href":"https:\/\/secureus.se\/dk\/wp-json\/wp\/v2\/product"}],"about":[{"href":"https:\/\/secureus.se\/dk\/wp-json\/wp\/v2\/types\/product"}],"wp:featuredmedia":[{"embeddable":true,"href":"https:\/\/secureus.se\/dk\/wp-json\/wp\/v2\/media\/147134"}],"wp:attachment":[{"href":"https:\/\/secureus.se\/dk\/wp-json\/wp\/v2\/media?parent=147133"}],"wp:term":[{"taxonomy":"product_brand","embeddable":true,"href":"https:\/\/secureus.se\/dk\/wp-json\/wp\/v2\/product_brand?post=147133"},{"taxonomy":"product_cat","embeddable":true,"href":"https:\/\/secureus.se\/dk\/wp-json\/wp\/v2\/product_cat?post=147133"},{"taxonomy":"product_tag","embeddable":true,"href":"https:\/\/secureus.se\/dk\/wp-json\/wp\/v2\/product_tag?post=147133"}],"curies":[{"name":"wp","href":"https:\/\/api.w.org\/{rel}","templated":true}]}}