{"id":147336,"date":"2023-09-26T13:10:32","date_gmt":"2023-09-26T11:10:32","guid":{"rendered":"https:\/\/secureus.se\/elslutbleck-step-40-rattvand-24v-kolvkontakt\/"},"modified":"2026-04-23T12:28:52","modified_gmt":"2026-04-23T10:28:52","slug":"elslutbleck-step-40-rattvand-24v-kolvkontakt","status":"publish","type":"product","link":"https:\/\/secureus.se\/dk\/elslutbleck-step-40-rattvand-24v-kolvkontakt\/","title":{"rendered":"Elektrisk slutplade TRIN 40 H\u00f8jrevendt 24V Stempelkontakt"},"content":{"rendered":"<h1>Elektrisk slutplade TRIN 40 H\u00f8jrevendt 24V Stempelkontakt<\/h1>\n<p>STEP 40 er en h\u00f8jkvalitets elektrisk stang med HPR\u00ae-teknologi og stempelkontakt, perfekt til sikker dagl\u00e5sning. Den er kompakt, p\u00e5lidelig og kan h\u00e5ndtere b\u00e5ndtryk op til 250 kg.<\/p>\n<p class=\"\" data-start=\"339\" data-end=\"704\">Elektrisk streg STEP 40 Preload HPR er et elektrisk slutstykke, der s\u00e6tter en h\u00f8j standard for sikkerhed og p\u00e5lidelighed. Den er designet til brug som dagl\u00e5s og kombinerer minimale dimensioner med h\u00f8jkvalitetsteknologi. STEP 40 er en del af STEPs Preload-serie og er testet til at modst\u00e5 h\u00f8je \u00e5bningsfrekvenser, hvilket g\u00f8r den til en langsigtet og b\u00e6redygtig l\u00f8sning.<\/p>\n<p class=\"\" data-start=\"706\" data-end=\"1100\">Med sin patenterede HPR\u00ae-teknologi kan d\u00f8ren l\u00e5ses op, selv n\u00e5r den uds\u00e6ttes for et tryk p\u00e5 op til 250 kg, hvilket sikrer funktionalitet under vanskelige forhold. Stempelkontakten giver mulighed for indikation af, om d\u00f8ren er lukket eller \u00e5ben. Den elektriske slagplade har en brudstyrke p\u00e5 1.200 kg (ca. 12 kN) og er fabrikstestet til at modst\u00e5 op til 1.500.000 cyklusser, hvilket sikrer langtidsholdbarhed.<\/p>\n<p class=\"\" data-start=\"1102\" data-end=\"1241\">STEP 40 er ogs\u00e5 manipulationssikker og vendbar til b\u00e5de h\u00f8jre- og venstreh\u00e6ngte d\u00f8re, hvilket g\u00f8r den nem at installere i forskellige d\u00f8rsystemer.<\/p>\n<p class=\"\" data-start=\"1243\" data-end=\"1258\"><strong data-start=\"1243\" data-end=\"1258\">Egenskaber:<\/strong><\/p>\n<ul data-start=\"1259\" data-end=\"1692\">\n<li class=\"\" data-start=\"1259\" data-end=\"1302\">\n<p class=\"\" data-start=\"1261\" data-end=\"1302\">H\u00f8jrevendt funktion (l\u00e5st i str\u00f8ml\u00f8s tilstand)<\/p>\n<\/li>\n<li class=\"\" data-start=\"1303\" data-end=\"1361\">\n<p class=\"\" data-start=\"1305\" data-end=\"1361\">Stempelkontakt med d\u00f8rstatusindikation (lukket\/\u00e5bent)<\/p>\n<\/li>\n<li class=\"\" data-start=\"1362\" data-end=\"1405\">\n<p class=\"\" data-start=\"1364\" data-end=\"1405\">Indbygget beskyttelsesdiode for elektrisk sikkerhed<\/p>\n<\/li>\n<li class=\"\" data-start=\"1406\" data-end=\"1471\">\n<p class=\"\" data-start=\"1408\" data-end=\"1471\">HPR\u00ae-teknologi, der garanterer \u00e5bning selv ved et strimmeltryk p\u00e5 250 kg<\/p>\n<\/li>\n<li class=\"\" data-start=\"1472\" data-end=\"1512\">\n<p class=\"\" data-start=\"1474\" data-end=\"1512\">Brudstyrke p\u00e5 1.200 kg (ca. 12 kN)<\/p>\n<\/li>\n<li class=\"\" data-start=\"1513\" data-end=\"1550\">\n<p class=\"\" data-start=\"1515\" data-end=\"1550\">Fabrikstestet til 1.500.000 cyklusser<\/p>\n<\/li>\n<li class=\"\" data-start=\"1551\" data-end=\"1610\">\n<p class=\"\" data-start=\"1553\" data-end=\"1610\">Antibanke og vendbar til b\u00e5de h\u00f8jre- og venstred\u00f8re<\/p>\n<\/li>\n<li class=\"\" data-start=\"1611\" data-end=\"1655\">\n<p class=\"\" data-start=\"1613\" data-end=\"1655\">Skruehuller til vinklede skruer i bagkant<\/p>\n<\/li>\n<li class=\"\" data-start=\"1656\" data-end=\"1692\">\n<p class=\"\" data-start=\"1658\" data-end=\"1692\">Velegnet til enkelt- og dobbeltfl\u00f8jede l\u00e5se<\/p>\n<\/li>\n<\/ul>\n<p class=\"\" data-start=\"1694\" data-end=\"1723\"><strong data-start=\"1694\" data-end=\"1723\">Tekniske specifikationer:<\/strong><\/p>\n<ul data-start=\"1724\" data-end=\"2303\">\n<li class=\"\" data-start=\"1724\" data-end=\"1831\">\n<p class=\"\" data-start=\"1726\" data-end=\"1831\">Sp\u00e6ndingsforsyning: 12 V DC (+15% -10%) 220 mAh \/ max 600 mA eller 24 V DC (+15% -10%) 110 mAh \/ max 300 mA<\/p>\n<\/li>\n<li class=\"\" data-start=\"1832\" data-end=\"1895\">\n<p class=\"\" data-start=\"1834\" data-end=\"1895\">Stempelkontakt: Mikroswitch enpolet alternerende, max. 30V DC, 1A<\/p>\n<\/li>\n<li class=\"\" data-start=\"1896\" data-end=\"1936\">\n<p class=\"\" data-start=\"1898\" data-end=\"1936\">Holdbarhed: Grade X i henhold til SS-EN 14846<\/p>\n<\/li>\n<li class=\"\" data-start=\"1937\" data-end=\"1976\">\n<p class=\"\" data-start=\"1939\" data-end=\"1976\">Korrosion: Grade M i henhold til SS-EN 14846<\/p>\n<\/li>\n<li class=\"\" data-start=\"1977\" data-end=\"2015\">\n<p class=\"\" data-start=\"1979\" data-end=\"2015\">Sikkerhed: Grad 3 i henhold til SS-EN 14846<\/p>\n<\/li>\n<li class=\"\" data-start=\"2016\" data-end=\"2078\">\n<p class=\"\" data-start=\"2018\" data-end=\"2078\">Sikker elektrisk manipulation: Grad 1 i henhold til SS-EN 14846<\/p>\n<\/li>\n<li class=\"\" data-start=\"2079\" data-end=\"2105\">\n<p class=\"\" data-start=\"2081\" data-end=\"2105\">Brudstyrke: 1200 kg<\/p>\n<\/li>\n<li class=\"\" data-start=\"2106\" data-end=\"2136\">\n<p class=\"\" data-start=\"2108\" data-end=\"2136\">D\u00f8rh\u00e6ngsel: H\u00f8jre, Venstre<\/p>\n<\/li>\n<li class=\"\" data-start=\"2137\" data-end=\"2155\">\n<p class=\"\" data-start=\"2139\" data-end=\"2155\">Kabel inkluderet: Nr<\/p>\n<\/li>\n<li class=\"\" data-start=\"2156\" data-end=\"2174\">\n<p class=\"\" data-start=\"2158\" data-end=\"2174\">Listetryk: 40 kg<\/p>\n<\/li>\n<li class=\"\" data-start=\"2175\" data-end=\"2210\">\n<p class=\"\" data-start=\"2177\" data-end=\"2210\">L\u00e5setype: Enkeltfaldsl\u00e5s, Dobbeltfaldsl\u00e5s<\/p>\n<\/li>\n<li class=\"\" data-start=\"2211\" data-end=\"2264\">\n<p class=\"\" data-start=\"2213\" data-end=\"2264\">Produktm\u00e5l: Bredde: 25 mm, Dybde: 28 mm, H\u00f8jde: 90 mm<\/p>\n<\/li>\n<li class=\"\" data-start=\"2265\" data-end=\"2282\">\n<p class=\"\" data-start=\"2267\" data-end=\"2282\">Stempelkontakt: Ja<\/p>\n<\/li>\n<li class=\"\" data-start=\"2283\" data-end=\"2303\">\n<p class=\"\" data-start=\"2285\" data-end=\"2303\">Sp\u00e6nding AC\/DC: DC<\/p>\n<\/li>\n<\/ul>","protected":false},"excerpt":{"rendered":"<p>Her kan du se, hvilke stolper og modeller, der passer sammen fra STEP serien af Elektriske d\u00f8rstoppere.<\/p>\n<h5><strong><a href=\"https:\/\/steplock.com\/sv\/stolpguide\/#!?lang=sv&amp;blog_id=1&amp;paged=1&amp;number=50\" target=\"_blank\" rel=\"noopener\">TRIN Post guide\u00a0<\/a><\/strong><\/h5>\n<h5><strong><a href=\"https:\/\/steplock.com\/sv\/projekteringsguide\/#!?lang=sv&amp;blog_id=1&amp;paged=1&amp;number=999\" target=\"_blank\" rel=\"noopener\">STEP design guide<\/a><\/strong><\/h5>","protected":false},"featured_media":147333,"template":"","meta":{"_acf_changed":false},"product_brand":[],"product_cat":[3355],"product_tag":[4197,4200],"class_list":{"0":"post-147336","1":"product","2":"type-product","3":"status-publish","4":"has-post-thumbnail","6":"product_cat-elslutbleck","7":"product_tag-24v","8":"product_tag-rattvand","9":"product_shipping_class-tunga-paket","10":"pa_brands-step","11":"tm-no-options","13":"first","14":"instock","15":"sale","16":"taxable","17":"shipping-taxable","18":"purchasable","19":"product-type-simple"},"acf":[],"_links":{"self":[{"href":"https:\/\/secureus.se\/dk\/wp-json\/wp\/v2\/product\/147336","targetHints":{"allow":["GET"]}}],"collection":[{"href":"https:\/\/secureus.se\/dk\/wp-json\/wp\/v2\/product"}],"about":[{"href":"https:\/\/secureus.se\/dk\/wp-json\/wp\/v2\/types\/product"}],"wp:featuredmedia":[{"embeddable":true,"href":"https:\/\/secureus.se\/dk\/wp-json\/wp\/v2\/media\/147333"}],"wp:attachment":[{"href":"https:\/\/secureus.se\/dk\/wp-json\/wp\/v2\/media?parent=147336"}],"wp:term":[{"taxonomy":"product_brand","embeddable":true,"href":"https:\/\/secureus.se\/dk\/wp-json\/wp\/v2\/product_brand?post=147336"},{"taxonomy":"product_cat","embeddable":true,"href":"https:\/\/secureus.se\/dk\/wp-json\/wp\/v2\/product_cat?post=147336"},{"taxonomy":"product_tag","embeddable":true,"href":"https:\/\/secureus.se\/dk\/wp-json\/wp\/v2\/product_tag?post=147336"}],"curies":[{"name":"wp","href":"https:\/\/api.w.org\/{rel}","templated":true}]}}