{"id":147353,"date":"2023-09-26T13:10:26","date_gmt":"2023-09-26T11:10:26","guid":{"rendered":"https:\/\/secureus.se\/elslutbleck-step-40-omstallbar-24v-kolvkontakt\/"},"modified":"2026-04-23T12:35:40","modified_gmt":"2026-04-23T10:35:40","slug":"elslutbleck-step-40-omstallbar-24v-kolvkontakt","status":"publish","type":"product","link":"https:\/\/secureus.se\/dk\/elslutbleck-step-40-omstallbar-24v-kolvkontakt\/","title":{"rendered":"Elektrisk slutstykke TRIN 40 Justerbar 24V Stempelkontakt"},"content":{"rendered":"<h1>Elektrisk slutstykke TRIN 40 Justerbar 24V Stempelkontakt<\/h1>\n<p>STEP 40 er et elektrisk slag med justerbar funktion og stempelkontakt, designet til sikker og p\u00e5lidelig dagl\u00e5sning. Udstyret med HPR\u00ae-teknologi kan den modst\u00e5 h\u00f8jt st\u00f8betryk og er fabrikstestet for lang holdbarhed.<\/p>\n<p>STEP 40 Preload HPR elektriske slutstykket er et h\u00f8jkvalitets elektrisk slag med b\u00e5de justerbar funktion og stempelkontakt, som er ideel til dagl\u00e5sning i sikkerhedsmilj\u00f8er.<\/p>\n<p>Den er designet til at give h\u00f8j driftssikkerhed og lang levetid, og er en del af STEPs Preload-serie, der kombinerer minimale dimensioner med h\u00f8j kvalitet og fleksibilitet.<\/p>\n<p class=\"\" data-start=\"719\" data-end=\"1175\">Den omskiftelige funktion g\u00f8r det muligt for STEP 40 at v\u00e6re enten fremadvendt eller bagudvendt (l\u00e5st eller ul\u00e5st i sp\u00e6ndingsl\u00f8s position), hvilket giver en fleksibel l\u00f8sning til forskellige installationsbehov.<\/p>\n<p class=\"\" data-start=\"719\" data-end=\"1175\">Med den patenterede HPR\u00ae-teknologi kan d\u00f8ren \u00e5bnes, selv n\u00e5r den uds\u00e6ttes for et tryk p\u00e5 op til 250 kg, hvilket sikrer p\u00e5lidelig drift selv under h\u00e5rde forhold.<\/p>\n<p class=\"\" data-start=\"719\" data-end=\"1175\">Stempelkontakten giver ogs\u00e5 en indikation af d\u00f8rens lukket\/\u00e5ben status, hvilket \u00f8ger funktionaliteten.<\/p>\n<p class=\"\" data-start=\"1177\" data-end=\"1419\">Fabrikstestet i op til 1.500.000 cyklusser, STEP 40 er en holdbar l\u00f8sning til b\u00e5de enkelt- og dobbeltl\u00e5se. Den er ogs\u00e5 manipulationssikker og vendbar til b\u00e5de h\u00f8jre- og venstred\u00f8re, hvilket g\u00f8r den nem at installere i forskellige d\u00f8rsystemer.<\/p>\n<p class=\"\" data-start=\"1421\" data-end=\"1436\"><strong data-start=\"1421\" data-end=\"1436\">Egenskaber:<\/strong><\/p>\n<ul data-start=\"1437\" data-end=\"1890\">\n<li class=\"\" data-start=\"1437\" data-end=\"1494\">\n<p class=\"\" data-start=\"1439\" data-end=\"1494\">Omskiftelig funktion (l\u00e5st eller ul\u00e5st i str\u00f8ml\u00f8s tilstand)<\/p>\n<\/li>\n<li class=\"\" data-start=\"1495\" data-end=\"1553\">\n<p class=\"\" data-start=\"1497\" data-end=\"1553\">Stempelkontakt med d\u00f8rstatusindikation (lukket\/\u00e5bent)<\/p>\n<\/li>\n<li class=\"\" data-start=\"1554\" data-end=\"1593\">\n<p class=\"\" data-start=\"1556\" data-end=\"1593\">Indbygget beskyttelsesdiode for ekstra sikkerhed<\/p>\n<\/li>\n<li class=\"\" data-start=\"1594\" data-end=\"1664\">\n<p class=\"\" data-start=\"1596\" data-end=\"1664\">HPR\u00ae teknologi garanterer \u00e5bning p\u00e5 trods af b\u00e5ndtryk p\u00e5 250 kg (ca. 2,5 kN)<\/p>\n<\/li>\n<li class=\"\" data-start=\"1665\" data-end=\"1705\">\n<p class=\"\" data-start=\"1667\" data-end=\"1705\">Brudstyrke p\u00e5 1.200 kg (ca. 12 kN)<\/p>\n<\/li>\n<li class=\"\" data-start=\"1706\" data-end=\"1743\">\n<p class=\"\" data-start=\"1708\" data-end=\"1743\">Fabrikstestet til 1.500.000 cyklusser<\/p>\n<\/li>\n<li class=\"\" data-start=\"1744\" data-end=\"1803\">\n<p class=\"\" data-start=\"1746\" data-end=\"1803\">Antibanke og vendbar til b\u00e5de h\u00f8jre- og venstred\u00f8re<\/p>\n<\/li>\n<li class=\"\" data-start=\"1804\" data-end=\"1848\">\n<p class=\"\" data-start=\"1806\" data-end=\"1848\">Skruehuller til vinklede skruer i bagkant<\/p>\n<\/li>\n<li class=\"\" data-start=\"1849\" data-end=\"1890\">\n<p class=\"\" data-start=\"1851\" data-end=\"1890\">Velegnet til enkelt- og dobbeltfl\u00f8jede l\u00e5se<\/p>\n<\/li>\n<\/ul>\n<p class=\"\" data-start=\"1892\" data-end=\"1921\"><strong data-start=\"1892\" data-end=\"1921\">Tekniske specifikationer:<\/strong><\/p>\n<ul data-start=\"1922\" data-end=\"2502\">\n<li class=\"\" data-start=\"1922\" data-end=\"2029\">\n<p class=\"\" data-start=\"1924\" data-end=\"2029\">Sp\u00e6ndingsforsyning: 12 V DC (+15% -10%) 220 mAh \/ max 600 mA eller 24 V DC (+15% -10%) 110 mAh \/ max 300 mA<\/p>\n<\/li>\n<li class=\"\" data-start=\"2030\" data-end=\"2093\">\n<p class=\"\" data-start=\"2032\" data-end=\"2093\">Stempelkontakt: Mikroswitch enpolet alternerende, max. 30V DC, 1A<\/p>\n<\/li>\n<li class=\"\" data-start=\"2094\" data-end=\"2134\">\n<p class=\"\" data-start=\"2096\" data-end=\"2134\">Holdbarhed: Grade X i henhold til SS-EN 14846<\/p>\n<\/li>\n<li class=\"\" data-start=\"2135\" data-end=\"2174\">\n<p class=\"\" data-start=\"2137\" data-end=\"2174\">Korrosion: Grade M i henhold til SS-EN 14846<\/p>\n<\/li>\n<li class=\"\" data-start=\"2175\" data-end=\"2213\">\n<p class=\"\" data-start=\"2177\" data-end=\"2213\">Sikkerhed: Grad 3 i henhold til SS-EN 14846<\/p>\n<\/li>\n<li class=\"\" data-start=\"2214\" data-end=\"2276\">\n<p class=\"\" data-start=\"2216\" data-end=\"2276\">Sikker elektrisk manipulation: Grad 1 i henhold til SS-EN 14846<\/p>\n<\/li>\n<li class=\"\" data-start=\"2277\" data-end=\"2303\">\n<p class=\"\" data-start=\"2279\" data-end=\"2303\">Brudstyrke: 1200 kg<\/p>\n<\/li>\n<li class=\"\" data-start=\"2304\" data-end=\"2334\">\n<p class=\"\" data-start=\"2306\" data-end=\"2334\">D\u00f8rh\u00e6ngsel: H\u00f8jre, Venstre<\/p>\n<\/li>\n<li class=\"\" data-start=\"2335\" data-end=\"2353\">\n<p class=\"\" data-start=\"2337\" data-end=\"2353\">Kabel inkluderet: Nr<\/p>\n<\/li>\n<li class=\"\" data-start=\"2354\" data-end=\"2373\">\n<p class=\"\" data-start=\"2356\" data-end=\"2373\">Listetryk: 250 kg<\/p>\n<\/li>\n<li class=\"\" data-start=\"2374\" data-end=\"2409\">\n<p class=\"\" data-start=\"2376\" data-end=\"2409\">L\u00e5setype: Enkeltfaldsl\u00e5s, Dobbeltfaldsl\u00e5s<\/p>\n<\/li>\n<li class=\"\" data-start=\"2410\" data-end=\"2463\">\n<p class=\"\" data-start=\"2412\" data-end=\"2463\">Produktm\u00e5l: Bredde: 25 mm, Dybde: 28 mm, H\u00f8jde: 90 mm<\/p>\n<\/li>\n<li class=\"\" data-start=\"2464\" data-end=\"2481\">\n<p class=\"\" data-start=\"2466\" data-end=\"2481\">Stempelkontakt: Ja<\/p>\n<\/li>\n<li class=\"\" data-start=\"2482\" data-end=\"2502\">\n<p class=\"\" data-start=\"2484\" data-end=\"2502\">Sp\u00e6nding AC\/DC: DC<\/p>\n<\/li>\n<\/ul>","protected":false},"excerpt":{"rendered":"<p>Her kan du se, hvilke stolper og modeller, der passer sammen fra STEP serien af Elektriske d\u00f8rstoppere.<\/p>\n<h5><strong><a href=\"https:\/\/steplock.com\/sv\/stolpguide\/#!?lang=sv&amp;blog_id=1&amp;paged=1&amp;number=50\" target=\"_blank\" rel=\"noopener\">TRIN Post guide\u00a0<\/a><\/strong><\/h5>\n<h5><strong><a href=\"https:\/\/steplock.com\/sv\/projekteringsguide\/#!?lang=sv&amp;blog_id=1&amp;paged=1&amp;number=999\" target=\"_blank\" rel=\"noopener\">STEP design guide<\/a><\/strong><\/h5>","protected":false},"featured_media":147350,"template":"","meta":{"_acf_changed":false},"product_brand":[],"product_cat":[3355],"product_tag":[4197,4202],"class_list":{"0":"post-147353","1":"product","2":"type-product","3":"status-publish","4":"has-post-thumbnail","6":"product_cat-elslutbleck","7":"product_tag-24v","8":"product_tag-omstallbar-rattvand-omvand","9":"product_shipping_class-tunga-paket","10":"pa_brands-step","11":"tm-no-options","13":"first","14":"instock","15":"sale","16":"taxable","17":"shipping-taxable","18":"purchasable","19":"product-type-simple"},"acf":[],"_links":{"self":[{"href":"https:\/\/secureus.se\/dk\/wp-json\/wp\/v2\/product\/147353","targetHints":{"allow":["GET"]}}],"collection":[{"href":"https:\/\/secureus.se\/dk\/wp-json\/wp\/v2\/product"}],"about":[{"href":"https:\/\/secureus.se\/dk\/wp-json\/wp\/v2\/types\/product"}],"wp:featuredmedia":[{"embeddable":true,"href":"https:\/\/secureus.se\/dk\/wp-json\/wp\/v2\/media\/147350"}],"wp:attachment":[{"href":"https:\/\/secureus.se\/dk\/wp-json\/wp\/v2\/media?parent=147353"}],"wp:term":[{"taxonomy":"product_brand","embeddable":true,"href":"https:\/\/secureus.se\/dk\/wp-json\/wp\/v2\/product_brand?post=147353"},{"taxonomy":"product_cat","embeddable":true,"href":"https:\/\/secureus.se\/dk\/wp-json\/wp\/v2\/product_cat?post=147353"},{"taxonomy":"product_tag","embeddable":true,"href":"https:\/\/secureus.se\/dk\/wp-json\/wp\/v2\/product_tag?post=147353"}],"curies":[{"name":"wp","href":"https:\/\/api.w.org\/{rel}","templated":true}]}}