{"id":147357,"date":"2023-09-26T13:10:25","date_gmt":"2023-09-26T11:10:25","guid":{"rendered":"https:\/\/secureus.se\/elslutbleck-step-90-omstallbar-24v-kolvkontakt\/"},"modified":"2026-04-23T12:36:40","modified_gmt":"2026-04-23T10:36:40","slug":"elslutbleck-step-90-omstallbar-24v-kolvkontakt","status":"publish","type":"product","link":"https:\/\/secureus.se\/dk\/elslutbleck-step-90-omstallbar-24v-kolvkontakt\/","title":{"rendered":"Elektrisk slutstykke STEP 90 Justerbar 24V Stempelkontakt"},"content":{"rendered":"<h1>Elektrisk slutstykke STEP 90 Justerbar 24V Stempelkontakt<\/h1>\n<p>STEP 90 er et brandgodkendt elektrisk slutstykke med justerbar funktion, HPR\u00ae teknologi og stempelkontakt. Designet til sikker dagl\u00e5sning med h\u00f8j driftssikkerhed og lang levetid, brandtestet op til E\/EI120.<\/p>\n<p class=\"\" data-start=\"361\" data-end=\"741\">Elektrisk slutstykke STEP 90 Preload HPR er et brandgodkendt elektrisk slutstykke, der kombinerer sm\u00e5 dimensioner med h\u00f8j sikkerhed og p\u00e5lidelighed.<\/p>\n<p class=\"\" data-start=\"361\" data-end=\"741\">Udstyret med STEPs patenterede HPR\u00ae-teknologi s\u00f8rger STEP 90 for, at d\u00f8ren \u00e5bner selv ved et b\u00e5ndtryk p\u00e5 op til 250 kg.<\/p>\n<p class=\"\" data-start=\"361\" data-end=\"741\">Den er ogs\u00e5 certificeret til brandmodstand op til E\/EI120, hvilket g\u00f8r den til en p\u00e5lidelig l\u00f8sning til brandcellegr\u00e6nser.<\/p>\n<p class=\"\" data-start=\"743\" data-end=\"1133\">Med sin vendbare funktion kan STEP 90 v\u00e6re b\u00e5de fremadvendt og bagudvendt (l\u00e5st eller ul\u00e5st i sp\u00e6ndingsl\u00f8s position), hvilket giver fleksibilitet til installation.<\/p>\n<p class=\"\" data-start=\"743\" data-end=\"1133\">Stempelkontakten angiver, om d\u00f8ren er lukket eller \u00e5ben, hvilket forbedrer funktionaliteten.<\/p>\n<p class=\"\" data-start=\"743\" data-end=\"1133\">Den har en brudstyrke p\u00e5 1.200 kg (ca. 12 kN) og er fabrikstestet i 1.500.000 cyklusser, hvilket garanterer lang holdbarhed og driftssikkerhed.<\/p>\n<p class=\"\" data-start=\"1135\" data-end=\"1150\"><strong data-start=\"1135\" data-end=\"1150\">Egenskaber:<\/strong><\/p>\n<ul data-start=\"1151\" data-end=\"1684\">\n<li class=\"\" data-start=\"1151\" data-end=\"1208\">\n<p class=\"\" data-start=\"1153\" data-end=\"1208\">Omskiftelig funktion (l\u00e5st eller ul\u00e5st i str\u00f8ml\u00f8s tilstand)<\/p>\n<\/li>\n<li class=\"\" data-start=\"1209\" data-end=\"1267\">\n<p class=\"\" data-start=\"1211\" data-end=\"1267\">Stempelkontakt med d\u00f8rstatusindikation (lukket\/\u00e5bent)<\/p>\n<\/li>\n<li class=\"\" data-start=\"1268\" data-end=\"1333\">\n<p class=\"\" data-start=\"1270\" data-end=\"1333\">Brandtestet for op til klasse E\/EI 120 i henhold til SS-EN 14846:2008<\/p>\n<\/li>\n<li class=\"\" data-start=\"1334\" data-end=\"1382\">\n<p class=\"\" data-start=\"1336\" data-end=\"1382\">Beskyttelsesdiode indbygget for \u00f8get elektrisk sikkerhed<\/p>\n<\/li>\n<li class=\"\" data-start=\"1383\" data-end=\"1457\">\n<p class=\"\" data-start=\"1385\" data-end=\"1457\">HPR\u00ae teknologi, der garanterer \u00e5bning trods et b\u00e5ndtryk p\u00e5 250 kg (ca. 2,5 kN)<\/p>\n<\/li>\n<li class=\"\" data-start=\"1458\" data-end=\"1498\">\n<p class=\"\" data-start=\"1460\" data-end=\"1498\">Brudstyrke p\u00e5 1.200 kg (ca. 12 kN)<\/p>\n<\/li>\n<li class=\"\" data-start=\"1499\" data-end=\"1558\">\n<p class=\"\" data-start=\"1501\" data-end=\"1558\">Antibanke og vendbar til b\u00e5de h\u00f8jre- og venstred\u00f8re<\/p>\n<\/li>\n<li class=\"\" data-start=\"1559\" data-end=\"1603\">\n<p class=\"\" data-start=\"1561\" data-end=\"1603\">Skruehuller til vinklede skruer i bagkant<\/p>\n<\/li>\n<li class=\"\" data-start=\"1604\" data-end=\"1684\">\n<p class=\"\" data-start=\"1606\" data-end=\"1684\">Velegnet til enkeltfaldsl\u00e5se og dobbeltfaldsl\u00e5se i serierne Connect, Modul og Smalprofil<\/p>\n<\/li>\n<\/ul>\n<p class=\"\" data-start=\"1686\" data-end=\"1715\"><strong data-start=\"1686\" data-end=\"1715\">Tekniske specifikationer:<\/strong><\/p>\n<ul data-start=\"1716\" data-end=\"2319\">\n<li class=\"\" data-start=\"1716\" data-end=\"1823\">\n<p class=\"\" data-start=\"1718\" data-end=\"1823\">Sp\u00e6ndingsforsyning: 12 V DC (+15% -10%) 220 mAh \/ max 600 mA eller 24 V DC (+15% -10%) 110 mAh \/ max 300 mA<\/p>\n<\/li>\n<li class=\"\" data-start=\"1824\" data-end=\"1887\">\n<p class=\"\" data-start=\"1826\" data-end=\"1887\">Stempelkontakt: Mikroswitch enpolet alternerende, max. 30V DC, 1A<\/p>\n<\/li>\n<li class=\"\" data-start=\"1888\" data-end=\"1928\">\n<p class=\"\" data-start=\"1890\" data-end=\"1928\">Holdbarhed: Grade X i henhold til SS-EN 14846<\/p>\n<\/li>\n<li class=\"\" data-start=\"1929\" data-end=\"1968\">\n<p class=\"\" data-start=\"1931\" data-end=\"1968\">Korrosion: Grade M i henhold til SS-EN 14846<\/p>\n<\/li>\n<li class=\"\" data-start=\"1969\" data-end=\"2007\">\n<p class=\"\" data-start=\"1971\" data-end=\"2007\">Sikkerhed: Grad 3 i henhold til SS-EN 14846<\/p>\n<\/li>\n<li class=\"\" data-start=\"2008\" data-end=\"2070\">\n<p class=\"\" data-start=\"2010\" data-end=\"2070\">Sikker elektrisk manipulation: Grad 1 i henhold til SS-EN 14846<\/p>\n<\/li>\n<li class=\"\" data-start=\"2071\" data-end=\"2093\">\n<p class=\"\" data-start=\"2073\" data-end=\"2093\">Brandtestet: 120 min<\/p>\n<\/li>\n<li class=\"\" data-start=\"2094\" data-end=\"2120\">\n<p class=\"\" data-start=\"2096\" data-end=\"2120\">Brudstyrke: 1200 kg<\/p>\n<\/li>\n<li class=\"\" data-start=\"2121\" data-end=\"2151\">\n<p class=\"\" data-start=\"2123\" data-end=\"2151\">D\u00f8rh\u00e6ngsel: H\u00f8jre, Venstre<\/p>\n<\/li>\n<li class=\"\" data-start=\"2152\" data-end=\"2170\">\n<p class=\"\" data-start=\"2154\" data-end=\"2170\">Kabel inkluderet: Nr<\/p>\n<\/li>\n<li class=\"\" data-start=\"2171\" data-end=\"2190\">\n<p class=\"\" data-start=\"2173\" data-end=\"2190\">Listetryk: 250 kg<\/p>\n<\/li>\n<li class=\"\" data-start=\"2191\" data-end=\"2226\">\n<p class=\"\" data-start=\"2193\" data-end=\"2226\">L\u00e5setype: Enkeltfaldsl\u00e5s, Dobbeltfaldsl\u00e5s<\/p>\n<\/li>\n<li class=\"\" data-start=\"2227\" data-end=\"2280\">\n<p class=\"\" data-start=\"2229\" data-end=\"2280\">Produktm\u00e5l: Bredde: 25 mm, Dybde: 28 mm, H\u00f8jde: 90 mm<\/p>\n<\/li>\n<li class=\"\" data-start=\"2281\" data-end=\"2298\">\n<p class=\"\" data-start=\"2283\" data-end=\"2298\">Stempelkontakt: Ja<\/p>\n<\/li>\n<li class=\"\" data-start=\"2299\" data-end=\"2319\">\n<p class=\"\" data-start=\"2301\" data-end=\"2319\">Sp\u00e6nding AC\/DC: DC<\/p>\n<\/li>\n<\/ul>","protected":false},"excerpt":{"rendered":"<p>Her kan du se, hvilke stolper og modeller, der passer sammen fra STEP serien af Elektriske d\u00f8rstoppere.<\/p>\n<h5><strong><a href=\"https:\/\/steplock.com\/sv\/stolpguide\/#!?lang=sv&amp;blog_id=1&amp;paged=1&amp;number=50\" target=\"_blank\" rel=\"noopener\">TRIN Post guide\u00a0<\/a><\/strong><\/h5>\n<h5><strong><a href=\"https:\/\/steplock.com\/sv\/projekteringsguide\/#!?lang=sv&amp;blog_id=1&amp;paged=1&amp;number=999\" target=\"_blank\" rel=\"noopener\">STEP design guide<\/a><\/strong><\/h5>","protected":false},"featured_media":147354,"template":"","meta":{"_acf_changed":false},"product_brand":[],"product_cat":[3355],"product_tag":[4197,4202],"class_list":{"0":"post-147357","1":"product","2":"type-product","3":"status-publish","4":"has-post-thumbnail","6":"product_cat-elslutbleck","7":"product_tag-24v","8":"product_tag-omstallbar-rattvand-omvand","9":"product_shipping_class-tunga-paket","10":"pa_brands-step","11":"tm-no-options","13":"first","14":"instock","15":"sale","16":"taxable","17":"shipping-taxable","18":"purchasable","19":"product-type-simple"},"acf":[],"_links":{"self":[{"href":"https:\/\/secureus.se\/dk\/wp-json\/wp\/v2\/product\/147357","targetHints":{"allow":["GET"]}}],"collection":[{"href":"https:\/\/secureus.se\/dk\/wp-json\/wp\/v2\/product"}],"about":[{"href":"https:\/\/secureus.se\/dk\/wp-json\/wp\/v2\/types\/product"}],"wp:featuredmedia":[{"embeddable":true,"href":"https:\/\/secureus.se\/dk\/wp-json\/wp\/v2\/media\/147354"}],"wp:attachment":[{"href":"https:\/\/secureus.se\/dk\/wp-json\/wp\/v2\/media?parent=147357"}],"wp:term":[{"taxonomy":"product_brand","embeddable":true,"href":"https:\/\/secureus.se\/dk\/wp-json\/wp\/v2\/product_brand?post=147357"},{"taxonomy":"product_cat","embeddable":true,"href":"https:\/\/secureus.se\/dk\/wp-json\/wp\/v2\/product_cat?post=147357"},{"taxonomy":"product_tag","embeddable":true,"href":"https:\/\/secureus.se\/dk\/wp-json\/wp\/v2\/product_tag?post=147357"}],"curies":[{"name":"wp","href":"https:\/\/api.w.org\/{rel}","templated":true}]}}