{"id":147361,"date":"2023-09-26T13:10:24","date_gmt":"2023-09-26T11:10:24","guid":{"rendered":"https:\/\/secureus.se\/elslutbleck-step-90-omstallbar-24v\/"},"modified":"2026-04-23T12:38:06","modified_gmt":"2026-04-23T10:38:06","slug":"elslutbleck-step-90-omstallbar-24v","status":"publish","type":"product","link":"https:\/\/secureus.se\/dk\/elslutbleck-step-90-omstallbar-24v\/","title":{"rendered":"Elsluttende STEP 90 Justerbar 24V"},"content":{"rendered":"<h1>Elsluttende STEP 90 Justerbar 24V<\/h1>\n<p>STEP 90 er en brandgodkendt elektrisk endeplade med justerbar funktion og h\u00f8j sikkerhed. Udstyret med HPR\u00ae-teknologi og brudstyrke p\u00e5 1.200 kg, designet til at modst\u00e5 h\u00f8j \u00e5bningsfrekvens og brandmodstand op til E\/EI120.<\/p>\n<p>Elektrisk endeplade<\/p>\n<p class=\"\" data-start=\"368\" data-end=\"786\">STEP 90 Preload HPR er en elektrisk endeplade af h\u00f8j kvalitet, der kombinerer minimale dimensioner med overlegen sikkerhed og lang levetid.<\/p>\n<p class=\"\" data-start=\"368\" data-end=\"786\">Den er brandgodkendt til brug op til E\/EI120 i henhold til SS-EN 14846:2008 og har gennemg\u00e5et strenge tests for at modst\u00e5 brandmodstand og sikre p\u00e5lidelig drift.<\/p>\n<p class=\"\" data-start=\"368\" data-end=\"786\">Den patenterede HPR\u00ae teknologi betyder, at d\u00f8ren \u00e5bner selv under h\u00f8jt formtryk p\u00e5 op til 250 kg.<\/p>\n<p class=\"\" data-start=\"788\" data-end=\"1116\">Den omskiftelige funktion g\u00f8r det muligt for STEP 90 at v\u00e6re enten opretst\u00e5ende eller omvendt (l\u00e5st eller ul\u00e5st i str\u00f8ml\u00f8s tilstand), hvilket g\u00f8r den fleksibel til installation i forskellige d\u00f8rsystemer.<\/p>\n<p class=\"\" data-start=\"788\" data-end=\"1116\">Med en brudstyrke p\u00e5 1.200 kg (ca. 12 kN) og fabrikstestet i op til 1.500.000 cyklusser tilbyder STEP 90 langvarig og p\u00e5lidelig drift.<\/p>\n<p class=\"\" data-start=\"1118\" data-end=\"1133\"><strong data-start=\"1118\" data-end=\"1133\">Egenskaber:<\/strong><\/p>\n<ul data-start=\"1134\" data-end=\"1634\">\n<li class=\"\" data-start=\"1134\" data-end=\"1213\">\n<p class=\"\" data-start=\"1136\" data-end=\"1213\">Omskiftelig frem- eller bakfunktion (l\u00e5st eller ul\u00e5st i str\u00f8ml\u00f8s tilstand)<\/p>\n<\/li>\n<li class=\"\" data-start=\"1214\" data-end=\"1287\">\n<p class=\"\" data-start=\"1216\" data-end=\"1287\">Certificeret til brandmodstand op til E\/EI 120 i henhold til SS-EN 14846:2008<\/p>\n<\/li>\n<li class=\"\" data-start=\"1288\" data-end=\"1336\">\n<p class=\"\" data-start=\"1290\" data-end=\"1336\">Beskyttelsesdiode indbygget for \u00f8get elektrisk sikkerhed<\/p>\n<\/li>\n<li class=\"\" data-start=\"1337\" data-end=\"1407\">\n<p class=\"\" data-start=\"1339\" data-end=\"1407\">HPR\u00ae teknologi garanterer \u00e5bning p\u00e5 trods af b\u00e5ndtryk p\u00e5 250 kg (ca. 2,5 kN)<\/p>\n<\/li>\n<li class=\"\" data-start=\"1408\" data-end=\"1448\">\n<p class=\"\" data-start=\"1410\" data-end=\"1448\">Brudstyrke p\u00e5 1.200 kg (ca. 12 kN)<\/p>\n<\/li>\n<li class=\"\" data-start=\"1449\" data-end=\"1508\">\n<p class=\"\" data-start=\"1451\" data-end=\"1508\">Antibanke og vendbar til b\u00e5de h\u00f8jre- og venstred\u00f8re<\/p>\n<\/li>\n<li class=\"\" data-start=\"1509\" data-end=\"1553\">\n<p class=\"\" data-start=\"1511\" data-end=\"1553\">Skruehuller til vinklede skruer i bagkant<\/p>\n<\/li>\n<li class=\"\" data-start=\"1554\" data-end=\"1634\">\n<p class=\"\" data-start=\"1556\" data-end=\"1634\">Velegnet til enkeltfaldsl\u00e5se og dobbeltfaldsl\u00e5se i serierne Connect, Modul og Smalprofil<\/p>\n<\/li>\n<\/ul>\n<p class=\"\" data-start=\"1636\" data-end=\"1665\"><strong data-start=\"1636\" data-end=\"1665\">Tekniske specifikationer:<\/strong><\/p>\n<ul data-start=\"1666\" data-end=\"2206\">\n<li class=\"\" data-start=\"1666\" data-end=\"1773\">\n<p class=\"\" data-start=\"1668\" data-end=\"1773\">Sp\u00e6ndingsforsyning: 12 V DC (+15% -10%) 220 mAh \/ max 600 mA eller 24 V DC (+15% -10%) 110 mAh \/ max 300 mA<\/p>\n<\/li>\n<li class=\"\" data-start=\"1774\" data-end=\"1814\">\n<p class=\"\" data-start=\"1776\" data-end=\"1814\">Holdbarhed: Grade X i henhold til SS-EN 14846<\/p>\n<\/li>\n<li class=\"\" data-start=\"1815\" data-end=\"1854\">\n<p class=\"\" data-start=\"1817\" data-end=\"1854\">Korrosion: Grade M i henhold til SS-EN 14846<\/p>\n<\/li>\n<li class=\"\" data-start=\"1855\" data-end=\"1893\">\n<p class=\"\" data-start=\"1857\" data-end=\"1893\">Sikkerhed: Grad 3 i henhold til SS-EN 14846<\/p>\n<\/li>\n<li class=\"\" data-start=\"1894\" data-end=\"1956\">\n<p class=\"\" data-start=\"1896\" data-end=\"1956\">Sikker elektrisk manipulation: Grad 1 i henhold til SS-EN 14846<\/p>\n<\/li>\n<li class=\"\" data-start=\"1957\" data-end=\"1979\">\n<p class=\"\" data-start=\"1959\" data-end=\"1979\">Brandtestet: 120 min<\/p>\n<\/li>\n<li class=\"\" data-start=\"1980\" data-end=\"2006\">\n<p class=\"\" data-start=\"1982\" data-end=\"2006\">Brudstyrke: 1200 kg<\/p>\n<\/li>\n<li class=\"\" data-start=\"2007\" data-end=\"2037\">\n<p class=\"\" data-start=\"2009\" data-end=\"2037\">D\u00f8rh\u00e6ngsel: H\u00f8jre, Venstre<\/p>\n<\/li>\n<li class=\"\" data-start=\"2038\" data-end=\"2056\">\n<p class=\"\" data-start=\"2040\" data-end=\"2056\">Kabel inkluderet: Nr<\/p>\n<\/li>\n<li class=\"\" data-start=\"2057\" data-end=\"2076\">\n<p class=\"\" data-start=\"2059\" data-end=\"2076\">Listetryk: 250 kg<\/p>\n<\/li>\n<li class=\"\" data-start=\"2077\" data-end=\"2112\">\n<p class=\"\" data-start=\"2079\" data-end=\"2112\">L\u00e5setype: Enkeltfaldsl\u00e5s, Dobbeltfaldsl\u00e5s<\/p>\n<\/li>\n<li class=\"\" data-start=\"2113\" data-end=\"2166\">\n<p class=\"\" data-start=\"2115\" data-end=\"2166\">Produktm\u00e5l: Bredde: 25 mm, Dybde: 28 mm, H\u00f8jde: 90 mm<\/p>\n<\/li>\n<li class=\"\" data-start=\"2167\" data-end=\"2185\">\n<p class=\"\" data-start=\"2169\" data-end=\"2185\">Stempelkontakt: Nej<\/p>\n<\/li>\n<li class=\"\" data-start=\"2186\" data-end=\"2206\">\n<p class=\"\" data-start=\"2188\" data-end=\"2206\">Sp\u00e6nding AC\/DC: DC<\/p>\n<\/li>\n<\/ul>","protected":false},"excerpt":{"rendered":"<p>Her kan du se, hvilke stolper og modeller, der passer sammen fra STEP serien af Elektriske d\u00f8rstoppere.<\/p>\n<h5><strong><a href=\"https:\/\/steplock.com\/sv\/stolpguide\/#!?lang=sv&amp;blog_id=1&amp;paged=1&amp;number=50\" target=\"_blank\" rel=\"noopener\">TRIN Post guide\u00a0<\/a><\/strong><\/h5>\n<h5><strong><a href=\"https:\/\/steplock.com\/sv\/projekteringsguide\/#!?lang=sv&amp;blog_id=1&amp;paged=1&amp;number=999\" target=\"_blank\" rel=\"noopener\">STEP design guide<\/a><\/strong><\/h5>","protected":false},"featured_media":147358,"template":"","meta":{"_acf_changed":false},"product_brand":[],"product_cat":[3355],"product_tag":[4197,4202],"class_list":{"0":"post-147361","1":"product","2":"type-product","3":"status-publish","4":"has-post-thumbnail","6":"product_cat-elslutbleck","7":"product_tag-24v","8":"product_tag-omstallbar-rattvand-omvand","9":"product_shipping_class-tunga-paket","10":"pa_brands-step","11":"tm-no-options","13":"first","14":"instock","15":"sale","16":"taxable","17":"shipping-taxable","18":"purchasable","19":"product-type-simple"},"acf":[],"_links":{"self":[{"href":"https:\/\/secureus.se\/dk\/wp-json\/wp\/v2\/product\/147361","targetHints":{"allow":["GET"]}}],"collection":[{"href":"https:\/\/secureus.se\/dk\/wp-json\/wp\/v2\/product"}],"about":[{"href":"https:\/\/secureus.se\/dk\/wp-json\/wp\/v2\/types\/product"}],"wp:featuredmedia":[{"embeddable":true,"href":"https:\/\/secureus.se\/dk\/wp-json\/wp\/v2\/media\/147358"}],"wp:attachment":[{"href":"https:\/\/secureus.se\/dk\/wp-json\/wp\/v2\/media?parent=147361"}],"wp:term":[{"taxonomy":"product_brand","embeddable":true,"href":"https:\/\/secureus.se\/dk\/wp-json\/wp\/v2\/product_brand?post=147361"},{"taxonomy":"product_cat","embeddable":true,"href":"https:\/\/secureus.se\/dk\/wp-json\/wp\/v2\/product_cat?post=147361"},{"taxonomy":"product_tag","embeddable":true,"href":"https:\/\/secureus.se\/dk\/wp-json\/wp\/v2\/product_tag?post=147361"}],"curies":[{"name":"wp","href":"https:\/\/api.w.org\/{rel}","templated":true}]}}