{"id":147364,"date":"2023-09-26T13:10:22","date_gmt":"2023-09-26T11:10:22","guid":{"rendered":"https:\/\/secureus.se\/elslutbleck-step-18-vanster-rattvand-24v-for-assa-511\/"},"modified":"2026-04-08T16:07:34","modified_gmt":"2026-04-08T14:07:34","slug":"elslutbleck-step-18-vanster-rattvand-24v-for-assa-511","status":"publish","type":"product","link":"https:\/\/secureus.se\/dk\/elslutbleck-step-18-vanster-rattvand-24v-for-assa-511\/","title":{"rendered":"Elektrisk slutplade TRIN 18 Venstre H\u00f8jre 24V til Assa 511"},"content":{"rendered":"<h1>Elektrisk slutplade TRIN 18 Venstre H\u00f8jre 24V til Assa 511<\/h1>\n<p>TRIN 18 Secure er et h\u00f8jsikkerheds elektrisk slutstykke til Assa 511 krogbolte, designet til venstreh\u00e6ngte d\u00f8re. Brandklassificeret op til E\/EI 60 og med en brudstyrke p\u00e5 1500 kg, perfekt til h\u00f8jsikre milj\u00f8er.<\/p>\n<p>Elektrisk endeplade<\/p>\n<p class=\"\" data-start=\"380\" data-end=\"770\">TRIN 18 Secure er et elektrisk slutstykke af h\u00f8j kvalitet, der giver den h\u00f8jeste sikkerhed til d\u00f8re med h\u00f8j ind- og udgangstrafik.<\/p>\n<p class=\"\" data-start=\"380\" data-end=\"770\">Den er specielt designet til Assa 511 krogboltl\u00e5s med 10 mm stempel og er velegnet til venstreh\u00e6ngte d\u00f8re.<\/p>\n<p class=\"\" data-start=\"380\" data-end=\"770\">Med en holdbar og hurtig l\u00e5sning og opl\u00e5sning er den ideel til sikkerhedsd\u00f8re, der uds\u00e6ttes for hyppig \u00e5bning og lukning.<\/p>\n<p class=\"\" data-start=\"772\" data-end=\"1171\">TRIN 18 Secure er godkendt til sikkerhedsklasse RC4 og brandklassificeret op til E\/EI 60, hvilket g\u00f8r det til en p\u00e5lidelig l\u00f8sning til sikkerhedsd\u00f8re i milj\u00f8er med h\u00f8je krav som f\u00e6ngsler, banker og andre sikkerhedsfaciliteter.<\/p>\n<p class=\"\" data-start=\"772\" data-end=\"1171\">Den indbyggede stempelafbryder giver indikation af d\u00f8rstatus (lukket\/\u00e5ben) og l\u00e5sestatus (l\u00e5st\/ul\u00e5st), hvilket g\u00f8r det nemt at integrere med adgangskontrolsystemer og alarmsystemer.<\/p>\n<p class=\"\" data-start=\"1173\" data-end=\"1457\">Med en brudstyrke p\u00e5 15 kN (ca. 1500 kg) og evnen til at \u00e5bne trods et b\u00e5ndtryk p\u00e5 5 kN (ca. 500 kg) i b\u00e5de frem- og bakk\u00f8rsel, tilbyder STEP 18 Secure enest\u00e5ende sikkerhed og p\u00e5lidelighed.<\/p>\n<p class=\"\" data-start=\"1173\" data-end=\"1457\">Der medf\u00f8lger ogs\u00e5 et 5 meter halogenfrit tilslutningskabel for nem installation.<\/p>\n<p class=\"\" data-start=\"1459\" data-end=\"1474\"><strong data-start=\"1459\" data-end=\"1474\">Egenskaber:<\/strong><\/p>\n<ul data-start=\"1475\" data-end=\"1947\">\n<li class=\"\" data-start=\"1475\" data-end=\"1516\">\n<p class=\"\" data-start=\"1477\" data-end=\"1516\">Til kroglineall\u00e5s Assa 511 med 10 mm stempel<\/p>\n<\/li>\n<li class=\"\" data-start=\"1517\" data-end=\"1560\">\n<p class=\"\" data-start=\"1519\" data-end=\"1560\">H\u00f8jrevendt funktion (l\u00e5st i str\u00f8ml\u00f8s tilstand)<\/p>\n<\/li>\n<li class=\"\" data-start=\"1561\" data-end=\"1587\">\n<p class=\"\" data-start=\"1563\" data-end=\"1587\">Til venstreh\u00e6ngte d\u00f8re<\/p>\n<\/li>\n<li class=\"\" data-start=\"1588\" data-end=\"1619\">\n<p class=\"\" data-start=\"1590\" data-end=\"1619\">Brandgodkendt op til E\/EI 60<\/p>\n<\/li>\n<li class=\"\" data-start=\"1620\" data-end=\"1722\">\n<p class=\"\" data-start=\"1622\" data-end=\"1722\">Indikation af d\u00f8rstatus (lukket\/\u00e5ben) og l\u00e5sestatus (l\u00e5st\/ul\u00e5st) via stempelkontakt og l\u00e5sekontakt<\/p>\n<\/li>\n<li class=\"\" data-start=\"1723\" data-end=\"1761\">\n<p class=\"\" data-start=\"1725\" data-end=\"1761\">Beskyttelsesdiode indbygget for \u00f8get sikkerhed<\/p>\n<\/li>\n<li class=\"\" data-start=\"1762\" data-end=\"1801\">\n<p class=\"\" data-start=\"1764\" data-end=\"1801\">Brudstyrke p\u00e5 15 kN (ca. 1500 kg)<\/p>\n<\/li>\n<li class=\"\" data-start=\"1802\" data-end=\"1882\">\n<p class=\"\" data-start=\"1804\" data-end=\"1882\">\u00c5bner trods et b\u00e5ndtryk p\u00e5 5 kN (ca. 500 kg) i b\u00e5de opretst\u00e5ende og omvendt funktion<\/p>\n<\/li>\n<li class=\"\" data-start=\"1883\" data-end=\"1947\">\n<p class=\"\" data-start=\"1885\" data-end=\"1947\">Sl\u00e5sikker og inkluderer 5 meter halogenfrit tilslutningskabel<\/p>\n<\/li>\n<\/ul>\n<p class=\"\" data-start=\"1949\" data-end=\"1978\"><strong data-start=\"1949\" data-end=\"1978\">Tekniske specifikationer:<\/strong><\/p>\n<ul data-start=\"1979\" data-end=\"2619\">\n<li class=\"\" data-start=\"1979\" data-end=\"2070\">\n<p class=\"\" data-start=\"1981\" data-end=\"2070\">Sp\u00e6ndingsforsyning: 12 V DC (+15% -10%) 639 mA ul\u00e5st eller 24 V DC (+15% -10%) 313 mA ul\u00e5st<\/p>\n<\/li>\n<li class=\"\" data-start=\"2071\" data-end=\"2134\">\n<p class=\"\" data-start=\"2073\" data-end=\"2134\">Stempelkontakt: Mikroswitch enpolet alternerende, max. 30V DC, 1A<\/p>\n<\/li>\n<li class=\"\" data-start=\"2135\" data-end=\"2175\">\n<p class=\"\" data-start=\"2137\" data-end=\"2175\">Holdbarhed: Grad Y i henhold til SS-EN 14846<\/p>\n<\/li>\n<li class=\"\" data-start=\"2176\" data-end=\"2215\">\n<p class=\"\" data-start=\"2178\" data-end=\"2215\">Korrosion: Grade M i henhold til SS-EN 14846<\/p>\n<\/li>\n<li class=\"\" data-start=\"2216\" data-end=\"2254\">\n<p class=\"\" data-start=\"2218\" data-end=\"2254\">Sikkerhed: Grad 7 i henhold til SS-EN 14846<\/p>\n<\/li>\n<li class=\"\" data-start=\"2255\" data-end=\"2345\">\n<p class=\"\" data-start=\"2257\" data-end=\"2345\">Sikkerhed elektrisk manipulation: Grade 3 (korrekt) Grade 1 (omvendt) i henhold til SS-EN 14846<\/p>\n<\/li>\n<li class=\"\" data-start=\"2346\" data-end=\"2367\">\n<p class=\"\" data-start=\"2348\" data-end=\"2367\">Brandtestet: 60 min<\/p>\n<\/li>\n<li class=\"\" data-start=\"2368\" data-end=\"2394\">\n<p class=\"\" data-start=\"2370\" data-end=\"2394\">Brudstyrke: 1500 kg<\/p>\n<\/li>\n<li class=\"\" data-start=\"2395\" data-end=\"2418\">\n<p class=\"\" data-start=\"2397\" data-end=\"2418\">D\u00f8rh\u00e6ngsel: Venstre<\/p>\n<\/li>\n<li class=\"\" data-start=\"2419\" data-end=\"2473\">\n<p class=\"\" data-start=\"2421\" data-end=\"2473\">Kabel medf\u00f8lger: Ja, 5 meter halogenfrit tilslutningskabel<\/p>\n<\/li>\n<li class=\"\" data-start=\"2474\" data-end=\"2493\">\n<p class=\"\" data-start=\"2476\" data-end=\"2493\">Listetryk: 500 kg<\/p>\n<\/li>\n<li class=\"\" data-start=\"2494\" data-end=\"2525\">\n<p class=\"\" data-start=\"2496\" data-end=\"2525\">L\u00e5setype: Krogl\u00e5s, L\u00e5sel\u00e5s<\/p>\n<\/li>\n<li class=\"\" data-start=\"2526\" data-end=\"2580\">\n<p class=\"\" data-start=\"2528\" data-end=\"2580\">Produktm\u00e5l: Bredde: 35 mm, Dybde: 40 mm, H\u00f8jde: 230 mm<\/p>\n<\/li>\n<li class=\"\" data-start=\"2581\" data-end=\"2598\">\n<p class=\"\" data-start=\"2583\" data-end=\"2598\">Stempelkontakt: Ja<\/p>\n<\/li>\n<li class=\"\" data-start=\"2599\" data-end=\"2619\">\n<p class=\"\" data-start=\"2601\" data-end=\"2619\">Sp\u00e6nding AC\/DC: DC<\/p>\n<\/li>\n<\/ul>","protected":false},"excerpt":{"rendered":"<p>Her kan du se, hvilke stolper og modeller, der passer sammen fra STEP serien af Elektriske d\u00f8rstoppere.<\/p>\n<h5><strong><a href=\"https:\/\/steplock.com\/sv\/stolpguide\/#!?lang=sv&amp;blog_id=1&amp;paged=1&amp;number=50\" target=\"_blank\" rel=\"noopener\">TRIN Post guide\u00a0<\/a><\/strong><\/h5>\n<h5><strong><a href=\"https:\/\/steplock.com\/sv\/projekteringsguide\/#!?lang=sv&amp;blog_id=1&amp;paged=1&amp;number=999\" target=\"_blank\" rel=\"noopener\">STEP design guide<\/a><\/strong><\/h5>","protected":false},"featured_media":147362,"template":"","meta":{"_acf_changed":false},"product_brand":[],"product_cat":[3355],"product_tag":[4197,4200],"class_list":{"0":"post-147364","1":"product","2":"type-product","3":"status-publish","4":"has-post-thumbnail","6":"product_cat-elslutbleck","7":"product_tag-24v","8":"product_tag-rattvand","9":"product_shipping_class-tunga-paket","10":"pa_brands-step","11":"tm-no-options","13":"first","14":"instock","15":"sale","16":"taxable","17":"shipping-taxable","18":"purchasable","19":"product-type-simple"},"acf":[],"_links":{"self":[{"href":"https:\/\/secureus.se\/dk\/wp-json\/wp\/v2\/product\/147364","targetHints":{"allow":["GET"]}}],"collection":[{"href":"https:\/\/secureus.se\/dk\/wp-json\/wp\/v2\/product"}],"about":[{"href":"https:\/\/secureus.se\/dk\/wp-json\/wp\/v2\/types\/product"}],"wp:featuredmedia":[{"embeddable":true,"href":"https:\/\/secureus.se\/dk\/wp-json\/wp\/v2\/media\/147362"}],"wp:attachment":[{"href":"https:\/\/secureus.se\/dk\/wp-json\/wp\/v2\/media?parent=147364"}],"wp:term":[{"taxonomy":"product_brand","embeddable":true,"href":"https:\/\/secureus.se\/dk\/wp-json\/wp\/v2\/product_brand?post=147364"},{"taxonomy":"product_cat","embeddable":true,"href":"https:\/\/secureus.se\/dk\/wp-json\/wp\/v2\/product_cat?post=147364"},{"taxonomy":"product_tag","embeddable":true,"href":"https:\/\/secureus.se\/dk\/wp-json\/wp\/v2\/product_tag?post=147364"}],"curies":[{"name":"wp","href":"https:\/\/api.w.org\/{rel}","templated":true}]}}