{"id":147370,"date":"2023-09-26T13:10:18","date_gmt":"2023-09-26T11:10:18","guid":{"rendered":"https:\/\/secureus.se\/elslutbleck-step-18-hoger-rattvand-24v-for-assa-511\/"},"modified":"2026-04-23T12:39:44","modified_gmt":"2026-04-23T10:39:44","slug":"elslutbleck-step-18-hoger-rattvand-24v-for-assa-511","status":"publish","type":"product","link":"https:\/\/secureus.se\/dk\/elslutbleck-step-18-hoger-rattvand-24v-for-assa-511\/","title":{"rendered":"Elektrisk slutplade TRIN 18 H\u00f8jre H\u00f8jrevendt 24V til Assa 511"},"content":{"rendered":"<h1>Elektrisk slutplade TRIN 18 H\u00f8jre H\u00f8jrevendt 24V til Assa 511<\/h1>\n<p class=\"\" data-start=\"401\" data-end=\"779\">STEP 18 Secure elektriske slutstykket tilh\u00f8rer STEPs Secure-serie, designet til d\u00f8rmilj\u00f8er med ekstreme sikkerhedskrav.<\/p>\n<p class=\"\" data-start=\"401\" data-end=\"779\">Denne model er specielt udviklet til h\u00f8jreh\u00e6ngte d\u00f8re med krogbolte af typen Assa 511 og 10 mm stempel og tilbyder hurtig og sikker l\u00e5sning og opl\u00e5sning.<\/p>\n<p class=\"\" data-start=\"781\" data-end=\"1051\">Takket v\u00e6re den h\u00f8jrevendte funktion \u2013 l\u00e5st i str\u00f8ml\u00f8s position \u2013 og en brudstyrke p\u00e5 15 kN (ca. 1500 kg) kan STEP 18 Secure modst\u00e5 h\u00e5rde milj\u00f8er, hvor der kr\u00e6ves b\u00e5de hyppig brug og h\u00f8j sikkerhed.<\/p>\n<p class=\"\" data-start=\"781\" data-end=\"1051\">Den er godkendt til sikkerhedsd\u00f8re op til RC4 og brandtestet op til E\/EI60.<\/p>\n<p class=\"\" data-start=\"1053\" data-end=\"1352\">Indbygget stempelafbryder og l\u00e5sekontakt muligg\u00f8r statusoverv\u00e5gning af d\u00f8rens l\u00e5ste og \u00e5bne positioner, hvilket g\u00f8r produktet perfekt til integration med adgangskontrolsystemer eller alarmer.<\/p>\n<p class=\"\" data-start=\"1053\" data-end=\"1352\">Det elektriske slutstykke er desuden manipulationssikkert, har indbygget beskyttelsesdiode og leveres med et 5 meter halogenfrit kabel for nem tilslutning.<\/p>\n<p class=\"\" data-start=\"1354\" data-end=\"1380\"><strong data-start=\"1354\" data-end=\"1380\">Funktioner og fordele:<\/strong><\/p>\n<ul data-start=\"1381\" data-end=\"1704\">\n<li class=\"\" data-start=\"1381\" data-end=\"1429\">\n<p class=\"\" data-start=\"1383\" data-end=\"1429\">Tilpasset til Assa 511 krogboltl\u00e5s (10 mm stempel)<\/p>\n<\/li>\n<li class=\"\" data-start=\"1430\" data-end=\"1467\">\n<p class=\"\" data-start=\"1432\" data-end=\"1467\">Korrekt funktion \u2013 l\u00e5st uden str\u00f8m<\/p>\n<\/li>\n<li class=\"\" data-start=\"1468\" data-end=\"1492\">\n<p class=\"\" data-start=\"1470\" data-end=\"1492\">Til h\u00f8jreh\u00e6ngte d\u00f8re<\/p>\n<\/li>\n<li class=\"\" data-start=\"1493\" data-end=\"1543\">\n<p class=\"\" data-start=\"1495\" data-end=\"1543\">Indbyggede statuskontakter: stempel- og l\u00e5sekontakt<\/p>\n<\/li>\n<li class=\"\" data-start=\"1544\" data-end=\"1572\">\n<p class=\"\" data-start=\"1546\" data-end=\"1572\">H\u00f8j brudstyrke: 15 kN<\/p>\n<\/li>\n<li class=\"\" data-start=\"1573\" data-end=\"1613\">\n<p class=\"\" data-start=\"1575\" data-end=\"1613\">\u00c5bner trods tryk p\u00e5 op til 500 kg<\/p>\n<\/li>\n<li class=\"\" data-start=\"1614\" data-end=\"1633\">\n<p class=\"\" data-start=\"1616\" data-end=\"1633\">Brandklasse E\/EI60<\/p>\n<\/li>\n<li class=\"\" data-start=\"1634\" data-end=\"1674\">\n<p class=\"\" data-start=\"1636\" data-end=\"1674\">Leveres med 5 meter halogenfrit kabel<\/p>\n<\/li>\n<li class=\"\" data-start=\"1675\" data-end=\"1704\">\n<p class=\"\" data-start=\"1677\" data-end=\"1704\">Beskyttelsesdiode og bankebeskyttelse<\/p>\n<\/li>\n<\/ul>\n<p class=\"\" data-start=\"1706\" data-end=\"1863\"><strong data-start=\"1706\" data-end=\"1729\">Anvendelsesomr\u00e5der:<\/strong><br data-start=\"1729\" data-end=\"1732\" \/>Ideel til sikkerhedsklassificerede milj\u00f8er s\u00e5som banker, f\u00e6ngsler, offentlige myndigheder og andre lokaler med h\u00f8je krav til p\u00e5lidelig l\u00e5sning.<\/p>\n<p class=\"\" data-start=\"1865\" data-end=\"1894\"><strong data-start=\"1865\" data-end=\"1894\">Tekniske specifikationer:<\/strong><\/p>\n<ul data-start=\"1895\" data-end=\"2191\">\n<li class=\"\" data-start=\"1895\" data-end=\"1933\">\n<p class=\"\" data-start=\"1897\" data-end=\"1933\">Driftssp\u00e6nding: 24 V DC (21,6-27,6 V)<\/p>\n<\/li>\n<li class=\"\" data-start=\"1934\" data-end=\"1966\">\n<p class=\"\" data-start=\"1936\" data-end=\"1966\">Str\u00f8mforbrug: 313 mA ul\u00e5st<\/p>\n<\/li>\n<li class=\"\" data-start=\"1967\" data-end=\"1988\">\n<p class=\"\" data-start=\"1969\" data-end=\"1988\">D\u00f8rh\u00e6ngsel: H\u00f8jre<\/p>\n<\/li>\n<li class=\"\" data-start=\"1989\" data-end=\"2010\">\n<p class=\"\" data-start=\"1991\" data-end=\"2010\">Kabell\u00e6ngde: 5 meter<\/p>\n<\/li>\n<li class=\"\" data-start=\"2011\" data-end=\"2030\">\n<p class=\"\" data-start=\"2013\" data-end=\"2030\">Listetryk: 500 kg<\/p>\n<\/li>\n<li class=\"\" data-start=\"2031\" data-end=\"2057\">\n<p class=\"\" data-start=\"2033\" data-end=\"2057\">Brudstyrke: 1500 kg<\/p>\n<\/li>\n<li class=\"\" data-start=\"2058\" data-end=\"2090\">\n<p class=\"\" data-start=\"2060\" data-end=\"2090\">M\u00e5l (BxDxH): 35 x 40 x 230 mm<\/p>\n<\/li>\n<li class=\"\" data-start=\"2091\" data-end=\"2119\">\n<p class=\"\" data-start=\"2093\" data-end=\"2119\">Farve\/finish: Rustfrit st\u00e5l<\/p>\n<\/li>\n<li class=\"\" data-start=\"2120\" data-end=\"2151\">\n<p class=\"\" data-start=\"2122\" data-end=\"2151\">L\u00e5setype: Krogl\u00e5s, L\u00e5sel\u00e5s<\/p>\n<\/li>\n<li class=\"\" data-start=\"2152\" data-end=\"2191\">\n<p class=\"\" data-start=\"2154\" data-end=\"2191\">Vurderinger: SundaHus, Byggematerialevurdering<\/p>\n<\/li>\n<\/ul>","protected":false},"excerpt":{"rendered":"<p>Her kan du se, hvilke stolper og modeller, der passer sammen fra STEP serien af Elektriske d\u00f8rstoppere.<\/p>\n<h5><strong><a href=\"https:\/\/steplock.com\/sv\/stolpguide\/#!?lang=sv&amp;blog_id=1&amp;paged=1&amp;number=50\" target=\"_blank\" rel=\"noopener\">TRIN Post guide\u00a0<\/a><\/strong><\/h5>\n<h5><strong><a href=\"https:\/\/steplock.com\/sv\/projekteringsguide\/#!?lang=sv&amp;blog_id=1&amp;paged=1&amp;number=999\" target=\"_blank\" rel=\"noopener\">STEP design guide<\/a><\/strong><\/h5>","protected":false},"featured_media":147368,"template":"","meta":{"_acf_changed":false},"product_brand":[],"product_cat":[3355],"product_tag":[4197,4200],"class_list":{"0":"post-147370","1":"product","2":"type-product","3":"status-publish","4":"has-post-thumbnail","6":"product_cat-elslutbleck","7":"product_tag-24v","8":"product_tag-rattvand","9":"product_shipping_class-tunga-paket","10":"pa_brands-step","11":"tm-no-options","13":"first","14":"outofstock","15":"sale","16":"taxable","17":"shipping-taxable","18":"purchasable","19":"product-type-simple"},"acf":[],"_links":{"self":[{"href":"https:\/\/secureus.se\/dk\/wp-json\/wp\/v2\/product\/147370","targetHints":{"allow":["GET"]}}],"collection":[{"href":"https:\/\/secureus.se\/dk\/wp-json\/wp\/v2\/product"}],"about":[{"href":"https:\/\/secureus.se\/dk\/wp-json\/wp\/v2\/types\/product"}],"wp:featuredmedia":[{"embeddable":true,"href":"https:\/\/secureus.se\/dk\/wp-json\/wp\/v2\/media\/147368"}],"wp:attachment":[{"href":"https:\/\/secureus.se\/dk\/wp-json\/wp\/v2\/media?parent=147370"}],"wp:term":[{"taxonomy":"product_brand","embeddable":true,"href":"https:\/\/secureus.se\/dk\/wp-json\/wp\/v2\/product_brand?post=147370"},{"taxonomy":"product_cat","embeddable":true,"href":"https:\/\/secureus.se\/dk\/wp-json\/wp\/v2\/product_cat?post=147370"},{"taxonomy":"product_tag","embeddable":true,"href":"https:\/\/secureus.se\/dk\/wp-json\/wp\/v2\/product_tag?post=147370"}],"curies":[{"name":"wp","href":"https:\/\/api.w.org\/{rel}","templated":true}]}}