{"id":147383,"date":"2023-09-26T13:10:11","date_gmt":"2023-09-26T11:10:11","guid":{"rendered":"https:\/\/secureus.se\/elslutbleck-step-18-hoger-rattvand-24v-9mm-regel-connect\/"},"modified":"2026-04-23T12:32:59","modified_gmt":"2026-04-23T10:32:59","slug":"elslutbleck-step-18-hoger-rattvand-24v-9mm-regel-connect","status":"publish","type":"product","link":"https:\/\/secureus.se\/dk\/elslutbleck-step-18-hoger-rattvand-24v-9mm-regel-connect\/","title":{"rendered":"Elektrisk slagplade TRIN 18 H\u00f8jre Lige 24V 9mm Rule Connect"},"content":{"rendered":"<h1>Elektrisk slagplade TRIN 18 H\u00f8jre Lige 24V 9mm Rule Connect<\/h1>\n<p>TRIN 18 Secure er et kraftfuldt elektrisk slutstykke med h\u00f8jreh\u00e5ndsfunktion til h\u00f8jreh\u00e6ngte d\u00f8re. Tilpasset til 9 mm boltl\u00e5se i Connect-serien. Brandklassificeret, h\u00f8j brudstyrke og 5 m kabel medf\u00f8lger.<\/p>\n<p>STEP 18 Secure elektriske slutstykke er en p\u00e5lidelig og robust l\u00f8sning til d\u00f8rmilj\u00f8er med h\u00f8je sikkerhedskrav.<\/p>\n<p>Denne model er specielt designet til boltl\u00e5se med 9 mm stempel i Connect-serien og er tilpasset til h\u00f8jreh\u00e6ngte d\u00f8re.<\/p>\n<p>Med den h\u00f8jrevendte funktion l\u00e5ses den i str\u00f8ml\u00f8s position, hvilket giver \u00f8get sikkerhed ved str\u00f8mafbrydelse.<\/p>\n<p class=\"\" data-start=\"836\" data-end=\"1110\">Den er en del af STEPs Secure-serie og er s\u00e6rdeles velegnet til montering i fx sikkerhedsd\u00f8re, f\u00e6ngsler, banker eller andre milj\u00f8er, hvor der b\u00e5de kr\u00e6ves h\u00f8j \u00e5bningsfrekvens og indbrudssikring.<\/p>\n<p class=\"\" data-start=\"836\" data-end=\"1110\">Den elektriske slutplade er godkendt til brandklasse E\/EI60 og op til RC4 beskyttelsesniveau.<\/p>\n<p class=\"\" data-start=\"1112\" data-end=\"1451\">Med en brudstyrke p\u00e5 hele 15 kN (ca. 1500 kg) og evnen til at \u00e5bne trods et b\u00e5ndtryk p\u00e5 5 kN (ca. 500 kg) er STEP 18 b\u00e5de st\u00e6rk og p\u00e5lidelig.<\/p>\n<p class=\"\" data-start=\"1112\" data-end=\"1451\">Indbyggede stempel- og l\u00e5sekontakter muligg\u00f8r integration med adgangskontrolsystemer og alarmer, hvilket giver fuld kontrol over d\u00f8rens status. Beskyttelsesdiode, anti-banksikring og 5 meter halogenfrit kabel medf\u00f8lger.<\/p>\n<p class=\"\" data-start=\"1453\" data-end=\"1479\"><strong data-start=\"1453\" data-end=\"1479\">Funktioner og fordele:<\/strong><\/p>\n<ul data-start=\"1480\" data-end=\"1809\">\n<li class=\"\" data-start=\"1480\" data-end=\"1532\">\n<p class=\"\" data-start=\"1482\" data-end=\"1532\">Tilpasset boltl\u00e5se (9 mm stempel) i Connect-serien<\/p>\n<\/li>\n<li class=\"\" data-start=\"1533\" data-end=\"1570\">\n<p class=\"\" data-start=\"1535\" data-end=\"1570\">Korrekt funktion (l\u00e5st uden str\u00f8m)<\/p>\n<\/li>\n<li class=\"\" data-start=\"1571\" data-end=\"1595\">\n<p class=\"\" data-start=\"1573\" data-end=\"1595\">Til h\u00f8jreh\u00e6ngte d\u00f8re<\/p>\n<\/li>\n<li class=\"\" data-start=\"1596\" data-end=\"1641\">\n<p class=\"\" data-start=\"1598\" data-end=\"1641\">Stempelkontakt og l\u00e5sekontakt til indikation<\/p>\n<\/li>\n<li class=\"\" data-start=\"1642\" data-end=\"1665\">\n<p class=\"\" data-start=\"1644\" data-end=\"1665\">Brudstyrke 15 kN<\/p>\n<\/li>\n<li class=\"\" data-start=\"1666\" data-end=\"1700\">\n<p class=\"\" data-start=\"1668\" data-end=\"1700\">T\u00e5ler st\u00f8betryk op til 500 kg<\/p>\n<\/li>\n<li class=\"\" data-start=\"1701\" data-end=\"1739\">\n<p class=\"\" data-start=\"1703\" data-end=\"1739\">Brandklassificeret E\/EI60, godkendt til RC4<\/p>\n<\/li>\n<li class=\"\" data-start=\"1740\" data-end=\"1768\">\n<p class=\"\" data-start=\"1742\" data-end=\"1768\">Beskyttelsesdiode og st\u00f8dsikker<\/p>\n<\/li>\n<li class=\"\" data-start=\"1769\" data-end=\"1809\">\n<p class=\"\" data-start=\"1771\" data-end=\"1809\">Leveres med 5 meter halogenfrit kabel<\/p>\n<\/li>\n<\/ul>\n<p class=\"\" data-start=\"1811\" data-end=\"1972\"><strong data-start=\"1811\" data-end=\"1834\">Anvendelsesomr\u00e5der:<\/strong><br data-start=\"1834\" data-end=\"1837\" \/>Velegnet til sikkerhedsd\u00f8re i f\u00e6ngsler, banker, offentlige myndigheder og andre d\u00f8rmilj\u00f8er med h\u00f8je krav til hyppig passage og maksimal sikkerhed.<\/p>\n<p class=\"\" data-start=\"1974\" data-end=\"2003\"><strong data-start=\"1974\" data-end=\"2003\">Tekniske specifikationer:<\/strong><\/p>\n<ul data-start=\"2004\" data-end=\"2345\">\n<li class=\"\" data-start=\"2004\" data-end=\"2042\">\n<p class=\"\" data-start=\"2006\" data-end=\"2042\">Driftssp\u00e6nding: 24 V DC (21,6-27,6 V)<\/p>\n<\/li>\n<li class=\"\" data-start=\"2043\" data-end=\"2075\">\n<p class=\"\" data-start=\"2045\" data-end=\"2075\">Str\u00f8mforbrug: 313 mA ul\u00e5st<\/p>\n<\/li>\n<li class=\"\" data-start=\"2076\" data-end=\"2097\">\n<p class=\"\" data-start=\"2078\" data-end=\"2097\">D\u00f8rh\u00e6ngsel: H\u00f8jre<\/p>\n<\/li>\n<li class=\"\" data-start=\"2098\" data-end=\"2119\">\n<p class=\"\" data-start=\"2100\" data-end=\"2119\">Kabell\u00e6ngde: 5 meter<\/p>\n<\/li>\n<li class=\"\" data-start=\"2120\" data-end=\"2139\">\n<p class=\"\" data-start=\"2122\" data-end=\"2139\">Listetryk: 500 kg<\/p>\n<\/li>\n<li class=\"\" data-start=\"2140\" data-end=\"2166\">\n<p class=\"\" data-start=\"2142\" data-end=\"2166\">Brudstyrke: 1500 kg<\/p>\n<\/li>\n<li class=\"\" data-start=\"2167\" data-end=\"2199\">\n<p class=\"\" data-start=\"2169\" data-end=\"2199\">M\u00e5l (BxDxH): 35 x 40 x 230 mm<\/p>\n<\/li>\n<li class=\"\" data-start=\"2200\" data-end=\"2228\">\n<p class=\"\" data-start=\"2202\" data-end=\"2228\">L\u00e5setype: Krogl\u00e5s, Boltl\u00e5s<\/p>\n<\/li>\n<li class=\"\" data-start=\"2229\" data-end=\"2276\">\n<p class=\"\" data-start=\"2231\" data-end=\"2276\">Stempelkontakt: Mikroswitch, max. 30V DC \/ 1A<\/p>\n<\/li>\n<li class=\"\" data-start=\"2277\" data-end=\"2305\">\n<p class=\"\" data-start=\"2279\" data-end=\"2305\">Farve\/finish: Rustfrit st\u00e5l<\/p>\n<\/li>\n<li class=\"\" data-start=\"2306\" data-end=\"2345\">\n<p class=\"\" data-start=\"2308\" data-end=\"2345\">Vurderinger: SundaHus, Byggematerialevurdering<\/p>\n<\/li>\n<\/ul>","protected":false},"excerpt":{"rendered":"<p>Her kan du se, hvilke stolper og modeller, der passer sammen fra STEP serien af Elektriske d\u00f8rstoppere.<\/p>\n<h5><strong><a href=\"https:\/\/steplock.com\/sv\/stolpguide\/#!?lang=sv&amp;blog_id=1&amp;paged=1&amp;number=50\" target=\"_blank\" rel=\"noopener\">TRIN Post guide\u00a0<\/a><\/strong><\/h5>\n<h5><strong><a href=\"https:\/\/steplock.com\/sv\/projekteringsguide\/#!?lang=sv&amp;blog_id=1&amp;paged=1&amp;number=999\" target=\"_blank\" rel=\"noopener\">STEP design guide<\/a><\/strong><\/h5>","protected":false},"featured_media":147379,"template":"","meta":{"_acf_changed":false},"product_brand":[],"product_cat":[3355],"product_tag":[4197,4200],"class_list":{"0":"post-147383","1":"product","2":"type-product","3":"status-publish","4":"has-post-thumbnail","6":"product_cat-elslutbleck","7":"product_tag-24v","8":"product_tag-rattvand","9":"product_shipping_class-tunga-paket","10":"pa_brands-step","11":"tm-no-options","13":"first","14":"instock","15":"sale","16":"taxable","17":"shipping-taxable","18":"purchasable","19":"product-type-simple"},"acf":[],"_links":{"self":[{"href":"https:\/\/secureus.se\/dk\/wp-json\/wp\/v2\/product\/147383","targetHints":{"allow":["GET"]}}],"collection":[{"href":"https:\/\/secureus.se\/dk\/wp-json\/wp\/v2\/product"}],"about":[{"href":"https:\/\/secureus.se\/dk\/wp-json\/wp\/v2\/types\/product"}],"wp:featuredmedia":[{"embeddable":true,"href":"https:\/\/secureus.se\/dk\/wp-json\/wp\/v2\/media\/147379"}],"wp:attachment":[{"href":"https:\/\/secureus.se\/dk\/wp-json\/wp\/v2\/media?parent=147383"}],"wp:term":[{"taxonomy":"product_brand","embeddable":true,"href":"https:\/\/secureus.se\/dk\/wp-json\/wp\/v2\/product_brand?post=147383"},{"taxonomy":"product_cat","embeddable":true,"href":"https:\/\/secureus.se\/dk\/wp-json\/wp\/v2\/product_cat?post=147383"},{"taxonomy":"product_tag","embeddable":true,"href":"https:\/\/secureus.se\/dk\/wp-json\/wp\/v2\/product_tag?post=147383"}],"curies":[{"name":"wp","href":"https:\/\/api.w.org\/{rel}","templated":true}]}}