{"id":147392,"date":"2023-09-26T13:10:08","date_gmt":"2023-09-26T11:10:08","guid":{"rendered":"https:\/\/secureus.se\/elslutbleck-step-28e-vanster-rattvand-24v-9mm-regel\/"},"modified":"2026-04-08T16:02:50","modified_gmt":"2026-04-08T14:02:50","slug":"elslutbleck-step-28e-vanster-rattvand-24v-9mm-regel","status":"publish","type":"product","link":"https:\/\/secureus.se\/dk\/elslutbleck-step-28e-vanster-rattvand-24v-9mm-regel\/","title":{"rendered":"Elektrisk slutstykke TRIN 28E Venstre H\u00f8jre 24V 9mm Rulle"},"content":{"rendered":"<h1>Elektrisk slutstykke TRIN 28E Venstre H\u00f8jre 24V 9mm Rulle<\/h1>\n<p>STEP 28E Secure er et brandklassificeret elektrisk slutstykke med h\u00f8jreh\u00e5ndsfunktion til venstreh\u00e6ngte d\u00f8re. Tilpasset til 9 mm boltl\u00e5se i Connect-serien, med h\u00f8j brudstyrke og stempelkontakt. 5 m kabel medf\u00f8lger.<\/p>\n<p>Elbl\u00e6nde STEP 28E Secure er en elektrisk sl\u00f8jfe, der kombinerer sikkerhed, evakueringsfunktion og brandklassificering med st\u00f8tte til d\u00f8rautomatik.<\/p>\n<p>Denne model er designet til brug med Connect serie boltl\u00e5se med 9 mm stempel og monteres ofte i d\u00f8rmilj\u00f8er, hvor brandkrav efter E\/EI60 skal kombineres med hurtig passage, f.eks. gennem n\u00f8dudgangsl\u00e5se iht. SS-EN 179.<\/p>\n<p class=\"\" data-start=\"911\" data-end=\"1279\">Med h\u00f8jreh\u00e5ndsfunktionen l\u00e5ses el-spj\u00e6ldet i sp\u00e6ndingsl\u00f8s position og er s\u00e6rligt velegnet til d\u00f8re, der skal holdes lukkede ved str\u00f8msvigt.<\/p>\n<p class=\"\" data-start=\"911\" data-end=\"1279\">Stempelkontakt og l\u00e5sekontakt muligg\u00f8r overv\u00e5gning af d\u00f8rstatus til integration i adgangskontrolsystemer og alarmsystemer. Den har ogs\u00e5 en h\u00f8j brudstyrke p\u00e5 over 15 kN (1500 kg) og kan modst\u00e5 b\u00e5ndtryk p\u00e5 op til 500 kg.<\/p>\n<p class=\"\" data-start=\"1281\" data-end=\"1507\">STEP 28E Secure er manipulationssikker, har indbygget beskyttelsesdiode og leveres komplet med et 5 meter halogenfrit tilslutningskabel.<\/p>\n<p class=\"\" data-start=\"1281\" data-end=\"1507\">Den passer til venstreh\u00e6ngte d\u00f8re og tilbyder en robust l\u00f8sning til d\u00f8rmilj\u00f8er med h\u00f8j sikkerhedsprofil.<\/p>\n<p class=\"\" data-start=\"1509\" data-end=\"1535\"><strong data-start=\"1509\" data-end=\"1535\">Funktioner og fordele:<\/strong><\/p>\n<ul data-start=\"1536\" data-end=\"1856\">\n<li class=\"\" data-start=\"1536\" data-end=\"1588\">\n<p class=\"\" data-start=\"1538\" data-end=\"1588\">Tilpasset boltl\u00e5se (9 mm stempel) i Connect-serien<\/p>\n<\/li>\n<li class=\"\" data-start=\"1589\" data-end=\"1632\">\n<p class=\"\" data-start=\"1591\" data-end=\"1632\">H\u00f8jrevendt funktion - l\u00e5st i str\u00f8ml\u00f8s tilstand<\/p>\n<\/li>\n<li class=\"\" data-start=\"1633\" data-end=\"1659\">\n<p class=\"\" data-start=\"1635\" data-end=\"1659\">Til venstreh\u00e6ngte d\u00f8re<\/p>\n<\/li>\n<li class=\"\" data-start=\"1660\" data-end=\"1706\">\n<p class=\"\" data-start=\"1662\" data-end=\"1706\">Stempel- og sp\u00e6rrekontakt til statusoverv\u00e5gning<\/p>\n<\/li>\n<li class=\"\" data-start=\"1707\" data-end=\"1726\">\n<p class=\"\" data-start=\"1709\" data-end=\"1726\">Brandklasse E\/EI60<\/p>\n<\/li>\n<li class=\"\" data-start=\"1727\" data-end=\"1755\">\n<p class=\"\" data-start=\"1729\" data-end=\"1755\">Brudstyrke over 15 kN<\/p>\n<\/li>\n<li class=\"\" data-start=\"1756\" data-end=\"1790\">\n<p class=\"\" data-start=\"1758\" data-end=\"1790\">T\u00e5ler st\u00f8betryk op til 500 kg<\/p>\n<\/li>\n<li class=\"\" data-start=\"1791\" data-end=\"1823\">\n<p class=\"\" data-start=\"1793\" data-end=\"1823\">Sl\u00e5sikker og med beskyttelsesdiode<\/p>\n<\/li>\n<li class=\"\" data-start=\"1824\" data-end=\"1856\">\n<p class=\"\" data-start=\"1826\" data-end=\"1856\">5 meter halogenfrit kabel medf\u00f8lger<\/p>\n<\/li>\n<\/ul>\n<p class=\"\" data-start=\"1858\" data-end=\"2044\"><strong data-start=\"1858\" data-end=\"1881\">Anvendelsesomr\u00e5der:<\/strong><br data-start=\"1881\" data-end=\"1884\" \/>Perfekt til d\u00f8rmilj\u00f8er, hvor brandklassificering, evakuering og sikkerhed b\u00f8r kombineres med d\u00f8rautomatik \u2013 f.eks. i offentlige bygninger, hospitaler, skoler og myndigheder.<\/p>\n<p class=\"\" data-start=\"2046\" data-end=\"2075\"><strong data-start=\"2046\" data-end=\"2075\">Tekniske specifikationer:<\/strong><\/p>\n<ul data-start=\"2076\" data-end=\"2422\">\n<li class=\"\" data-start=\"2076\" data-end=\"2114\">\n<p class=\"\" data-start=\"2078\" data-end=\"2114\">Driftssp\u00e6nding: 24 V DC (21,6-27,6 V)<\/p>\n<\/li>\n<li class=\"\" data-start=\"2115\" data-end=\"2147\">\n<p class=\"\" data-start=\"2117\" data-end=\"2147\">Str\u00f8mforbrug: 500 mA ul\u00e5st<\/p>\n<\/li>\n<li class=\"\" data-start=\"2148\" data-end=\"2171\">\n<p class=\"\" data-start=\"2150\" data-end=\"2171\">D\u00f8rh\u00e6ngsel: Venstre<\/p>\n<\/li>\n<li class=\"\" data-start=\"2172\" data-end=\"2193\">\n<p class=\"\" data-start=\"2174\" data-end=\"2193\">Kabell\u00e6ngde: 5 meter<\/p>\n<\/li>\n<li class=\"\" data-start=\"2194\" data-end=\"2220\">\n<p class=\"\" data-start=\"2196\" data-end=\"2220\">Brudstyrke: 1500 kg<\/p>\n<\/li>\n<li class=\"\" data-start=\"2221\" data-end=\"2240\">\n<p class=\"\" data-start=\"2223\" data-end=\"2240\">Listetryk: 500 kg<\/p>\n<\/li>\n<li class=\"\" data-start=\"2241\" data-end=\"2273\">\n<p class=\"\" data-start=\"2243\" data-end=\"2273\">M\u00e5l (BxDxH): 35 x 40 x 230 mm<\/p>\n<\/li>\n<li class=\"\" data-start=\"2274\" data-end=\"2305\">\n<p class=\"\" data-start=\"2276\" data-end=\"2305\">L\u00e5setype: Krogl\u00e5s, L\u00e5sel\u00e5s<\/p>\n<\/li>\n<li class=\"\" data-start=\"2306\" data-end=\"2353\">\n<p class=\"\" data-start=\"2308\" data-end=\"2353\">Stempelkontakt: Mikroswitch, max. 30V DC \/ 1A<\/p>\n<\/li>\n<li class=\"\" data-start=\"2354\" data-end=\"2382\">\n<p class=\"\" data-start=\"2356\" data-end=\"2382\">Farve\/finish: Rustfrit st\u00e5l<\/p>\n<\/li>\n<li class=\"\" data-start=\"2383\" data-end=\"2422\">\n<p class=\"\" data-start=\"2385\" data-end=\"2422\">Vurderinger: SundaHus, Byggematerialevurdering<\/p>\n<\/li>\n<\/ul>","protected":false},"excerpt":{"rendered":"<p>Her kan du se, hvilke stolper og modeller, der passer sammen fra STEP serien af Elektriske d\u00f8rstoppere.<\/p>\n<h5><strong><a href=\"https:\/\/steplock.com\/sv\/stolpguide\/#!?lang=sv&amp;blog_id=1&amp;paged=1&amp;number=50\" target=\"_blank\" rel=\"noopener\">TRIN Post guide\u00a0<\/a><\/strong><\/h5>\n<h5><strong><a href=\"https:\/\/steplock.com\/sv\/projekteringsguide\/#!?lang=sv&amp;blog_id=1&amp;paged=1&amp;number=999\" target=\"_blank\" rel=\"noopener\">STEP design guide<\/a><\/strong><\/h5>","protected":false},"featured_media":147388,"template":"","meta":{"_acf_changed":false},"product_brand":[],"product_cat":[3355],"product_tag":[4197,4200],"class_list":{"0":"post-147392","1":"product","2":"type-product","3":"status-publish","4":"has-post-thumbnail","6":"product_cat-elslutbleck","7":"product_tag-24v","8":"product_tag-rattvand","9":"product_shipping_class-tunga-paket","10":"pa_brands-step","11":"tm-no-options","13":"first","14":"instock","15":"sale","16":"taxable","17":"shipping-taxable","18":"purchasable","19":"product-type-simple"},"acf":[],"_links":{"self":[{"href":"https:\/\/secureus.se\/dk\/wp-json\/wp\/v2\/product\/147392","targetHints":{"allow":["GET"]}}],"collection":[{"href":"https:\/\/secureus.se\/dk\/wp-json\/wp\/v2\/product"}],"about":[{"href":"https:\/\/secureus.se\/dk\/wp-json\/wp\/v2\/types\/product"}],"wp:featuredmedia":[{"embeddable":true,"href":"https:\/\/secureus.se\/dk\/wp-json\/wp\/v2\/media\/147388"}],"wp:attachment":[{"href":"https:\/\/secureus.se\/dk\/wp-json\/wp\/v2\/media?parent=147392"}],"wp:term":[{"taxonomy":"product_brand","embeddable":true,"href":"https:\/\/secureus.se\/dk\/wp-json\/wp\/v2\/product_brand?post=147392"},{"taxonomy":"product_cat","embeddable":true,"href":"https:\/\/secureus.se\/dk\/wp-json\/wp\/v2\/product_cat?post=147392"},{"taxonomy":"product_tag","embeddable":true,"href":"https:\/\/secureus.se\/dk\/wp-json\/wp\/v2\/product_tag?post=147392"}],"curies":[{"name":"wp","href":"https:\/\/api.w.org\/{rel}","templated":true}]}}