{"id":147408,"date":"2023-09-26T13:08:37","date_gmt":"2023-09-26T11:08:37","guid":{"rendered":"https:\/\/secureus.se\/elslutbleck-step-40-rattvand-12v-kolvkontakt\/"},"modified":"2026-03-26T09:44:39","modified_gmt":"2026-03-26T08:44:39","slug":"elslutbleck-step-40-rattvand-12v-kolvkontakt","status":"publish","type":"product","link":"https:\/\/secureus.se\/dk\/elslutbleck-step-40-rattvand-12v-kolvkontakt\/","title":{"rendered":"Elektrisk slutplade TRIN 40 H\u00f8jrevendt 12V Stempelkontakt"},"content":{"rendered":"<h1>Elektrisk slutplade TRIN 40 H\u00f8jrevendt 12V Stempelkontakt<\/h1>\n<p>STEP 40 Preload er en kompakt elektrisk endeplade med h\u00f8jrevendt funktion, stempelkontakt og 12V drift. Med HPR-teknologi, h\u00f8j brudstyrke og 1,5 millioner cyklusser er det et p\u00e5lideligt valg til dagl\u00e5sning.<\/p>\n<p>Elektrisk endeplade STEP 40 Preload er en elektrisk endeplade i STEPs Preload-serie, der kombinerer kompakt design med enest\u00e5ende p\u00e5lidelighed og lang levetid.<\/p>\n<p>Med den h\u00f8jrevendte funktion (l\u00e5st i str\u00f8ml\u00f8s tilstand) er STEP 40 velegnet til milj\u00f8er, hvor sikker dagl\u00e5sning er vigtig, for eksempel kontord\u00f8re, indgange og gangd\u00f8re.<\/p>\n<p class=\"\" data-start=\"835\" data-end=\"1162\">Takket v\u00e6re STEPs patenterede HPR\u00ae-teknologi er \u00e5bningen garanteret, selvom d\u00f8ren uds\u00e6ttes for b\u00e5ndtryk p\u00e5 op til 250 kg, hvilket giver enest\u00e5ende funktionalitet i hverdagen.<\/p>\n<p class=\"\" data-start=\"835\" data-end=\"1162\">Den h\u00f8je brudstyrke p\u00e5 1.200 kg og testningen op til 1.500.000 cyklusser sikrer, at STEP 40 kan klare h\u00f8j \u00e5bningsfrekvens i lang tid.<\/p>\n<p class=\"\" data-start=\"1164\" data-end=\"1459\">Med en indbygget stempelkontakt f\u00e5r du en klar indikation af, om d\u00f8ren er \u00e5ben eller lukket - ideel til integration i adgangssystemer.<\/p>\n<p class=\"\" data-start=\"1164\" data-end=\"1459\">Den elektriske endeplade er desuden st\u00f8dsikker, har indbygget beskyttelsesdiode og er vendbar til b\u00e5de h\u00f8jre- og venstreh\u00e6ngte d\u00f8re. Velegnet til enkelt- og dobbeltfoldede l\u00e5se.<\/p>\n<p class=\"\" data-start=\"1461\" data-end=\"1487\"><strong data-start=\"1461\" data-end=\"1487\">Funktioner og fordele:<\/strong><\/p>\n<ul data-start=\"1488\" data-end=\"1786\">\n<li class=\"\" data-start=\"1488\" data-end=\"1525\">\n<p class=\"\" data-start=\"1490\" data-end=\"1525\">Korrekt funktion \u2013 l\u00e5st uden str\u00f8m<\/p>\n<\/li>\n<li class=\"\" data-start=\"1526\" data-end=\"1549\">\n<p class=\"\" data-start=\"1528\" data-end=\"1549\">Driftssp\u00e6nding: 12V DC<\/p>\n<\/li>\n<li class=\"\" data-start=\"1550\" data-end=\"1584\">\n<p class=\"\" data-start=\"1552\" data-end=\"1584\">Stempelkontakt til statusindikation<\/p>\n<\/li>\n<li class=\"\" data-start=\"1585\" data-end=\"1630\">\n<p class=\"\" data-start=\"1587\" data-end=\"1630\">HPR\u00ae-teknologi \u2013 \u00e5bner trods 250 kg strimmeltryk<\/p>\n<\/li>\n<li class=\"\" data-start=\"1631\" data-end=\"1658\">\n<p class=\"\" data-start=\"1633\" data-end=\"1658\">Brudstyrke: 1.200 kg<\/p>\n<\/li>\n<li class=\"\" data-start=\"1659\" data-end=\"1688\">\n<p class=\"\" data-start=\"1661\" data-end=\"1688\">Testet i 1.500.000 cyklusser<\/p>\n<\/li>\n<li class=\"\" data-start=\"1689\" data-end=\"1723\">\n<p class=\"\" data-start=\"1691\" data-end=\"1723\">Vendbar til h\u00f8jre\/venstre d\u00f8re<\/p>\n<\/li>\n<li class=\"\" data-start=\"1724\" data-end=\"1753\">\n<p class=\"\" data-start=\"1726\" data-end=\"1753\">Beskyttelsesdiode og bankebeskyttelse<\/p>\n<\/li>\n<li class=\"\" data-start=\"1754\" data-end=\"1786\">\n<p class=\"\" data-start=\"1756\" data-end=\"1786\">Passer til enkelt og dobbelt faldl\u00e5se<\/p>\n<\/li>\n<\/ul>\n<p class=\"\" data-start=\"1788\" data-end=\"1935\"><strong data-start=\"1788\" data-end=\"1811\">Anvendelsesomr\u00e5der:<\/strong><br data-start=\"1811\" data-end=\"1814\" \/>Perfekt til d\u00f8re med krav om stille og p\u00e5lidelig dagl\u00e5sning, f.eks. i kontorer, offentlige lokaler og entr\u00e9er til flere lejligheder.<\/p>\n<p class=\"\" data-start=\"1937\" data-end=\"1966\"><strong data-start=\"1937\" data-end=\"1966\">Tekniske specifikationer:<\/strong><\/p>\n<ul data-start=\"1967\" data-end=\"2339\">\n<li class=\"\" data-start=\"1967\" data-end=\"2005\">\n<p class=\"\" data-start=\"1969\" data-end=\"2005\">Driftssp\u00e6nding: 12 V DC (10,8-13,8 V)<\/p>\n<\/li>\n<li class=\"\" data-start=\"2006\" data-end=\"2050\">\n<p class=\"\" data-start=\"2008\" data-end=\"2050\">Str\u00f8mforbrug: 220 mA ul\u00e5st, max 600 mA<\/p>\n<\/li>\n<li class=\"\" data-start=\"2051\" data-end=\"2098\">\n<p class=\"\" data-start=\"2053\" data-end=\"2098\">Stempelkontakt: Mikroswitch, max. 30V DC \/ 1A<\/p>\n<\/li>\n<li class=\"\" data-start=\"2099\" data-end=\"2138\">\n<p class=\"\" data-start=\"2101\" data-end=\"2138\">D\u00f8rh\u00e6ngsel: H\u00f8jre\/venstre (vendbar)<\/p>\n<\/li>\n<li class=\"\" data-start=\"2139\" data-end=\"2170\">\n<p class=\"\" data-start=\"2141\" data-end=\"2170\">M\u00e5l (BxDxH): 25 x 28 x 90 mm<\/p>\n<\/li>\n<li class=\"\" data-start=\"2171\" data-end=\"2198\">\n<p class=\"\" data-start=\"2173\" data-end=\"2198\">Brudstyrke: 1.200 kg<\/p>\n<\/li>\n<li class=\"\" data-start=\"2199\" data-end=\"2218\">\n<p class=\"\" data-start=\"2201\" data-end=\"2218\">Listetryk: 250 kg<\/p>\n<\/li>\n<li class=\"\" data-start=\"2219\" data-end=\"2236\">\n<p class=\"\" data-start=\"2221\" data-end=\"2236\">Kabel: Medf\u00f8lger ikke<\/p>\n<\/li>\n<li class=\"\" data-start=\"2237\" data-end=\"2270\">\n<p class=\"\" data-start=\"2239\" data-end=\"2270\">L\u00e5setype: Enkelt- og dobbeltfoldet l\u00e5s<\/p>\n<\/li>\n<li class=\"\" data-start=\"2271\" data-end=\"2299\">\n<p class=\"\" data-start=\"2273\" data-end=\"2299\">Farve\/finish: Rustfrit st\u00e5l<\/p>\n<\/li>\n<li class=\"\" data-start=\"2300\" data-end=\"2339\">\n<p class=\"\" data-start=\"2302\" data-end=\"2339\">Vurderinger: SundaHus, Byggematerialevurdering<\/p>\n<\/li>\n<\/ul>","protected":false},"excerpt":{"rendered":"<p>Her kan du se, hvilke stolper og modeller, der passer sammen fra STEP serien af Elektriske d\u00f8rstoppere.<\/p>\n<h5><strong><a href=\"https:\/\/steplock.com\/sv\/stolpguide\/#!?lang=sv&amp;blog_id=1&amp;paged=1&amp;number=50\" target=\"_blank\" rel=\"noopener\">TRIN Post guide\u00a0<\/a><\/strong><\/h5>\n<h5><strong><a href=\"https:\/\/steplock.com\/sv\/projekteringsguide\/#!?lang=sv&amp;blog_id=1&amp;paged=1&amp;number=999\" target=\"_blank\" rel=\"noopener\">STEP design guide<\/a><\/strong><\/h5>","protected":false},"featured_media":147405,"template":"","meta":{"_acf_changed":false},"product_brand":[],"product_cat":[3355],"product_tag":[4198,4200],"class_list":{"0":"post-147408","1":"product","2":"type-product","3":"status-publish","4":"has-post-thumbnail","6":"product_cat-elslutbleck","7":"product_tag-12v","8":"product_tag-rattvand","9":"product_shipping_class-tunga-paket","10":"pa_brands-step","11":"tm-no-options","13":"first","14":"instock","15":"sale","16":"taxable","17":"shipping-taxable","18":"purchasable","19":"product-type-simple"},"acf":[],"_links":{"self":[{"href":"https:\/\/secureus.se\/dk\/wp-json\/wp\/v2\/product\/147408","targetHints":{"allow":["GET"]}}],"collection":[{"href":"https:\/\/secureus.se\/dk\/wp-json\/wp\/v2\/product"}],"about":[{"href":"https:\/\/secureus.se\/dk\/wp-json\/wp\/v2\/types\/product"}],"wp:featuredmedia":[{"embeddable":true,"href":"https:\/\/secureus.se\/dk\/wp-json\/wp\/v2\/media\/147405"}],"wp:attachment":[{"href":"https:\/\/secureus.se\/dk\/wp-json\/wp\/v2\/media?parent=147408"}],"wp:term":[{"taxonomy":"product_brand","embeddable":true,"href":"https:\/\/secureus.se\/dk\/wp-json\/wp\/v2\/product_brand?post=147408"},{"taxonomy":"product_cat","embeddable":true,"href":"https:\/\/secureus.se\/dk\/wp-json\/wp\/v2\/product_cat?post=147408"},{"taxonomy":"product_tag","embeddable":true,"href":"https:\/\/secureus.se\/dk\/wp-json\/wp\/v2\/product_tag?post=147408"}],"curies":[{"name":"wp","href":"https:\/\/api.w.org\/{rel}","templated":true}]}}