{"id":147414,"date":"2023-09-26T13:08:34","date_gmt":"2023-09-26T11:08:34","guid":{"rendered":"https:\/\/secureus.se\/elslutbleck-step-60-rattvand-12v-kolvkontakt-5m-kabel\/"},"modified":"2026-04-08T16:07:48","modified_gmt":"2026-04-08T14:07:48","slug":"elslutbleck-step-60-rattvand-12v-kolvkontakt-5m-kabel","status":"publish","type":"product","link":"https:\/\/secureus.se\/dk\/elslutbleck-step-60-rattvand-12v-kolvkontakt-5m-kabel\/","title":{"rendered":"Elektrisk slutplade STEP 60 Retvinklet 12V Stempelkontakt 5m Kabel"},"content":{"rendered":"<h1>Elektrisk slutplade STEP 60 Retvinklet 12V Stempelkontakt 5m Kabel<\/h1>\n<p>STEP 60 Silent er et lydl\u00f8st elektrisk slutstykke med fremadvendt funktion, 12V drift, stempelkontakt og 5 m halogenfrit kabel. Ideel til d\u00f8re med h\u00f8j brugsfrekvens, hvor lydisolering og sikkerhed er afg\u00f8rende.<\/p>\n<p>STEP 60 Silent el-anl\u00e6gget kombinerer robust konstruktion med j\u00e6vn, lydl\u00f8s drift \u2013 perfekt til milj\u00f8er, hvor b\u00e5de sikkerhed og komfort er afg\u00f8rende.<\/p>\n<p>Elanslaget er en del af STEPs Silent-serie, som er kendetegnet ved patenteret teknologi til n\u00e6sten lydl\u00f8s \u00e5bning og lukning.<\/p>\n<p class=\"\" data-start=\"840\" data-end=\"1274\">Med h\u00f8jreh\u00e5ndsfunktionen \u2013 l\u00e5st i sp\u00e6ndingsl\u00f8s position \u2013 og en driftssp\u00e6nding p\u00e5 12V DC er STEP 60 s\u00e6rdeles velegnet til d\u00f8re, hvor sikker lukning selv i tilf\u00e6lde af str\u00f8msvigt er kritisk.<\/p>\n<p class=\"\" data-start=\"840\" data-end=\"1274\">Den er brandklassificeret op til E\/EI120 i henhold til SS-EN 14846:2008 og kan \u00e5bnes trods b\u00e5ndtryk p\u00e5 op til 100 kg. Med en brudstyrke p\u00e5 16 kN (1600 kg) er det elektriske slutstykke designet til milj\u00f8er med et h\u00f8jt sikkerhedsniveau og daglig brug.<\/p>\n<p class=\"\" data-start=\"1276\" data-end=\"1541\">Produktet har et indbygget stempel og l\u00e5sekontakt, der giver fuld statusoverv\u00e5gning (\u00e5ben\/lukket, l\u00e5st\/ul\u00e5st) \u2013 ideel til integration med alarmer og adgangskontrolsystemer.<\/p>\n<p class=\"\" data-start=\"1276\" data-end=\"1541\">Den er desuden manipulationssikker, har indbygget beskyttelsesdiode og kommer med et 5 meter halogenfrit kabel.<\/p>\n<p class=\"\" data-start=\"1543\" data-end=\"1569\"><strong data-start=\"1543\" data-end=\"1569\">Funktioner og fordele:<\/strong><\/p>\n<ul data-start=\"1570\" data-end=\"1879\">\n<li class=\"\" data-start=\"1570\" data-end=\"1607\">\n<p class=\"\" data-start=\"1572\" data-end=\"1607\">Korrekt funktion \u2013 l\u00e5st uden str\u00f8m<\/p>\n<\/li>\n<li class=\"\" data-start=\"1608\" data-end=\"1646\">\n<p class=\"\" data-start=\"1610\" data-end=\"1646\">Stille og j\u00e6vnt l\u00f8b med Silent-teknologi<\/p>\n<\/li>\n<li class=\"\" data-start=\"1647\" data-end=\"1661\">\n<p class=\"\" data-start=\"1649\" data-end=\"1661\">12V DC drift<\/p>\n<\/li>\n<li class=\"\" data-start=\"1662\" data-end=\"1708\">\n<p class=\"\" data-start=\"1664\" data-end=\"1708\">Stempel- og sp\u00e6rrekontakt til statusoverv\u00e5gning<\/p>\n<\/li>\n<li class=\"\" data-start=\"1709\" data-end=\"1734\">\n<p class=\"\" data-start=\"1711\" data-end=\"1734\">T\u00e5ler 100 kg b\u00e5ndtryk<\/p>\n<\/li>\n<li class=\"\" data-start=\"1735\" data-end=\"1758\">\n<p class=\"\" data-start=\"1737\" data-end=\"1758\">Brudstyrke 16 kN<\/p>\n<\/li>\n<li class=\"\" data-start=\"1759\" data-end=\"1781\">\n<p class=\"\" data-start=\"1761\" data-end=\"1781\">Brandklassificeret E\/EI120<\/p>\n<\/li>\n<li class=\"\" data-start=\"1782\" data-end=\"1811\">\n<p class=\"\" data-start=\"1784\" data-end=\"1811\">Beskyttelsesdiode og bankebeskyttelse<\/p>\n<\/li>\n<li class=\"\" data-start=\"1812\" data-end=\"1840\">\n<p class=\"\" data-start=\"1814\" data-end=\"1840\">5 m halogenfrit kabel medf\u00f8lger<\/p>\n<\/li>\n<li class=\"\" data-start=\"1841\" data-end=\"1879\">\n<p class=\"\" data-start=\"1843\" data-end=\"1879\">Passer til b\u00e5de h\u00f8jre og venstre d\u00f8re<\/p>\n<\/li>\n<\/ul>\n<p class=\"\" data-start=\"1881\" data-end=\"2038\"><strong data-start=\"1881\" data-end=\"1904\">Anvendelsesomr\u00e5der:<\/strong><br data-start=\"1904\" data-end=\"1907\" \/>Velegnet til offentlige milj\u00f8er, kontorer, hospitaler, skoler og lejlighedsindgange, hvor b\u00e5de lavt st\u00f8jniveau og sikker funktion er vigtigt.<\/p>\n<p class=\"\" data-start=\"2040\" data-end=\"2069\"><strong data-start=\"2040\" data-end=\"2069\">Tekniske specifikationer:<\/strong><\/p>\n<ul data-start=\"2070\" data-end=\"2443\">\n<li class=\"\" data-start=\"2070\" data-end=\"2108\">\n<p class=\"\" data-start=\"2072\" data-end=\"2108\">Driftssp\u00e6nding: 12 V DC (10,8-13,8 V)<\/p>\n<\/li>\n<li class=\"\" data-start=\"2109\" data-end=\"2153\">\n<p class=\"\" data-start=\"2111\" data-end=\"2153\">Str\u00f8mforbrug: 242 mA ul\u00e5st, max 500 mA<\/p>\n<\/li>\n<li class=\"\" data-start=\"2154\" data-end=\"2193\">\n<p class=\"\" data-start=\"2156\" data-end=\"2193\">D\u00f8rh\u00e6ngsel: H\u00f8jre\/venstre (vendbar)<\/p>\n<\/li>\n<li class=\"\" data-start=\"2194\" data-end=\"2215\">\n<p class=\"\" data-start=\"2196\" data-end=\"2215\">Kabell\u00e6ngde: 5 meter<\/p>\n<\/li>\n<li class=\"\" data-start=\"2216\" data-end=\"2242\">\n<p class=\"\" data-start=\"2218\" data-end=\"2242\">Brudstyrke: 1600 kg<\/p>\n<\/li>\n<li class=\"\" data-start=\"2243\" data-end=\"2262\">\n<p class=\"\" data-start=\"2245\" data-end=\"2262\">Listetryk: 100 kg<\/p>\n<\/li>\n<li class=\"\" data-start=\"2263\" data-end=\"2297\">\n<p class=\"\" data-start=\"2265\" data-end=\"2297\">M\u00e5l (BxDxH): 28 x 34 x 149,5 mm<\/p>\n<\/li>\n<li class=\"\" data-start=\"2298\" data-end=\"2340\">\n<p class=\"\" data-start=\"2300\" data-end=\"2340\">Stempelkontakt: Mikrokontakt, 30 V DC \/ 1 A<\/p>\n<\/li>\n<li class=\"\" data-start=\"2341\" data-end=\"2374\">\n<p class=\"\" data-start=\"2343\" data-end=\"2374\">L\u00e5setype: Enkelt- og dobbeltfoldet l\u00e5s<\/p>\n<\/li>\n<li class=\"\" data-start=\"2375\" data-end=\"2403\">\n<p class=\"\" data-start=\"2377\" data-end=\"2403\">Farve\/finish: Rustfrit st\u00e5l<\/p>\n<\/li>\n<li class=\"\" data-start=\"2404\" data-end=\"2443\">\n<p class=\"\" data-start=\"2406\" data-end=\"2443\">Vurderinger: SundaHus, Byggematerialevurdering<\/p>\n<\/li>\n<\/ul>","protected":false},"excerpt":{"rendered":"<p>Her kan du se, hvilke stolper og modeller, der passer sammen fra STEP serien af Elektriske d\u00f8rstoppere.<\/p>\n<h5><strong><a href=\"https:\/\/steplock.com\/sv\/stolpguide\/#!?lang=sv&amp;blog_id=1&amp;paged=1&amp;number=50\" target=\"_blank\" rel=\"noopener\">TRIN Post guide\u00a0<\/a><\/strong><\/h5>\n<h5><strong><a href=\"https:\/\/steplock.com\/sv\/projekteringsguide\/#!?lang=sv&amp;blog_id=1&amp;paged=1&amp;number=999\" target=\"_blank\" rel=\"noopener\">STEP design guide<\/a><\/strong><\/h5>","protected":false},"featured_media":147410,"template":"","meta":{"_acf_changed":false},"product_brand":[],"product_cat":[3355],"product_tag":[4198,4200],"class_list":{"0":"post-147414","1":"product","2":"type-product","3":"status-publish","4":"has-post-thumbnail","6":"product_cat-elslutbleck","7":"product_tag-12v","8":"product_tag-rattvand","9":"product_shipping_class-tunga-paket","10":"pa_brands-step","11":"tm-no-options","13":"first","14":"instock","15":"sale","16":"taxable","17":"shipping-taxable","18":"purchasable","19":"product-type-simple"},"acf":[],"_links":{"self":[{"href":"https:\/\/secureus.se\/dk\/wp-json\/wp\/v2\/product\/147414","targetHints":{"allow":["GET"]}}],"collection":[{"href":"https:\/\/secureus.se\/dk\/wp-json\/wp\/v2\/product"}],"about":[{"href":"https:\/\/secureus.se\/dk\/wp-json\/wp\/v2\/types\/product"}],"wp:featuredmedia":[{"embeddable":true,"href":"https:\/\/secureus.se\/dk\/wp-json\/wp\/v2\/media\/147410"}],"wp:attachment":[{"href":"https:\/\/secureus.se\/dk\/wp-json\/wp\/v2\/media?parent=147414"}],"wp:term":[{"taxonomy":"product_brand","embeddable":true,"href":"https:\/\/secureus.se\/dk\/wp-json\/wp\/v2\/product_brand?post=147414"},{"taxonomy":"product_cat","embeddable":true,"href":"https:\/\/secureus.se\/dk\/wp-json\/wp\/v2\/product_cat?post=147414"},{"taxonomy":"product_tag","embeddable":true,"href":"https:\/\/secureus.se\/dk\/wp-json\/wp\/v2\/product_tag?post=147414"}],"curies":[{"name":"wp","href":"https:\/\/api.w.org\/{rel}","templated":true}]}}