{"id":147422,"date":"2023-09-26T13:10:07","date_gmt":"2023-09-26T11:10:07","guid":{"rendered":"https:\/\/secureus.se\/elslutbleck-step-98-rattvand-24v\/"},"modified":"2026-03-26T09:45:38","modified_gmt":"2026-03-26T08:45:38","slug":"elslutbleck-step-98-rattvand-24v","status":"publish","type":"product","link":"https:\/\/secureus.se\/dk\/elslutbleck-step-98-rattvand-24v\/","title":{"rendered":"Elektrisk slutplade STEP 98 H\u00f8jrevendt 24V"},"content":{"rendered":"<h1>Elektrisk slutplade STEP 98 H\u00f8jrevendt 24V<\/h1>\n<p>STEP 98 Preload er et kompakt, brandklassificeret elektrisk slutstykke med h\u00f8jresvingsfunktion og indbygget st\u00f8beteknologi. Velegnet til knop- eller n\u00f8glel\u00e5se, kan modst\u00e5 40 kg b\u00e5ndtryk og er vendbar til h\u00f8jre\/venstre d\u00f8re.<\/p>\n<p>STEP 98 Preload elektrisk slutb\u00f8jle er et p\u00e5lideligt elektrisk slutstykke fra STEPs Preload-serie - designet til d\u00f8rmilj\u00f8er, hvor funktion, sikkerhed og nem installation er i fokus.<\/p>\n<p>Med h\u00f8jreh\u00e5ndsfunktionen (l\u00e5ses ved str\u00f8msvigt) er den ideel til d\u00f8re, der l\u00e5ses med drejeknap eller n\u00f8gle, fx i etageejendomme, kontorer eller teknikrum.<\/p>\n<p class=\"\" data-start=\"843\" data-end=\"1137\">Elsluttningen er brandklassificeret i henhold til E\/EI120 og kan l\u00e5ses op, selvom d\u00f8ren uds\u00e6ttes for b\u00e5ndtryk p\u00e5 op til 40 kg, takket v\u00e6re STEPs patenterede b\u00e5ndtrykteknologi.<\/p>\n<p class=\"\" data-start=\"843\" data-end=\"1137\">Den er desuden manipulationssikker, har indbygget beskyttelsesdiode og er vendbar til b\u00e5de h\u00f8jre- og venstreh\u00e6ngte d\u00f8re.<\/p>\n<p class=\"\" data-start=\"1139\" data-end=\"1431\">STEP 98 er kompatibel med b\u00e5de enkelt- og dobbeltl\u00e5se, samt med n\u00f8dudgangsl\u00e5se, hvor manuel l\u00e5sning er p\u00e5kr\u00e6vet.<\/p>\n<p class=\"\" data-start=\"1139\" data-end=\"1431\">Det er ogs\u00e5 muligt at supplere med ST4880 boltindikatoren, som muligg\u00f8r automatisk sp\u00e6rring af adgangssystemet, n\u00e5r krogbolten eller lige bolten er l\u00e5st ud.<\/p>\n<p class=\"\" data-start=\"1433\" data-end=\"1459\"><strong data-start=\"1433\" data-end=\"1459\">Funktioner og fordele:<\/strong><\/p>\n<ul data-start=\"1460\" data-end=\"1768\">\n<li class=\"\" data-start=\"1460\" data-end=\"1503\">\n<p class=\"\" data-start=\"1462\" data-end=\"1503\">H\u00f8jrevendt funktion - l\u00e5st i str\u00f8ml\u00f8s tilstand<\/p>\n<\/li>\n<li class=\"\" data-start=\"1504\" data-end=\"1548\">\n<p class=\"\" data-start=\"1506\" data-end=\"1548\">Brandklasse E\/EI120 iht. SS-EN 14846:2008<\/p>\n<\/li>\n<li class=\"\" data-start=\"1549\" data-end=\"1582\">\n<p class=\"\" data-start=\"1551\" data-end=\"1582\">Klarer b\u00e5ndtryk op til 40 kg<\/p>\n<\/li>\n<li class=\"\" data-start=\"1583\" data-end=\"1607\">\n<p class=\"\" data-start=\"1585\" data-end=\"1607\">Brudstyrke 900 kg<\/p>\n<\/li>\n<li class=\"\" data-start=\"1608\" data-end=\"1642\">\n<p class=\"\" data-start=\"1610\" data-end=\"1642\">Antibanke og beskyttelsesdiode medf\u00f8lger<\/p>\n<\/li>\n<li class=\"\" data-start=\"1643\" data-end=\"1682\">\n<p class=\"\" data-start=\"1645\" data-end=\"1682\">Kompatibel med krog og lige st\u00e6nger<\/p>\n<\/li>\n<li class=\"\" data-start=\"1683\" data-end=\"1726\">\n<p class=\"\" data-start=\"1685\" data-end=\"1726\">Vendbar \u2013 passer til h\u00f8jre og venstre d\u00f8re<\/p>\n<\/li>\n<li class=\"\" data-start=\"1727\" data-end=\"1768\">\n<p class=\"\" data-start=\"1729\" data-end=\"1768\">Mulighed for regelindikation (ST4880)<\/p>\n<\/li>\n<\/ul>\n<p class=\"\" data-start=\"1770\" data-end=\"1966\"><strong data-start=\"1770\" data-end=\"1793\">Anvendelsesomr\u00e5der:<\/strong><br data-start=\"1793\" data-end=\"1796\" \/>Ideel til indvendige d\u00f8re, gangd\u00f8re, tekniske rum eller flerfamilieindgange, hvor sikkerhed og driftssikkerhed er p\u00e5kr\u00e6vet i kombination med brandklasse og nem installation.<\/p>\n<p class=\"\" data-start=\"1968\" data-end=\"1997\"><strong data-start=\"1968\" data-end=\"1997\">Tekniske specifikationer:<\/strong><\/p>\n<ul data-start=\"1998\" data-end=\"2338\">\n<li class=\"\" data-start=\"1998\" data-end=\"2036\">\n<p class=\"\" data-start=\"2000\" data-end=\"2036\">Driftssp\u00e6nding: 24 V DC (21,6-27,6 V)<\/p>\n<\/li>\n<li class=\"\" data-start=\"2037\" data-end=\"2081\">\n<p class=\"\" data-start=\"2039\" data-end=\"2081\">Str\u00f8mforbrug: 110 mA ul\u00e5st, max 300 mA<\/p>\n<\/li>\n<li class=\"\" data-start=\"2082\" data-end=\"2121\">\n<p class=\"\" data-start=\"2084\" data-end=\"2121\">D\u00f8rh\u00e6ngsel: H\u00f8jre\/venstre (vendbar)<\/p>\n<\/li>\n<li class=\"\" data-start=\"2122\" data-end=\"2153\">\n<p class=\"\" data-start=\"2124\" data-end=\"2153\">M\u00e5l (BxDxH): 25 x 35 x 90 mm<\/p>\n<\/li>\n<li class=\"\" data-start=\"2154\" data-end=\"2179\">\n<p class=\"\" data-start=\"2156\" data-end=\"2179\">Brudstyrke: 900 kg<\/p>\n<\/li>\n<li class=\"\" data-start=\"2180\" data-end=\"2198\">\n<p class=\"\" data-start=\"2182\" data-end=\"2198\">Listetryk: 40 kg<\/p>\n<\/li>\n<li class=\"\" data-start=\"2199\" data-end=\"2217\">\n<p class=\"\" data-start=\"2201\" data-end=\"2217\">Stempelkontakt: Nej<\/p>\n<\/li>\n<li class=\"\" data-start=\"2218\" data-end=\"2235\">\n<p class=\"\" data-start=\"2220\" data-end=\"2235\">Kabel: Medf\u00f8lger ikke<\/p>\n<\/li>\n<li class=\"\" data-start=\"2236\" data-end=\"2269\">\n<p class=\"\" data-start=\"2238\" data-end=\"2269\">L\u00e5setype: Enkelt- og dobbeltfoldet l\u00e5s<\/p>\n<\/li>\n<li class=\"\" data-start=\"2270\" data-end=\"2298\">\n<p class=\"\" data-start=\"2272\" data-end=\"2298\">Farve\/finish: Rustfrit st\u00e5l<\/p>\n<\/li>\n<li class=\"\" data-start=\"2299\" data-end=\"2338\">\n<p class=\"\" data-start=\"2301\" data-end=\"2338\">Vurderinger: SundaHus, Byggematerialevurdering<\/p>\n<\/li>\n<\/ul>","protected":false},"excerpt":{"rendered":"<p>Her kan du se, hvilke stolper og modeller, der passer sammen fra STEP serien af Elektriske d\u00f8rstoppere.<\/p>\n<h5><strong><a href=\"https:\/\/steplock.com\/sv\/stolpguide\/#!?lang=sv&amp;blog_id=1&amp;paged=1&amp;number=50\" target=\"_blank\" rel=\"noopener\">TRIN Post guide\u00a0<\/a><\/strong><\/h5>\n<h5><strong><a href=\"https:\/\/steplock.com\/sv\/projekteringsguide\/#!?lang=sv&amp;blog_id=1&amp;paged=1&amp;number=999\" target=\"_blank\" rel=\"noopener\">STEP design guide<\/a><\/strong><\/h5>","protected":false},"featured_media":147421,"template":"","meta":{"_acf_changed":false},"product_brand":[],"product_cat":[3355],"product_tag":[4197,4200],"class_list":{"0":"post-147422","1":"product","2":"type-product","3":"status-publish","4":"has-post-thumbnail","6":"product_cat-elslutbleck","7":"product_tag-24v","8":"product_tag-rattvand","9":"product_shipping_class-tunga-paket","10":"pa_brands-step","11":"tm-no-options","13":"first","14":"instock","15":"sale","16":"taxable","17":"shipping-taxable","18":"purchasable","19":"product-type-simple"},"acf":[],"_links":{"self":[{"href":"https:\/\/secureus.se\/dk\/wp-json\/wp\/v2\/product\/147422","targetHints":{"allow":["GET"]}}],"collection":[{"href":"https:\/\/secureus.se\/dk\/wp-json\/wp\/v2\/product"}],"about":[{"href":"https:\/\/secureus.se\/dk\/wp-json\/wp\/v2\/types\/product"}],"wp:featuredmedia":[{"embeddable":true,"href":"https:\/\/secureus.se\/dk\/wp-json\/wp\/v2\/media\/147421"}],"wp:attachment":[{"href":"https:\/\/secureus.se\/dk\/wp-json\/wp\/v2\/media?parent=147422"}],"wp:term":[{"taxonomy":"product_brand","embeddable":true,"href":"https:\/\/secureus.se\/dk\/wp-json\/wp\/v2\/product_brand?post=147422"},{"taxonomy":"product_cat","embeddable":true,"href":"https:\/\/secureus.se\/dk\/wp-json\/wp\/v2\/product_cat?post=147422"},{"taxonomy":"product_tag","embeddable":true,"href":"https:\/\/secureus.se\/dk\/wp-json\/wp\/v2\/product_tag?post=147422"}],"curies":[{"name":"wp","href":"https:\/\/api.w.org\/{rel}","templated":true}]}}