{"id":147425,"date":"2023-09-26T13:08:28","date_gmt":"2023-09-26T11:08:28","guid":{"rendered":"https:\/\/secureus.se\/elslutbleck-step-18-vanster-rattvand-24v-12mm-regel\/"},"modified":"2026-04-23T12:28:42","modified_gmt":"2026-04-23T10:28:42","slug":"elslutbleck-step-18-vanster-rattvand-24v-12mm-regel","status":"publish","type":"product","link":"https:\/\/secureus.se\/dk\/elslutbleck-step-18-vanster-rattvand-24v-12mm-regel\/","title":{"rendered":"Elektrisk slagplade TRIN 18 Venstre H\u00f8jre 24V 12mm Lineal"},"content":{"rendered":"<h1>Elektrisk slagplade TRIN 18 Venstre H\u00f8jre 24V 12mm Lineal<\/h1>\n<p>TRIN 18 Secure er en h\u00f8jsikkerheds elektrisk sl\u00f8jfe med h\u00f8jreh\u00e5ndsfunktion til venstreh\u00e6ngte d\u00f8re. Tilpasset til 12 mm stempel i Modul serien. Brandklassificeret E\/EI60, med stempelstik og 5 meter kabel.<\/p>\n<p>STEP 18 Secure elektrisk slutb\u00f8jle er et kraftigt elektrisk slutstykke i STEPs Secure-serie \u2013 specielt udviklet til d\u00f8rmilj\u00f8er, hvor sikkerhed, p\u00e5lidelighed og hurtige \u00e5bninger er afg\u00f8rende.<\/p>\n<p>Denne model er tilpasset boltl\u00e5se med 12 mm stempel i Modul serien og monteres i venstreh\u00e6ngte d\u00f8re.<\/p>\n<p class=\"\" data-start=\"817\" data-end=\"1104\">Med h\u00f8jreh\u00e5ndsfunktionen l\u00e5ses el-spj\u00e6ldet i str\u00f8ml\u00f8s position, hvilket er velegnet til sikkerhedsklassificerede d\u00f8re, hvor uautoriseret passage skal forhindres i tilf\u00e6lde af str\u00f8mafbrydelse.<\/p>\n<p class=\"\" data-start=\"817\" data-end=\"1104\">Produktet er brandklassificeret op til E\/EI60 og godkendt til RC4-klassificerede sikkerhedsd\u00f8re i henhold til g\u00e6ldende standarder.<\/p>\n<p class=\"\" data-start=\"1106\" data-end=\"1496\">Takket v\u00e6re stempelkontakten og l\u00e5sekontakten er fuld overv\u00e5gning af d\u00f8rens status (\u00e5ben\/lukket, l\u00e5st\/ul\u00e5st) mulig, hvilket g\u00f8r det elektriske slutstykke perfekt til integration med adgangskontrolsystemer og alarml\u00f8sninger.<\/p>\n<p class=\"\" data-start=\"1106\" data-end=\"1496\">Med en brudstyrke p\u00e5 15 kN (1500 kg) og evnen til at \u00e5bne trods b\u00e5ndtryk p\u00e5 op til 5 kN (500 kg), er STEP 18 bygget til intensiv brug i h\u00f8jkapacitetsmilj\u00f8er.<\/p>\n<p class=\"\" data-start=\"1498\" data-end=\"1681\">Produktet leveres komplet med et 5 meter halogenfrit tilslutningskabel, har indbygget beskyttelsesdiode, er st\u00f8dsikkert og optimeret til at h\u00e5ndtere b\u00e5de frem- og bakfunktion.<\/p>\n<p class=\"\" data-start=\"1683\" data-end=\"1709\"><strong data-start=\"1683\" data-end=\"1709\">Funktioner og fordele:<\/strong><\/p>\n<ul data-start=\"1710\" data-end=\"2033\">\n<li class=\"\" data-start=\"1710\" data-end=\"1747\">\n<p class=\"\" data-start=\"1712\" data-end=\"1747\">Korrekt funktion \u2013 l\u00e5st uden str\u00f8m<\/p>\n<\/li>\n<li class=\"\" data-start=\"1748\" data-end=\"1787\">\n<p class=\"\" data-start=\"1750\" data-end=\"1787\">Tilpasset til Modul serien, 12 mm stempel<\/p>\n<\/li>\n<li class=\"\" data-start=\"1788\" data-end=\"1814\">\n<p class=\"\" data-start=\"1790\" data-end=\"1814\">Til venstreh\u00e6ngte d\u00f8re<\/p>\n<\/li>\n<li class=\"\" data-start=\"1815\" data-end=\"1852\">\n<p class=\"\" data-start=\"1817\" data-end=\"1852\">Brandklassificeret E\/EI60 og RC4 godkendt<\/p>\n<\/li>\n<li class=\"\" data-start=\"1853\" data-end=\"1899\">\n<p class=\"\" data-start=\"1855\" data-end=\"1899\">Stempel- og sp\u00e6rrekontakt til statusoverv\u00e5gning<\/p>\n<\/li>\n<li class=\"\" data-start=\"1900\" data-end=\"1923\">\n<p class=\"\" data-start=\"1902\" data-end=\"1923\">Brudstyrke 15 kN<\/p>\n<\/li>\n<li class=\"\" data-start=\"1924\" data-end=\"1958\">\n<p class=\"\" data-start=\"1926\" data-end=\"1958\">T\u00e5ler st\u00f8betryk op til 500 kg<\/p>\n<\/li>\n<li class=\"\" data-start=\"1959\" data-end=\"1992\">\n<p class=\"\" data-start=\"1961\" data-end=\"1992\">Sl\u00e5sikker, indbygget beskyttelsesdiode<\/p>\n<\/li>\n<li class=\"\" data-start=\"1993\" data-end=\"2033\">\n<p class=\"\" data-start=\"1995\" data-end=\"2033\">Leveres med 5 meter halogenfrit kabel<\/p>\n<\/li>\n<\/ul>\n<p class=\"\" data-start=\"2035\" data-end=\"2188\"><strong data-start=\"2035\" data-end=\"2058\">Anvendelsesomr\u00e5der:<\/strong><br data-start=\"2058\" data-end=\"2061\" \/>Velegnet til sikkerhedsd\u00f8re, f\u00e6ngsler, banker og andre h\u00f8jsikkerhedsmilj\u00f8er, hvor der kr\u00e6ves elektrisk l\u00e5sning med h\u00f8j driftssikkerhed.<\/p>\n<p class=\"\" data-start=\"2190\" data-end=\"2219\"><strong data-start=\"2190\" data-end=\"2219\">Tekniske specifikationer:<\/strong><\/p>\n<ul data-start=\"2220\" data-end=\"2566\">\n<li class=\"\" data-start=\"2220\" data-end=\"2258\">\n<p class=\"\" data-start=\"2222\" data-end=\"2258\">Driftssp\u00e6nding: 24 V DC (21,6-27,6 V)<\/p>\n<\/li>\n<li class=\"\" data-start=\"2259\" data-end=\"2291\">\n<p class=\"\" data-start=\"2261\" data-end=\"2291\">Str\u00f8mforbrug: 313 mA ul\u00e5st<\/p>\n<\/li>\n<li class=\"\" data-start=\"2292\" data-end=\"2315\">\n<p class=\"\" data-start=\"2294\" data-end=\"2315\">D\u00f8rh\u00e6ngsel: Venstre<\/p>\n<\/li>\n<li class=\"\" data-start=\"2316\" data-end=\"2337\">\n<p class=\"\" data-start=\"2318\" data-end=\"2337\">Kabell\u00e6ngde: 5 meter<\/p>\n<\/li>\n<li class=\"\" data-start=\"2338\" data-end=\"2364\">\n<p class=\"\" data-start=\"2340\" data-end=\"2364\">Brudstyrke: 1500 kg<\/p>\n<\/li>\n<li class=\"\" data-start=\"2365\" data-end=\"2384\">\n<p class=\"\" data-start=\"2367\" data-end=\"2384\">Listetryk: 500 kg<\/p>\n<\/li>\n<li class=\"\" data-start=\"2385\" data-end=\"2417\">\n<p class=\"\" data-start=\"2387\" data-end=\"2417\">M\u00e5l (BxDxH): 35 x 40 x 230 mm<\/p>\n<\/li>\n<li class=\"\" data-start=\"2418\" data-end=\"2449\">\n<p class=\"\" data-start=\"2420\" data-end=\"2449\">L\u00e5setype: Krogl\u00e5s, L\u00e5sel\u00e5s<\/p>\n<\/li>\n<li class=\"\" data-start=\"2450\" data-end=\"2497\">\n<p class=\"\" data-start=\"2452\" data-end=\"2497\">Stempelkontakt: Mikroswitch, max. 30V DC \/ 1A<\/p>\n<\/li>\n<li class=\"\" data-start=\"2498\" data-end=\"2526\">\n<p class=\"\" data-start=\"2500\" data-end=\"2526\">Farve\/finish: Rustfrit st\u00e5l<\/p>\n<\/li>\n<li class=\"\" data-start=\"2527\" data-end=\"2566\">\n<p class=\"\" data-start=\"2529\" data-end=\"2566\">Vurderinger: SundaHus, Byggematerialevurdering<\/p>\n<\/li>\n<\/ul>","protected":false},"excerpt":{"rendered":"<p>Her kan du se, hvilke stolper og modeller, der passer sammen fra STEP serien af Elektriske d\u00f8rstoppere.<\/p>\n<h5><strong><a href=\"https:\/\/steplock.com\/sv\/stolpguide\/#!?lang=sv&amp;blog_id=1&amp;paged=1&amp;number=50\" target=\"_blank\" rel=\"noopener\">TRIN Post guide\u00a0<\/a><\/strong><\/h5>\n<h5><strong><a href=\"https:\/\/steplock.com\/sv\/projekteringsguide\/#!?lang=sv&amp;blog_id=1&amp;paged=1&amp;number=999\" target=\"_blank\" rel=\"noopener\">STEP design guide<\/a><\/strong><\/h5>","protected":false},"featured_media":147423,"template":"","meta":{"_acf_changed":false},"product_brand":[],"product_cat":[3355],"product_tag":[4197,4200],"class_list":{"0":"post-147425","1":"product","2":"type-product","3":"status-publish","4":"has-post-thumbnail","6":"product_cat-elslutbleck","7":"product_tag-24v","8":"product_tag-rattvand","9":"product_shipping_class-tunga-paket","10":"pa_brands-step","11":"tm-no-options","13":"first","14":"onbackorder","15":"sale","16":"taxable","17":"shipping-taxable","18":"purchasable","19":"product-type-simple"},"acf":[],"_links":{"self":[{"href":"https:\/\/secureus.se\/dk\/wp-json\/wp\/v2\/product\/147425","targetHints":{"allow":["GET"]}}],"collection":[{"href":"https:\/\/secureus.se\/dk\/wp-json\/wp\/v2\/product"}],"about":[{"href":"https:\/\/secureus.se\/dk\/wp-json\/wp\/v2\/types\/product"}],"wp:featuredmedia":[{"embeddable":true,"href":"https:\/\/secureus.se\/dk\/wp-json\/wp\/v2\/media\/147423"}],"wp:attachment":[{"href":"https:\/\/secureus.se\/dk\/wp-json\/wp\/v2\/media?parent=147425"}],"wp:term":[{"taxonomy":"product_brand","embeddable":true,"href":"https:\/\/secureus.se\/dk\/wp-json\/wp\/v2\/product_brand?post=147425"},{"taxonomy":"product_cat","embeddable":true,"href":"https:\/\/secureus.se\/dk\/wp-json\/wp\/v2\/product_cat?post=147425"},{"taxonomy":"product_tag","embeddable":true,"href":"https:\/\/secureus.se\/dk\/wp-json\/wp\/v2\/product_tag?post=147425"}],"curies":[{"name":"wp","href":"https:\/\/api.w.org\/{rel}","templated":true}]}}