{"id":147434,"date":"2023-09-26T13:10:04","date_gmt":"2023-09-26T11:10:04","guid":{"rendered":"https:\/\/secureus.se\/elslutbleck-step-90-omvand-24v\/"},"modified":"2026-04-23T12:33:42","modified_gmt":"2026-04-23T10:33:42","slug":"elslutbleck-step-90-omvand-24v","status":"publish","type":"product","link":"https:\/\/secureus.se\/dk\/elslutbleck-step-90-omvand-24v\/","title":{"rendered":"Elsluttende STEP 90 Reverse 24V"},"content":{"rendered":"<h1>Elsluttende STEP 90 Reverse 24V<\/h1>\n<p>STEP 90 Preload er et kompakt elektrisk slutstykke med omvendt funktion og HPR-teknologi. Brandklassificeret E\/EI120 og bygget til h\u00f8j \u00e5bningsfrekvens. Passer til Connect, Modul og Narrow Profile l\u00e5sehuse.<\/p>\n<p>STEP 90 Preload elektriske slutstykket er et kompakt og kraftfuldt elektrisk slutstykke med omvendt funktion - hvilket betyder, at l\u00e5sen l\u00e5ses op i den str\u00f8ml\u00f8se position, en vigtig egenskab i flugtveje eller milj\u00f8er, hvor sikker passage skal garanteres, selv i tilf\u00e6lde af str\u00f8mafbrydelse.<\/p>\n<p class=\"\" data-start=\"731\" data-end=\"1059\">Det elektriske slutslag er brandgodkendt op til E\/EI120 iht. SS-EN 14846:2008 og udstyret med STEPs patenterede HPR\u00ae teknologi, der sikrer \u00e5bning selv ved b\u00e5ndtryk p\u00e5 op til 250 kg.<\/p>\n<p class=\"\" data-start=\"731\" data-end=\"1059\">Den h\u00f8je brudstyrke p\u00e5 1200 kg og det kompakte design g\u00f8r STEP 90 til et p\u00e5lideligt valg til d\u00f8re med h\u00f8j \u00e5bningsfrekvens.<\/p>\n<p class=\"\" data-start=\"1061\" data-end=\"1386\">STEP 90 er takket v\u00e6re sin fleksibilitet vendbar til b\u00e5de h\u00f8jre- og venstreh\u00e6ngte d\u00f8re og passer til l\u00e5sehuse med enkelt- og dobbeltl\u00e5se i serierne Connect, Modul og Narrow Profile.<\/p>\n<p class=\"\" data-start=\"1061\" data-end=\"1386\">Den er desuden manipulationssikker, har indbygget beskyttelsesdiode og er designet til nem montering med skruehuller i bagkanten til vinklede skruer.<\/p>\n<p class=\"\" data-start=\"1388\" data-end=\"1414\">Funktioner og fordele:<\/p>\n<ul data-start=\"1415\" data-end=\"1678\">\n<li class=\"\" data-start=\"1415\" data-end=\"1451\">\n<p class=\"\" data-start=\"1417\" data-end=\"1451\">Omvendt funktion \u2013 l\u00e5st op uden str\u00f8m<\/p>\n<\/li>\n<li class=\"\" data-start=\"1452\" data-end=\"1474\">\n<p class=\"\" data-start=\"1454\" data-end=\"1474\">Brandklassificeret E\/EI120<\/p>\n<\/li>\n<li class=\"\" data-start=\"1475\" data-end=\"1509\">\n<p class=\"\" data-start=\"1477\" data-end=\"1509\">Klarer b\u00e5ndtryk op til 250 kg<\/p>\n<\/li>\n<li class=\"\" data-start=\"1510\" data-end=\"1535\">\n<p class=\"\" data-start=\"1512\" data-end=\"1535\">Brudstyrke 1200 kg<\/p>\n<\/li>\n<li class=\"\" data-start=\"1536\" data-end=\"1568\">\n<p class=\"\" data-start=\"1538\" data-end=\"1568\">Kompakte m\u00e5l: kun 90 mm h\u00f8j<\/p>\n<\/li>\n<li class=\"\" data-start=\"1569\" data-end=\"1603\">\n<p class=\"\" data-start=\"1571\" data-end=\"1603\">Vendbar til h\u00f8jre\/venstre d\u00f8re<\/p>\n<\/li>\n<li class=\"\" data-start=\"1604\" data-end=\"1642\">\n<p class=\"\" data-start=\"1606\" data-end=\"1642\">Passer til Connect, Module og Narrow Profile<\/p>\n<\/li>\n<li class=\"\" data-start=\"1643\" data-end=\"1678\">\n<p class=\"\" data-start=\"1645\" data-end=\"1678\">Beskyttelsesdiode og oversp\u00e6ndingsbeskytter medf\u00f8lger<\/p>\n<\/li>\n<\/ul>\n<p class=\"\" data-start=\"1680\" data-end=\"1866\"><strong data-start=\"1680\" data-end=\"1703\">Anvendelsesomr\u00e5der:<\/strong><br data-start=\"1703\" data-end=\"1706\" \/>Velegnet til flugtveje, kontord\u00f8re, tekniske omr\u00e5der og offentlige lokaler, hvor p\u00e5lidelig funktion og h\u00f8j sikkerhed kombineres med behovet for et kompakt format.<\/p>\n<p class=\"\" data-start=\"1868\" data-end=\"1897\"><strong data-start=\"1868\" data-end=\"1897\">Tekniske specifikationer:<\/strong><\/p>\n<ul data-start=\"1898\" data-end=\"2240\">\n<li class=\"\" data-start=\"1898\" data-end=\"1936\">\n<p class=\"\" data-start=\"1900\" data-end=\"1936\">Driftssp\u00e6nding: 24 V DC (21,6-27,6 V)<\/p>\n<\/li>\n<li class=\"\" data-start=\"1937\" data-end=\"1981\">\n<p class=\"\" data-start=\"1939\" data-end=\"1981\">Str\u00f8mforbrug: 110 mA ul\u00e5st, max 300 mA<\/p>\n<\/li>\n<li class=\"\" data-start=\"1982\" data-end=\"2021\">\n<p class=\"\" data-start=\"1984\" data-end=\"2021\">D\u00f8rh\u00e6ngsel: H\u00f8jre\/venstre (vendbar)<\/p>\n<\/li>\n<li class=\"\" data-start=\"2022\" data-end=\"2053\">\n<p class=\"\" data-start=\"2024\" data-end=\"2053\">M\u00e5l (BxDxH): 25 x 28 x 90 mm<\/p>\n<\/li>\n<li class=\"\" data-start=\"2054\" data-end=\"2080\">\n<p class=\"\" data-start=\"2056\" data-end=\"2080\">Brudstyrke: 1200 kg<\/p>\n<\/li>\n<li class=\"\" data-start=\"2081\" data-end=\"2100\">\n<p class=\"\" data-start=\"2083\" data-end=\"2100\">Listetryk: 250 kg<\/p>\n<\/li>\n<li class=\"\" data-start=\"2101\" data-end=\"2119\">\n<p class=\"\" data-start=\"2103\" data-end=\"2119\">Stempelkontakt: Nej<\/p>\n<\/li>\n<li class=\"\" data-start=\"2120\" data-end=\"2137\">\n<p class=\"\" data-start=\"2122\" data-end=\"2137\">Kabel: Medf\u00f8lger ikke<\/p>\n<\/li>\n<li class=\"\" data-start=\"2138\" data-end=\"2171\">\n<p class=\"\" data-start=\"2140\" data-end=\"2171\">L\u00e5setype: Enkelt- og dobbeltfoldet l\u00e5s<\/p>\n<\/li>\n<li class=\"\" data-start=\"2172\" data-end=\"2200\">\n<p class=\"\" data-start=\"2174\" data-end=\"2200\">Farve\/finish: Rustfrit st\u00e5l<\/p>\n<\/li>\n<li class=\"\" data-start=\"2201\" data-end=\"2240\">\n<p class=\"\" data-start=\"2203\" data-end=\"2240\">Vurderinger: SundaHus, Byggematerialevurdering<\/p>\n<\/li>\n<\/ul>","protected":false},"excerpt":{"rendered":"<p>Her kan du se, hvilke stolper og modeller, der passer sammen fra STEP serien af Elektriske d\u00f8rstoppere.<\/p>\n<h5><strong><a href=\"https:\/\/steplock.com\/sv\/stolpguide\/#!?lang=sv&amp;blog_id=1&amp;paged=1&amp;number=50\" target=\"_blank\" rel=\"noopener\">TRIN Post guide\u00a0<\/a><\/strong><\/h5>\n<h5><strong><a href=\"https:\/\/steplock.com\/sv\/projekteringsguide\/#!?lang=sv&amp;blog_id=1&amp;paged=1&amp;number=999\" target=\"_blank\" rel=\"noopener\">STEP design guide<\/a><\/strong><\/h5>","protected":false},"featured_media":147429,"template":"","meta":{"_acf_changed":false},"product_brand":[],"product_cat":[3355],"product_tag":[4197,4201],"class_list":{"0":"post-147434","1":"product","2":"type-product","3":"status-publish","4":"has-post-thumbnail","6":"product_cat-elslutbleck","7":"product_tag-24v","8":"product_tag-omvand","9":"product_shipping_class-tunga-paket","10":"pa_brands-step","11":"tm-no-options","13":"first","14":"instock","15":"sale","16":"taxable","17":"shipping-taxable","18":"purchasable","19":"product-type-simple"},"acf":[],"_links":{"self":[{"href":"https:\/\/secureus.se\/dk\/wp-json\/wp\/v2\/product\/147434","targetHints":{"allow":["GET"]}}],"collection":[{"href":"https:\/\/secureus.se\/dk\/wp-json\/wp\/v2\/product"}],"about":[{"href":"https:\/\/secureus.se\/dk\/wp-json\/wp\/v2\/types\/product"}],"wp:featuredmedia":[{"embeddable":true,"href":"https:\/\/secureus.se\/dk\/wp-json\/wp\/v2\/media\/147429"}],"wp:attachment":[{"href":"https:\/\/secureus.se\/dk\/wp-json\/wp\/v2\/media?parent=147434"}],"wp:term":[{"taxonomy":"product_brand","embeddable":true,"href":"https:\/\/secureus.se\/dk\/wp-json\/wp\/v2\/product_brand?post=147434"},{"taxonomy":"product_cat","embeddable":true,"href":"https:\/\/secureus.se\/dk\/wp-json\/wp\/v2\/product_cat?post=147434"},{"taxonomy":"product_tag","embeddable":true,"href":"https:\/\/secureus.se\/dk\/wp-json\/wp\/v2\/product_tag?post=147434"}],"curies":[{"name":"wp","href":"https:\/\/api.w.org\/{rel}","templated":true}]}}