{"id":147437,"date":"2023-09-26T13:08:20","date_gmt":"2023-09-26T11:08:20","guid":{"rendered":"https:\/\/secureus.se\/elslutbleck-step-18-hoger-rattvand-24v-12mm-regel\/"},"modified":"2026-04-23T12:29:29","modified_gmt":"2026-04-23T10:29:29","slug":"elslutbleck-step-18-hoger-rattvand-24v-12mm-regel","status":"publish","type":"product","link":"https:\/\/secureus.se\/dk\/elslutbleck-step-18-hoger-rattvand-24v-12mm-regel\/","title":{"rendered":"Elektrisk slagplade TRIN 18 H\u00f8jre Lige 24V 12mm Rulle"},"content":{"rendered":"<h1>Elektrisk slagplade TRIN 18 H\u00f8jre Lige 24V 12mm Rulle<\/h1>\n<p>TRIN 18 Secure er en h\u00f8jsikkerheds elektrisk endeplade med h\u00f8jrevendt funktion til h\u00f8jreh\u00e6ngte d\u00f8re med 12 mm Modul regel. Brandklasse E\/EI60, stempelstik og 5 meter halogenfrit kabel medf\u00f8lger. Brudstyrke 15 kN.<\/p>\n<p>Elektrisk termineringsplade STEP 18 STEP 18 Secure fra STEPs Secure-serie er en h\u00f8jsikkerheds elektrisk termineringsplade designet til d\u00f8rmilj\u00f8er, hvor krav til indbrudssikring, brandsikkerhed og driftssikkerhed kombineres.<\/p>\n<p>Denne model er tilpasset til h\u00f8jreh\u00e6ngte d\u00f8re og anvendes med reguleringsl\u00e5se med 12 mm stempler i Modul serien.<\/p>\n<p class=\"\" data-start=\"841\" data-end=\"1171\">Med sin h\u00f8jrevendte funktion l\u00e5ses den elektriske endeplade, n\u00e5r str\u00f8mmen afbrydes, hvilket giver sikker l\u00e5sning ogs\u00e5 ved str\u00f8msvigt.<\/p>\n<p class=\"\" data-start=\"841\" data-end=\"1171\">Den er brandklassificeret op til E\/EI60 og godkendt til at l\u00e5se sikkerhedsd\u00f8re op til RC4, hvilket g\u00f8r den velegnet til fx banker, f\u00e6ngsler og offentlige bygninger med h\u00f8je sikkerhedskrav.<\/p>\n<p class=\"\" data-start=\"1173\" data-end=\"1509\">Den elektriske lukkeplade er udstyret med en stempelkontakt og en l\u00e5sekontakt, der muligg\u00f8r indikation af om d\u00f8ren er \u00e5ben\/lukket og l\u00e5st\/ul\u00e5st, perfekt til integration i adgangssystemer og alarml\u00f8sninger.<\/p>\n<p class=\"\" data-start=\"1173\" data-end=\"1509\">Den indbyggede beskyttelsesdiode, bankesikringen og det medf\u00f8lgende 5 meter halogenfrit kabel sikrer en holdbar og sikker installation.<\/p>\n<p class=\"\" data-start=\"1511\" data-end=\"1698\">Med en brudstyrke p\u00e5 15 kN (ca. 1500 kg) og mulighed for at \u00e5bne trods b\u00e5ndtryk p\u00e5 op til 500 kg, tilbyder STEP 18 b\u00e5de sikkerhed og ydeevne i h\u00f8jbelastningsd\u00f8rmilj\u00f8er.<\/p>\n<p class=\"\" data-start=\"1700\" data-end=\"1726\"><strong data-start=\"1700\" data-end=\"1726\">Funktioner og fordele:<\/strong><\/p>\n<ul data-start=\"1727\" data-end=\"2030\">\n<li class=\"\" data-start=\"1727\" data-end=\"1771\">\n<p class=\"\" data-start=\"1729\" data-end=\"1771\">Til kontroll\u00e5s med 12 mm stempel (Modul-serien)<\/p>\n<\/li>\n<li class=\"\" data-start=\"1772\" data-end=\"1816\">\n<p class=\"\" data-start=\"1774\" data-end=\"1816\">H\u00f8jrevendt funktion \u2013 l\u00e5st i tilf\u00e6lde af str\u00f8msvigt<\/p>\n<\/li>\n<li class=\"\" data-start=\"1817\" data-end=\"1834\">\n<p class=\"\" data-start=\"1819\" data-end=\"1834\">H\u00f8jreh\u00e6ngslet d\u00f8r<\/p>\n<\/li>\n<li class=\"\" data-start=\"1835\" data-end=\"1870\">\n<p class=\"\" data-start=\"1837\" data-end=\"1870\">Brandklasse E\/EI60 \u2013 testet 60 min<\/p>\n<\/li>\n<li class=\"\" data-start=\"1871\" data-end=\"1895\">\n<p class=\"\" data-start=\"1873\" data-end=\"1895\">Stempel og sp\u00e6rreafbryder<\/p>\n<\/li>\n<li class=\"\" data-start=\"1896\" data-end=\"1930\">\n<p class=\"\" data-start=\"1898\" data-end=\"1930\">T\u00e5ler st\u00f8betryk op til 500 kg<\/p>\n<\/li>\n<li class=\"\" data-start=\"1931\" data-end=\"1954\">\n<p class=\"\" data-start=\"1933\" data-end=\"1954\">Brudstyrke 15 kN<\/p>\n<\/li>\n<li class=\"\" data-start=\"1955\" data-end=\"1989\">\n<p class=\"\" data-start=\"1957\" data-end=\"1989\">Indbygget beskyttelsesdiode, bankebeskyttelse<\/p>\n<\/li>\n<li class=\"\" data-start=\"1990\" data-end=\"2030\">\n<p class=\"\" data-start=\"1992\" data-end=\"2030\">Leveres med 5 meter halogenfrit kabel<\/p>\n<\/li>\n<\/ul>\n<p class=\"\" data-start=\"2032\" data-end=\"2207\"><strong data-start=\"2032\" data-end=\"2055\">Anvendelsesomr\u00e5der:<\/strong><br data-start=\"2055\" data-end=\"2058\" \/>Ideel til sikkerhedsklassificerede d\u00f8rmilj\u00f8er i offentlige bygninger, industrier, kriminalforsorgen og steder, hvor h\u00f8j sikkerhed og hyppig passage er p\u00e5kr\u00e6vet.<\/p>\n<p class=\"\" data-start=\"2209\" data-end=\"2238\"><strong data-start=\"2209\" data-end=\"2238\">Tekniske specifikationer:<\/strong><\/p>\n<ul data-start=\"2239\" data-end=\"2583\">\n<li class=\"\" data-start=\"2239\" data-end=\"2277\">\n<p class=\"\" data-start=\"2241\" data-end=\"2277\">Driftssp\u00e6nding: 24 V DC (21,6-27,6 V)<\/p>\n<\/li>\n<li class=\"\" data-start=\"2278\" data-end=\"2310\">\n<p class=\"\" data-start=\"2280\" data-end=\"2310\">Str\u00f8mforbrug: 313 mA ul\u00e5st<\/p>\n<\/li>\n<li class=\"\" data-start=\"2311\" data-end=\"2332\">\n<p class=\"\" data-start=\"2313\" data-end=\"2332\">D\u00f8rh\u00e6ngsel: H\u00f8jre<\/p>\n<\/li>\n<li class=\"\" data-start=\"2333\" data-end=\"2354\">\n<p class=\"\" data-start=\"2335\" data-end=\"2354\">Kabell\u00e6ngde: 5 meter<\/p>\n<\/li>\n<li class=\"\" data-start=\"2355\" data-end=\"2381\">\n<p class=\"\" data-start=\"2357\" data-end=\"2381\">Brudstyrke: 1500 kg<\/p>\n<\/li>\n<li class=\"\" data-start=\"2382\" data-end=\"2401\">\n<p class=\"\" data-start=\"2384\" data-end=\"2401\">Listetryk: 500 kg<\/p>\n<\/li>\n<li class=\"\" data-start=\"2402\" data-end=\"2434\">\n<p class=\"\" data-start=\"2404\" data-end=\"2434\">M\u00e5l (BxDxH): 35 x 40 x 230 mm<\/p>\n<\/li>\n<li class=\"\" data-start=\"2435\" data-end=\"2466\">\n<p class=\"\" data-start=\"2437\" data-end=\"2466\">L\u00e5setype: Krogl\u00e5s, L\u00e5sel\u00e5s<\/p>\n<\/li>\n<li class=\"\" data-start=\"2467\" data-end=\"2514\">\n<p class=\"\" data-start=\"2469\" data-end=\"2514\">Stempelkontakt: Mikroswitch, max. 30V DC \/ 1A<\/p>\n<\/li>\n<li class=\"\" data-start=\"2515\" data-end=\"2543\">\n<p class=\"\" data-start=\"2517\" data-end=\"2543\">Farve\/finish: Rustfrit st\u00e5l<\/p>\n<\/li>\n<li class=\"\" data-start=\"2544\" data-end=\"2583\">\n<p class=\"\" data-start=\"2546\" data-end=\"2583\">Vurderinger: SundaHus, Byggematerialevurdering<\/p>\n<\/li>\n<\/ul>","protected":false},"excerpt":{"rendered":"<p>Her kan du se, hvilke stolper og modeller, der passer sammen fra STEP serien af Elektriske d\u00f8rstoppere.<\/p>\n<h5><strong><a href=\"https:\/\/steplock.com\/sv\/stolpguide\/#!?lang=sv&amp;blog_id=1&amp;paged=1&amp;number=50\" target=\"_blank\" rel=\"noopener\">TRIN Post guide\u00a0<\/a><\/strong><\/h5>\n<h5><strong><a href=\"https:\/\/steplock.com\/sv\/projekteringsguide\/#!?lang=sv&amp;blog_id=1&amp;paged=1&amp;number=999\" target=\"_blank\" rel=\"noopener\">STEP design guide<\/a><\/strong><\/h5>","protected":false},"featured_media":147435,"template":"","meta":{"_acf_changed":false},"product_brand":[],"product_cat":[3355],"product_tag":[4198,4200],"class_list":{"0":"post-147437","1":"product","2":"type-product","3":"status-publish","4":"has-post-thumbnail","6":"product_cat-elslutbleck","7":"product_tag-12v","8":"product_tag-rattvand","9":"product_shipping_class-tunga-paket","10":"pa_brands-step","11":"tm-no-options","13":"first","14":"instock","15":"sale","16":"taxable","17":"shipping-taxable","18":"purchasable","19":"product-type-simple"},"acf":[],"_links":{"self":[{"href":"https:\/\/secureus.se\/dk\/wp-json\/wp\/v2\/product\/147437","targetHints":{"allow":["GET"]}}],"collection":[{"href":"https:\/\/secureus.se\/dk\/wp-json\/wp\/v2\/product"}],"about":[{"href":"https:\/\/secureus.se\/dk\/wp-json\/wp\/v2\/types\/product"}],"wp:featuredmedia":[{"embeddable":true,"href":"https:\/\/secureus.se\/dk\/wp-json\/wp\/v2\/media\/147435"}],"wp:attachment":[{"href":"https:\/\/secureus.se\/dk\/wp-json\/wp\/v2\/media?parent=147437"}],"wp:term":[{"taxonomy":"product_brand","embeddable":true,"href":"https:\/\/secureus.se\/dk\/wp-json\/wp\/v2\/product_brand?post=147437"},{"taxonomy":"product_cat","embeddable":true,"href":"https:\/\/secureus.se\/dk\/wp-json\/wp\/v2\/product_cat?post=147437"},{"taxonomy":"product_tag","embeddable":true,"href":"https:\/\/secureus.se\/dk\/wp-json\/wp\/v2\/product_tag?post=147437"}],"curies":[{"name":"wp","href":"https:\/\/api.w.org\/{rel}","templated":true}]}}