{"id":147440,"date":"2023-09-26T13:09:58","date_gmt":"2023-09-26T11:09:58","guid":{"rendered":"https:\/\/secureus.se\/elslutbleck-step-60-omvand-24v-kolvkontakt-10m-kabel\/"},"modified":"2026-04-23T12:33:57","modified_gmt":"2026-04-23T10:33:57","slug":"elslutbleck-step-60-omvand-24v-kolvkontakt-10m-kabel","status":"publish","type":"product","link":"https:\/\/secureus.se\/dk\/elslutbleck-step-60-omvand-24v-kolvkontakt-10m-kabel\/","title":{"rendered":"Elektrisk slutstykke STEP 60 Omvendt 24V Stempelkontakt 10m Kabel"},"content":{"rendered":"<h1>Elektrisk slutstykke STEP 60 Omvendt 24V Stempelkontakt 10m Kabel<\/h1>\n<p>STEP 60 Silent er et st\u00f8jsvagt og kraftfuldt elektrisk slutstykke med omvendt funktion og 10 m kabel. Med stempelkontakt, brandklasse E\/EI120 og h\u00f8j brudstyrke er den perfekt til d\u00f8re, der bruges hyppigt og kr\u00e6ver et lavt st\u00f8jniveau.<\/p>\n<p>STEP 60 Silent el-anl\u00e6gget er et avanceret el-slag fra STEPs Silent-serie, specielt udviklet til milj\u00f8er, hvor stille og j\u00e6vn drift er et krav.<\/p>\n<p>Takket v\u00e6re dens robuste konstruktion og STEPs patenterede Silent-teknologi leverer den en praktisk talt lydl\u00f8s drift, hvilket g\u00f8r den ideel til skoler, kontorer, hospitaler eller multi-familieejendomme.<\/p>\n<p class=\"\" data-start=\"901\" data-end=\"1236\">Med omvendt funktion \u2013 hvilket betyder at d\u00f8ren er ul\u00e5st i str\u00f8ml\u00f8s position \u2013 opfylder STEP 60 vigtige krav til flugtveje og adgangskontrolsystemer.<\/p>\n<p class=\"\" data-start=\"901\" data-end=\"1236\">Produktet er brandklassificeret op til E\/EI120 og testet i henhold til SS-EN 14846:2008. Den kan modst\u00e5 b\u00e5ndtryk p\u00e5 op til 100 kg og har en imponerende brudstyrke p\u00e5 16 kN (ca. 1600 kg).<\/p>\n<p class=\"\" data-start=\"1238\" data-end=\"1552\">Den er udstyret med et indbygget stempel og l\u00e5sekontakt, som giver statusindikation for \u00e5bne\/lukkede og l\u00e5ste\/ul\u00e5ste positioner \u2013 perfekt til integration med alarmer eller adgangskontrol.<\/p>\n<p class=\"\" data-start=\"1238\" data-end=\"1552\">Den er manipulationssikker, har indbygget beskyttelsesdiode og leveres med et 10 meter halogenfrit tilslutningskabel til fleksibel installation.<\/p>\n<p class=\"\" data-start=\"1554\" data-end=\"1580\"><strong data-start=\"1554\" data-end=\"1580\">Funktioner og fordele:<\/strong><\/p>\n<ul data-start=\"1581\" data-end=\"1911\">\n<li class=\"\" data-start=\"1581\" data-end=\"1617\">\n<p class=\"\" data-start=\"1583\" data-end=\"1617\">Omvendt funktion (l\u00e5st op uden str\u00f8m)<\/p>\n<\/li>\n<li class=\"\" data-start=\"1618\" data-end=\"1656\">\n<p class=\"\" data-start=\"1620\" data-end=\"1656\">Lydl\u00f8s teknologi for stille og j\u00e6vnt l\u00f8b<\/p>\n<\/li>\n<li class=\"\" data-start=\"1657\" data-end=\"1677\">\n<p class=\"\" data-start=\"1659\" data-end=\"1677\">Brandklasse E\/EI120<\/p>\n<\/li>\n<li class=\"\" data-start=\"1678\" data-end=\"1708\">\n<p class=\"\" data-start=\"1680\" data-end=\"1708\">Stempelkontakt og l\u00e5sekontakt<\/p>\n<\/li>\n<li class=\"\" data-start=\"1709\" data-end=\"1732\">\n<p class=\"\" data-start=\"1711\" data-end=\"1732\">Brudstyrke 16 kN<\/p>\n<\/li>\n<li class=\"\" data-start=\"1733\" data-end=\"1767\">\n<p class=\"\" data-start=\"1735\" data-end=\"1767\">Klarer b\u00e5ndtryk op til 100 kg<\/p>\n<\/li>\n<li class=\"\" data-start=\"1768\" data-end=\"1805\">\n<p class=\"\" data-start=\"1770\" data-end=\"1805\">Indbygget beskyttelsesdiode og bankebeskyttelse<\/p>\n<\/li>\n<li class=\"\" data-start=\"1806\" data-end=\"1839\">\n<p class=\"\" data-start=\"1808\" data-end=\"1839\">10 meter halogenfrit kabel medf\u00f8lger<\/p>\n<\/li>\n<li class=\"\" data-start=\"1840\" data-end=\"1872\">\n<p class=\"\" data-start=\"1842\" data-end=\"1872\">Passer til enkelt og dobbelt faldl\u00e5se<\/p>\n<\/li>\n<li class=\"\" data-start=\"1873\" data-end=\"1911\">\n<p class=\"\" data-start=\"1875\" data-end=\"1911\">Vendbar til h\u00f8jre og venstre d\u00f8re<\/p>\n<\/li>\n<\/ul>\n<p class=\"\" data-start=\"1913\" data-end=\"2072\"><strong data-start=\"1913\" data-end=\"1936\">Anvendelsesomr\u00e5der:<\/strong><br data-start=\"1936\" data-end=\"1939\" \/>Velegnet til milj\u00f8er med h\u00f8je krav til lavt st\u00f8jniveau og sikkerhed \u2013 for eksempel kontorer, skoler, sundhedsfaciliteter og indgange til etageejendomme.<\/p>\n<p class=\"\" data-start=\"2074\" data-end=\"2103\"><strong data-start=\"2074\" data-end=\"2103\">Tekniske specifikationer:<\/strong><\/p>\n<ul data-start=\"2104\" data-end=\"2478\">\n<li class=\"\" data-start=\"2104\" data-end=\"2142\">\n<p class=\"\" data-start=\"2106\" data-end=\"2142\">Driftssp\u00e6nding: 24 V DC (21,6-27,6 V)<\/p>\n<\/li>\n<li class=\"\" data-start=\"2143\" data-end=\"2187\">\n<p class=\"\" data-start=\"2145\" data-end=\"2187\">Str\u00f8mforbrug: 121 mA ul\u00e5st, max 250 mA<\/p>\n<\/li>\n<li class=\"\" data-start=\"2188\" data-end=\"2227\">\n<p class=\"\" data-start=\"2190\" data-end=\"2227\">D\u00f8rh\u00e6ngsel: H\u00f8jre\/venstre (vendbar)<\/p>\n<\/li>\n<li class=\"\" data-start=\"2228\" data-end=\"2250\">\n<p class=\"\" data-start=\"2230\" data-end=\"2250\">Kabell\u00e6ngde: 10 meter<\/p>\n<\/li>\n<li class=\"\" data-start=\"2251\" data-end=\"2277\">\n<p class=\"\" data-start=\"2253\" data-end=\"2277\">Brudstyrke: 1600 kg<\/p>\n<\/li>\n<li class=\"\" data-start=\"2278\" data-end=\"2297\">\n<p class=\"\" data-start=\"2280\" data-end=\"2297\">Listetryk: 100 kg<\/p>\n<\/li>\n<li class=\"\" data-start=\"2298\" data-end=\"2332\">\n<p class=\"\" data-start=\"2300\" data-end=\"2332\">M\u00e5l (BxDxH): 28 x 34 x 149,5 mm<\/p>\n<\/li>\n<li class=\"\" data-start=\"2333\" data-end=\"2366\">\n<p class=\"\" data-start=\"2335\" data-end=\"2366\">L\u00e5setype: Enkelt- og dobbeltfoldet l\u00e5s<\/p>\n<\/li>\n<li class=\"\" data-start=\"2367\" data-end=\"2409\">\n<p class=\"\" data-start=\"2369\" data-end=\"2409\">Stempelkontakt: Mikrokontakt, 30 V DC \/ 1 A<\/p>\n<\/li>\n<li class=\"\" data-start=\"2410\" data-end=\"2438\">\n<p class=\"\" data-start=\"2412\" data-end=\"2438\">Farve\/finish: Rustfrit st\u00e5l<\/p>\n<\/li>\n<li class=\"\" data-start=\"2439\" data-end=\"2478\">\n<p class=\"\" data-start=\"2441\" data-end=\"2478\">Vurderinger: SundaHus, Byggematerialevurdering<\/p>\n<\/li>\n<\/ul>","protected":false},"excerpt":{"rendered":"<p>Her kan du se, hvilke stolper og modeller, der passer sammen fra STEP serien af Elektriske d\u00f8rstoppere.<\/p>\n<h5><strong><a href=\"https:\/\/steplock.com\/sv\/stolpguide\/#!?lang=sv&amp;blog_id=1&amp;paged=1&amp;number=50\" target=\"_blank\" rel=\"noopener\">TRIN Post guide\u00a0<\/a><\/strong><\/h5>\n<h5><strong><a href=\"https:\/\/steplock.com\/sv\/projekteringsguide\/#!?lang=sv&amp;blog_id=1&amp;paged=1&amp;number=999\" target=\"_blank\" rel=\"noopener\">STEP design guide<\/a><\/strong><\/h5>","protected":false},"featured_media":147439,"template":"","meta":{"_acf_changed":false},"product_brand":[],"product_cat":[3355],"product_tag":[4197,4201],"class_list":{"0":"post-147440","1":"product","2":"type-product","3":"status-publish","4":"has-post-thumbnail","6":"product_cat-elslutbleck","7":"product_tag-24v","8":"product_tag-omvand","9":"product_shipping_class-tunga-paket","10":"pa_brands-step","11":"tm-no-options","13":"first","14":"onbackorder","15":"sale","16":"taxable","17":"shipping-taxable","18":"purchasable","19":"product-type-simple"},"acf":[],"_links":{"self":[{"href":"https:\/\/secureus.se\/dk\/wp-json\/wp\/v2\/product\/147440","targetHints":{"allow":["GET"]}}],"collection":[{"href":"https:\/\/secureus.se\/dk\/wp-json\/wp\/v2\/product"}],"about":[{"href":"https:\/\/secureus.se\/dk\/wp-json\/wp\/v2\/types\/product"}],"wp:featuredmedia":[{"embeddable":true,"href":"https:\/\/secureus.se\/dk\/wp-json\/wp\/v2\/media\/147439"}],"wp:attachment":[{"href":"https:\/\/secureus.se\/dk\/wp-json\/wp\/v2\/media?parent=147440"}],"wp:term":[{"taxonomy":"product_brand","embeddable":true,"href":"https:\/\/secureus.se\/dk\/wp-json\/wp\/v2\/product_brand?post=147440"},{"taxonomy":"product_cat","embeddable":true,"href":"https:\/\/secureus.se\/dk\/wp-json\/wp\/v2\/product_cat?post=147440"},{"taxonomy":"product_tag","embeddable":true,"href":"https:\/\/secureus.se\/dk\/wp-json\/wp\/v2\/product_tag?post=147440"}],"curies":[{"name":"wp","href":"https:\/\/api.w.org\/{rel}","templated":true}]}}