{"id":147443,"date":"2023-09-26T13:08:18","date_gmt":"2023-09-26T11:08:18","guid":{"rendered":"https:\/\/secureus.se\/elslutbleck-step-92-omstallbar-12v-kolvkontakt\/"},"modified":"2026-04-08T16:07:38","modified_gmt":"2026-04-08T14:07:38","slug":"elslutbleck-step-92-omstallbar-12v-kolvkontakt","status":"publish","type":"product","link":"https:\/\/secureus.se\/dk\/elslutbleck-step-92-omstallbar-12v-kolvkontakt\/","title":{"rendered":"Elektrisk slutstykke TRIN 92 Justerbar 12V Stempelkontakt"},"content":{"rendered":"<h1>Elektrisk slutstykke TRIN 92 Justerbar 12V Stempelkontakt<\/h1>\n<p class=\"\" data-start=\"465\" data-end=\"921\">STEP 92 er et avanceret elektrisk slutstykke fra STEPs Preload-serie, specielt designet til d\u00f8re med dobbeltl\u00e5se.<\/p>\n<p class=\"\" data-start=\"465\" data-end=\"921\">Takket v\u00e6re sine to separate drejetap tilpasset til trykknapper og cylinderl\u00e5se, tilbyder den fleksibel kontrol og elektrisk l\u00e5sning \u2013 perfekt til d\u00f8re med automatiske d\u00f8rsystemer, brandkrav og tr\u00e6kh\u00e5ndtag.<\/p>\n<p class=\"\" data-start=\"923\" data-end=\"1272\">Det unikke ved STEP 92 er dens individuelt justerbare drejeled, hvor hver del kan konfigureres til frem- eller bakfunktion.<\/p>\n<p class=\"\" data-start=\"923\" data-end=\"1272\">Det muligg\u00f8r for eksempel, at d\u00f8ren kan v\u00e6re \u00e5ben i dagtimerne i kontortiden og samtidig v\u00e6re brandgodkendt op til klasse E\/EI120 - noget der g\u00f8r den ideel i eksempelvis skoler, hospitaler, kontorer og offentlige milj\u00f8er.<\/p>\n<p class=\"\" data-start=\"1274\" data-end=\"1614\">Med en indbygget stempelkontakt i begge gynger kan d\u00f8rens status overv\u00e5ges (\u00e5ben\/lukket), hvilket g\u00f8r STEP 92 kompatibel med adgangskontrolsystemer og brandalarmer.<\/p>\n<p class=\"\" data-start=\"1274\" data-end=\"1614\">Den har en brudstyrke p\u00e5 1.200 kg, HPR\u00ae strimmeltrykteknologi, der h\u00e5ndterer tryk op til 250 kg, og leverer langtidsydelse med fabrikstestet 1,5 millioner cyklusser.<\/p>\n<p class=\"\" data-start=\"1616\" data-end=\"1743\">STEP 92 er vendbar, manipulationssikker, har indbygget beskyttelsesdiode og passer til l\u00e5sehuse i serierne Connect, Modul og Narrow Profile.<\/p>\n<p class=\"\" data-start=\"1750\" data-end=\"1776\"><strong data-start=\"1750\" data-end=\"1776\">Funktioner og fordele:<\/strong><\/p>\n<ul data-start=\"1777\" data-end=\"2121\">\n<li class=\"\" data-start=\"1777\" data-end=\"1828\">\n<p class=\"\" data-start=\"1779\" data-end=\"1828\">To separate drejel\u00e5se \u2013 tilpasset til dobbeltl\u00e5se<\/p>\n<\/li>\n<li class=\"\" data-start=\"1829\" data-end=\"1868\">\n<p class=\"\" data-start=\"1831\" data-end=\"1868\">Vendbar funktion (frem\/tilbage)<\/p>\n<\/li>\n<li class=\"\" data-start=\"1869\" data-end=\"1900\">\n<p class=\"\" data-start=\"1871\" data-end=\"1900\">Brandklassificeret op til E\/EI120<\/p>\n<\/li>\n<li class=\"\" data-start=\"1901\" data-end=\"1932\">\n<p class=\"\" data-start=\"1903\" data-end=\"1932\">Stempelkontakt i begge rotationstilf\u00e6lde<\/p>\n<\/li>\n<li class=\"\" data-start=\"1933\" data-end=\"1967\">\n<p class=\"\" data-start=\"1935\" data-end=\"1967\">Klarer b\u00e5ndtryk op til 250 kg<\/p>\n<\/li>\n<li class=\"\" data-start=\"1968\" data-end=\"1995\">\n<p class=\"\" data-start=\"1970\" data-end=\"1995\">Brudstyrke: 1.200 kg<\/p>\n<\/li>\n<li class=\"\" data-start=\"1996\" data-end=\"2010\">\n<p class=\"\" data-start=\"1998\" data-end=\"2010\">12V DC drift<\/p>\n<\/li>\n<li class=\"\" data-start=\"2011\" data-end=\"2036\">\n<p class=\"\" data-start=\"2013\" data-end=\"2036\">Beskyttelsesdiode, st\u00f8dsikker<\/p>\n<\/li>\n<li class=\"\" data-start=\"2037\" data-end=\"2070\">\n<p class=\"\" data-start=\"2039\" data-end=\"2070\">Passer til h\u00f8jre og venstre d\u00f8re<\/p>\n<\/li>\n<li class=\"\" data-start=\"2071\" data-end=\"2121\">\n<p class=\"\" data-start=\"2073\" data-end=\"2121\">Dobbeltl\u00e5se i Connect, Module, Narrow Profile-serien<\/p>\n<\/li>\n<\/ul>\n<p class=\"\" data-start=\"2128\" data-end=\"2345\"><strong data-start=\"2128\" data-end=\"2151\">Anvendelsesomr\u00e5der:<\/strong><br data-start=\"2151\" data-end=\"2154\" \/>Ideel til d\u00f8re med automatiske d\u00f8rsystemer i milj\u00f8er, hvor brandklassificering og evakueringsfunktion kombineres med krav til fleksibilitet, f.eks. kontorer, skoler, sundhedsfaciliteter og offentlige bygninger.<\/p>\n<p class=\"\" data-start=\"2352\" data-end=\"2381\"><strong data-start=\"2352\" data-end=\"2381\">Tekniske specifikationer:<\/strong><\/p>\n<ul data-start=\"2382\" data-end=\"2749\">\n<li class=\"\" data-start=\"2382\" data-end=\"2420\">\n<p class=\"\" data-start=\"2384\" data-end=\"2420\">Driftssp\u00e6nding: 12 V DC (10,8-13,8 V)<\/p>\n<\/li>\n<li class=\"\" data-start=\"2421\" data-end=\"2465\">\n<p class=\"\" data-start=\"2423\" data-end=\"2465\">Str\u00f8mforbrug: 220 mA ul\u00e5st, max 600 mA<\/p>\n<\/li>\n<li class=\"\" data-start=\"2466\" data-end=\"2493\">\n<p class=\"\" data-start=\"2468\" data-end=\"2493\">Brudstyrke: 1.200 kg<\/p>\n<\/li>\n<li class=\"\" data-start=\"2494\" data-end=\"2513\">\n<p class=\"\" data-start=\"2496\" data-end=\"2513\">Listetryk: 250 kg<\/p>\n<\/li>\n<li class=\"\" data-start=\"2514\" data-end=\"2553\">\n<p class=\"\" data-start=\"2516\" data-end=\"2553\">D\u00f8rh\u00e6ngsel: H\u00f8jre\/venstre (vendbar)<\/p>\n<\/li>\n<li class=\"\" data-start=\"2554\" data-end=\"2606\">\n<p class=\"\" data-start=\"2556\" data-end=\"2606\">Stempelkontakt: Ja (mikroafbryder, maks. 30 V DC \/ 1 A)<\/p>\n<\/li>\n<li class=\"\" data-start=\"2607\" data-end=\"2629\">\n<p class=\"\" data-start=\"2609\" data-end=\"2629\">L\u00e5setype: Dobbeltl\u00e5s<\/p>\n<\/li>\n<li class=\"\" data-start=\"2630\" data-end=\"2662\">\n<p class=\"\" data-start=\"2632\" data-end=\"2662\">M\u00e5l (BxDxH): 25 x 28 x 133 mm<\/p>\n<\/li>\n<li class=\"\" data-start=\"2663\" data-end=\"2691\">\n<p class=\"\" data-start=\"2665\" data-end=\"2691\">Farve\/finish: Rustfrit st\u00e5l<\/p>\n<\/li>\n<li class=\"\" data-start=\"2692\" data-end=\"2709\">\n<p class=\"\" data-start=\"2694\" data-end=\"2709\">Kabel: Medf\u00f8lger ikke<\/p>\n<\/li>\n<li class=\"\" data-start=\"2710\" data-end=\"2749\">\n<p class=\"\" data-start=\"2712\" data-end=\"2749\">Vurderinger: SundaHus, Byggematerialevurdering<\/p>\n<\/li>\n<\/ul>","protected":false},"excerpt":{"rendered":"<p>Her kan du se, hvilke stolper og modeller, der passer sammen fra STEP serien af Elektriske d\u00f8rstoppere.<\/p>\n<h5><strong><a href=\"https:\/\/steplock.com\/sv\/stolpguide\/#!?lang=sv&amp;blog_id=1&amp;paged=1&amp;number=50\" target=\"_blank\" rel=\"noopener\">TRIN Post guide\u00a0<\/a><\/strong><\/h5>\n<h5><strong><a href=\"https:\/\/steplock.com\/sv\/projekteringsguide\/#!?lang=sv&amp;blog_id=1&amp;paged=1&amp;number=999\" target=\"_blank\" rel=\"noopener\">STEP design guide<\/a><\/strong><\/h5>","protected":false},"featured_media":147438,"template":"","meta":{"_acf_changed":false},"product_brand":[],"product_cat":[3355],"product_tag":[4198,4202],"class_list":{"0":"post-147443","1":"product","2":"type-product","3":"status-publish","4":"has-post-thumbnail","6":"product_cat-elslutbleck","7":"product_tag-12v","8":"product_tag-omstallbar-rattvand-omvand","9":"product_shipping_class-tunga-paket","10":"pa_brands-step","11":"tm-no-options","13":"first","14":"instock","15":"sale","16":"taxable","17":"shipping-taxable","18":"purchasable","19":"product-type-simple"},"acf":[],"_links":{"self":[{"href":"https:\/\/secureus.se\/dk\/wp-json\/wp\/v2\/product\/147443","targetHints":{"allow":["GET"]}}],"collection":[{"href":"https:\/\/secureus.se\/dk\/wp-json\/wp\/v2\/product"}],"about":[{"href":"https:\/\/secureus.se\/dk\/wp-json\/wp\/v2\/types\/product"}],"wp:featuredmedia":[{"embeddable":true,"href":"https:\/\/secureus.se\/dk\/wp-json\/wp\/v2\/media\/147438"}],"wp:attachment":[{"href":"https:\/\/secureus.se\/dk\/wp-json\/wp\/v2\/media?parent=147443"}],"wp:term":[{"taxonomy":"product_brand","embeddable":true,"href":"https:\/\/secureus.se\/dk\/wp-json\/wp\/v2\/product_brand?post=147443"},{"taxonomy":"product_cat","embeddable":true,"href":"https:\/\/secureus.se\/dk\/wp-json\/wp\/v2\/product_cat?post=147443"},{"taxonomy":"product_tag","embeddable":true,"href":"https:\/\/secureus.se\/dk\/wp-json\/wp\/v2\/product_tag?post=147443"}],"curies":[{"name":"wp","href":"https:\/\/api.w.org\/{rel}","templated":true}]}}