{"id":147447,"date":"2023-09-26T13:08:17","date_gmt":"2023-09-26T11:08:17","guid":{"rendered":"https:\/\/secureus.se\/elslutbleck-step-40-omvand-12v\/"},"modified":"2026-04-23T12:32:21","modified_gmt":"2026-04-23T10:32:21","slug":"elslutbleck-step-40-omvand-12v","status":"publish","type":"product","link":"https:\/\/secureus.se\/dk\/elslutbleck-step-40-omvand-12v\/","title":{"rendered":"Elsluttende STEP 40 Reverse 12V"},"content":{"rendered":"<h1>Elsluttende STEP 40 Reverse 12V<\/h1>\n<p class=\"\" data-start=\"403\" data-end=\"872\">STEP 40 Preload fra STEPs Preload-serie er et kompakt, p\u00e5lideligt elektrisk slutstykke, der er perfekt til dagl\u00e5sning i d\u00f8rmilj\u00f8er med h\u00f8j \u00e5bningsfrekvens.<\/p>\n<p class=\"\" data-start=\"403\" data-end=\"872\">Denne version har en omvendt funktion, hvilket betyder, at den elektriske sl\u00f8jfe l\u00e5ses op i sp\u00e6ndingsl\u00f8s position \u2013 en funktion, der g\u00f8r den s\u00e6rdeles velegnet til flugtveje og tilg\u00e6ngelige d\u00f8re.<\/p>\n<p class=\"\" data-start=\"874\" data-end=\"1218\">Den integrerede HPR\u00ae-teknologi (High Preload Release) garanterer sikker opl\u00e5sning selv ved b\u00e5ndtryk p\u00e5 op til 250 kg, hvilket muligg\u00f8r p\u00e5lidelig drift selv med d\u00f8re under tryk.<\/p>\n<p class=\"\" data-start=\"874\" data-end=\"1218\">Den elektriske slagplade har desuden en brudstyrke p\u00e5 1.200 kg (12 kN) og er testet til 1.500.000 cyklusser, hvilket garanterer en lang levetid.<\/p>\n<p class=\"\" data-start=\"1220\" data-end=\"1430\">Elektrisk slutplade STEP 40 STEP 40 er vendbar til h\u00f8jre- og venstreh\u00e6ngte d\u00f8re, manipulationssikker og har indbygget beskyttelsesdiode for \u00f8get holdbarhed.<\/p>\n<p class=\"\" data-start=\"1220\" data-end=\"1430\">Det fleksible design g\u00f8r installationen nem, selv i eksisterende d\u00f8rsektioner.<\/p>\n<p class=\"\" data-start=\"1437\" data-end=\"1463\"><strong data-start=\"1437\" data-end=\"1463\">Funktioner og fordele:<\/strong><\/p>\n<ul data-start=\"1464\" data-end=\"1756\">\n<li class=\"\" data-start=\"1464\" data-end=\"1507\">\n<p class=\"\" data-start=\"1466\" data-end=\"1507\">Omvendt funktion \u2013 opl\u00e5st i tilf\u00e6lde af str\u00f8msvigt<\/p>\n<\/li>\n<li class=\"\" data-start=\"1508\" data-end=\"1527\">\n<p class=\"\" data-start=\"1510\" data-end=\"1527\">12V driftssp\u00e6nding<\/p>\n<\/li>\n<li class=\"\" data-start=\"1528\" data-end=\"1570\">\n<p class=\"\" data-start=\"1530\" data-end=\"1570\">Kompakt format \u2013 ideel til dagl\u00e5sning<\/p>\n<\/li>\n<li class=\"\" data-start=\"1571\" data-end=\"1616\">\n<p class=\"\" data-start=\"1573\" data-end=\"1616\">HPR\u00ae-teknologi \u2013 \u00e5bner trods 250 kg strimmeltryk<\/p>\n<\/li>\n<li class=\"\" data-start=\"1617\" data-end=\"1644\">\n<p class=\"\" data-start=\"1619\" data-end=\"1644\">Brudstyrke: 1.200 kg<\/p>\n<\/li>\n<li class=\"\" data-start=\"1645\" data-end=\"1681\">\n<p class=\"\" data-start=\"1647\" data-end=\"1681\">Sl\u00e5sikker med indbygget beskyttelsesdiode<\/p>\n<\/li>\n<li class=\"\" data-start=\"1682\" data-end=\"1718\">\n<p class=\"\" data-start=\"1684\" data-end=\"1718\">Vendbar - h\u00f8jre og venstre d\u00f8re<\/p>\n<\/li>\n<li class=\"\" data-start=\"1719\" data-end=\"1756\">\n<p class=\"\" data-start=\"1721\" data-end=\"1756\">Passer til b\u00e5de enkelt- og dobbeltfl\u00f8jede l\u00e5se<\/p>\n<\/li>\n<\/ul>\n<p class=\"\" data-start=\"1763\" data-end=\"1938\"><strong data-start=\"1763\" data-end=\"1786\">Anvendelsesomr\u00e5der:<\/strong><br data-start=\"1786\" data-end=\"1789\" \/>Perfekt til d\u00f8re i kontormilj\u00f8er, sundhedsfaciliteter, indgange og flugtveje, hvor der er krav til h\u00f8j tilg\u00e6ngelighed, sikkerhed og j\u00e6vn passage.<\/p>\n<p class=\"\" data-start=\"1945\" data-end=\"1974\"><strong data-start=\"1945\" data-end=\"1974\">Tekniske specifikationer:<\/strong><\/p>\n<ul data-start=\"1975\" data-end=\"2320\">\n<li class=\"\" data-start=\"1975\" data-end=\"2013\">\n<p class=\"\" data-start=\"1977\" data-end=\"2013\">Driftssp\u00e6nding: 12 V DC (10,8-13,8 V)<\/p>\n<\/li>\n<li class=\"\" data-start=\"2014\" data-end=\"2058\">\n<p class=\"\" data-start=\"2016\" data-end=\"2058\">Str\u00f8mforbrug: 220 mA ul\u00e5st, max 600 mA<\/p>\n<\/li>\n<li class=\"\" data-start=\"2059\" data-end=\"2098\">\n<p class=\"\" data-start=\"2061\" data-end=\"2098\">D\u00f8rh\u00e6ngsel: H\u00f8jre\/venstre (vendbar)<\/p>\n<\/li>\n<li class=\"\" data-start=\"2099\" data-end=\"2126\">\n<p class=\"\" data-start=\"2101\" data-end=\"2126\">Brudstyrke: 1.200 kg<\/p>\n<\/li>\n<li class=\"\" data-start=\"2127\" data-end=\"2146\">\n<p class=\"\" data-start=\"2129\" data-end=\"2146\">Listetryk: 250 kg<\/p>\n<\/li>\n<li class=\"\" data-start=\"2147\" data-end=\"2182\">\n<p class=\"\" data-start=\"2149\" data-end=\"2182\">L\u00e5setype: Enkeltfaldsl\u00e5s, Dobbeltfaldsl\u00e5s<\/p>\n<\/li>\n<li class=\"\" data-start=\"2183\" data-end=\"2214\">\n<p class=\"\" data-start=\"2185\" data-end=\"2214\">M\u00e5l (BxDxH): 25 x 28 x 90 mm<\/p>\n<\/li>\n<li class=\"\" data-start=\"2215\" data-end=\"2233\">\n<p class=\"\" data-start=\"2217\" data-end=\"2233\">Stempelkontakt: Nej<\/p>\n<\/li>\n<li class=\"\" data-start=\"2234\" data-end=\"2251\">\n<p class=\"\" data-start=\"2236\" data-end=\"2251\">Kabel: Medf\u00f8lger ikke<\/p>\n<\/li>\n<li class=\"\" data-start=\"2252\" data-end=\"2280\">\n<p class=\"\" data-start=\"2254\" data-end=\"2280\">Farve\/finish: Rustfrit st\u00e5l<\/p>\n<\/li>\n<li class=\"\" data-start=\"2281\" data-end=\"2320\">\n<p class=\"\" data-start=\"2283\" data-end=\"2320\">Vurderinger: SundaHus, Byggematerialevurdering<\/p>\n<\/li>\n<\/ul>","protected":false},"excerpt":{"rendered":"<p>Her kan du se, hvilke stolper og modeller, der passer sammen fra STEP serien af Elektriske d\u00f8rstoppere.<\/p>\n<h5><strong><a href=\"https:\/\/steplock.com\/sv\/stolpguide\/#!?lang=sv&amp;blog_id=1&amp;paged=1&amp;number=50\" target=\"_blank\" rel=\"noopener\">TRIN Post guide\u00a0<\/a><\/strong><\/h5>\n<h5><strong><a href=\"https:\/\/steplock.com\/sv\/projekteringsguide\/#!?lang=sv&amp;blog_id=1&amp;paged=1&amp;number=999\" target=\"_blank\" rel=\"noopener\">STEP design guide<\/a><\/strong><\/h5>","protected":false},"featured_media":147444,"template":"","meta":{"_acf_changed":false},"product_brand":[],"product_cat":[3355],"product_tag":[4198,4201],"class_list":{"0":"post-147447","1":"product","2":"type-product","3":"status-publish","4":"has-post-thumbnail","6":"product_cat-elslutbleck","7":"product_tag-12v","8":"product_tag-omvand","9":"product_shipping_class-tunga-paket","10":"pa_brands-step","11":"tm-no-options","13":"first","14":"instock","15":"sale","16":"taxable","17":"shipping-taxable","18":"purchasable","19":"product-type-simple"},"acf":[],"_links":{"self":[{"href":"https:\/\/secureus.se\/dk\/wp-json\/wp\/v2\/product\/147447","targetHints":{"allow":["GET"]}}],"collection":[{"href":"https:\/\/secureus.se\/dk\/wp-json\/wp\/v2\/product"}],"about":[{"href":"https:\/\/secureus.se\/dk\/wp-json\/wp\/v2\/types\/product"}],"wp:featuredmedia":[{"embeddable":true,"href":"https:\/\/secureus.se\/dk\/wp-json\/wp\/v2\/media\/147444"}],"wp:attachment":[{"href":"https:\/\/secureus.se\/dk\/wp-json\/wp\/v2\/media?parent=147447"}],"wp:term":[{"taxonomy":"product_brand","embeddable":true,"href":"https:\/\/secureus.se\/dk\/wp-json\/wp\/v2\/product_brand?post=147447"},{"taxonomy":"product_cat","embeddable":true,"href":"https:\/\/secureus.se\/dk\/wp-json\/wp\/v2\/product_cat?post=147447"},{"taxonomy":"product_tag","embeddable":true,"href":"https:\/\/secureus.se\/dk\/wp-json\/wp\/v2\/product_tag?post=147447"}],"curies":[{"name":"wp","href":"https:\/\/api.w.org\/{rel}","templated":true}]}}