{"id":147454,"date":"2023-09-26T13:08:10","date_gmt":"2023-09-26T11:08:10","guid":{"rendered":"https:\/\/secureus.se\/elslutbleck-step-90-omvand-12v-kolvkontakt\/"},"modified":"2026-03-26T09:47:03","modified_gmt":"2026-03-26T08:47:03","slug":"elslutbleck-step-90-omvand-12v-kolvkontakt","status":"publish","type":"product","link":"https:\/\/secureus.se\/dk\/elslutbleck-step-90-omvand-12v-kolvkontakt\/","title":{"rendered":"Elektrisk slutstykke TRIN 90 Omvendt 12V Stempelkontakt"},"content":{"rendered":"<h1>Elektrisk slutstykke TRIN 90 Omvendt 12V Stempelkontakt<\/h1>\n<p>TRIN 90 Preload er en elektrisk endeplade med omvendt funktion og 12V drift. Kompakt, brandklassificeret op til E\/EI120 med stempelkontakt, st\u00f8beteknologi og h\u00f8j p\u00e5lidelighed.<\/p>\n<p class=\"\" data-start=\"246\" data-end=\"602\">Elektrisk lukkeplade STEP 90 Preload fra STEPs Preload-serie er en kompakt og p\u00e5lidelig elektrisk lukkeplade, udviklet til professionelle d\u00f8rmilj\u00f8er, hvor pladskrav og h\u00f8j \u00e5bningsfrekvens opfylder sikkerhedskrav.<\/p>\n<p class=\"\" data-start=\"246\" data-end=\"602\">Med sin omvendte funktion l\u00e5ses STEP 90 op i tilf\u00e6lde af str\u00f8msvigt \u2013 en vigtig funktion i flugtveje og sikkerhedsapplikationer.<\/p>\n<p class=\"\" data-start=\"604\" data-end=\"904\">Den patenterede HPR\u00ae teknologi betyder, at den elektriske endeplade kan l\u00e5ses op selv ved h\u00f8jt b\u00e5ndtryk p\u00e5 op til 250 kg.<\/p>\n<p class=\"\" data-start=\"604\" data-end=\"904\">Sammen med en brudstyrke p\u00e5 1200 kg og certificering iht. brandklasse E\/EI120 (120 min) iht. SS-EN 14846:2008 opfylder produktet kravene til b\u00e5de sikkerhed og p\u00e5lidelighed.<\/p>\n<p class=\"\" data-start=\"906\" data-end=\"1165\">STEP 90 er udstyret med stempelkontakt, der giver en klar indikation af d\u00f8rens status (\u00e5ben eller lukket), hvilket g\u00f8r den kompatibel med adgangssystemer og alarmer.<\/p>\n<p class=\"\" data-start=\"906\" data-end=\"1165\">Den kompakte konstruktion er velegnet til b\u00e5de nyinstallationer og opgraderinger i eksisterende d\u00f8rsektioner.<\/p>\n<p class=\"\" data-start=\"1167\" data-end=\"1355\">Beskyttelsesdiode, bankesikring og vendbar montering til b\u00e5de h\u00f8jre- og venstreh\u00e6ngte d\u00f8re g\u00f8r denne elektriske slutplade til et fleksibelt og langtidsholdbart valg til offentlige milj\u00f8er, kontorer og entre.<\/p>\n<p class=\"\" data-start=\"1357\" data-end=\"1385\"><strong data-start=\"1357\" data-end=\"1383\">Funktioner og fordele:<\/strong><\/p>\n<ul data-start=\"1386\" data-end=\"1714\">\n<li class=\"\" data-start=\"1386\" data-end=\"1431\">\n<p class=\"\" data-start=\"1388\" data-end=\"1431\">Omvendt funktion \u2013 opl\u00e5st i tilf\u00e6lde af str\u00f8msvigt<\/p>\n<\/li>\n<li class=\"\" data-start=\"1432\" data-end=\"1473\">\n<p class=\"\" data-start=\"1434\" data-end=\"1473\">Kompakt format for nem installation<\/p>\n<\/li>\n<li class=\"\" data-start=\"1474\" data-end=\"1515\">\n<p class=\"\" data-start=\"1476\" data-end=\"1515\">Brandklasse E\/EI120 i henhold til SS-EN 14846<\/p>\n<\/li>\n<li class=\"\" data-start=\"1516\" data-end=\"1560\">\n<p class=\"\" data-start=\"1518\" data-end=\"1560\">Stempelkontakt til indikation af d\u00f8rstatus<\/p>\n<\/li>\n<li class=\"\" data-start=\"1561\" data-end=\"1608\">\n<p class=\"\" data-start=\"1563\" data-end=\"1608\">HPR\u00ae-teknologi \u2013 \u00e5bner trods 250 kg strimmeltryk<\/p>\n<\/li>\n<li class=\"\" data-start=\"1609\" data-end=\"1636\">\n<p class=\"\" data-start=\"1611\" data-end=\"1636\">Brudstyrke 1200 kg<\/p>\n<\/li>\n<li class=\"\" data-start=\"1637\" data-end=\"1679\">\n<p class=\"\" data-start=\"1639\" data-end=\"1679\">Vendbar til h\u00f8jre\/venstreh\u00e6ngte d\u00f8re<\/p>\n<\/li>\n<li class=\"\" data-start=\"1680\" data-end=\"1714\">\n<p class=\"\" data-start=\"1682\" data-end=\"1714\">Sl\u00e5sikker og med beskyttelsesdiode<\/p>\n<\/li>\n<\/ul>\n<p class=\"\" data-start=\"1716\" data-end=\"1856\"><strong data-start=\"1716\" data-end=\"1739\">Anvendelsesomr\u00e5der:<\/strong><br data-start=\"1739\" data-end=\"1742\" \/>Ideel til flugtd\u00f8re, offentlige bygninger, indgange og d\u00f8re med h\u00f8je sikkerhedskrav og brandklassificering.<\/p>\n<p class=\"\" data-start=\"1858\" data-end=\"2261\"><strong data-start=\"1858\" data-end=\"1887\">Tekniske specifikationer:<\/strong><br data-start=\"1887\" data-end=\"1890\" \/>Driftssp\u00e6nding: 12 V DC (10,8-13,8 V)<br data-start=\"1926\" data-end=\"1929\" \/>Str\u00f8mforbrug: 220 mA ul\u00e5st \/ max 600 mA<br data-start=\"1972\" data-end=\"1975\" \/>Stempelkontakt: Mikrokontakt, 30 V DC \/ 1 A<br data-start=\"2015\" data-end=\"2018\" \/>D\u00f8rh\u00e6ngsel: H\u00f8jre\/venstre (vendbar)<br data-start=\"2055\" data-end=\"2058\" \/>Kabell\u00e6ngde: Ikke inkluderet<br data-start=\"2078\" data-end=\"2081\" \/>Brudstyrke: 1200 kg<br data-start=\"2105\" data-end=\"2108\" \/>Listetryk: 250 kg<br data-start=\"2125\" data-end=\"2128\" data-is-only-node=\"\" \/>L\u00e5setype: Enkeltfaldsl\u00e5s, Dobbeltfaldsl\u00e5s<br data-start=\"2161\" data-end=\"2164\" \/>M\u00e5l (BxDxH): 25 x 28 x 90 mm<br data-start=\"2193\" data-end=\"2196\" \/>Overfladebehandling: Rustfrit st\u00e5l<br data-start=\"2217\" data-end=\"2220\" \/>Byggeprodukt vurderet: Ja<br data-start=\"2238\" data-end=\"2241\" \/>SundaHouse Vurderet: Ja<\/p>","protected":false},"excerpt":{"rendered":"<p>Her kan du se, hvilke stolper og modeller, der passer sammen fra STEP serien af Elektriske d\u00f8rstoppere.<\/p>\n<h5><strong><a href=\"https:\/\/steplock.com\/sv\/stolpguide\/#!?lang=sv&amp;blog_id=1&amp;paged=1&amp;number=50\" target=\"_blank\" rel=\"noopener\">TRIN Post guide\u00a0<\/a><\/strong><\/h5>\n<h5><strong><a href=\"https:\/\/steplock.com\/sv\/projekteringsguide\/#!?lang=sv&amp;blog_id=1&amp;paged=1&amp;number=999\" target=\"_blank\" rel=\"noopener\">STEP design guide<\/a><\/strong><\/h5>","protected":false},"featured_media":147449,"template":"","meta":{"_acf_changed":false},"product_brand":[],"product_cat":[3355],"product_tag":[4196,4201],"class_list":{"0":"post-147454","1":"product","2":"type-product","3":"status-publish","4":"has-post-thumbnail","6":"product_cat-elslutbleck","7":"product_tag-12-24v","8":"product_tag-omvand","9":"product_shipping_class-tunga-paket","10":"pa_brands-step","11":"tm-no-options","13":"first","14":"instock","15":"sale","16":"taxable","17":"shipping-taxable","18":"purchasable","19":"product-type-simple"},"acf":[],"_links":{"self":[{"href":"https:\/\/secureus.se\/dk\/wp-json\/wp\/v2\/product\/147454","targetHints":{"allow":["GET"]}}],"collection":[{"href":"https:\/\/secureus.se\/dk\/wp-json\/wp\/v2\/product"}],"about":[{"href":"https:\/\/secureus.se\/dk\/wp-json\/wp\/v2\/types\/product"}],"wp:featuredmedia":[{"embeddable":true,"href":"https:\/\/secureus.se\/dk\/wp-json\/wp\/v2\/media\/147449"}],"wp:attachment":[{"href":"https:\/\/secureus.se\/dk\/wp-json\/wp\/v2\/media?parent=147454"}],"wp:term":[{"taxonomy":"product_brand","embeddable":true,"href":"https:\/\/secureus.se\/dk\/wp-json\/wp\/v2\/product_brand?post=147454"},{"taxonomy":"product_cat","embeddable":true,"href":"https:\/\/secureus.se\/dk\/wp-json\/wp\/v2\/product_cat?post=147454"},{"taxonomy":"product_tag","embeddable":true,"href":"https:\/\/secureus.se\/dk\/wp-json\/wp\/v2\/product_tag?post=147454"}],"curies":[{"name":"wp","href":"https:\/\/api.w.org\/{rel}","templated":true}]}}