{"id":147460,"date":"2023-09-26T13:08:30","date_gmt":"2023-09-26T11:08:30","guid":{"rendered":"https:\/\/secureus.se\/elslutbleck-step-98-rattvand-24v-kolvkontakt\/"},"modified":"2026-04-08T16:15:30","modified_gmt":"2026-04-08T14:15:30","slug":"elslutbleck-step-98-rattvand-24v-kolvkontakt","status":"publish","type":"product","link":"https:\/\/secureus.se\/dk\/elslutbleck-step-98-rattvand-24v-kolvkontakt\/","title":{"rendered":"Elektrisk slutplade STEP 98 H\u00f8jrevendt 24V Stempelkontakt"},"content":{"rendered":"<h1>Elektrisk slutplade STEP 98 H\u00f8jrevendt 24V Stempelkontakt<\/h1>\n<p>STEP 98 Preload er en kompakt og brandklassificeret elektrisk endeplade med h\u00f8jrevendt funktion og stempelkontakt. Med strimmeltrykteknologi, 24V-drift og mulighed for reguleringsindikering er den perfekt til knop- eller n\u00f8glel\u00e5ste d\u00f8re.<\/p>\n<p>Elektrisk slutplade STEP 98 Preload er en elektrisk slutplade i STEPs Preload-serie, der kombinerer h\u00f8j p\u00e5lidelighed og kompakt design til brug i d\u00f8rmilj\u00f8er med knop- eller n\u00f8glel\u00e5se.<\/p>\n<p>Med h\u00f8jrevendt funktion \u2013 hvilket betyder, at l\u00e5sen er l\u00e5st i sp\u00e6ndingsl\u00f8s position \u2013 opfylder den h\u00f8je sikkerhedskrav til kontorer, tekniske rum og flerlejlighedsopgange.<\/p>\n<p class=\"\" data-start=\"885\" data-end=\"1244\">Takket v\u00e6re STEPs patenterede b\u00e5ndtrykteknologi kan l\u00e5gen \u00e5bnes selv med et b\u00e5ndtryk p\u00e5 op til 40 kg, og den elektriske endeplade er brandklassificeret op til E\/EI120 iht. SS-EN 14846:2008.<\/p>\n<p class=\"\" data-start=\"885\" data-end=\"1244\">Den integrerede stempelkontakt giver indikation af d\u00f8rens status (\u00e5ben\/lukket), hvilket g\u00f8r STEP 98 ideel til tilslutning til adgangssystemer eller alarmsystemer.<\/p>\n<p class=\"\" data-start=\"1246\" data-end=\"1637\">Med en brudstyrke p\u00e5 9 kN (900 kg) og st\u00f8tte til b\u00e5de kroglineal og lige lineal tilbyder STEP 98 en robust l\u00f8sning til daglig brug. Den elektriske endeplade er vendbar til h\u00f8jre- og venstred\u00f8re, slagsikker og har indbygget beskyttelsesdiode.<\/p>\n<p class=\"\" data-start=\"1246\" data-end=\"1637\">Det er ogs\u00e5 muligt at supplere med kontrollampe ST4880, til automatisk sp\u00e6rring af d\u00f8rautomatik eller kodel\u00e5s ved mekanisk l\u00e5sning.<\/p>\n<p class=\"\" data-start=\"1639\" data-end=\"1665\"><strong data-start=\"1639\" data-end=\"1665\">Funktioner og fordele:<\/strong><\/p>\n<ul data-start=\"1666\" data-end=\"1975\">\n<li class=\"\" data-start=\"1666\" data-end=\"1703\">\n<p class=\"\" data-start=\"1668\" data-end=\"1703\">Korrekt funktion \u2013 l\u00e5st uden str\u00f8m<\/p>\n<\/li>\n<li class=\"\" data-start=\"1704\" data-end=\"1751\">\n<p class=\"\" data-start=\"1706\" data-end=\"1751\">Stempelkontakt til overv\u00e5gning af portens status<\/p>\n<\/li>\n<li class=\"\" data-start=\"1752\" data-end=\"1772\">\n<p class=\"\" data-start=\"1754\" data-end=\"1772\">Brandklasse E\/EI120<\/p>\n<\/li>\n<li class=\"\" data-start=\"1773\" data-end=\"1806\">\n<p class=\"\" data-start=\"1775\" data-end=\"1806\">Klarer b\u00e5ndtryk op til 40 kg<\/p>\n<\/li>\n<li class=\"\" data-start=\"1807\" data-end=\"1839\">\n<p class=\"\" data-start=\"1809\" data-end=\"1839\">Brudstyrke: 9 kN (900 kg)<\/p>\n<\/li>\n<li class=\"\" data-start=\"1840\" data-end=\"1871\">\n<p class=\"\" data-start=\"1842\" data-end=\"1871\">Passer til kroglineal og lige lineal<\/p>\n<\/li>\n<li class=\"\" data-start=\"1872\" data-end=\"1910\">\n<p class=\"\" data-start=\"1874\" data-end=\"1910\">Kompatibel med regelindikator ST4880<\/p>\n<\/li>\n<li class=\"\" data-start=\"1911\" data-end=\"1939\">\n<p class=\"\" data-start=\"1913\" data-end=\"1939\">Beskyttelsesdiode og st\u00f8dsikker<\/p>\n<\/li>\n<li class=\"\" data-start=\"1940\" data-end=\"1975\">\n<p class=\"\" data-start=\"1942\" data-end=\"1975\">Vendbar - til h\u00f8jre\/venstre d\u00f8re<\/p>\n<\/li>\n<\/ul>\n<p class=\"\" data-start=\"1977\" data-end=\"2155\"><strong data-start=\"1977\" data-end=\"2000\">Anvendelsesomr\u00e5der:<\/strong><br data-start=\"2000\" data-end=\"2003\" \/>Ideel til d\u00f8re, der l\u00e5ses med en knop eller n\u00f8gle, f.eks. kontorer, teknikrum, lagerrum og indvendige d\u00f8re, hvor h\u00f8j driftssikkerhed og brandkrav kombineres.<\/p>\n<p class=\"\" data-start=\"2157\" data-end=\"2186\"><strong data-start=\"2157\" data-end=\"2186\">Tekniske specifikationer:<\/strong><\/p>\n<ul data-start=\"2187\" data-end=\"2556\">\n<li class=\"\" data-start=\"2187\" data-end=\"2225\">\n<p class=\"\" data-start=\"2189\" data-end=\"2225\">Driftssp\u00e6nding: 24 V DC (21,6-27,6 V)<\/p>\n<\/li>\n<li class=\"\" data-start=\"2226\" data-end=\"2270\">\n<p class=\"\" data-start=\"2228\" data-end=\"2270\">Str\u00f8mforbrug: 110 mA ul\u00e5st, max 300 mA<\/p>\n<\/li>\n<li class=\"\" data-start=\"2271\" data-end=\"2318\">\n<p class=\"\" data-start=\"2273\" data-end=\"2318\">Stempelkontakt: Mikroswitch, max. 30V DC \/ 1A<\/p>\n<\/li>\n<li class=\"\" data-start=\"2319\" data-end=\"2358\">\n<p class=\"\" data-start=\"2321\" data-end=\"2358\">D\u00f8rh\u00e6ngsel: H\u00f8jre\/venstre (vendbar)<\/p>\n<\/li>\n<li class=\"\" data-start=\"2359\" data-end=\"2390\">\n<p class=\"\" data-start=\"2361\" data-end=\"2390\">M\u00e5l (BxDxH): 25 x 35 x 90 mm<\/p>\n<\/li>\n<li class=\"\" data-start=\"2391\" data-end=\"2416\">\n<p class=\"\" data-start=\"2393\" data-end=\"2416\">Brudstyrke: 900 kg<\/p>\n<\/li>\n<li class=\"\" data-start=\"2417\" data-end=\"2435\">\n<p class=\"\" data-start=\"2419\" data-end=\"2435\">Listetryk: 40 kg<\/p>\n<\/li>\n<li class=\"\" data-start=\"2436\" data-end=\"2453\">\n<p class=\"\" data-start=\"2438\" data-end=\"2453\">Kabel: Medf\u00f8lger ikke<\/p>\n<\/li>\n<li class=\"\" data-start=\"2454\" data-end=\"2487\">\n<p class=\"\" data-start=\"2456\" data-end=\"2487\">L\u00e5setype: Enkelt- og dobbeltfoldet l\u00e5s<\/p>\n<\/li>\n<li class=\"\" data-start=\"2488\" data-end=\"2516\">\n<p class=\"\" data-start=\"2490\" data-end=\"2516\">Farve\/finish: Rustfrit st\u00e5l<\/p>\n<\/li>\n<li class=\"\" data-start=\"2517\" data-end=\"2556\">\n<p class=\"\" data-start=\"2519\" data-end=\"2556\">Vurderinger: SundaHus, Byggematerialevurdering<\/p>\n<\/li>\n<\/ul>","protected":false},"excerpt":{"rendered":"<p>Her kan du se, hvilke stolper og modeller, der passer sammen fra STEP serien af Elektriske d\u00f8rstoppere.<\/p>\n<h5><strong><a href=\"https:\/\/steplock.com\/sv\/stolpguide\/#!?lang=sv&amp;blog_id=1&amp;paged=1&amp;number=50\" target=\"_blank\" rel=\"noopener\">TRIN Post guide\u00a0<\/a><\/strong><\/h5>\n<h5><strong><a href=\"https:\/\/steplock.com\/sv\/projekteringsguide\/#!?lang=sv&amp;blog_id=1&amp;paged=1&amp;number=999\" target=\"_blank\" rel=\"noopener\">STEP design guide<\/a><\/strong><\/h5>","protected":false},"featured_media":147459,"template":"","meta":{"_acf_changed":false},"product_brand":[],"product_cat":[3355],"product_tag":[4197,4200],"class_list":{"0":"post-147460","1":"product","2":"type-product","3":"status-publish","4":"has-post-thumbnail","6":"product_cat-elslutbleck","7":"product_tag-24v","8":"product_tag-rattvand","9":"product_shipping_class-tunga-paket","10":"pa_brands-step","11":"tm-no-options","13":"first","14":"instock","15":"sale","16":"taxable","17":"shipping-taxable","18":"purchasable","19":"product-type-simple"},"acf":[],"_links":{"self":[{"href":"https:\/\/secureus.se\/dk\/wp-json\/wp\/v2\/product\/147460","targetHints":{"allow":["GET"]}}],"collection":[{"href":"https:\/\/secureus.se\/dk\/wp-json\/wp\/v2\/product"}],"about":[{"href":"https:\/\/secureus.se\/dk\/wp-json\/wp\/v2\/types\/product"}],"wp:featuredmedia":[{"embeddable":true,"href":"https:\/\/secureus.se\/dk\/wp-json\/wp\/v2\/media\/147459"}],"wp:attachment":[{"href":"https:\/\/secureus.se\/dk\/wp-json\/wp\/v2\/media?parent=147460"}],"wp:term":[{"taxonomy":"product_brand","embeddable":true,"href":"https:\/\/secureus.se\/dk\/wp-json\/wp\/v2\/product_brand?post=147460"},{"taxonomy":"product_cat","embeddable":true,"href":"https:\/\/secureus.se\/dk\/wp-json\/wp\/v2\/product_cat?post=147460"},{"taxonomy":"product_tag","embeddable":true,"href":"https:\/\/secureus.se\/dk\/wp-json\/wp\/v2\/product_tag?post=147460"}],"curies":[{"name":"wp","href":"https:\/\/api.w.org\/{rel}","templated":true}]}}