{"id":147462,"date":"2023-09-26T13:08:25","date_gmt":"2023-09-26T11:08:25","guid":{"rendered":"https:\/\/secureus.se\/elslutbleck-step-30-rattvand-24v\/"},"modified":"2026-04-08T16:06:37","modified_gmt":"2026-04-08T14:06:37","slug":"elslutbleck-step-30-rattvand-24v","status":"publish","type":"product","link":"https:\/\/secureus.se\/dk\/elslutbleck-step-30-rattvand-24v\/","title":{"rendered":"Elektrisk slutplade TRIN 30 H\u00f8jrevendt 24V"},"content":{"rendered":"<h1>Elektrisk slutplade TRIN 30 H\u00f8jrevendt 24V<\/h1>\n<p>STEP 30 Preload er en kompakt elektrisk endeplade med h\u00f8jrevendt funktion, specielt tilpasset til at erstatte simplere elektriske endeplader i \u00e6ldre d\u00f8rmilj\u00f8er. Med strip print teknologi, 24V drift og 500 kg brudstyrke.<\/p>\n<p>Elektrisk endeplade STEP 30 Preload er en minimal elektrisk endeplade fra STEPs Preload-serie, designet til at kunne erstatte simplere elektriske endeplader i eksisterende d\u00f8rmilj\u00f8er uden st\u00f8rre indgreb.<\/p>\n<p>Det kompakte design g\u00f8r det nemt at montere i \u00e6ldre d\u00f8rsektioner eller smalle udsparinger, mens STEPs patenterede st\u00f8betrykteknologi sikrer, at d\u00f8ren \u00e5bner, selv n\u00e5r den presses mod d\u00f8rbladet.<\/p>\n<p class=\"\" data-start=\"869\" data-end=\"1170\">Med en h\u00f8jrevendt funktion \u2013 hvilket betyder, at l\u00e5sen l\u00e5ses ved str\u00f8msvigt \u2013 er STEP 30 velegnet til rum, hvor sikker afl\u00e5sning er i h\u00f8js\u00e6det.<\/p>\n<p class=\"\" data-start=\"869\" data-end=\"1170\">Den kan h\u00e5ndtere b\u00e5ndtryk op til 40 kg og har en brudstyrke p\u00e5 5 kN (500 kg), hvilket g\u00f8r den til et p\u00e5lideligt valg til enklere interne sikkerhedszoner.<\/p>\n<p class=\"\" data-start=\"1172\" data-end=\"1415\">Den elektriske endeplade er vendbar til h\u00f8jre- og venstred\u00f8re og har indbygget beskyttelsesdiode og bankebeskyttelse.<\/p>\n<p class=\"\" data-start=\"1172\" data-end=\"1415\">Den leveres uden stempelkontakt, hvilket g\u00f8r STEP 30 til et fleksibelt og omkostningseffektivt alternativ, n\u00e5r indikation ikke er p\u00e5kr\u00e6vet.<\/p>\n<p class=\"\" data-start=\"1417\" data-end=\"1443\"><strong data-start=\"1417\" data-end=\"1443\">Funktioner og fordele:<\/strong><\/p>\n<ul data-start=\"1444\" data-end=\"1761\">\n<li class=\"\" data-start=\"1444\" data-end=\"1497\">\n<p class=\"\" data-start=\"1446\" data-end=\"1497\">Kompakt design \u2013 passer til \u00e6ldre d\u00f8rdele og udsparinger<\/p>\n<\/li>\n<li class=\"\" data-start=\"1498\" data-end=\"1542\">\n<p class=\"\" data-start=\"1500\" data-end=\"1542\">H\u00f8jrevendt funktion \u2013 l\u00e5st i tilf\u00e6lde af str\u00f8msvigt<\/p>\n<\/li>\n<li class=\"\" data-start=\"1543\" data-end=\"1562\">\n<p class=\"\" data-start=\"1545\" data-end=\"1562\">24V driftssp\u00e6nding<\/p>\n<\/li>\n<li class=\"\" data-start=\"1563\" data-end=\"1608\">\n<p class=\"\" data-start=\"1565\" data-end=\"1608\">Striptrykteknologi \u2013 \u00e5bner trods 40 kg tryk<\/p>\n<\/li>\n<li class=\"\" data-start=\"1609\" data-end=\"1640\">\n<p class=\"\" data-start=\"1611\" data-end=\"1640\">Brudstyrke 5 kN (500 kg)<\/p>\n<\/li>\n<li class=\"\" data-start=\"1641\" data-end=\"1680\">\n<p class=\"\" data-start=\"1643\" data-end=\"1680\">Antibankbeskyttelse og beskyttelsesdiode integreret<\/p>\n<\/li>\n<li class=\"\" data-start=\"1681\" data-end=\"1723\">\n<p class=\"\" data-start=\"1683\" data-end=\"1723\">Vendbare \u2013 h\u00f8jre- og venstreh\u00e6ngte d\u00f8re<\/p>\n<\/li>\n<li class=\"\" data-start=\"1724\" data-end=\"1761\">\n<p class=\"\" data-start=\"1726\" data-end=\"1761\">Velegnet til enkelt og dobbelt faldl\u00e5se<\/p>\n<\/li>\n<\/ul>\n<p class=\"\" data-start=\"1763\" data-end=\"1934\"><strong data-start=\"1763\" data-end=\"1786\">Anvendelsesomr\u00e5der:<\/strong><br data-start=\"1786\" data-end=\"1789\" \/>Perfekt til kontorer, lagerbygninger og \u00e6ldre bygninger, hvor der er behov for en simpel opgradering af den eksisterende elektriske endeplade uden at g\u00e5 p\u00e5 kompromis med driftssikkerheden.<\/p>\n<p class=\"\" data-start=\"1936\" data-end=\"1965\"><strong data-start=\"1936\" data-end=\"1965\">Tekniske specifikationer:<\/strong><\/p>\n<ul data-start=\"1966\" data-end=\"2308\">\n<li class=\"\" data-start=\"1966\" data-end=\"2004\">\n<p class=\"\" data-start=\"1968\" data-end=\"2004\">Driftssp\u00e6nding: 24 V DC (21,6-27,6 V)<\/p>\n<\/li>\n<li class=\"\" data-start=\"2005\" data-end=\"2049\">\n<p class=\"\" data-start=\"2007\" data-end=\"2049\">Str\u00f8mforbrug: 110 mA ul\u00e5st, max 300 mA<\/p>\n<\/li>\n<li class=\"\" data-start=\"2050\" data-end=\"2089\">\n<p class=\"\" data-start=\"2052\" data-end=\"2089\">D\u00f8rh\u00e6ngsel: H\u00f8jre\/venstre (vendbar)<\/p>\n<\/li>\n<li class=\"\" data-start=\"2090\" data-end=\"2123\">\n<p class=\"\" data-start=\"2092\" data-end=\"2123\">M\u00e5l (BxDxH): 20,5 x 28 x 99 mm<\/p>\n<\/li>\n<li class=\"\" data-start=\"2124\" data-end=\"2149\">\n<p class=\"\" data-start=\"2126\" data-end=\"2149\">Brudstyrke: 500 kg<\/p>\n<\/li>\n<li class=\"\" data-start=\"2150\" data-end=\"2168\">\n<p class=\"\" data-start=\"2152\" data-end=\"2168\">Listetryk: 40 kg<\/p>\n<\/li>\n<li class=\"\" data-start=\"2169\" data-end=\"2187\">\n<p class=\"\" data-start=\"2171\" data-end=\"2187\">Stempelkontakt: Nej<\/p>\n<\/li>\n<li class=\"\" data-start=\"2188\" data-end=\"2205\">\n<p class=\"\" data-start=\"2190\" data-end=\"2205\">Kabel: Medf\u00f8lger ikke<\/p>\n<\/li>\n<li class=\"\" data-start=\"2206\" data-end=\"2239\">\n<p class=\"\" data-start=\"2208\" data-end=\"2239\">L\u00e5setype: Enkelt- og dobbeltfoldet l\u00e5s<\/p>\n<\/li>\n<li class=\"\" data-start=\"2240\" data-end=\"2268\">\n<p class=\"\" data-start=\"2242\" data-end=\"2268\">Farve\/finish: Rustfrit st\u00e5l<\/p>\n<\/li>\n<li class=\"\" data-start=\"2269\" data-end=\"2308\">\n<p class=\"\" data-start=\"2271\" data-end=\"2308\">Vurderinger: SundaHus, Byggematerialevurdering<\/p>\n<\/li>\n<\/ul>","protected":false},"excerpt":{"rendered":"<p>Her kan du se, hvilke stolper og modeller, der passer sammen fra STEP serien af Elektriske d\u00f8rstoppere.<\/p>\n<h5><strong><a href=\"https:\/\/steplock.com\/sv\/stolpguide\/#!?lang=sv&amp;blog_id=1&amp;paged=1&amp;number=50\" target=\"_blank\" rel=\"noopener\">TRIN Post guide\u00a0<\/a><\/strong><\/h5>\n<h5><strong><a href=\"https:\/\/steplock.com\/sv\/projekteringsguide\/#!?lang=sv&amp;blog_id=1&amp;paged=1&amp;number=999\" target=\"_blank\" rel=\"noopener\">STEP design guide<\/a><\/strong><\/h5>","protected":false},"featured_media":147461,"template":"","meta":{"_acf_changed":false},"product_brand":[],"product_cat":[3355],"product_tag":[4197,4200],"class_list":{"0":"post-147462","1":"product","2":"type-product","3":"status-publish","4":"has-post-thumbnail","6":"product_cat-elslutbleck","7":"product_tag-24v","8":"product_tag-rattvand","9":"product_shipping_class-tunga-paket","10":"pa_brands-step","11":"tm-no-options","13":"first","14":"instock","15":"sale","16":"taxable","17":"shipping-taxable","18":"purchasable","19":"product-type-simple"},"acf":[],"_links":{"self":[{"href":"https:\/\/secureus.se\/dk\/wp-json\/wp\/v2\/product\/147462","targetHints":{"allow":["GET"]}}],"collection":[{"href":"https:\/\/secureus.se\/dk\/wp-json\/wp\/v2\/product"}],"about":[{"href":"https:\/\/secureus.se\/dk\/wp-json\/wp\/v2\/types\/product"}],"wp:featuredmedia":[{"embeddable":true,"href":"https:\/\/secureus.se\/dk\/wp-json\/wp\/v2\/media\/147461"}],"wp:attachment":[{"href":"https:\/\/secureus.se\/dk\/wp-json\/wp\/v2\/media?parent=147462"}],"wp:term":[{"taxonomy":"product_brand","embeddable":true,"href":"https:\/\/secureus.se\/dk\/wp-json\/wp\/v2\/product_brand?post=147462"},{"taxonomy":"product_cat","embeddable":true,"href":"https:\/\/secureus.se\/dk\/wp-json\/wp\/v2\/product_cat?post=147462"},{"taxonomy":"product_tag","embeddable":true,"href":"https:\/\/secureus.se\/dk\/wp-json\/wp\/v2\/product_tag?post=147462"}],"curies":[{"name":"wp","href":"https:\/\/api.w.org\/{rel}","templated":true}]}}