{"id":147466,"date":"2023-09-26T13:08:24","date_gmt":"2023-09-26T11:08:24","guid":{"rendered":"https:\/\/secureus.se\/elslutbleck-step-40-omstallbar-12v\/"},"modified":"2026-03-26T09:46:32","modified_gmt":"2026-03-26T08:46:32","slug":"elslutbleck-step-40-omstallbar-12v","status":"publish","type":"product","link":"https:\/\/secureus.se\/dk\/elslutbleck-step-40-omstallbar-12v\/","title":{"rendered":"Elsluttende STEP 40 Justerbar 12V"},"content":{"rendered":"<h1>Elsluttende STEP 40 Justerbar 12V<\/h1>\n<p>STEP 40 Preload er en kompakt og justerbar elektrisk endeplade med 12V drift, HPR teknologi og h\u00f8j brudstyrke. Fleksibel funktion, der kan indstilles til h\u00f8jre eller omvendt. Perfekt til d\u00f8re med h\u00f8je krav til driftssikkerhed.<\/p>\n<p>Elektrisk lukkeplade STEP 40 Preload er en alsidig og p\u00e5lidelig elektrisk lukkeplade i STEPs Preload-serie, designet til at fungere i kr\u00e6vende d\u00f8rmilj\u00f8er, hvor h\u00f8j \u00e5bningsfrekvens og sikker funktion er vigtig.<\/p>\n<p>Denne version er omskiftelig mellem frem- og bakfunktion, hvilket betyder, at du nemt kan v\u00e6lge, om l\u00e5sen skal l\u00e5ses eller l\u00e5ses op i tilf\u00e6lde af str\u00f8msvigt - uden at skulle skifte produkt.<\/p>\n<p data-start=\"910\" data-end=\"1301\">STEP 40 er udstyret med patenteret HPR\u00ae teknologi, som muligg\u00f8r opl\u00e5sning, selv n\u00e5r d\u00f8ren uds\u00e6ttes for et b\u00e5ndtryk p\u00e5 op til 250 kg. Med en brudstyrke p\u00e5 1.200 kg er den elektriske endeplade designet til at levere langvarig, sikker drift selv under intensiv brug.<\/p>\n<p data-start=\"910\" data-end=\"1301\">Produktet er fabrikstestet i 1.500.000 cyklusser, hvilket g\u00f8r det ideelt til h\u00f8jkapacitetsd\u00f8re.<\/p>\n<p data-start=\"1303\" data-end=\"1529\">Det kompakte format og vendbare design g\u00f8r installationen nem i b\u00e5de h\u00f8jre- og venstreh\u00e6ngte d\u00f8re.<\/p>\n<p data-start=\"1303\" data-end=\"1529\">Den elektriske endeplade er desuden st\u00f8dsikker, har indbygget beskyttelsesdiode, og passer til b\u00e5de enkelt- og dobbeltfaldsl\u00e5se.<\/p>\n<p class=\"\" data-start=\"1531\" data-end=\"1557\"><strong data-start=\"1531\" data-end=\"1557\">Funktioner og fordele:<\/strong><\/p>\n<ul data-start=\"1558\" data-end=\"1875\">\n<li class=\"\" data-start=\"1558\" data-end=\"1608\">\n<p class=\"\" data-start=\"1560\" data-end=\"1608\">Omskiftelig funktion - v\u00e6lg til h\u00f8jre eller omvendt<\/p>\n<\/li>\n<li class=\"\" data-start=\"1609\" data-end=\"1654\">\n<p class=\"\" data-start=\"1611\" data-end=\"1654\">Kompakt og vendbar til h\u00f8jre\/venstre d\u00f8re<\/p>\n<\/li>\n<li class=\"\" data-start=\"1655\" data-end=\"1674\">\n<p class=\"\" data-start=\"1657\" data-end=\"1674\">12V driftssp\u00e6nding<\/p>\n<\/li>\n<li class=\"\" data-start=\"1675\" data-end=\"1709\">\n<p class=\"\" data-start=\"1677\" data-end=\"1709\">Klarer b\u00e5ndtryk op til 250 kg<\/p>\n<\/li>\n<li class=\"\" data-start=\"1710\" data-end=\"1736\">\n<p class=\"\" data-start=\"1712\" data-end=\"1736\">Brudstyrke 1.200 kg<\/p>\n<\/li>\n<li class=\"\" data-start=\"1737\" data-end=\"1782\">\n<p class=\"\" data-start=\"1739\" data-end=\"1782\">HPR\u00ae-teknologi \u2013 sikker drift selv under pres<\/p>\n<\/li>\n<li class=\"\" data-start=\"1783\" data-end=\"1812\">\n<p class=\"\" data-start=\"1785\" data-end=\"1812\">Testet i 1.500.000 cyklusser<\/p>\n<\/li>\n<li class=\"\" data-start=\"1813\" data-end=\"1842\">\n<p class=\"\" data-start=\"1815\" data-end=\"1842\">Beskyttelsesdiode og bankebeskyttelse<\/p>\n<\/li>\n<li class=\"\" data-start=\"1843\" data-end=\"1875\">\n<p class=\"\" data-start=\"1845\" data-end=\"1875\">Passer til enkelt og dobbelt faldl\u00e5se<\/p>\n<\/li>\n<\/ul>\n<p class=\"\" data-start=\"1877\" data-end=\"2078\"><strong data-start=\"1877\" data-end=\"1900\">Anvendelsesomr\u00e5der:<\/strong><br data-start=\"1900\" data-end=\"1903\" \/>Perfekt til kontorer, offentlige milj\u00f8er og lejlighedsbygninger, hvor der kr\u00e6ves en kompakt, fleksibel og p\u00e5lidelig elektrisk termineringsplade. Enkel l\u00f8sning til b\u00e5de nyinstallation og eftermontering.<\/p>\n<p class=\"\" data-start=\"2080\" data-end=\"2109\"><strong data-start=\"2080\" data-end=\"2109\">Tekniske specifikationer:<\/strong><\/p>\n<ul data-start=\"2110\" data-end=\"2453\">\n<li class=\"\" data-start=\"2110\" data-end=\"2148\">\n<p class=\"\" data-start=\"2112\" data-end=\"2148\">Driftssp\u00e6nding: 12 V DC (10,8-13,8 V)<\/p>\n<\/li>\n<li class=\"\" data-start=\"2149\" data-end=\"2193\">\n<p class=\"\" data-start=\"2151\" data-end=\"2193\">Str\u00f8mforbrug: 220 mA ul\u00e5st, max 600 mA<\/p>\n<\/li>\n<li class=\"\" data-start=\"2194\" data-end=\"2233\">\n<p class=\"\" data-start=\"2196\" data-end=\"2233\">D\u00f8rh\u00e6ngsel: H\u00f8jre\/venstre (vendbar)<\/p>\n<\/li>\n<li class=\"\" data-start=\"2234\" data-end=\"2265\">\n<p class=\"\" data-start=\"2236\" data-end=\"2265\">M\u00e5l (BxDxH): 25 x 28 x 90 mm<\/p>\n<\/li>\n<li class=\"\" data-start=\"2266\" data-end=\"2293\">\n<p class=\"\" data-start=\"2268\" data-end=\"2293\">Brudstyrke: 1.200 kg<\/p>\n<\/li>\n<li class=\"\" data-start=\"2294\" data-end=\"2313\">\n<p class=\"\" data-start=\"2296\" data-end=\"2313\">Listetryk: 250 kg<\/p>\n<\/li>\n<li class=\"\" data-start=\"2314\" data-end=\"2331\">\n<p class=\"\" data-start=\"2316\" data-end=\"2331\">Kabel: Medf\u00f8lger ikke<\/p>\n<\/li>\n<li class=\"\" data-start=\"2332\" data-end=\"2350\">\n<p class=\"\" data-start=\"2334\" data-end=\"2350\">Stempelkontakt: Nej<\/p>\n<\/li>\n<li class=\"\" data-start=\"2351\" data-end=\"2384\">\n<p class=\"\" data-start=\"2353\" data-end=\"2384\">L\u00e5setype: Enkelt- og dobbeltfoldet l\u00e5s<\/p>\n<\/li>\n<li class=\"\" data-start=\"2385\" data-end=\"2413\">\n<p class=\"\" data-start=\"2387\" data-end=\"2413\">Farve\/finish: Rustfrit st\u00e5l<\/p>\n<\/li>\n<li class=\"\" data-start=\"2414\" data-end=\"2453\">\n<p class=\"\" data-start=\"2416\" data-end=\"2453\">Vurderinger: SundaHus, Byggematerialevurdering<\/p>\n<\/li>\n<\/ul>","protected":false},"excerpt":{"rendered":"<p>Her kan du se, hvilke stolper og modeller, der passer sammen fra STEP serien af Elektriske d\u00f8rstoppere.<\/p>\n<h5><strong><a href=\"https:\/\/steplock.com\/sv\/stolpguide\/#!?lang=sv&amp;blog_id=1&amp;paged=1&amp;number=50\" target=\"_blank\" rel=\"noopener\">TRIN Post guide\u00a0<\/a><\/strong><\/h5>\n<h5><strong><a href=\"https:\/\/steplock.com\/sv\/projekteringsguide\/#!?lang=sv&amp;blog_id=1&amp;paged=1&amp;number=999\" target=\"_blank\" rel=\"noopener\">STEP design guide<\/a><\/strong><\/h5>","protected":false},"featured_media":147463,"template":"","meta":{"_acf_changed":false},"product_brand":[],"product_cat":[3355],"product_tag":[4198,4202],"class_list":{"0":"post-147466","1":"product","2":"type-product","3":"status-publish","4":"has-post-thumbnail","6":"product_cat-elslutbleck","7":"product_tag-12v","8":"product_tag-omstallbar-rattvand-omvand","9":"product_shipping_class-tunga-paket","10":"pa_brands-step","11":"tm-no-options","13":"first","14":"instock","15":"sale","16":"taxable","17":"shipping-taxable","18":"purchasable","19":"product-type-simple"},"acf":[],"_links":{"self":[{"href":"https:\/\/secureus.se\/dk\/wp-json\/wp\/v2\/product\/147466","targetHints":{"allow":["GET"]}}],"collection":[{"href":"https:\/\/secureus.se\/dk\/wp-json\/wp\/v2\/product"}],"about":[{"href":"https:\/\/secureus.se\/dk\/wp-json\/wp\/v2\/types\/product"}],"wp:featuredmedia":[{"embeddable":true,"href":"https:\/\/secureus.se\/dk\/wp-json\/wp\/v2\/media\/147463"}],"wp:attachment":[{"href":"https:\/\/secureus.se\/dk\/wp-json\/wp\/v2\/media?parent=147466"}],"wp:term":[{"taxonomy":"product_brand","embeddable":true,"href":"https:\/\/secureus.se\/dk\/wp-json\/wp\/v2\/product_brand?post=147466"},{"taxonomy":"product_cat","embeddable":true,"href":"https:\/\/secureus.se\/dk\/wp-json\/wp\/v2\/product_cat?post=147466"},{"taxonomy":"product_tag","embeddable":true,"href":"https:\/\/secureus.se\/dk\/wp-json\/wp\/v2\/product_tag?post=147466"}],"curies":[{"name":"wp","href":"https:\/\/api.w.org\/{rel}","templated":true}]}}