{"id":147479,"date":"2023-09-26T13:08:12","date_gmt":"2023-09-26T11:08:12","guid":{"rendered":"https:\/\/secureus.se\/elslutbleck-step-28e-hoger-rattvand-24v-7mm-regel\/"},"modified":"2026-03-26T09:47:04","modified_gmt":"2026-03-26T08:47:04","slug":"elslutbleck-step-28e-hoger-rattvand-24v-7mm-regel","status":"publish","type":"product","link":"https:\/\/secureus.se\/dk\/elslutbleck-step-28e-hoger-rattvand-24v-7mm-regel\/","title":{"rendered":"Elektrisk sl\u00f8jfe STEP 28E H\u00f8jre Lige 24V 7mm Rulle"},"content":{"rendered":"<h1>Elektrisk sl\u00f8jfe STEP 28E H\u00f8jre Lige 24V 7mm Rulle<\/h1>\n<p>STEP 28E Secure er en elektrisk lukkeplade med h\u00f8jrevendt funktion, tilpasset til h\u00f8jreh\u00e6ngte d\u00f8re og 7 mm Connect line.<\/p>\n<p>H\u00f8j sikkerhed, brandklasse E\/EI60, stempelstik og 5 meter halogenfrit kabel.<\/p>\n<p class=\"\" data-start=\"277\" data-end=\"676\">STEP 28E Secure er en avanceret elektrisk endeplade, der kombinerer h\u00f8j sikkerhed med brandklassificering og funktion til evakuering.<\/p>\n<p class=\"\" data-start=\"277\" data-end=\"676\">Den er specielt designet til d\u00f8re med automatiske d\u00f8re eller tr\u00e6kh\u00e5ndtag, og bruges i forbindelse med deadbolt-l\u00e5se eller deadbolt-l\u00e5se.<\/p>\n<p class=\"\" data-start=\"277\" data-end=\"676\">Da trykfaldene opretholder d\u00f8rens lukkefunktion, er der altid sikret et sikkert hold.<\/p>\n<p class=\"\" data-start=\"678\" data-end=\"968\">Denne version er tilpasset til h\u00f8jreh\u00e6ngte d\u00f8re med 7 mm stempel i Connect-serien og har en h\u00f8jrevendt funktion - l\u00e5st i str\u00f8ml\u00f8s tilstand.<\/p>\n<p class=\"\" data-start=\"678\" data-end=\"968\">Den er godkendt til brandteknisk klasse E\/EI 60 og monteres ofte sammen med n\u00f8dudgangsl\u00e5se efter SS-EN 179, hvor der stilles b\u00e5de sikkerheds- og evakueringskrav.<\/p>\n<p class=\"\" data-start=\"970\" data-end=\"1256\">Med indbygget stempelkontakt og l\u00e5sekontakt aktiveres tydelig indikation af d\u00f8rens status, hvilket giver nem integration med adgangssystemer, d\u00f8rautomatik eller alarmer.<\/p>\n<p class=\"\" data-start=\"970\" data-end=\"1256\">Produktet er anti-banke, har indbygget beskyttelsesdiode og kan modst\u00e5 et b\u00e5ndtryk p\u00e5 op til 500 kg og en brudstyrke p\u00e5 over 15 kN.<\/p>\n<p class=\"\" data-start=\"1258\" data-end=\"1341\">Det inkluderer 5 meter halogenfrit kabel til nem installation i professionelle milj\u00f8er.<\/p>\n<p class=\"\" data-start=\"1343\" data-end=\"1371\"><strong data-start=\"1343\" data-end=\"1369\">Funktioner og fordele:<\/strong><\/p>\n<ul data-start=\"1372\" data-end=\"1715\">\n<li class=\"\" data-start=\"1372\" data-end=\"1419\">\n<p class=\"\" data-start=\"1374\" data-end=\"1419\">Til kontroll\u00e5s med 7 mm stempel i Connect-serien<\/p>\n<\/li>\n<li class=\"\" data-start=\"1420\" data-end=\"1459\">\n<p class=\"\" data-start=\"1422\" data-end=\"1459\">Korrekt funktion \u2013 l\u00e5st uden str\u00f8m<\/p>\n<\/li>\n<li class=\"\" data-start=\"1460\" data-end=\"1492\">\n<p class=\"\" data-start=\"1462\" data-end=\"1492\">Brandklassificeret op til E\/EI60<\/p>\n<\/li>\n<li class=\"\" data-start=\"1493\" data-end=\"1519\">\n<p class=\"\" data-start=\"1495\" data-end=\"1519\">Til h\u00f8jreh\u00e6ngte d\u00f8re<\/p>\n<\/li>\n<li class=\"\" data-start=\"1520\" data-end=\"1575\">\n<p class=\"\" data-start=\"1522\" data-end=\"1575\">Stempel og l\u00e5sekontakt til indikation af d\u00f8rstatus<\/p>\n<\/li>\n<li class=\"\" data-start=\"1576\" data-end=\"1606\">\n<p class=\"\" data-start=\"1578\" data-end=\"1606\">T\u00e5ler et b\u00e5ndtryk p\u00e5 500 kg<\/p>\n<\/li>\n<li class=\"\" data-start=\"1607\" data-end=\"1637\">\n<p class=\"\" data-start=\"1609\" data-end=\"1637\">Brudstyrke over 15 kN<\/p>\n<\/li>\n<li class=\"\" data-start=\"1638\" data-end=\"1669\">\n<p class=\"\" data-start=\"1640\" data-end=\"1669\">Beskyttelsesdiode og bankebeskyttelse<\/p>\n<\/li>\n<li class=\"\" data-start=\"1670\" data-end=\"1715\">\n<p class=\"\" data-start=\"1672\" data-end=\"1715\">5 meter halogenfrit tilslutningskabel medf\u00f8lger<\/p>\n<\/li>\n<\/ul>\n<p class=\"\" data-start=\"1717\" data-end=\"1928\"><strong data-start=\"1717\" data-end=\"1740\">Anvendelsesomr\u00e5der:<\/strong><br data-start=\"1740\" data-end=\"1743\" \/>Perfekt egnet til d\u00f8rmilj\u00f8er i offentlige lokaler, skoler, sundhedsfaciliteter og andre ejendomme, hvor kombinationen af h\u00f8j sikkerhed, flugtfunktion og d\u00f8rautomatik er n\u00f8dvendig.<\/p>\n<p class=\"\" data-start=\"1930\" data-end=\"2339\"><strong data-start=\"1930\" data-end=\"1959\">Tekniske specifikationer:<\/strong><br data-start=\"1959\" data-end=\"1962\" \/>Driftssp\u00e6nding: 24 V DC (21,6-27,6 V)<br data-start=\"1998\" data-end=\"2001\" \/>Str\u00f8mforbrug: 500 mA ul\u00e5st<br data-start=\"2031\" data-end=\"2034\" \/>Stempelkontakt: Ja, mikrokontakt max. 30 V DC \/ 1 A<br data-start=\"2082\" data-end=\"2085\" \/>Brudstyrke: 1500 kg<br data-start=\"2109\" data-end=\"2112\" \/>Listetryk: 500 kg<br data-start=\"2129\" data-end=\"2132\" \/>L\u00e5setype: Krogl\u00e5s, L\u00e5sel\u00e5s<br data-start=\"2161\" data-end=\"2164\" \/>D\u00f8rh\u00e6ngsel: H\u00f8jre<br data-start=\"2183\" data-end=\"2186\" data-is-only-node=\"\" \/>Dobbelt twist drop: Ja<br data-start=\"2205\" data-end=\"2208\" \/>Kabel: 5 meter halogenfri<br data-start=\"2233\" data-end=\"2236\" \/>M\u00e5l (BxDxH): 35 x 40 x 230 mm<br data-start=\"2266\" data-end=\"2269\" \/>Farve\/finish: Rustfrit st\u00e5l<br data-start=\"2295\" data-end=\"2298\" \/>Byggeprodukt vurderet: Ja<br data-start=\"2316\" data-end=\"2319\" \/>SundaHouse Vurderet: Ja<\/p>","protected":false},"excerpt":{"rendered":"<p>Her kan du se, hvilke stolper og modeller, der passer sammen fra STEP serien af Elektriske d\u00f8rstoppere.<\/p>\n<h5><strong><a href=\"https:\/\/steplock.com\/sv\/stolpguide\/#!?lang=sv&amp;blog_id=1&amp;paged=1&amp;number=50\" target=\"_blank\" rel=\"noopener\">TRIN Post guide\u00a0<\/a><\/strong><\/h5>\n<h5><strong><a href=\"https:\/\/steplock.com\/sv\/projekteringsguide\/#!?lang=sv&amp;blog_id=1&amp;paged=1&amp;number=999\" target=\"_blank\" rel=\"noopener\">STEP design guide<\/a><\/strong><\/h5>","protected":false},"featured_media":147477,"template":"","meta":{"_acf_changed":false},"product_brand":[],"product_cat":[3355],"product_tag":[4197,4200],"class_list":{"0":"post-147479","1":"product","2":"type-product","3":"status-publish","4":"has-post-thumbnail","6":"product_cat-elslutbleck","7":"product_tag-24v","8":"product_tag-rattvand","9":"product_shipping_class-tunga-paket","10":"pa_brands-step","11":"tm-no-options","13":"first","14":"instock","15":"sale","16":"taxable","17":"shipping-taxable","18":"purchasable","19":"product-type-simple"},"acf":[],"_links":{"self":[{"href":"https:\/\/secureus.se\/dk\/wp-json\/wp\/v2\/product\/147479","targetHints":{"allow":["GET"]}}],"collection":[{"href":"https:\/\/secureus.se\/dk\/wp-json\/wp\/v2\/product"}],"about":[{"href":"https:\/\/secureus.se\/dk\/wp-json\/wp\/v2\/types\/product"}],"wp:featuredmedia":[{"embeddable":true,"href":"https:\/\/secureus.se\/dk\/wp-json\/wp\/v2\/media\/147477"}],"wp:attachment":[{"href":"https:\/\/secureus.se\/dk\/wp-json\/wp\/v2\/media?parent=147479"}],"wp:term":[{"taxonomy":"product_brand","embeddable":true,"href":"https:\/\/secureus.se\/dk\/wp-json\/wp\/v2\/product_brand?post=147479"},{"taxonomy":"product_cat","embeddable":true,"href":"https:\/\/secureus.se\/dk\/wp-json\/wp\/v2\/product_cat?post=147479"},{"taxonomy":"product_tag","embeddable":true,"href":"https:\/\/secureus.se\/dk\/wp-json\/wp\/v2\/product_tag?post=147479"}],"curies":[{"name":"wp","href":"https:\/\/api.w.org\/{rel}","templated":true}]}}