{"id":147575,"date":"2025-02-04T10:34:59","date_gmt":"2025-02-04T09:34:59","guid":{"rendered":"https:\/\/secureus.se\/styrenhet-st300c\/"},"modified":"2026-04-08T15:28:48","modified_gmt":"2026-04-08T13:28:48","slug":"styrenhet-st300c","status":"publish","type":"product","link":"https:\/\/secureus.se\/dk\/styrenhet-st300c\/","title":{"rendered":"ST300C styreenhed"},"content":{"rendered":"<p>STEP ST300C er en kontrolenhed, der styrer en motorl\u00e5s for tilslutning til adgangskontrolsystemer, alarmer og andre v\u00e6sentlige funktioner. ST300C medf\u00f8lger som standard ved k\u00f8b af STEP 300 serie motorl\u00e5se i KPL emballage. Kan ogs\u00e5 k\u00f8bes separat.<\/p>\n<div><b>Egenskaber:<\/b><\/div>\n<div>\n<ul>\n<li>Styrer genhusning.<\/li>\n<li>Krypteret kommunikation AES-128 til l\u00e5sning, opl\u00e5sning og statusindikationer.<\/li>\n<li>Tilslutningskablet mellem l\u00e5sehuset og styreenheden forbindes via en klemr\u00e6kke i bagkanten af l\u00e5sehuset.<\/li>\n<li>Str\u00f8mforsyning +\/- og kommunikation A og B er forbundet via en klemr\u00e6kke p\u00e5 styreenheden.<\/li>\n<li>Tilslutning til motorl\u00e5s sker via RS-485.<\/li>\n<\/ul>\n<\/div>\n<div><\/div>","protected":false},"excerpt":{"rendered":"<p>STEP ST300C er en kontrolenhed, der styrer en motorl\u00e5s for tilslutning til adgangskontrolsystemer, alarmer og andre v\u00e6sentlige funktioner. ST300C medf\u00f8lger som standard ved k\u00f8b af STEP 300 serie motorl\u00e5se ind<\/p>","protected":false},"featured_media":147572,"template":"","meta":{"_acf_changed":false},"product_brand":[],"product_cat":[2834],"product_tag":[],"class_list":{"0":"post-147575","1":"product","2":"type-product","3":"status-publish","4":"has-post-thumbnail","6":"product_cat-ellas-motorlastillbehor","7":"product_shipping_class-tunga-paket","8":"pa_brands-step","9":"tm-no-options","11":"first","12":"instock","13":"sale","14":"taxable","15":"shipping-taxable","16":"purchasable","17":"product-type-simple"},"acf":[],"_links":{"self":[{"href":"https:\/\/secureus.se\/dk\/wp-json\/wp\/v2\/product\/147575","targetHints":{"allow":["GET"]}}],"collection":[{"href":"https:\/\/secureus.se\/dk\/wp-json\/wp\/v2\/product"}],"about":[{"href":"https:\/\/secureus.se\/dk\/wp-json\/wp\/v2\/types\/product"}],"wp:featuredmedia":[{"embeddable":true,"href":"https:\/\/secureus.se\/dk\/wp-json\/wp\/v2\/media\/147572"}],"wp:attachment":[{"href":"https:\/\/secureus.se\/dk\/wp-json\/wp\/v2\/media?parent=147575"}],"wp:term":[{"taxonomy":"product_brand","embeddable":true,"href":"https:\/\/secureus.se\/dk\/wp-json\/wp\/v2\/product_brand?post=147575"},{"taxonomy":"product_cat","embeddable":true,"href":"https:\/\/secureus.se\/dk\/wp-json\/wp\/v2\/product_cat?post=147575"},{"taxonomy":"product_tag","embeddable":true,"href":"https:\/\/secureus.se\/dk\/wp-json\/wp\/v2\/product_tag?post=147575"}],"curies":[{"name":"wp","href":"https:\/\/api.w.org\/{rel}","templated":true}]}}