{"id":147751,"date":"2025-02-11T13:27:30","date_gmt":"2025-02-11T12:27:30","guid":{"rendered":"https:\/\/secureus.se\/kodlas-v44duo\/"},"modified":"2026-03-26T11:08:07","modified_gmt":"2026-03-26T10:08:07","slug":"kodlas-v44duo","status":"publish","type":"product","link":"https:\/\/secureus.se\/dk\/kodlas-v44duo\/","title":{"rendered":"KODE L\u00c5S V44DUO"},"content":{"rendered":"<h1 data-start=\"227\" data-end=\"777\">KODEL\u00c5S V44DUO er en alsidig og let programmerbar kodel\u00e5s, der giver styring af to d\u00f8re via et og samme tastatur.<\/h1>\n<p data-start=\"227\" data-end=\"777\">Hver kode kan programmeres til at \u00e5bne et eller begge rel\u00e6er.<\/p>\n<p data-start=\"227\" data-end=\"777\">For yderligere sikkerhed har den en l\u00e5sefunktion, hvilket betyder, at d\u00f8r 2 ikke kan \u00e5bnes, f\u00f8r d\u00f8r 1 er lukket.<\/p>\n<p data-start=\"227\" data-end=\"777\">Der er ogs\u00e5 muligheder for d\u00f8rstyring og alarmudgang med justerbar advarselstid, samt integreret d\u00f8rklokkefunktion.<\/p>\n<p data-start=\"227\" data-end=\"777\">Koder kan tidsstyres via to eksterne indgange og systemet kan s\u00e6ttes op til dagdrift.<\/p>\n<p data-start=\"779\" data-end=\"1208\">Med IP54-beskyttelsesklassificering og en st\u00f8bt metalbyggekvalitet med knapper i rustfrit st\u00e5l er V44DUO velegnet til b\u00e5de indend\u00f8rs og udend\u00f8rs brug med en driftstemperatur fra -35\u00b0C til +55\u00b0C.<\/p>\n<p data-start=\"779\" data-end=\"1208\">Til udend\u00f8rs installation p\u00e5 udsatte steder anbefales brug af regnbeskyttelse som SH1 eller SH2.<\/p>\n<p data-start=\"779\" data-end=\"1208\">Denne kodel\u00e5s er is\u00e6r anvendelig til sikkerhedsl\u00f8sninger, hvor flere d\u00f8re skal styres, og kodestyring er p\u00e5kr\u00e6vet for b\u00e5de nem og sikker brug.<\/p>\n<p data-start=\"1210\" data-end=\"1239\"><strong data-start=\"1210\" data-end=\"1239\">Tekniske specifikationer:<\/strong><\/p>\n<ul data-start=\"1240\" data-end=\"1739\">\n<li data-start=\"1256\" data-end=\"1282\"><strong data-start=\"1258\" data-end=\"1277\">Beskyttelsesklasse:<\/strong> IP54<\/li>\n<li data-start=\"1283\" data-end=\"1352\"><strong data-start=\"1285\" data-end=\"1306\">Bekl\u00e6dningsmateriale:<\/strong> St\u00f8bt metal, knapper i rustfrit st\u00e5l, sikkerhedsl\u00e5s<\/li>\n<li data-start=\"1353\" data-end=\"1372\"><strong data-start=\"1355\" data-end=\"1364\">V\u00e6gt:<\/strong> 0,75 kg<\/li>\n<li data-start=\"1373\" data-end=\"1426\"><strong data-start=\"1375\" data-end=\"1385\">Milj\u00f8:<\/strong> Indend\u00f8rs eller udend\u00f8rs brug (IP54 design)<\/li>\n<li data-start=\"1427\" data-end=\"1466\"><strong data-start=\"1429\" data-end=\"1450\">Arbejdstemperatur:<\/strong> -35 til +55\u00b0C<\/li>\n<li data-start=\"1467\" data-end=\"1529\"><strong data-start=\"1469\" data-end=\"1486\">Kodekapacitet:<\/strong> 20 firecifrede koder, 10 sekscifrede koder<\/li>\n<li data-start=\"1530\" data-end=\"1547\"><strong data-start=\"1532\" data-end=\"1543\">D\u00f8re:<\/strong> To<\/li>\n<li data-start=\"1548\" data-end=\"1595\"><strong data-start=\"1550\" data-end=\"1566\">\u00c5bningstider:<\/strong> 1-99 sekunder, programmerbar<\/li>\n<li data-start=\"1596\" data-end=\"1646\"><strong data-start=\"1598\" data-end=\"1611\">Udgange:<\/strong> To rel\u00e6kontakter, max 2 A, 28 VDC<\/li>\n<li data-start=\"1647\" data-end=\"1688\"><strong data-start=\"1649\" data-end=\"1670\">Str\u00f8mforbrug:<\/strong> 75 mA i standbytilstand<\/li>\n<li data-start=\"1689\" data-end=\"1739\"><strong data-start=\"1691\" data-end=\"1709\">Driftssp\u00e6nding:<\/strong> 10 til 35 VDC, 8 til 24 VAC<\/li>\n<\/ul>\n<p data-start=\"1741\" data-end=\"1835\">","protected":false},"excerpt":{"rendered":"<p data-start=\"25\" data-end=\"225\">KODEL\u00c5S V44DUO er en programmerbar kodel\u00e5s med to rel\u00e6er til styring af to d\u00f8re fra samme tastatur.<\/p>\n<p data-start=\"25\" data-end=\"225\">Indbygget l\u00e5sefunktion og d\u00f8rstyring g\u00f8r den fleksibel og sikker.<\/p>\n<p data-start=\"227\" data-end=\"777\">","protected":false},"featured_media":147750,"template":"","meta":{"_acf_changed":false},"product_brand":[],"product_cat":[1481],"product_tag":[],"class_list":{"0":"post-147751","1":"product","2":"type-product","3":"status-publish","4":"has-post-thumbnail","6":"product_cat-kodlas-kodlas","7":"pa_brands-6vanderbilt","8":"tm-no-options","10":"first","11":"instock","12":"sale","13":"taxable","14":"shipping-taxable","15":"purchasable","16":"product-type-simple"},"acf":[],"_links":{"self":[{"href":"https:\/\/secureus.se\/dk\/wp-json\/wp\/v2\/product\/147751","targetHints":{"allow":["GET"]}}],"collection":[{"href":"https:\/\/secureus.se\/dk\/wp-json\/wp\/v2\/product"}],"about":[{"href":"https:\/\/secureus.se\/dk\/wp-json\/wp\/v2\/types\/product"}],"wp:featuredmedia":[{"embeddable":true,"href":"https:\/\/secureus.se\/dk\/wp-json\/wp\/v2\/media\/147750"}],"wp:attachment":[{"href":"https:\/\/secureus.se\/dk\/wp-json\/wp\/v2\/media?parent=147751"}],"wp:term":[{"taxonomy":"product_brand","embeddable":true,"href":"https:\/\/secureus.se\/dk\/wp-json\/wp\/v2\/product_brand?post=147751"},{"taxonomy":"product_cat","embeddable":true,"href":"https:\/\/secureus.se\/dk\/wp-json\/wp\/v2\/product_cat?post=147751"},{"taxonomy":"product_tag","embeddable":true,"href":"https:\/\/secureus.se\/dk\/wp-json\/wp\/v2\/product_tag?post=147751"}],"curies":[{"name":"wp","href":"https:\/\/api.w.org\/{rel}","templated":true}]}}