{"id":147753,"date":"2025-02-11T13:27:34","date_gmt":"2025-02-11T12:27:34","guid":{"rendered":"https:\/\/secureus.se\/kodlas-22cl-svart\/"},"modified":"2026-04-23T10:19:36","modified_gmt":"2026-04-23T08:19:36","slug":"kodlas-22cl-svart","status":"publish","type":"product","link":"https:\/\/secureus.se\/dk\/kodlas-22cl-svart\/","title":{"rendered":"KODE L\u00c5S 22CL SORT"},"content":{"rendered":"<h1 data-start=\"0\" data-end=\"62\">KODEL\u00c5S 22CL SORT \u2013 FLEKSIBEL OG SIKKER KODEL\u00c5S TIL D\u00d8RE<\/h1>\n<p data-start=\"64\" data-end=\"469\">Med sin holdbare konstruktion og IP54-klassificering kan kodel\u00e5sen bruges b\u00e5de indend\u00f8rs og udend\u00f8rs, hvilket g\u00f8r den til en fleksibel l\u00f8sning til forskellige milj\u00f8er.<\/p>\n<p data-start=\"471\" data-end=\"782\">Kodel\u00e5sen er udstyret med knapper, der har en tydelig trykf\u00f8lelse og bl\u00e5 baggrundsbelysning, hvilket g\u00f8r den nem at bruge selv i m\u00f8rke omgivelser.<\/p>\n<p data-start=\"471\" data-end=\"782\">Ved tilslutning til et elektrisk slutstykke med stempelkontakt, l\u00e5ses d\u00f8ren automatisk, n\u00e5r den lukkes, takket v\u00e6re den indbyggede breakdown-funktion p\u00e5 d\u00f8rrel\u00e6udgangen.<\/p>\n<h3 data-start=\"784\" data-end=\"800\">Egenskaber<\/h3>\n<ul data-start=\"802\" data-end=\"1636\">\n<li data-start=\"802\" data-end=\"923\"><strong data-start=\"804\" data-end=\"826\">Anvendelsesomr\u00e5de:<\/strong> Velegnet til lokaler med begr\u00e6nsede sikkerhedskrav, s\u00e5som lagerrum, indgange og f\u00e6llesarealer.<\/li>\n<li data-start=\"924\" data-end=\"1021\"><strong data-start=\"926\" data-end=\"954\">Indend\u00f8rs og udend\u00f8rs brug:<\/strong> IP54-klassificeret konstruktion for modstandsdygtighed over for st\u00f8v og st\u00e6nkvand.<\/li>\n<li data-start=\"1022\" data-end=\"1131\"><strong data-start=\"1024\" data-end=\"1047\">Automatisk l\u00e5sning:<\/strong> Hvis der er tilsluttet et elektrisk slag med stempelkontakt, l\u00e5ses d\u00f8ren straks, n\u00e5r den lukkes.<\/li>\n<li data-start=\"1132\" data-end=\"1224\"><strong data-start=\"1134\" data-end=\"1154\">Oplyste knapper:<\/strong> Tallene har en bl\u00e5 tone for klar synlighed selv i m\u00f8rke omgivelser.<\/li>\n<li data-start=\"1225\" data-end=\"1304\"><strong data-start=\"1227\" data-end=\"1251\">Nem programmering:<\/strong> Indstillinger kan justeres direkte via tastaturet.<\/li>\n<li data-start=\"1305\" data-end=\"1389\"><strong data-start=\"1307\" data-end=\"1330\">Sikker kodeh\u00e5ndtering:<\/strong> Mulighed for at v\u00e6lge mellem 4- eller 6-cifret adgangskode.<\/li>\n<li data-start=\"1390\" data-end=\"1511\"><strong data-start=\"1392\" data-end=\"1415\">Uafh\u00e6ngig kodehukommelse:<\/strong> Bevarer programmerede koder selv under str\u00f8mafbrydelser, hvilket muligg\u00f8r str\u00f8mforsyning via timer.<\/li>\n<li data-start=\"1512\" data-end=\"1636\"><strong data-start=\"1514\" data-end=\"1535\">AUX rel\u00e6 funktion:<\/strong> Kan styre en ekstra d\u00f8r med egen eller delt kode, eller fungere som panikalarmudgang.<\/li>\n<\/ul>\n<h3 data-start=\"1638\" data-end=\"1654\">Funktioner<\/h3>\n<p data-start=\"1656\" data-end=\"2046\">Kodel\u00e5sen har et AUX-rel\u00e6, der kan bruges til at styre en anden d\u00f8r med sin egen kode eller en f\u00e6lles kode for begge d\u00f8re. Funktionen kan nemt indstilles ved programmering af koder og tilpasses efter behov.<\/p>\n<p data-start=\"1656\" data-end=\"2046\">AUX-rel\u00e6et kan ogs\u00e5 konfigureres til at skifte mellem l\u00e5st og ul\u00e5st position med en specifik kode, s\u00e5 d\u00f8ren kan forblive i \u00e5ben position, indtil koden indtastes igen.<\/p>\n<p data-start=\"2048\" data-end=\"2350\">Hvis der er behov for ekstra sikkerhed, kan AUX-udgangen bruges som panikalarmudgang. Det betyder, at hvis det f\u00f8rste ciffer i koden h\u00e6ves, aktiveres AUX-rel\u00e6et samtidig med, at d\u00f8rens almindelige rel\u00e6 aktiveres.<\/p>\n<p data-start=\"2048\" data-end=\"2350\">Denne funktion g\u00f8r det muligt at tilslutte kodel\u00e5sen til en alarmsender for ekstra sikkerhed.<\/p>\n<h3 data-start=\"2352\" data-end=\"2382\">Tekniske specifikationer<\/h3>\n<ul data-start=\"2384\" data-end=\"2562\">\n<li data-start=\"2384\" data-end=\"2423\"><strong data-start=\"2386\" data-end=\"2407\">Forsyningssp\u00e6nding:<\/strong> 12-24 V AC\/DC<\/li>\n<li data-start=\"2424\" data-end=\"2459\"><strong data-start=\"2426\" data-end=\"2451\">Maksimalt str\u00f8mforbrug:<\/strong> 85mA<\/li>\n<li data-start=\"2460\" data-end=\"2519\"><strong data-start=\"2462\" data-end=\"2506\">Udgang, sp\u00e6nding eller fri rel\u00e6lukning:<\/strong> Max 24V\/1A<\/li>\n<li data-start=\"2520\" data-end=\"2539\"><strong data-start=\"2522\" data-end=\"2531\">Farve:<\/strong> Sort<\/li>\n<li data-start=\"2540\" data-end=\"2562\"><strong data-start=\"2542\" data-end=\"2555\">IP klasse:<\/strong> IP54<\/li>\n<\/ul>\n<h3 data-start=\"2564\" data-end=\"2588\">Anvendelsesomr\u00e5der<\/h3>\n<p data-start=\"2590\" data-end=\"2816\">22CL kodel\u00e5sen er ideel til installationer, hvor der er behov for enkel og sikker adgangskontrol. Den er velegnet til lejlighedsbygninger, erhvervslokaler, lagerbygninger og andre milj\u00f8er, hvor p\u00e5lidelig og smidig adgangskontrol \u00f8nskes.<\/p>\n<p data-start=\"2818\" data-end=\"2950\" data-is-last-node=\"\">Med sit robuste design, smarte funktioner og brugervenlighed er 22CL kodel\u00e5sen en fremragende l\u00f8sning til b\u00e5de indend\u00f8rs og udend\u00f8rs brug.<\/p>","protected":false},"excerpt":{"rendered":"<p>22CL er en kompakt og alsidig kombinationsl\u00e5s med nem montering og h\u00f8j brugervenlighed.<\/p>\n<p>Det er designet til at kontrollere adgangen til lokaler, der ikke kr\u00e6ver det h\u00f8jeste sikkerhedsniveau, s\u00e5som omkl\u00e6dningsrum, interne depotrum og indgange til etageejendomme.<\/p>","protected":false},"featured_media":147752,"template":"","meta":{"_acf_changed":false},"product_brand":[],"product_cat":[1481],"product_tag":[],"class_list":{"0":"post-147753","1":"product","2":"type-product","3":"status-publish","4":"has-post-thumbnail","6":"product_cat-kodlas-kodlas","7":"product_shipping_class-tunga-paket","8":"pa_brands-abloy","9":"pa_farg-svart","10":"tm-no-options","12":"first","13":"instock","14":"sale","15":"taxable","16":"shipping-taxable","17":"purchasable","18":"product-type-simple"},"acf":[],"_links":{"self":[{"href":"https:\/\/secureus.se\/dk\/wp-json\/wp\/v2\/product\/147753","targetHints":{"allow":["GET"]}}],"collection":[{"href":"https:\/\/secureus.se\/dk\/wp-json\/wp\/v2\/product"}],"about":[{"href":"https:\/\/secureus.se\/dk\/wp-json\/wp\/v2\/types\/product"}],"wp:featuredmedia":[{"embeddable":true,"href":"https:\/\/secureus.se\/dk\/wp-json\/wp\/v2\/media\/147752"}],"wp:attachment":[{"href":"https:\/\/secureus.se\/dk\/wp-json\/wp\/v2\/media?parent=147753"}],"wp:term":[{"taxonomy":"product_brand","embeddable":true,"href":"https:\/\/secureus.se\/dk\/wp-json\/wp\/v2\/product_brand?post=147753"},{"taxonomy":"product_cat","embeddable":true,"href":"https:\/\/secureus.se\/dk\/wp-json\/wp\/v2\/product_cat?post=147753"},{"taxonomy":"product_tag","embeddable":true,"href":"https:\/\/secureus.se\/dk\/wp-json\/wp\/v2\/product_tag?post=147753"}],"curies":[{"name":"wp","href":"https:\/\/api.w.org\/{rel}","templated":true}]}}