{"id":147755,"date":"2025-02-11T13:27:27","date_gmt":"2025-02-11T12:27:27","guid":{"rendered":"https:\/\/secureus.se\/beror-fri-lasare-pp500em\/"},"modified":"2026-03-26T11:08:14","modified_gmt":"2026-03-26T10:08:14","slug":"beror-fri-lasare-pp500em","status":"publish","type":"product","link":"https:\/\/secureus.se\/dk\/beror-fri-lasare-pp500em\/","title":{"rendered":"BEr\u00f8ringsfri L\u00c6SER PP500EM"},"content":{"rendered":"<h1 data-start=\"481\" data-end=\"1024\">PP500EM er en lille kontaktl\u00f8s kortl\u00e6ser af h\u00f8j kvalitet, der bruges sammen med Bewator Entro d\u00f8rkontrolpaneler DC12, DC22 og Entro Lite DC800.<\/h1>\n<p data-start=\"481\" data-end=\"1024\">Den har et baggrundsbelyst tastatur, der g\u00f8r den brugervenlig selv under d\u00e5rlige lysforhold.<\/p>\n<p data-start=\"481\" data-end=\"1024\">Med et gr\u00e5t metalhus, knapper i rustfrit st\u00e5l og sikkerhedsl\u00e5s er den b\u00e5de holdbar og sikker.<\/p>\n<p data-start=\"481\" data-end=\"1024\">Enhedens l\u00e6ngde, bredde og dybde er 80 x 140 x 40 mm, hvilket g\u00f8r den nem at installere b\u00e5de indend\u00f8rs og udend\u00f8rs takket v\u00e6re dens IP54-klassificering for vejrbestandighed.<\/p>\n<p data-start=\"1026\" data-end=\"1419\">L\u00e6seafstanden p\u00e5 cirka 3 cm g\u00f8r den ideel til brug med passive kort, og systemet kan tilsluttes enten via en Clock\/Data-port eller BCLINK p\u00e5 Entro Lite DC800.<\/p>\n<p data-start=\"1026\" data-end=\"1419\">12 til 24 VDC str\u00f8mforsyningen g\u00f8r installationen nem, da den f\u00e5r str\u00f8m fra d\u00f8renheden.<\/p>\n<p data-start=\"1026\" data-end=\"1419\">Ved p\u00e5bygning anbefales det at anvende beskyttelsesh\u00e6tte SH1 eller SH2, og ved fors\u00e6nket montering kan der anvendes Indbygningsboks BB3.<\/p>\n<p data-start=\"1421\" data-end=\"1451\"><strong data-start=\"1421\" data-end=\"1449\">Funktioner og fordele:<\/strong><\/p>\n<ul data-start=\"1452\" data-end=\"1630\">\n<li data-start=\"1452\" data-end=\"1505\">Kompatibel med Entro og Entro Lite d\u00f8rkontrolpaneler<\/li>\n<li data-start=\"1506\" data-end=\"1550\">Nem at bruge med baggrundsbelyst tastatur<\/li>\n<li data-start=\"1551\" data-end=\"1593\">Robuste og vejrbestandige egenskaber<\/li>\n<li data-start=\"1594\" data-end=\"1630\">Sikker og p\u00e5lidelig adgangskontrol<\/li>\n<\/ul>\n<p data-start=\"1637\" data-end=\"1668\"><strong data-start=\"1637\" data-end=\"1666\">Tekniske specifikationer:<\/strong><\/p>\n<ul data-start=\"1669\" data-end=\"2138\">\n<li data-start=\"1669\" data-end=\"1743\">Interface: Ur\/Data (Entro DC12\/22) eller BCLINK (Entro Lite DC800)<\/li>\n<li data-start=\"1744\" data-end=\"1811\">Hus: Trykst\u00f8bt metal, knapper i rustfrit st\u00e5l, sikkerhedsl\u00e5s<\/li>\n<li data-start=\"1812\" data-end=\"1825\">Farve: Gr\u00e5<\/li>\n<li data-start=\"1826\" data-end=\"1860\">Milj\u00f8: Indend\u00f8rs\/Udend\u00f8rs brug<\/li>\n<li data-start=\"1861\" data-end=\"1877\">IP-klasse: 54<\/li>\n<li data-start=\"1878\" data-end=\"1908\">Temperatur: -30 til +50\u00b0C<\/li>\n<li data-start=\"1909\" data-end=\"1970\">Str\u00f8mforsyning: 12 til 24 VDC (fra central\/d\u00f8renhed)<\/li>\n<li data-start=\"1971\" data-end=\"1998\">Str\u00f8mforbrug: 60 mA<\/li>\n<li data-start=\"1999\" data-end=\"2044\">M\u00e5l (B x H x D): 80 x 140 x 40 mm<\/li>\n<li data-start=\"2045\" data-end=\"2085\">L\u00e6seafstand: Ca. 3 cm med passive kort<\/li>\n<li data-start=\"2086\" data-end=\"2138\">Indgange: Sabotagekontakt for intern\/ekstern alarm<\/li>\n<\/ul>","protected":false},"excerpt":{"rendered":"<p>PP500EM er en lille og robust kontaktl\u00f8s kortl\u00e6ser, der er kompatibel med Bewator Entro d\u00f8rkontrolpaneler DC12 og DC22 samt Bewator Entro Lite DC800.<\/p>\n<p>Med et baggrundsbelyst tastatur og gr\u00e5t metalhus er den perfekt til b\u00e5de indend\u00f8rs og udend\u00f8rs brug.<\/p>\n<p>L\u00e5sesikker og holdbar med IP54-beskyttelse g\u00f8r det til et p\u00e5lideligt valg til sikker adgangskontrol.<\/p>","protected":false},"featured_media":147754,"template":"","meta":{"_acf_changed":false},"product_brand":[],"product_cat":[1481],"product_tag":[],"class_list":{"0":"post-147755","1":"product","2":"type-product","3":"status-publish","4":"has-post-thumbnail","6":"product_cat-kodlas-kodlas","7":"product_shipping_class-tunga-paket","8":"pa_brands-6vanderbilt","9":"pa_farg-gra","10":"tm-no-options","12":"first","13":"instock","14":"sale","15":"taxable","16":"shipping-taxable","17":"purchasable","18":"product-type-simple"},"acf":[],"_links":{"self":[{"href":"https:\/\/secureus.se\/dk\/wp-json\/wp\/v2\/product\/147755","targetHints":{"allow":["GET"]}}],"collection":[{"href":"https:\/\/secureus.se\/dk\/wp-json\/wp\/v2\/product"}],"about":[{"href":"https:\/\/secureus.se\/dk\/wp-json\/wp\/v2\/types\/product"}],"wp:featuredmedia":[{"embeddable":true,"href":"https:\/\/secureus.se\/dk\/wp-json\/wp\/v2\/media\/147754"}],"wp:attachment":[{"href":"https:\/\/secureus.se\/dk\/wp-json\/wp\/v2\/media?parent=147755"}],"wp:term":[{"taxonomy":"product_brand","embeddable":true,"href":"https:\/\/secureus.se\/dk\/wp-json\/wp\/v2\/product_brand?post=147755"},{"taxonomy":"product_cat","embeddable":true,"href":"https:\/\/secureus.se\/dk\/wp-json\/wp\/v2\/product_cat?post=147755"},{"taxonomy":"product_tag","embeddable":true,"href":"https:\/\/secureus.se\/dk\/wp-json\/wp\/v2\/product_tag?post=147755"}],"curies":[{"name":"wp","href":"https:\/\/api.w.org\/{rel}","templated":true}]}}