{"id":147757,"date":"2025-02-11T13:27:27","date_gmt":"2025-02-11T12:27:27","guid":{"rendered":"https:\/\/secureus.se\/kodlas-v42\/"},"modified":"2026-04-20T11:48:24","modified_gmt":"2026-04-20T09:48:24","slug":"kodlas-v42","status":"publish","type":"product","link":"https:\/\/secureus.se\/dk\/kodlas-v42\/","title":{"rendered":"KODE L\u00c5S V42"},"content":{"rendered":"<h1 data-start=\"529\" data-end=\"935\">V42 kodel\u00e5sen er en af verdens bedst s\u00e6lgende kodel\u00e5se og en p\u00e5lidelig l\u00f8sning til sikker adgangskontrol.<\/h1>\n<p data-start=\"529\" data-end=\"935\">Med et stilrent og moderne design er den velegnet til b\u00e5de indend\u00f8rs og udend\u00f8rs brug, og dens robuste konstruktion betyder, at den kan modst\u00e5 h\u00e5rde vejrforhold med IP54-beskyttelse.<\/p>\n<p data-start=\"529\" data-end=\"935\">Kodel\u00e5sen har et baggrundsbelyst tastatur, der g\u00f8r den nem at bruge selv under m\u00f8rke forhold.<\/p>\n<p data-start=\"937\" data-end=\"1227\">L\u00e5sen tilbyder to 4-cifrede koder, som giver forskellige brugere, s\u00e5som h\u00e5ndv\u00e6rkere, ejendomsadministratorer eller postbude, mulighed for at bruge l\u00e5sen med deres egne koder.<\/p>\n<p data-start=\"937\" data-end=\"1227\">Et halvt sekunds forsinkelse g\u00f8r det n\u00e6sten umuligt at g\u00e6tte den rigtige kode, hvilket \u00f8ger sikkerheden.<\/p>\n<p data-start=\"1229\" data-end=\"1582\">V42 kombinationsl\u00e5sen er designet til nem installation og brug.<\/p>\n<p data-start=\"1229\" data-end=\"1582\">Den drives af 12 til 24 VAC\/DC og har et lavt str\u00f8mforbrug p\u00e5 kun 8 mA i hvile.<\/p>\n<p data-start=\"1229\" data-end=\"1582\">Den har ogs\u00e5 en fjern\u00e5bningsfunktion med forsinkelse og to separate indgange til tidsstyring af koder.<\/p>\n<p data-start=\"1229\" data-end=\"1582\">Skifterel\u00e6et med max 1A, 28V DC udgang g\u00f8r det fleksibelt til forskellige typer installationer.<\/p>\n<p data-start=\"1584\" data-end=\"1614\"><strong data-start=\"1584\" data-end=\"1612\">Funktioner og fordele:<\/strong><\/p>\n<ul data-start=\"1615\" data-end=\"1834\">\n<li data-start=\"1615\" data-end=\"1663\">To 4-cifrede koder til fleksibel brug<\/li>\n<li data-start=\"1664\" data-end=\"1697\">Forsinkelse for \u00f8get sikkerhed<\/li>\n<li data-start=\"1698\" data-end=\"1748\">Baggrundsbelyst tastatur for brugervenlighed<\/li>\n<li data-start=\"1749\" data-end=\"1798\">Robust og vejrbestandig konstruktion (IP54)<\/li>\n<li data-start=\"1799\" data-end=\"1834\">Nem installation og brug<\/li>\n<\/ul>\n<p data-start=\"1841\" data-end=\"1872\"><strong data-start=\"1841\" data-end=\"1870\">Tekniske specifikationer:<\/strong><\/p>\n<ul data-start=\"1873\" data-end=\"2378\">\n<li data-start=\"1873\" data-end=\"1909\">Driftssp\u00e6nding: 12 til 24 VAC\/DC<\/li>\n<li data-start=\"1910\" data-end=\"1943\">Str\u00f8mforbrug: 8 mA i hvile<\/li>\n<li data-start=\"1944\" data-end=\"2026\">Indgange: Fjern\u00e5bning med forsinkelse, to indgange til tidsstyring af koder<\/li>\n<li data-start=\"2027\" data-end=\"2071\">Udgange: Skifterel\u00e6 (maks. 1A, 28V DC)<\/li>\n<li data-start=\"2072\" data-end=\"2102\">\u00c5bningstid: 1-30 sekunder<\/li>\n<li data-start=\"2103\" data-end=\"2141\">Kodekapacitet: To 4-cifrede koder<\/li>\n<li data-start=\"2142\" data-end=\"2177\">Milj\u00f8: Indend\u00f8rs og udend\u00f8rs brug<\/li>\n<li data-start=\"2178\" data-end=\"2202\">Kapslingsklasse: IP54<\/li>\n<li data-start=\"2203\" data-end=\"2265\">Hus: Trykst\u00f8bt metal, knapper i rustfrit st\u00e5l og sikkerhedsl\u00e5s<\/li>\n<li data-start=\"2266\" data-end=\"2279\">Farve: Gr\u00e5<\/li>\n<li data-start=\"2280\" data-end=\"2325\">M\u00e5l (B x H x D): 80 x 140 x 40 mm<\/li>\n<li data-start=\"2326\" data-end=\"2343\">V\u00e6gt: 0,72 kg<\/li>\n<li data-start=\"2344\" data-end=\"2378\">Arbejdstemperatur: -35 til +55\u00b0C<\/li>\n<\/ul>","protected":false},"excerpt":{"rendered":"<p>Kodel\u00e5s V42 er en kompakt og robust kodel\u00e5s med et moderne design, perfekt til udend\u00f8rs brug.<\/p>\n<p>Med to 4-cifrede koder kan den bruges af forskellige personer, s\u00e5som h\u00e5ndv\u00e6rkere eller postbude.<\/p>\n<p>Det baggrundsbelyste tastatur og den indbyggede forsinkelse p\u00e5 et halvt sekund g\u00f8r det sikkert og brugervenligt.<\/p>\n<p>Den er IP54-klassificeret og kan modst\u00e5 barske milj\u00f8er, hvilket g\u00f8r den ideel til b\u00e5de indend\u00f8rs og udend\u00f8rs installationer.<\/p>","protected":false},"featured_media":147756,"template":"","meta":{"_acf_changed":false},"product_brand":[],"product_cat":[1481],"product_tag":[],"class_list":{"0":"post-147757","1":"product","2":"type-product","3":"status-publish","4":"has-post-thumbnail","6":"product_cat-kodlas-kodlas","7":"pa_brands-6vanderbilt","8":"pa_farg-gra","9":"tm-no-options","11":"first","12":"instock","13":"sale","14":"taxable","15":"shipping-taxable","16":"purchasable","17":"product-type-simple"},"acf":[],"_links":{"self":[{"href":"https:\/\/secureus.se\/dk\/wp-json\/wp\/v2\/product\/147757","targetHints":{"allow":["GET"]}}],"collection":[{"href":"https:\/\/secureus.se\/dk\/wp-json\/wp\/v2\/product"}],"about":[{"href":"https:\/\/secureus.se\/dk\/wp-json\/wp\/v2\/types\/product"}],"wp:featuredmedia":[{"embeddable":true,"href":"https:\/\/secureus.se\/dk\/wp-json\/wp\/v2\/media\/147756"}],"wp:attachment":[{"href":"https:\/\/secureus.se\/dk\/wp-json\/wp\/v2\/media?parent=147757"}],"wp:term":[{"taxonomy":"product_brand","embeddable":true,"href":"https:\/\/secureus.se\/dk\/wp-json\/wp\/v2\/product_brand?post=147757"},{"taxonomy":"product_cat","embeddable":true,"href":"https:\/\/secureus.se\/dk\/wp-json\/wp\/v2\/product_cat?post=147757"},{"taxonomy":"product_tag","embeddable":true,"href":"https:\/\/secureus.se\/dk\/wp-json\/wp\/v2\/product_tag?post=147757"}],"curies":[{"name":"wp","href":"https:\/\/api.w.org\/{rel}","templated":true}]}}