{"id":147765,"date":"2025-02-11T13:27:26","date_gmt":"2025-02-11T12:27:26","guid":{"rendered":"https:\/\/secureus.se\/skyddshuv-sh2\/"},"modified":"2026-03-26T11:08:19","modified_gmt":"2026-03-26T10:08:19","slug":"skyddshuv-sh2","status":"publish","type":"product","link":"https:\/\/secureus.se\/dk\/skyddshuv-sh2\/","title":{"rendered":"BESKYTTELSESH\u00c6TTE SH2"},"content":{"rendered":"<h1 data-start=\"467\" data-end=\"939\">Beskyttelsescover SH2 er det perfekte tilbeh\u00f8r til at beskytte Bewator og Vanderbilt kodel\u00e5se, tastaturer og kortl\u00e6sere s\u00e5som PP500 og RB500 i udsatte omgivelser.<\/h1>\n<p data-start=\"467\" data-end=\"939\">Denne robuste beskyttelsesh\u00e6tte er lavet af 5 mm akrylplast og er designet til at modst\u00e5 vejrforhold og beskytte elektronikken mod regn og snavs.<\/p>\n<p data-start=\"467\" data-end=\"939\">Udsk\u00e6ringerne til kabelf\u00f8ring g\u00f8r det nemt at installere eller supplere eksisterende systemer uden at skulle foretage omfattende \u00e6ndringer.<\/p>\n<p data-start=\"941\" data-end=\"1293\">Beskyttelsesd\u00e6kslet er placeret mellem v\u00e6ggen og bagsiden af tastaturet, hvilket g\u00f8r installationen hurtig og nem.<\/p>\n<p data-start=\"941\" data-end=\"1293\">SH2 giver p\u00e5lidelig beskyttelse mod vejrp\u00e5virkninger, hvilket is\u00e6r er nyttigt i udend\u00f8rs milj\u00f8er, hvor enhederne er udsat for elementerne.<\/p>\n<p data-start=\"941\" data-end=\"1293\">Det fungerer godt i b\u00e5de kommercielle og industrielle milj\u00f8er, hvor sikkerhed og holdbarhed er afg\u00f8rende.<\/p>\n<p data-start=\"1295\" data-end=\"1325\"><strong data-start=\"1295\" data-end=\"1323\">Funktioner og fordele:<\/strong><\/p>\n<ul data-start=\"1326\" data-end=\"1557\">\n<li data-start=\"1326\" data-end=\"1365\">Beskytter mod vejr og snavs<\/li>\n<li data-start=\"1366\" data-end=\"1434\">Passer til Bewator og Vanderbilt kodel\u00e5se, tastaturer og kortl\u00e6sere<\/li>\n<li data-start=\"1435\" data-end=\"1516\">Nem at komplementere eksisterende installationer med udsk\u00e6ringer til kabelf\u00f8ring<\/li>\n<li data-start=\"1517\" data-end=\"1557\">Robust konstruktion for lang levetid<\/li>\n<\/ul>\n<p data-start=\"1564\" data-end=\"1595\"><strong data-start=\"1564\" data-end=\"1593\">Tekniske specifikationer:<\/strong><\/p>\n<ul data-start=\"1596\" data-end=\"1703\">\n<li data-start=\"1596\" data-end=\"1625\">Materiale: 5 mm akrylplast<\/li>\n<li data-start=\"1626\" data-end=\"1665\">M\u00e5l (B x H x D): 104 x 168 x 90 mm<\/li>\n<li data-start=\"1666\" data-end=\"1703\">V\u00e6gt: Let og holdbar konstruktion<\/li>\n<\/ul>","protected":false},"excerpt":{"rendered":"<p data-start=\"71\" data-end=\"460\">Beskyttelsescover SH2 er et regnslag til Bewator kodel\u00e5se, tastaturer og kortl\u00e6sere s\u00e5som PP500.<\/p>\n<p data-start=\"71\" data-end=\"460\">Den er designet til at beskytte enheder i udsatte milj\u00f8er og har udsk\u00e6ringer til kabler, hvilket g\u00f8r installationen nem, selv n\u00e5r den supplerer eksisterende systemer.<\/p>\n<p data-start=\"71\" data-end=\"460\">Fremstillet af slidst\u00e6rkt 5 mm akrylplastik giver den p\u00e5lidelig beskyttelse mod vejr og snavs.<\/p>","protected":false},"featured_media":147764,"template":"","meta":{"_acf_changed":false},"product_brand":[],"product_cat":[1481],"product_tag":[],"class_list":{"0":"post-147765","1":"product","2":"type-product","3":"status-publish","4":"has-post-thumbnail","6":"product_cat-kodlas-kodlas","7":"product_shipping_class-tunga-paket","8":"pa_brands-6vanderbilt","9":"tm-no-options","11":"first","12":"instock","13":"sale","14":"taxable","15":"shipping-taxable","16":"purchasable","17":"product-type-simple"},"acf":[],"_links":{"self":[{"href":"https:\/\/secureus.se\/dk\/wp-json\/wp\/v2\/product\/147765","targetHints":{"allow":["GET"]}}],"collection":[{"href":"https:\/\/secureus.se\/dk\/wp-json\/wp\/v2\/product"}],"about":[{"href":"https:\/\/secureus.se\/dk\/wp-json\/wp\/v2\/types\/product"}],"wp:featuredmedia":[{"embeddable":true,"href":"https:\/\/secureus.se\/dk\/wp-json\/wp\/v2\/media\/147764"}],"wp:attachment":[{"href":"https:\/\/secureus.se\/dk\/wp-json\/wp\/v2\/media?parent=147765"}],"wp:term":[{"taxonomy":"product_brand","embeddable":true,"href":"https:\/\/secureus.se\/dk\/wp-json\/wp\/v2\/product_brand?post=147765"},{"taxonomy":"product_cat","embeddable":true,"href":"https:\/\/secureus.se\/dk\/wp-json\/wp\/v2\/product_cat?post=147765"},{"taxonomy":"product_tag","embeddable":true,"href":"https:\/\/secureus.se\/dk\/wp-json\/wp\/v2\/product_tag?post=147765"}],"curies":[{"name":"wp","href":"https:\/\/api.w.org\/{rel}","templated":true}]}}