{"id":147772,"date":"2025-02-11T15:05:34","date_gmt":"2025-02-11T14:05:34","guid":{"rendered":"https:\/\/secureus.se\/dorrhallare-393-100mm-rostfri\/"},"modified":"2026-04-01T14:41:15","modified_gmt":"2026-04-01T12:41:15","slug":"dorrhallare-393-100mm-rostfri","status":"publish","type":"product","link":"https:\/\/secureus.se\/dk\/dorrhallare-393-100mm-rostfri\/","title":{"rendered":"D\u00f8rholder 393 100mm Rustfri \u2013 Habo"},"content":{"rendered":"<p>D\u00f8rholder i rustfrit st\u00e5l med skjult fastg\u00f8relse. Beskytter d\u00f8r og v\u00e6g mod st\u00f8d og skader. Til tr\u00e6- eller stengulve. Skruer medf\u00f8lger. F\u00e5s i to h\u00f8jder: 70 mm (kaldet 16318) og denne i 100 mm (16321).<\/p>\n<ul>\n<li>Tallerkendiameter: 50 mm<\/li>\n<li>H\u00f8jde: 100 mm<\/li>\n<li>Beslagsm\u00e5l: 15\u00d735 mm<\/li>\n<\/ul>","protected":false},"excerpt":{"rendered":"<p>D\u00f8rholder i rustfrit st\u00e5l med skjult fastg\u00f8relse. Beskytter d\u00f8r og v\u00e6g mod st\u00f8d og skader. Til tr\u00e6- eller stengulve. Skruer medf\u00f8lger.<\/p>","protected":false},"featured_media":147769,"template":"","meta":{"_acf_changed":false},"product_brand":[],"product_cat":[4605],"product_tag":[],"class_list":{"0":"post-147772","1":"product","2":"type-product","3":"status-publish","4":"has-post-thumbnail","6":"product_cat-dorrhallare","7":"pa_brands-habo","8":"tm-no-options","10":"first","11":"instock","12":"sale","13":"taxable","14":"shipping-taxable","15":"purchasable","16":"product-type-simple"},"acf":[],"_links":{"self":[{"href":"https:\/\/secureus.se\/dk\/wp-json\/wp\/v2\/product\/147772","targetHints":{"allow":["GET"]}}],"collection":[{"href":"https:\/\/secureus.se\/dk\/wp-json\/wp\/v2\/product"}],"about":[{"href":"https:\/\/secureus.se\/dk\/wp-json\/wp\/v2\/types\/product"}],"wp:featuredmedia":[{"embeddable":true,"href":"https:\/\/secureus.se\/dk\/wp-json\/wp\/v2\/media\/147769"}],"wp:attachment":[{"href":"https:\/\/secureus.se\/dk\/wp-json\/wp\/v2\/media?parent=147772"}],"wp:term":[{"taxonomy":"product_brand","embeddable":true,"href":"https:\/\/secureus.se\/dk\/wp-json\/wp\/v2\/product_brand?post=147772"},{"taxonomy":"product_cat","embeddable":true,"href":"https:\/\/secureus.se\/dk\/wp-json\/wp\/v2\/product_cat?post=147772"},{"taxonomy":"product_tag","embeddable":true,"href":"https:\/\/secureus.se\/dk\/wp-json\/wp\/v2\/product_tag?post=147772"}],"curies":[{"name":"wp","href":"https:\/\/api.w.org\/{rel}","templated":true}]}}