{"id":147778,"date":"2025-02-11T15:04:51","date_gmt":"2025-02-11T14:04:51","guid":{"rendered":"https:\/\/secureus.se\/dorrhallare-2024-silver-120mm-habo\/"},"modified":"2026-04-01T14:41:05","modified_gmt":"2026-04-01T12:41:05","slug":"dorrhallare-2024-silver-120mm-habo","status":"publish","type":"product","link":"https:\/\/secureus.se\/dk\/dorrhallare-2024-silver-120mm-habo\/","title":{"rendered":"D\u00f8rholder 2024 S\u00f8lv 120mm \u2013 Habo"},"content":{"rendered":"<p>Metal d\u00f8rholder. Med fjederbelastet stempel. H\u00f8jde 120 mm, slagl\u00e6ngde 22-52 mm. Skruer medf\u00f8lger.<\/p>\n<div><\/div>\n<div><b>Egenskaber:<\/b><\/div>\n<div>\n<ul>\n<li>Dimension A = 120 mm, H\u00f8jde<\/li>\n<li>Dimensioner B = 22-52 mm, Slagl\u00e6ngde<\/li>\n<\/ul>\n<\/div>\n<div><\/div>","protected":false},"excerpt":{"rendered":"<header class=\"product-header\" role=\"banner\">\n<div class=\"short description product-short-description\">Habo D\u00f8rholder 3934<\/div>\n<\/header>","protected":false},"featured_media":147776,"template":"","meta":{"_acf_changed":false},"product_brand":[],"product_cat":[4605],"product_tag":[],"class_list":{"0":"post-147778","1":"product","2":"type-product","3":"status-publish","4":"has-post-thumbnail","6":"product_cat-dorrhallare","7":"product_shipping_class-postnord-varubrev","8":"pa_brands-habo","9":"tm-no-options","11":"first","12":"instock","13":"sale","14":"taxable","15":"shipping-taxable","16":"purchasable","17":"product-type-simple"},"acf":[],"_links":{"self":[{"href":"https:\/\/secureus.se\/dk\/wp-json\/wp\/v2\/product\/147778","targetHints":{"allow":["GET"]}}],"collection":[{"href":"https:\/\/secureus.se\/dk\/wp-json\/wp\/v2\/product"}],"about":[{"href":"https:\/\/secureus.se\/dk\/wp-json\/wp\/v2\/types\/product"}],"wp:featuredmedia":[{"embeddable":true,"href":"https:\/\/secureus.se\/dk\/wp-json\/wp\/v2\/media\/147776"}],"wp:attachment":[{"href":"https:\/\/secureus.se\/dk\/wp-json\/wp\/v2\/media?parent=147778"}],"wp:term":[{"taxonomy":"product_brand","embeddable":true,"href":"https:\/\/secureus.se\/dk\/wp-json\/wp\/v2\/product_brand?post=147778"},{"taxonomy":"product_cat","embeddable":true,"href":"https:\/\/secureus.se\/dk\/wp-json\/wp\/v2\/product_cat?post=147778"},{"taxonomy":"product_tag","embeddable":true,"href":"https:\/\/secureus.se\/dk\/wp-json\/wp\/v2\/product_tag?post=147778"}],"curies":[{"name":"wp","href":"https:\/\/api.w.org\/{rel}","templated":true}]}}