{"id":147785,"date":"2025-02-11T15:45:43","date_gmt":"2025-02-11T14:45:43","guid":{"rendered":"https:\/\/secureus.se\/porthallare-271-fz-dorrbedd-1100-1300mm-assa-abloy\/"},"modified":"2026-04-13T22:16:55","modified_gmt":"2026-04-13T20:16:55","slug":"porthallare-271-fz-dorrbedd-1100-1300mm-assa-abloy","status":"publish","type":"product","link":"https:\/\/secureus.se\/dk\/porthallare-271-fz-dorrbedd-1100-1300mm-assa-abloy\/","title":{"rendered":"D\u00f8rholder 271 \u2013 D\u00f8rbredde 1100-1300 mm \u2013 Assa Abloy"},"content":{"rendered":"<div>D\u00f8rholder ASSA ABLOY 271 er en d\u00f8rholder til at placere en d\u00f8r eller port i en helt \u00e5ben position, cirka 90 grader. Skrue medf\u00f8lger.<\/div>\n<div><b><br \/>\nEgenskaber:<\/b><\/div>\n<div>\n<ul>\n<li>Til d\u00f8rbredde 1100-1300 mm. (270 kan klare 800-1100 mm)<\/li>\n<li>Passer til h\u00f8jre og venstre d\u00f8re (bestemmes ved montering).<\/li>\n<li>Max d\u00f8rv\u00e6gt: 125 kg<\/li>\n<li>I helt \u00e5ben position (ca. 90 grader) falder l\u00e5sen automatisk i l\u00e5seposition og holder d\u00f8ren p\u00e5 plads.<\/li>\n<li>N\u00e5r d\u00f8ren skubbes l\u00e6ngere mod \u00e5ben position, udl\u00f8ses l\u00e5sen, s\u00e5 d\u00f8ren kan lukkes.<\/li>\n<li>Stopfjederen fungerer ogs\u00e5 som st\u00f8dd\u00e6mper og beskytter dermed d\u00f8r og h\u00e6ngsler.<\/li>\n<\/ul>\n<\/div>","protected":false},"excerpt":{"rendered":"<p>D\u00f8rholder ASSA ABLOY 271<\/p>","protected":false},"featured_media":147786,"template":"","meta":{"_acf_changed":false},"product_brand":[],"product_cat":[4607],"product_tag":[],"class_list":{"0":"post-147785","1":"product","2":"type-product","3":"status-publish","4":"has-post-thumbnail","6":"product_cat-porthallare","7":"product_shipping_class-tunga-paket","8":"pa_brands-abloy","9":"tm-no-options","11":"first","12":"instock","13":"sale","14":"taxable","15":"shipping-taxable","16":"purchasable","17":"product-type-simple"},"acf":[],"_links":{"self":[{"href":"https:\/\/secureus.se\/dk\/wp-json\/wp\/v2\/product\/147785","targetHints":{"allow":["GET"]}}],"collection":[{"href":"https:\/\/secureus.se\/dk\/wp-json\/wp\/v2\/product"}],"about":[{"href":"https:\/\/secureus.se\/dk\/wp-json\/wp\/v2\/types\/product"}],"wp:featuredmedia":[{"embeddable":true,"href":"https:\/\/secureus.se\/dk\/wp-json\/wp\/v2\/media\/147786"}],"wp:attachment":[{"href":"https:\/\/secureus.se\/dk\/wp-json\/wp\/v2\/media?parent=147785"}],"wp:term":[{"taxonomy":"product_brand","embeddable":true,"href":"https:\/\/secureus.se\/dk\/wp-json\/wp\/v2\/product_brand?post=147785"},{"taxonomy":"product_cat","embeddable":true,"href":"https:\/\/secureus.se\/dk\/wp-json\/wp\/v2\/product_cat?post=147785"},{"taxonomy":"product_tag","embeddable":true,"href":"https:\/\/secureus.se\/dk\/wp-json\/wp\/v2\/product_tag?post=147785"}],"curies":[{"name":"wp","href":"https:\/\/api.w.org\/{rel}","templated":true}]}}