{"id":147793,"date":"2025-02-11T15:45:49","date_gmt":"2025-02-11T14:45:49","guid":{"rendered":"https:\/\/secureus.se\/garageporthallare-1291-habo\/"},"modified":"2026-03-25T15:31:46","modified_gmt":"2026-03-25T14:31:46","slug":"garageporthallare-1291-habo","status":"publish","type":"product","link":"https:\/\/secureus.se\/dk\/garageporthallare-1291-habo\/","title":{"rendered":"Garageportholder 1291 \u2013 Habo"},"content":{"rendered":"<header class=\"product-header\" role=\"banner\">\n<div class=\"short description product-short-description\">Habo Garageportholder 1291 par<\/div>\n<div>\n<p><strong>S\u00e5dan lukkes d\u00f8ren i \u00e5ben position:<\/strong><\/p>\n<p>Skub d\u00f8ren lidt mere ud, s\u00e5 metalstykket falder ned igen, og luk derefter d\u00f8ren som normalt.<\/p>\n<\/div>\n<\/header>","protected":false},"excerpt":{"rendered":"<div>Habo 1291 er en garageportholder lavet af 17 mm st\u00e5lr\u00f8r. Leveres i par og inklusiv skruer.<\/div>\n<div><b><br \/>\nEgenskaber: <\/b><\/div>\n<div>\n<ul>\n<li>Maksimal \u00e5bningsvinkel 100\u00ba<\/li>\n<li>Stangl\u00e6ngde: 1000 mm<\/li>\n<\/ul>\n<\/div>\n<div><\/div>","protected":false},"featured_media":147791,"template":"","meta":{"_acf_changed":false},"product_brand":[],"product_cat":[4607],"product_tag":[],"class_list":{"0":"post-147793","1":"product","2":"type-product","3":"status-publish","4":"has-post-thumbnail","6":"product_cat-porthallare","7":"product_shipping_class-tunga-paket","8":"pa_brands-habo","9":"tm-no-options","11":"first","12":"instock","13":"sale","14":"taxable","15":"shipping-taxable","16":"purchasable","17":"product-type-simple"},"acf":[],"_links":{"self":[{"href":"https:\/\/secureus.se\/dk\/wp-json\/wp\/v2\/product\/147793","targetHints":{"allow":["GET"]}}],"collection":[{"href":"https:\/\/secureus.se\/dk\/wp-json\/wp\/v2\/product"}],"about":[{"href":"https:\/\/secureus.se\/dk\/wp-json\/wp\/v2\/types\/product"}],"wp:featuredmedia":[{"embeddable":true,"href":"https:\/\/secureus.se\/dk\/wp-json\/wp\/v2\/media\/147791"}],"wp:attachment":[{"href":"https:\/\/secureus.se\/dk\/wp-json\/wp\/v2\/media?parent=147793"}],"wp:term":[{"taxonomy":"product_brand","embeddable":true,"href":"https:\/\/secureus.se\/dk\/wp-json\/wp\/v2\/product_brand?post=147793"},{"taxonomy":"product_cat","embeddable":true,"href":"https:\/\/secureus.se\/dk\/wp-json\/wp\/v2\/product_cat?post=147793"},{"taxonomy":"product_tag","embeddable":true,"href":"https:\/\/secureus.se\/dk\/wp-json\/wp\/v2\/product_tag?post=147793"}],"curies":[{"name":"wp","href":"https:\/\/api.w.org\/{rel}","templated":true}]}}