{"id":147836,"date":"2025-02-12T16:15:38","date_gmt":"2025-02-12T15:15:38","guid":{"rendered":"https:\/\/secureus.se\/ajax-hub-bp-4g-batteridriven-vit\/"},"modified":"2026-03-11T14:47:52","modified_gmt":"2026-03-11T13:47:52","slug":"ajax-hub-bp-4g-batteridriven-vit","status":"publish","type":"product","link":"https:\/\/secureus.se\/dk\/ajax-hub-bp-4g-batteridriven-vit\/","title":{"rendered":"Ajax Hub BP 4G batteridrevet \u2013 hvid"},"content":{"rendered":"<h3 data-start=\"0\" data-end=\"63\"><strong data-start=\"0\" data-end=\"63\">Hub BP \u2013 Batteridrevet sikkerhedscenter til steder uden elektricitet<\/strong><\/h3>\n<p data-start=\"65\" data-end=\"404\">Hub BP er en innovativ central enhed fra Ajax, designet til at sikre sikkerhed, selv hvor elnettet er up\u00e5lideligt eller helt utilg\u00e6ngeligt. Perfekt til tomme huse, byggepladser, kontorer eller andre fjerntliggende steder, Hub BP leverer en robust og fleksibel sikkerhedsl\u00f8sning med lang batterilevetid og p\u00e5lidelig kommunikation via 4G\/LTE.<\/p>\n<h3 data-start=\"411\" data-end=\"433\">N\u00f8glefunktioner<\/h3>\n<ul data-start=\"435\" data-end=\"2066\">\n<li data-start=\"435\" data-end=\"665\">\n<p data-start=\"437\" data-end=\"665\"><strong data-start=\"437\" data-end=\"461\">Batteridrevet drift:<\/strong><br data-start=\"461\" data-end=\"464\" \/>Fungerer udelukkende med interne eller eksterne batterier. V\u00e6lg for eksempel et 12V 7,2Ah blysyrebatteri til op til 2 m\u00e5neders drift eller en 7,2V 95Ah mulighed, der kan give op til 17 m\u00e5neders drift.<\/p>\n<\/li>\n<li data-start=\"667\" data-end=\"839\">\n<p data-start=\"669\" data-end=\"839\"><strong data-start=\"669\" data-end=\"700\">4G\/LTE med Dual SIM:<\/strong><br data-start=\"700\" data-end=\"703\" \/>To micro-SIM-slots sikrer en stabil og sikker forbindelse, der sikrer, at du altid er forbundet, uanset netv\u00e6rkssituationen.<\/p>\n<\/li>\n<li data-start=\"841\" data-end=\"1022\">\n<p data-start=\"843\" data-end=\"1022\"><strong data-start=\"843\" data-end=\"861\">Ekstern antenne:<\/strong><br data-start=\"861\" data-end=\"864\" \/>Forbedre signalr\u00e6kkevidden med muligheden for at tilslutte eksterne antenner. De indbyggede antenner fungerer som backup, hvis den eksterne antenne er beskadiget.<\/p>\n<\/li>\n<li data-start=\"1024\" data-end=\"1183\">\n<p data-start=\"1026\" data-end=\"1183\"><strong data-start=\"1026\" data-end=\"1056\">Omfattende kompatibilitet:<\/strong><br data-start=\"1056\" data-end=\"1059\" \/>Hub BP er fuldt ud kompatibel med alle Ajax-produkter, hvilket g\u00f8r det nemt at integrere i dit eksisterende sikkerhedssystem.<\/p>\n<\/li>\n<li data-start=\"1185\" data-end=\"1331\">\n<p data-start=\"1187\" data-end=\"1331\"><strong data-start=\"1187\" data-end=\"1213\">Stor tr\u00e5dl\u00f8s r\u00e6kkevidde:<\/strong><br data-start=\"1213\" data-end=\"1216\" \/>Med en r\u00e6kkevidde p\u00e5 op til 2000 meter i \u00e5bent terr\u00e6n kan du uden problemer d\u00e6kke store omr\u00e5der og flere bygninger.<\/p>\n<\/li>\n<li data-start=\"1333\" data-end=\"1487\">\n<p data-start=\"1335\" data-end=\"1487\"><strong data-start=\"1335\" data-end=\"1366\">Integreret kamerastyring:<\/strong><br data-start=\"1366\" data-end=\"1369\" \/>Underst\u00f8ttelse af Ajax IR-kameraer g\u00f8r det muligt for enheden at tage burst-billeder ved alarmh\u00e6ndelser \u2013 perfekt til at verificere h\u00e6ndelser.<\/p>\n<\/li>\n<li data-start=\"1489\" data-end=\"1712\">\n<p data-start=\"1491\" data-end=\"1712\"><strong data-start=\"1491\" data-end=\"1515\">Nem konfiguration:<\/strong><br data-start=\"1515\" data-end=\"1518\" \/>Administrer og konfigurer systemet via de gratis apps Ajax PRO (til installat\u00f8rer) og Ajax Security System (til brugere). Der er ogs\u00e5 en PRO Desktop-version til Windows og macOS.<\/p>\n<\/li>\n<li data-start=\"1714\" data-end=\"1887\">\n<p data-start=\"1716\" data-end=\"1887\"><strong data-start=\"1716\" data-end=\"1746\">Automatiske opdateringer:<\/strong><br data-start=\"1746\" data-end=\"1749\" \/>Firmwareopdateringer sker automatisk, n\u00e5r systemet deaktiveres, hvilket sikrer, at du altid har den nyeste og mest sikre version.<\/p>\n<\/li>\n<li data-start=\"1889\" data-end=\"2066\">\n<p data-start=\"1891\" data-end=\"2066\"><strong data-start=\"1891\" data-end=\"1914\">Fleksible scenarier:<\/strong><br data-start=\"1914\" data-end=\"1917\" \/>Opret op til 32 scenarier til for eksempel at styre belysning, slukke for vandforsyningen eller \u00e5bne garageporte med et enkelt tryk p\u00e5 en knap.<\/p>\n<\/li>\n<\/ul>\n<hr data-start=\"2303\" data-end=\"2306\" \/>\n<p data-start=\"2328\" data-end=\"2769\">Hub BP er den ultimative l\u00f8sning til at holde dine ejendomme sikre, selv n\u00e5r adgangen til elektricitet er begr\u00e6nset. Med robust batteridrevet drift, p\u00e5lidelig 4G\/LTE-kommunikation, stor r\u00e6kkevidde og nem integration med hele Ajax-serien f\u00e5r du et sikkerhedscenter, der b\u00e5de er fleksibelt og nemt at bruge. Uanset om du beskytter et tomt hus eller et komplekst anl\u00e6gssystem, tilbyder Hub BP ro i sindet og kontinuerlig beskyttelse \u2013 dag efter dag.<\/p>\n<p data-start=\"2771\" data-end=\"2865\" data-is-last-node=\"\">V\u00e6lg Hub BP for en komplet og p\u00e5lidelig sikkerhedsl\u00f8sning, der altid holder dig forbundet!<\/p>","protected":false},"excerpt":{"rendered":"<p data-start=\"0\" data-end=\"63\"><strong data-start=\"0\" data-end=\"63\">Hub BP \u2013 Batteridrevet sikkerhedscenter til steder uden elektricitet<\/strong><\/p>\n<p data-start=\"65\" data-end=\"404\">Hub BP er en innovativ central enhed fra Ajax, designet til at sikre sikkerhed, selv hvor elnettet er up\u00e5lideligt eller helt utilg\u00e6ngeligt. Perfekt til tomme huse, byggepladser, kontorer eller andre fjerntliggende steder, Hub BP leverer en robust og fleksibel sikkerhedsl\u00f8sning med lang batterilevetid og p\u00e5lidelig kommunikation via 4G\/LTE.<\/p>","protected":false},"featured_media":151918,"template":"","meta":{"_acf_changed":false},"product_brand":[],"product_cat":[3154],"product_tag":[4863],"class_list":{"0":"post-147836","1":"product","2":"type-product","3":"status-publish","4":"has-post-thumbnail","6":"product_cat-centralenheter","7":"product_tag-pf","8":"product_shipping_class-tunga-paket","9":"pa_brands-ajax-systems","10":"pa_farg-svart","11":"pa_farg-vit","12":"tm-no-options","14":"first","15":"instock","16":"sale","17":"taxable","18":"shipping-taxable","19":"purchasable","20":"product-type-simple"},"acf":[],"_links":{"self":[{"href":"https:\/\/secureus.se\/dk\/wp-json\/wp\/v2\/product\/147836","targetHints":{"allow":["GET"]}}],"collection":[{"href":"https:\/\/secureus.se\/dk\/wp-json\/wp\/v2\/product"}],"about":[{"href":"https:\/\/secureus.se\/dk\/wp-json\/wp\/v2\/types\/product"}],"wp:featuredmedia":[{"embeddable":true,"href":"https:\/\/secureus.se\/dk\/wp-json\/wp\/v2\/media\/151918"}],"wp:attachment":[{"href":"https:\/\/secureus.se\/dk\/wp-json\/wp\/v2\/media?parent=147836"}],"wp:term":[{"taxonomy":"product_brand","embeddable":true,"href":"https:\/\/secureus.se\/dk\/wp-json\/wp\/v2\/product_brand?post=147836"},{"taxonomy":"product_cat","embeddable":true,"href":"https:\/\/secureus.se\/dk\/wp-json\/wp\/v2\/product_cat?post=147836"},{"taxonomy":"product_tag","embeddable":true,"href":"https:\/\/secureus.se\/dk\/wp-json\/wp\/v2\/product_tag?post=147836"}],"curies":[{"name":"wp","href":"https:\/\/api.w.org\/{rel}","templated":true}]}}