{"id":147938,"date":"2025-02-17T12:59:04","date_gmt":"2025-02-17T11:59:04","guid":{"rendered":"https:\/\/secureus.se\/?post_type=product&#038;p=147938"},"modified":"2026-04-08T15:27:09","modified_gmt":"2026-04-08T13:27:09","slug":"fonsterhallare-230-vit","status":"publish","type":"product","link":"https:\/\/secureus.se\/dk\/fonsterhallare-230-vit\/","title":{"rendered":"Vinduesholder 230 Hvid"},"content":{"rendered":"<div>ASSA ABLOY Window Holder 230 bruges til udadg\u00e5ende vinduer.<\/div>\n<div><b><br \/>\nEgenskaber:<\/b><\/div>\n<div>\n<ul>\n<li>Den \u00f8nskede \u00e5bningsposition fastg\u00f8res med justeringsskruen.<\/li>\n<li>Passer b\u00e5de til h\u00f8jre og venstre<\/li>\n<li>For buebredder over 500 mm (225 for buebredder under 500 mm)<\/li>\n<li>Kan ogs\u00e5 bruges til ops\u00e6tning i en separat bue. L\u00f8ft stangstiften, afmonter stangen fra stangbeslaget og h\u00e6gt den ind i skiven p\u00e5 den ydre b\u00f8jle<\/li>\n<li>Anbefalet skrue: Stangbeslag TKX 4,0 mm &amp; rammebeslag TKFX 3,5 mm<\/li>\n<li>OPM\u00c6RKSOMHED! Ikke b\u00f8rnesikret<\/li>\n<\/ul>\n<\/div>\n<div><b><br \/>\nMontering:<\/b><\/div>\n<div>\n<ul>\n<li>Saml efter instruktionerne<\/li>\n<li>Dimensioner er beregnet fra h\u00e6ngselsiden.<\/li>\n<li>Stangbeslaget monteres s\u00e5ledes, at stangen er parallel med rammen.<\/li>\n<li>Skiven monteres p\u00e5 yderrammen efter at der er lavet en udsparing til stangenden.<\/li>\n<\/ul>\n<\/div>","protected":false},"excerpt":{"rendered":"<p>ASSA ABLOY Window Holder 230 bruges til udadg\u00e5ende vinduer. Egenskaber: \u00d8nsket \u00e5bningsposition fastg\u00f8res med justeringsskruen Passer b\u00e5de til h\u00f8jre og venstre Til buebredder over 500 mm (225 for buebredder under 500 mm)<\/p>","protected":false},"featured_media":147937,"template":"","meta":{"_acf_changed":false},"product_brand":[],"product_cat":[4649],"product_tag":[],"class_list":{"0":"post-147938","1":"product","2":"type-product","3":"status-publish","4":"has-post-thumbnail","6":"product_cat-fonsterhallare","7":"product_shipping_class-postnord-varubrev","8":"pa_brands-abloy","9":"tm-no-options","11":"first","12":"instock","13":"sale","14":"taxable","15":"shipping-taxable","16":"purchasable","17":"product-type-simple"},"acf":[],"_links":{"self":[{"href":"https:\/\/secureus.se\/dk\/wp-json\/wp\/v2\/product\/147938","targetHints":{"allow":["GET"]}}],"collection":[{"href":"https:\/\/secureus.se\/dk\/wp-json\/wp\/v2\/product"}],"about":[{"href":"https:\/\/secureus.se\/dk\/wp-json\/wp\/v2\/types\/product"}],"wp:featuredmedia":[{"embeddable":true,"href":"https:\/\/secureus.se\/dk\/wp-json\/wp\/v2\/media\/147937"}],"wp:attachment":[{"href":"https:\/\/secureus.se\/dk\/wp-json\/wp\/v2\/media?parent=147938"}],"wp:term":[{"taxonomy":"product_brand","embeddable":true,"href":"https:\/\/secureus.se\/dk\/wp-json\/wp\/v2\/product_brand?post=147938"},{"taxonomy":"product_cat","embeddable":true,"href":"https:\/\/secureus.se\/dk\/wp-json\/wp\/v2\/product_cat?post=147938"},{"taxonomy":"product_tag","embeddable":true,"href":"https:\/\/secureus.se\/dk\/wp-json\/wp\/v2\/product_tag?post=147938"}],"curies":[{"name":"wp","href":"https:\/\/api.w.org\/{rel}","templated":true}]}}