{"id":147949,"date":"2025-02-17T12:59:05","date_gmt":"2025-02-17T11:59:05","guid":{"rendered":"https:\/\/secureus.se\/?post_type=product&#038;p=147949"},"modified":"2026-04-08T15:26:55","modified_gmt":"2026-04-08T13:26:55","slug":"fonsterhallare-220-vit","status":"publish","type":"product","link":"https:\/\/secureus.se\/dk\/fonsterhallare-220-vit\/","title":{"rendered":"Vinduesholder 220 Hvid"},"content":{"rendered":"<div>ASSA ABLOY Vinduesholder 220 er tilpasset til indadg\u00e5ende vinduer med overfals.<\/div>\n<div><b><br \/>\nEgenskaber:<\/b><\/div>\n<div>\n<ul>\n<li>Den \u00f8nskede \u00e5bningsposition fastg\u00f8res med justeringsskruen.<\/li>\n<li>Passer b\u00e5de til h\u00f8jre og venstre<\/li>\n<li>Anbefalet skrue: Stangmontering TFX 4,0 mm &amp; Buemontering TKFX 3,5 mm<\/li>\n<li>For buebredder over 500 mm (202 for buebredder under 500 mm)<\/li>\n<li>OPM\u00c6RKSOMHED! Ikke b\u00f8rnesikret<\/li>\n<\/ul>\n<\/div>\n<div><b><br \/>\nMontering:<\/b><\/div>\n<div>\n<ul>\n<li>Saml vinduesholderen til h\u00f8jre- eller venstreh\u00e6ngt ramme.<\/li>\n<li>Tryk ned p\u00e5 stangbeslagets stift, s\u00e5 den klikker p\u00e5 plads.<\/li>\n<li>Installer i henhold til vedlagte instruktioner.<\/li>\n<li>Dimensionerne er beregnet fra h\u00e6ngselsiden.<\/li>\n<li>Stangbeslaget monteres s\u00e5ledes, at stangen er parallel med buen.<\/li>\n<\/ul>\n<\/div>","protected":false},"excerpt":{"rendered":"<p>ASSA ABLOY F\u00f6nsterh\u00e5llare 220 \u00e4r anpassad f\u00f6r in\u00e5tg\u00e5ende f\u00f6nster med \u00f6verfalsad b\u00e5ge. Egenskaper: \u00d6nskat \u00f6ppningsl\u00e4ge fixeras med st\u00e4llskruven Passar s\u00e5v\u00e4l h\u00f6ger som v\u00e4nster Rekommenderad skruv: St\u00e5ngf\u00e4ste TFX 4,0 mm &amp;<\/p>","protected":false},"featured_media":147948,"template":"","meta":{"_acf_changed":false},"product_brand":[],"product_cat":[4649],"product_tag":[],"class_list":{"0":"post-147949","1":"product","2":"type-product","3":"status-publish","4":"has-post-thumbnail","6":"product_cat-fonsterhallare","7":"product_shipping_class-postnord-varubrev","8":"pa_brands-abloy","9":"tm-no-options","11":"first","12":"instock","13":"sale","14":"taxable","15":"shipping-taxable","16":"purchasable","17":"product-type-simple"},"acf":[],"_links":{"self":[{"href":"https:\/\/secureus.se\/dk\/wp-json\/wp\/v2\/product\/147949","targetHints":{"allow":["GET"]}}],"collection":[{"href":"https:\/\/secureus.se\/dk\/wp-json\/wp\/v2\/product"}],"about":[{"href":"https:\/\/secureus.se\/dk\/wp-json\/wp\/v2\/types\/product"}],"wp:featuredmedia":[{"embeddable":true,"href":"https:\/\/secureus.se\/dk\/wp-json\/wp\/v2\/media\/147948"}],"wp:attachment":[{"href":"https:\/\/secureus.se\/dk\/wp-json\/wp\/v2\/media?parent=147949"}],"wp:term":[{"taxonomy":"product_brand","embeddable":true,"href":"https:\/\/secureus.se\/dk\/wp-json\/wp\/v2\/product_brand?post=147949"},{"taxonomy":"product_cat","embeddable":true,"href":"https:\/\/secureus.se\/dk\/wp-json\/wp\/v2\/product_cat?post=147949"},{"taxonomy":"product_tag","embeddable":true,"href":"https:\/\/secureus.se\/dk\/wp-json\/wp\/v2\/product_tag?post=147949"}],"curies":[{"name":"wp","href":"https:\/\/api.w.org\/{rel}","templated":true}]}}