{"id":147961,"date":"2025-02-17T12:59:05","date_gmt":"2025-02-17T11:59:05","guid":{"rendered":"https:\/\/secureus.se\/?post_type=product&#038;p=147961"},"modified":"2026-04-23T11:56:16","modified_gmt":"2026-04-23T09:56:16","slug":"stormhasp-21-200mm-elzink","status":"publish","type":"product","link":"https:\/\/secureus.se\/dk\/stormhasp-21-200mm-elzink\/","title":{"rendered":"Storm hasp 21 200mm Elzink"},"content":{"rendered":"<div>\n<p>Et klassisk og stabilt ventilationsarmatur. F\u00e5s i flere st\u00f8rrelser. Komplet med skrue\u00f8je til enkelth\u00e6ngte vinduer eller stormkrog til dobbelth\u00e6ngte vinduer.<\/p>\n<p><b>Egenskaber:<\/b><\/p>\n<ul>\n<li>Materiale: St\u00e5l<\/li>\n<li>L\u00e6ngde: 200 mm<br \/>\nOverfladebehandling: Elektrogalvaniseret<\/li>\n<\/ul>\n<\/div>","protected":false},"excerpt":{"rendered":"<p>Et klassisk og stabilt ventilationsarmatur. F\u00e5s i flere st\u00f8rrelser. Komplet med skrue\u00f8je til enkelth\u00e6ngte vinduer eller stormkrog til dobbelth\u00e6ngte vinduer. Egenskaber: Materiale: St\u00e5l L\u00e6ngde: 200 mm Overfladebehandling: Elektrogalvaniseret<\/p>","protected":false},"featured_media":156179,"template":"","meta":{"_acf_changed":false},"product_brand":[],"product_cat":[4649],"product_tag":[],"class_list":{"0":"post-147961","1":"product","2":"type-product","3":"status-publish","4":"has-post-thumbnail","6":"product_cat-fonsterhallare","7":"product_shipping_class-postnord-varubrev","8":"pa_brands-habo","9":"tm-no-options","11":"first","12":"instock","13":"sale","14":"taxable","15":"shipping-taxable","16":"purchasable","17":"product-type-simple"},"acf":[],"_links":{"self":[{"href":"https:\/\/secureus.se\/dk\/wp-json\/wp\/v2\/product\/147961","targetHints":{"allow":["GET"]}}],"collection":[{"href":"https:\/\/secureus.se\/dk\/wp-json\/wp\/v2\/product"}],"about":[{"href":"https:\/\/secureus.se\/dk\/wp-json\/wp\/v2\/types\/product"}],"wp:featuredmedia":[{"embeddable":true,"href":"https:\/\/secureus.se\/dk\/wp-json\/wp\/v2\/media\/156179"}],"wp:attachment":[{"href":"https:\/\/secureus.se\/dk\/wp-json\/wp\/v2\/media?parent=147961"}],"wp:term":[{"taxonomy":"product_brand","embeddable":true,"href":"https:\/\/secureus.se\/dk\/wp-json\/wp\/v2\/product_brand?post=147961"},{"taxonomy":"product_cat","embeddable":true,"href":"https:\/\/secureus.se\/dk\/wp-json\/wp\/v2\/product_cat?post=147961"},{"taxonomy":"product_tag","embeddable":true,"href":"https:\/\/secureus.se\/dk\/wp-json\/wp\/v2\/product_tag?post=147961"}],"curies":[{"name":"wp","href":"https:\/\/api.w.org\/{rel}","templated":true}]}}