{"id":147990,"date":"2025-02-25T12:22:20","date_gmt":"2025-02-25T11:22:20","guid":{"rendered":"https:\/\/secureus.se\/?post_type=product&#038;p=147990"},"modified":"2026-04-08T16:28:16","modified_gmt":"2026-04-08T14:28:16","slug":"plejd-belysning-downlight-tilt-svart","status":"publish","type":"product","link":"https:\/\/secureus.se\/dk\/plejd-belysning-downlight-tilt-svart\/","title":{"rendered":"Plejd belysning Downlight Tilt sort"},"content":{"rendered":"<h1>Plejd DWN-01 \u2013 Smart Downlight med Tunable White og tr\u00e5dl\u00f8s kontrol<\/h1>\n<p data-start=\"586\" data-end=\"842\">Plejd DWN-01 er en intelligent og fleksibel downlight designet til at give optimal lysstyring.<\/p>\n<p data-start=\"586\" data-end=\"842\">Med sin indbyggede lysd\u00e6mperfunktion beh\u00f8ves ingen ekstern lysd\u00e6mper \u2013 alt styres nemt via Plejd-appen, en trykknap eller andre Plejd-enheder.<\/p>\n<p data-start=\"844\" data-end=\"1278\">Lyskilden har en 22\u00b0 vippefunktion, som g\u00f8r det muligt at rette lyset og skabe den perfekte belysning i rummet.<\/p>\n<p data-start=\"844\" data-end=\"1278\">Tunable white-teknologi giver brugeren mulighed for at justere farvetemperaturen mellem 2200K og 4000K, hvilket g\u00f8r det nemt at tilpasse lyset til dine behov \u2013 fra varmt og hyggeligt til mere neutralt arbejdslys.<\/p>\n<p data-start=\"844\" data-end=\"1278\">Produktet underst\u00f8tter ogs\u00e5 d\u00e6mpning til varm, hvilket giver en mere naturlig lysoplevelse ved d\u00e6mpning.<\/p>\n<p data-start=\"1280\" data-end=\"1603\">Takket v\u00e6re Bluetooth\u00ae mesh-teknologi kan DWN-01 integreres i et smart belysningssystem, hvor flere enheder kan grupperes tr\u00e5dl\u00f8st og styres sammen.<\/p>\n<p data-start=\"1280\" data-end=\"1603\">For yderligere automatisering har DWN-01 indbyggede tidsfunktioner som astro- og ugeure, som g\u00f8r, at lyset automatisk kan justeres efter tidspunktet p\u00e5 dagen.<\/p>\n<p data-start=\"1605\" data-end=\"1955\">DWN-01 har en IP44-klassificering, hvilket betyder, at den er velegnet til badev\u00e6relser og andre fugtige milj\u00f8er.<\/p>\n<p data-start=\"1605\" data-end=\"1955\">Den har ogs\u00e5 overtemperaturbeskyttelse, hvilket sikrer sikker og langvarig drift.<\/p>\n<p data-start=\"1605\" data-end=\"1955\">Installationen er nem takket v\u00e6re en lav installationsdybde p\u00e5 kun 40 mm, hvilket betyder, at den kan monteres selv i rum med begr\u00e6nset dybde.<\/p>\n<h3 data-start=\"1962\" data-end=\"1997\"><strong data-start=\"1966\" data-end=\"1995\">Tekniske specifikationer:<\/strong><\/h3>\n<ul data-start=\"1998\" data-end=\"2808\">\n<li data-start=\"1998\" data-end=\"2034\"><strong data-start=\"2000\" data-end=\"2014\">Lyskilde:<\/strong> LED (kan ikke udskiftes)<\/li>\n<li data-start=\"2035\" data-end=\"2060\"><strong data-start=\"2037\" data-end=\"2051\">Lysstr\u00f8m:<\/strong> 515 lumen<\/li>\n<li data-start=\"2061\" data-end=\"2111\"><strong data-start=\"2063\" data-end=\"2082\">Farvetemperatur:<\/strong> 2200\u20134000K (tunbar hvid)<\/li>\n<li data-start=\"2112\" data-end=\"2145\"><strong data-start=\"2114\" data-end=\"2133\">D\u00e6mpningsomr\u00e5de:<\/strong> 0,1-100 %<\/li>\n<li data-start=\"2146\" data-end=\"2169\"><strong data-start=\"2148\" data-end=\"2163\">Vipbarhed:<\/strong> 22\u00b0<\/li>\n<li data-start=\"2170\" data-end=\"2199\"><strong data-start=\"2172\" data-end=\"2193\">Spredningsvinkel:<\/strong> 40\u00b0<\/li>\n<li data-start=\"2200\" data-end=\"2233\"><strong data-start=\"2202\" data-end=\"2228\">Farvegengivelse (CRI):<\/strong> 90<\/li>\n<li data-start=\"2234\" data-end=\"2286\"><strong data-start=\"2236\" data-end=\"2250\">Levetid:<\/strong> 60.000 timer (L70\/B50 ved 25\u00b0C)<\/li>\n<li data-start=\"2287\" data-end=\"2306\"><strong data-start=\"2289\" data-end=\"2300\">Effekt:<\/strong> 8W<\/li>\n<li data-start=\"2307\" data-end=\"2342\"><strong data-start=\"2309\" data-end=\"2338\">Energieffektivitetsklasse:<\/strong> F<\/li>\n<li data-start=\"2343\" data-end=\"2372\"><strong data-start=\"2345\" data-end=\"2361\">Beskyttelsesklasse:<\/strong> Klasse II<\/li>\n<li data-start=\"2373\" data-end=\"2421\"><strong data-start=\"2375\" data-end=\"2388\">IP klasse:<\/strong> IP44 (armatur), IP20 (driver)<\/li>\n<li data-start=\"2422\" data-end=\"2454\"><strong data-start=\"2424\" data-end=\"2440\">Netsp\u00e6nding:<\/strong> 230V \/ 50Hz<\/li>\n<li data-start=\"2455\" data-end=\"2481\"><strong data-start=\"2457\" data-end=\"2474\">Effektfaktor:<\/strong> 0,84<\/li>\n<li data-start=\"2482\" data-end=\"2528\"><strong data-start=\"2484\" data-end=\"2502\">Meddelelse:<\/strong> 2,4 GHz Bluetooth\u00ae mesh<\/li>\n<li data-start=\"2529\" data-end=\"2604\"><strong data-start=\"2531\" data-end=\"2549\">Radior\u00e6kkevidde:<\/strong> Cirka 10 meter indend\u00f8rs (forl\u00e6nget med Plejd mesh-teknologi)<\/li>\n<li data-start=\"2605\" data-end=\"2651\"><strong data-start=\"2607\" data-end=\"2621\">Montering:<\/strong> Fors\u00e6nket i loft (\u00d8 83 mm hul)<\/li>\n<li data-start=\"2652\" data-end=\"2691\"><strong data-start=\"2654\" data-end=\"2683\">Minimum installationsdybde:<\/strong> 40 mm<\/li>\n<li data-start=\"2692\" data-end=\"2752\"><strong data-start=\"2694\" data-end=\"2707\">Materiale:<\/strong> Pulverlakeret aluminium, sort (RAL 9004)<\/li>\n<li data-start=\"2753\" data-end=\"2808\"><strong data-start=\"2755\" data-end=\"2774\">Kompatibilitet:<\/strong> Apple HomeKit, Google Assistant<\/li>\n<\/ul>\n<p data-start=\"2810\" data-end=\"2958\">Plejd DWN-01 er en h\u00f8jkvalitets og stilfuld l\u00f8sning til dig, der \u00f8nsker smart og fleksibel belysning i deres hjem eller i offentlige milj\u00f8er.<\/p>","protected":false},"excerpt":{"rendered":"<p>Plejd DWN-01 er en smart downlight med indstillelig hvid og indbygget lysd\u00e6mperfunktion - ingen ekstern lysd\u00e6mper n\u00f8dvendig.<\/p>\n<p>Lyskilden kan vinkles for fleksibel belysning og styres tr\u00e5dl\u00f8st via Plejd-appen, andre Plejd-produkter eller trykknap.<\/p>\n<p>Justerbar farvetemperatur fra 2200K\u20134000K og kompatibel med tidsstyring via astro og ugeur.<\/p>","protected":false},"featured_media":147989,"template":"","meta":{"_acf_changed":false},"product_brand":[],"product_cat":[4664],"product_tag":[4670],"class_list":{"0":"post-147990","1":"product","2":"type-product","3":"status-publish","4":"has-post-thumbnail","6":"product_cat-plejd-belysning","7":"product_tag-plejd","8":"product_shipping_class-postnord-varubrev","9":"pa_brands-plejd","10":"tm-has-options","12":"first","13":"instock","14":"sale","15":"taxable","16":"shipping-taxable","17":"purchasable","18":"product-type-simple"},"acf":[],"_links":{"self":[{"href":"https:\/\/secureus.se\/dk\/wp-json\/wp\/v2\/product\/147990","targetHints":{"allow":["GET"]}}],"collection":[{"href":"https:\/\/secureus.se\/dk\/wp-json\/wp\/v2\/product"}],"about":[{"href":"https:\/\/secureus.se\/dk\/wp-json\/wp\/v2\/types\/product"}],"wp:featuredmedia":[{"embeddable":true,"href":"https:\/\/secureus.se\/dk\/wp-json\/wp\/v2\/media\/147989"}],"wp:attachment":[{"href":"https:\/\/secureus.se\/dk\/wp-json\/wp\/v2\/media?parent=147990"}],"wp:term":[{"taxonomy":"product_brand","embeddable":true,"href":"https:\/\/secureus.se\/dk\/wp-json\/wp\/v2\/product_brand?post=147990"},{"taxonomy":"product_cat","embeddable":true,"href":"https:\/\/secureus.se\/dk\/wp-json\/wp\/v2\/product_cat?post=147990"},{"taxonomy":"product_tag","embeddable":true,"href":"https:\/\/secureus.se\/dk\/wp-json\/wp\/v2\/product_tag?post=147990"}],"curies":[{"name":"wp","href":"https:\/\/api.w.org\/{rel}","templated":true}]}}