{"id":147992,"date":"2025-02-25T12:22:20","date_gmt":"2025-02-25T11:22:20","guid":{"rendered":"https:\/\/secureus.se\/?post_type=product&#038;p=147992"},"modified":"2026-04-23T10:19:28","modified_gmt":"2026-04-23T08:19:28","slug":"plejd-belysning-downlight-deep-svart","status":"publish","type":"product","link":"https:\/\/secureus.se\/dk\/plejd-belysning-downlight-deep-svart\/","title":{"rendered":"Plejd belysning Downlight Dyb sort"},"content":{"rendered":"<h1 data-start=\"413\" data-end=\"492\"><strong data-start=\"417\" data-end=\"490\">Plejd DWN-02 \u2013 Smart Downlight med Tunable White og tr\u00e5dl\u00f8s kontrol<\/strong><\/h1>\n<p data-start=\"494\" data-end=\"777\">Plejd DWN-02 er en elegant og funktionel downlight udviklet til at give maksimal fleksibilitet i lysstyringen.<\/p>\n<p data-start=\"494\" data-end=\"777\">Med en indbygget lysd\u00e6mperfunktion er der ikke behov for ekstern lysd\u00e6mper, og lyset kan nemt styres via Plejd-appen, kablet trykknap eller andre Plejd-enheder.<\/p>\n<p data-start=\"779\" data-end=\"1164\">Den integrerede tunable white-teknologi g\u00f8r det muligt at justere farvetemperaturen p\u00e5 lyset mellem 2200K og 4000K, hvilket betyder, at lyset kan tilpasses forskellige milj\u00f8er og behov \u2013 fra et varmt og hyggeligt sk\u00e6r til et mere funktionelt hvidt lys.<\/p>\n<p data-start=\"779\" data-end=\"1164\">Funktionen d\u00e6mp til varm skaber en naturlig overgang i farvetemperatur ved d\u00e6mpning, hvilket giver mere behagelig belysning.<\/p>\n<p data-start=\"1166\" data-end=\"1414\">Denne model har en symmetrisk lysfordeling med en str\u00e5levinkel p\u00e5 40\u00b0, hvilket g\u00f8r den velegnet til b\u00e5de generel belysning og retningsbestemt belysning.<\/p>\n<p data-start=\"1166\" data-end=\"1414\">DWN-02 har en fast lysretning, som giver en j\u00e6vn lysfordeling i rummet.<\/p>\n<p data-start=\"1416\" data-end=\"1711\">Installationen er nem takket v\u00e6re en lav installationsdybde p\u00e5 kun 40 mm, hvilket betyder, at den kan monteres selv i rum med begr\u00e6nset dybde.<\/p>\n<p data-start=\"1416\" data-end=\"1711\">Den er IP44-klassificeret, hvilket betyder, at den kan bruges i badev\u00e6relser og andre fugtige milj\u00f8er, s\u00e5vel som i udend\u00f8rs tagudh\u00e6ngsinstallationer.<\/p>\n<p data-start=\"1713\" data-end=\"1982\">Takket v\u00e6re Bluetooth\u00ae mesh-teknologi kan flere DWN-02-enheder grupperes tr\u00e5dl\u00f8st og styres sammen.<\/p>\n<p data-start=\"1713\" data-end=\"1982\">Produktet har desuden indbyggede tidsfunktioner som astro- og ugeure, som g\u00f8r det muligt at automatisere lysstyringen efter dagens lysforhold.<\/p>\n<p data-start=\"1984\" data-end=\"2143\">DWN-02 er en stilfuld og energieffektiv l\u00f8sning, der er velegnet til b\u00e5de private og erhvervsinstallationer, hvor der kr\u00e6ves moderne og intelligent belysning.<\/p>\n<h3 data-start=\"2145\" data-end=\"2180\"><strong data-start=\"2149\" data-end=\"2178\">Tekniske specifikationer:<\/strong><\/h3>\n<ul data-start=\"2181\" data-end=\"2967\">\n<li data-start=\"2181\" data-end=\"2217\"><strong data-start=\"2183\" data-end=\"2197\">Lyskilde:<\/strong> LED (kan ikke udskiftes)<\/li>\n<li data-start=\"2218\" data-end=\"2243\"><strong data-start=\"2220\" data-end=\"2234\">Lysstr\u00f8m:<\/strong> 515 lumen<\/li>\n<li data-start=\"2244\" data-end=\"2294\"><strong data-start=\"2246\" data-end=\"2265\">Farvetemperatur:<\/strong> 2200\u20134000K (tunbar hvid)<\/li>\n<li data-start=\"2295\" data-end=\"2328\"><strong data-start=\"2297\" data-end=\"2316\">D\u00e6mpningsomr\u00e5de:<\/strong> 0,1-100 %<\/li>\n<li data-start=\"2329\" data-end=\"2358\"><strong data-start=\"2331\" data-end=\"2352\">Spredningsvinkel:<\/strong> 40\u00b0<\/li>\n<li data-start=\"2359\" data-end=\"2392\"><strong data-start=\"2361\" data-end=\"2387\">Farvegengivelse (CRI):<\/strong> 90<\/li>\n<li data-start=\"2393\" data-end=\"2445\"><strong data-start=\"2395\" data-end=\"2409\">Levetid:<\/strong> 60.000 timer (L70\/B50 ved 25\u00b0C)<\/li>\n<li data-start=\"2446\" data-end=\"2465\"><strong data-start=\"2448\" data-end=\"2459\">Effekt:<\/strong> 8W<\/li>\n<li data-start=\"2466\" data-end=\"2501\"><strong data-start=\"2468\" data-end=\"2497\">Energieffektivitetsklasse:<\/strong> F<\/li>\n<li data-start=\"2502\" data-end=\"2531\"><strong data-start=\"2504\" data-end=\"2520\">Beskyttelsesklasse:<\/strong> Klasse II<\/li>\n<li data-start=\"2532\" data-end=\"2580\"><strong data-start=\"2534\" data-end=\"2547\">IP klasse:<\/strong> IP44 (armatur), IP20 (driver)<\/li>\n<li data-start=\"2581\" data-end=\"2613\"><strong data-start=\"2583\" data-end=\"2599\">Netsp\u00e6nding:<\/strong> 230V \/ 50Hz<\/li>\n<li data-start=\"2614\" data-end=\"2640\"><strong data-start=\"2616\" data-end=\"2633\">Effektfaktor:<\/strong> 0,84<\/li>\n<li data-start=\"2641\" data-end=\"2687\"><strong data-start=\"2643\" data-end=\"2661\">Meddelelse:<\/strong> 2,4 GHz Bluetooth\u00ae mesh<\/li>\n<li data-start=\"2688\" data-end=\"2763\"><strong data-start=\"2690\" data-end=\"2708\">Radior\u00e6kkevidde:<\/strong> Cirka 10 meter indend\u00f8rs (forl\u00e6nget med Plejd mesh-teknologi)<\/li>\n<li data-start=\"2764\" data-end=\"2810\"><strong data-start=\"2766\" data-end=\"2780\">Montering:<\/strong> Fors\u00e6nket i loft (\u00d8 83 mm hul)<\/li>\n<li data-start=\"2811\" data-end=\"2850\"><strong data-start=\"2813\" data-end=\"2842\">Minimum installationsdybde:<\/strong> 40 mm<\/li>\n<li data-start=\"2851\" data-end=\"2911\"><strong data-start=\"2853\" data-end=\"2866\">Materiale:<\/strong> Pulverlakeret aluminium, sort (RAL 9004)<\/li>\n<li data-start=\"2912\" data-end=\"2967\"><strong data-start=\"2914\" data-end=\"2933\">Kompatibilitet:<\/strong> Apple HomeKit, Google Assistant<\/li>\n<\/ul>\n<p data-start=\"2969\" data-end=\"3095\">Plejd DWN-02 er den perfekte l\u00f8sning til smarte lysinstallationer, hvor design og funktionalitet kombineres.<\/p>","protected":false},"excerpt":{"rendered":"<p>Plejd DWN-02 er en smart downlight med indstillelig hvid og indbygget lysd\u00e6mperfunktion.<\/p>\n<p>Ingen ekstern lysd\u00e6mper er n\u00f8dvendig.<\/p>\n<p>Den kan styres via Plejd-appen, trykknap eller andre Plejd-enheder.<\/p>\n<p>Justerbar farvetemperatur fra 2200K\u20134000K og underst\u00f8ttelse af d\u00e6mpning til varm.<\/p>\n<p>IP44-klassificeret og velegnet til b\u00e5de indend\u00f8rs og beskyttede udend\u00f8rsmilj\u00f8er.<\/p>","protected":false},"featured_media":147991,"template":"","meta":{"_acf_changed":false},"product_brand":[],"product_cat":[4664],"product_tag":[4670],"class_list":{"0":"post-147992","1":"product","2":"type-product","3":"status-publish","4":"has-post-thumbnail","6":"product_cat-plejd-belysning","7":"product_tag-plejd","8":"product_shipping_class-postnord-varubrev","9":"pa_brands-plejd","10":"tm-has-options","12":"first","13":"instock","14":"sale","15":"taxable","16":"shipping-taxable","17":"purchasable","18":"product-type-simple"},"acf":[],"_links":{"self":[{"href":"https:\/\/secureus.se\/dk\/wp-json\/wp\/v2\/product\/147992","targetHints":{"allow":["GET"]}}],"collection":[{"href":"https:\/\/secureus.se\/dk\/wp-json\/wp\/v2\/product"}],"about":[{"href":"https:\/\/secureus.se\/dk\/wp-json\/wp\/v2\/types\/product"}],"wp:featuredmedia":[{"embeddable":true,"href":"https:\/\/secureus.se\/dk\/wp-json\/wp\/v2\/media\/147991"}],"wp:attachment":[{"href":"https:\/\/secureus.se\/dk\/wp-json\/wp\/v2\/media?parent=147992"}],"wp:term":[{"taxonomy":"product_brand","embeddable":true,"href":"https:\/\/secureus.se\/dk\/wp-json\/wp\/v2\/product_brand?post=147992"},{"taxonomy":"product_cat","embeddable":true,"href":"https:\/\/secureus.se\/dk\/wp-json\/wp\/v2\/product_cat?post=147992"},{"taxonomy":"product_tag","embeddable":true,"href":"https:\/\/secureus.se\/dk\/wp-json\/wp\/v2\/product_tag?post=147992"}],"curies":[{"name":"wp","href":"https:\/\/api.w.org\/{rel}","templated":true}]}}